{"id":9646,"date":"2020-08-05T07:32:14","date_gmt":"2020-08-05T06:32:14","guid":{"rendered":"http:\/\/64.227.66.199\/?post_type=product&#038;p=9646"},"modified":"2023-09-27T10:13:22","modified_gmt":"2023-09-27T09:13:22","slug":"you-me-and-art-artists-in-the-21st-century","status":"publish","type":"product","link":"https:\/\/www.afmuseet.no\/nettbutikk\/produkt\/you-me-and-art-artists-in-the-21st-century\/","title":{"rendered":"You, Me and Art: Artists in the 21st Century"},"content":{"rendered":"","protected":false},"excerpt":{"rendered":"<p>You, Me and Art: Artists in the 21st Century byr p\u00e5 en ekstraordin\u00e6r innsikt i mangfoldet av v\u00e5r tids kunstneriske praksis. Aldri har samtidskunsten v\u00e6rt s\u00e5 popul\u00e6r som den er n\u00e5; aldri har publikumet v\u00e6rt s\u00e5 stort. I den raskt skiftende og enormt ekspanderende kunstverdenen er det imidlertid en ting som ikke har endret seg: Det er kunstneren som forblir i sentrum av det kunstneriske universet.<\/p>\n<p>Gjennom fascinerende og personlige intervjuer, reflekterer sytten fremragende samtidskunstnere rundt hva det vil si \u00e5 v\u00e6re en kunstner i dag. Resultatet av dette gir et flott materiale for \u00e5 analysere de mest presserende sp\u00f8rsm\u00e5lene i det n\u00e5v\u00e6rende kunstsystemet. Hvilke kunstneriske verdier skal r\u00e5de? Hvordan definere kunstnere n\u00e5r forestillingene om sjaman, revolusjon\u00e6r og bohem ikke lenger er gyldige? Hva er forholdet mellom kunstnere og deres publikum? Hvordan forbli relevant?<br \/>\nSiden kunstnere opererer i n\u00e6r tilknytning til kuratorer, samlere og gallerister, har Marta Gnyp gitt stemme til noen f\u00e5 utmerkede akt\u00f8rer fra disse kategoriene for \u00e5 gj\u00f8re bildet mer fullstendig. Takket v\u00e6re hennes grundige kunnskap om kunstverdenen som teoretiker og `insider` &#8211; som kunstr\u00e5dgiver, samler og kunstjournalist, kunne Gnyp engasjere seg i dype samtaler, og var ikke redd for \u00e5 stille vanskelige sp\u00f8rsm\u00e5l. Ved \u00e5 lese hennes essays og intervjuer, f\u00e5r leseren en god f\u00f8lelse av hva kunstnere gj\u00f8r og tenker, samt et innblikk i de mest utfordrende sp\u00f8rsm\u00e5lene i v\u00e5rt kunstsystem generelt.<\/p>\n<p>Forfatter: Marta Gnyp<br \/>\nHardcover: 300 sider<br \/>\nForlag: Skira Editore; f\u00f8rste opplag (3 Jan. 2019)<br \/>\nSpr\u00e5k: Engelsk<br \/>\nSt\u00f8relse: 17.1 x 3.2 x 24.8 cm<br \/>\nISBN-13: 978-8857238326<\/p>\n","protected":false},"featured_media":9645,"template":"","meta":{"_acf_changed":false,"afm_hide_title":false,"_afm_post_new_title":"","afm_terms_sep_product_language":", ","afm_terms_sep_product_post_translations":", ","afm_terms_sep_product_product_brand":", ","afm_terms_sep_product_product_type":", ","afm_terms_sep_product_product_visibility":", ","afm_terms_sep_product_product_cat":", ","afm_terms_sep_product_product_tag":", ","afm_terms_sep_product_product_shipping_class":", ","afm_terms_sep_product_pos_product_visibility":", ","afm_terms_sep_product_pa_cindy-sherman-art-bag":", "},"product_brand":[],"product_cat":[564,292,385],"product_tag":[],"class_list":{"0":"post-9646","1":"product","2":"type-product","3":"status-publish","4":"has-post-thumbnail","6":"product_cat-3106-anskaffede-boker","7":"product_cat-all-products","8":"product_cat-publications","9":"product_shipping_class-div-product","11":"first","12":"outofstock","13":"purchasable","14":"product-type-simple"},"group_of_quantity":0,"min_quantity":0,"max_quantity":"","exclude_order_quantity_value_rules":"no","exclude_category_quantity_rules":"no","combine_variations":"no","yoast_head":"<!-- This site is optimized with the Yoast SEO Premium plugin v26.9 (Yoast SEO v26.9) - https:\/\/yoast.com\/product\/yoast-seo-premium-wordpress\/ -->\n<title>You, Me and Art: Artists in the 21st Century &#8211; Astrup Fearnley Museet<\/title>\n<meta name=\"description\" content=\"Finn unike og eksklusive kunstrelaterte produkter p\u00e5 Astrup Fearnley Museet sin Nettbutikk. Utforsk v\u00e5rt utvalg av kunstb\u00f8ker, plakater og mer.\" \/>\n<meta name=\"robots\" content=\"index, follow, max-snippet:-1, max-image-preview:large, max-video-preview:-1\" \/>\n<link rel=\"canonical\" href=\"https:\/\/www.afmuseet.no\/nettbutikk\/produkt\/you-me-and-art-artists-in-the-21st-century\/\" \/>\n<meta property=\"og:locale\" content=\"en_US\" \/>\n<meta property=\"og:type\" content=\"article\" \/>\n<meta property=\"og:title\" content=\"You, Me and Art: Artists in the 21st Century\" \/>\n<meta property=\"og:description\" content=\"Finn unike og eksklusive kunstrelaterte produkter p\u00e5 Astrup Fearnley Museet sin Nettbutikk. Utforsk v\u00e5rt utvalg av kunstb\u00f8ker, plakater og mer.\" \/>\n<meta property=\"og:url\" content=\"https:\/\/www.afmuseet.no\/nettbutikk\/produkt\/you-me-and-art-artists-in-the-21st-century\/\" \/>\n<meta property=\"og:site_name\" content=\"Astrup Fearnley Museet\" \/>\n<meta property=\"article:modified_time\" content=\"2023-09-27T09:13:22+00:00\" \/>\n<meta property=\"og:image\" content=\"https:\/\/www.afmuseet.no\/content\/uploads\/2020\/08\/You-me-and-art.jpg\" \/>\n\t<meta property=\"og:image:width\" content=\"830\" \/>\n\t<meta property=\"og:image:height\" content=\"1200\" \/>\n\t<meta property=\"og:image:type\" content=\"image\/jpeg\" \/>\n<meta name=\"twitter:card\" content=\"summary_large_image\" \/>\n<script type=\"application\/ld+json\" class=\"yoast-schema-graph\">{\"@context\":\"https:\/\/schema.org\",\"@graph\":[{\"@type\":\"WebPage\",\"@id\":\"https:\/\/www.afmuseet.no\/nettbutikk\/produkt\/you-me-and-art-artists-in-the-21st-century\/\",\"url\":\"https:\/\/www.afmuseet.no\/nettbutikk\/produkt\/you-me-and-art-artists-in-the-21st-century\/\",\"name\":\"You, Me and Art: Artists in the 21st Century &#8211; Astrup Fearnley Museet\",\"isPartOf\":{\"@id\":\"https:\/\/www.afmuseet.no\/nettbutikk\/#website\"},\"primaryImageOfPage\":{\"@id\":\"https:\/\/www.afmuseet.no\/nettbutikk\/produkt\/you-me-and-art-artists-in-the-21st-century\/#primaryimage\"},\"image\":{\"@id\":\"https:\/\/www.afmuseet.no\/nettbutikk\/produkt\/you-me-and-art-artists-in-the-21st-century\/#primaryimage\"},\"thumbnailUrl\":\"https:\/\/www.afmuseet.no\/content\/uploads\/2020\/08\/You-me-and-art.jpg\",\"datePublished\":\"2020-08-05T06:32:14+00:00\",\"dateModified\":\"2023-09-27T09:13:22+00:00\",\"description\":\"Finn unike og eksklusive kunstrelaterte produkter p\u00e5 Astrup Fearnley Museet sin Nettbutikk. Utforsk v\u00e5rt utvalg av kunstb\u00f8ker, plakater og mer.\",\"breadcrumb\":{\"@id\":\"https:\/\/www.afmuseet.no\/nettbutikk\/produkt\/you-me-and-art-artists-in-the-21st-century\/#breadcrumb\"},\"inLanguage\":\"en-US\",\"potentialAction\":[{\"@type\":\"ReadAction\",\"target\":[\"https:\/\/www.afmuseet.no\/nettbutikk\/produkt\/you-me-and-art-artists-in-the-21st-century\/\"]}]},{\"@type\":\"ImageObject\",\"inLanguage\":\"en-US\",\"@id\":\"https:\/\/www.afmuseet.no\/nettbutikk\/produkt\/you-me-and-art-artists-in-the-21st-century\/#primaryimage\",\"url\":\"https:\/\/www.afmuseet.no\/content\/uploads\/2020\/08\/You-me-and-art.jpg\",\"contentUrl\":\"https:\/\/www.afmuseet.no\/content\/uploads\/2020\/08\/You-me-and-art.jpg\",\"width\":830,\"height\":1200},{\"@type\":\"BreadcrumbList\",\"@id\":\"https:\/\/www.afmuseet.no\/nettbutikk\/produkt\/you-me-and-art-artists-in-the-21st-century\/#breadcrumb\",\"itemListElement\":[{\"@type\":\"ListItem\",\"position\":1,\"name\":\"Hjem\",\"item\":\"https:\/\/www.afmuseet.no\/nettbutikk\/en\/\"},{\"@type\":\"ListItem\",\"position\":2,\"name\":\"Shop\",\"item\":\"https:\/\/www.afmuseet.no\/nettbutikk\/shop\/\"},{\"@type\":\"ListItem\",\"position\":3,\"name\":\"You, Me and Art: Artists in the 21st Century\"}]},{\"@type\":\"WebSite\",\"@id\":\"https:\/\/www.afmuseet.no\/nettbutikk\/#website\",\"url\":\"https:\/\/www.afmuseet.no\/nettbutikk\/\",\"name\":\"Astrup Fearnley Museet\",\"description\":\"\",\"potentialAction\":[{\"@type\":\"SearchAction\",\"target\":{\"@type\":\"EntryPoint\",\"urlTemplate\":\"https:\/\/www.afmuseet.no\/nettbutikk\/?s={search_term_string}\"},\"query-input\":{\"@type\":\"PropertyValueSpecification\",\"valueRequired\":true,\"valueName\":\"search_term_string\"}}],\"inLanguage\":\"en-US\"}]}<\/script>\n<!-- \/ Yoast SEO Premium plugin. -->","yoast_head_json":{"title":"You, Me and Art: Artists in the 21st Century &#8211; Astrup Fearnley Museet","description":"Finn unike og eksklusive kunstrelaterte produkter p\u00e5 Astrup Fearnley Museet sin Nettbutikk. Utforsk v\u00e5rt utvalg av kunstb\u00f8ker, plakater og mer.","robots":{"index":"index","follow":"follow","max-snippet":"max-snippet:-1","max-image-preview":"max-image-preview:large","max-video-preview":"max-video-preview:-1"},"canonical":"https:\/\/www.afmuseet.no\/nettbutikk\/produkt\/you-me-and-art-artists-in-the-21st-century\/","og_locale":"en_US","og_type":"article","og_title":"You, Me and Art: Artists in the 21st Century","og_description":"Finn unike og eksklusive kunstrelaterte produkter p\u00e5 Astrup Fearnley Museet sin Nettbutikk. Utforsk v\u00e5rt utvalg av kunstb\u00f8ker, plakater og mer.","og_url":"https:\/\/www.afmuseet.no\/nettbutikk\/produkt\/you-me-and-art-artists-in-the-21st-century\/","og_site_name":"Astrup Fearnley Museet","article_modified_time":"2023-09-27T09:13:22+00:00","og_image":[{"width":830,"height":1200,"url":"https:\/\/www.afmuseet.no\/content\/uploads\/2020\/08\/You-me-and-art.jpg","type":"image\/jpeg"}],"twitter_card":"summary_large_image","schema":{"@context":"https:\/\/schema.org","@graph":[{"@type":"WebPage","@id":"https:\/\/www.afmuseet.no\/nettbutikk\/produkt\/you-me-and-art-artists-in-the-21st-century\/","url":"https:\/\/www.afmuseet.no\/nettbutikk\/produkt\/you-me-and-art-artists-in-the-21st-century\/","name":"You, Me and Art: Artists in the 21st Century &#8211; Astrup Fearnley Museet","isPartOf":{"@id":"https:\/\/www.afmuseet.no\/nettbutikk\/#website"},"primaryImageOfPage":{"@id":"https:\/\/www.afmuseet.no\/nettbutikk\/produkt\/you-me-and-art-artists-in-the-21st-century\/#primaryimage"},"image":{"@id":"https:\/\/www.afmuseet.no\/nettbutikk\/produkt\/you-me-and-art-artists-in-the-21st-century\/#primaryimage"},"thumbnailUrl":"https:\/\/www.afmuseet.no\/content\/uploads\/2020\/08\/You-me-and-art.jpg","datePublished":"2020-08-05T06:32:14+00:00","dateModified":"2023-09-27T09:13:22+00:00","description":"Finn unike og eksklusive kunstrelaterte produkter p\u00e5 Astrup Fearnley Museet sin Nettbutikk. Utforsk v\u00e5rt utvalg av kunstb\u00f8ker, plakater og mer.","breadcrumb":{"@id":"https:\/\/www.afmuseet.no\/nettbutikk\/produkt\/you-me-and-art-artists-in-the-21st-century\/#breadcrumb"},"inLanguage":"en-US","potentialAction":[{"@type":"ReadAction","target":["https:\/\/www.afmuseet.no\/nettbutikk\/produkt\/you-me-and-art-artists-in-the-21st-century\/"]}]},{"@type":"ImageObject","inLanguage":"en-US","@id":"https:\/\/www.afmuseet.no\/nettbutikk\/produkt\/you-me-and-art-artists-in-the-21st-century\/#primaryimage","url":"https:\/\/www.afmuseet.no\/content\/uploads\/2020\/08\/You-me-and-art.jpg","contentUrl":"https:\/\/www.afmuseet.no\/content\/uploads\/2020\/08\/You-me-and-art.jpg","width":830,"height":1200},{"@type":"BreadcrumbList","@id":"https:\/\/www.afmuseet.no\/nettbutikk\/produkt\/you-me-and-art-artists-in-the-21st-century\/#breadcrumb","itemListElement":[{"@type":"ListItem","position":1,"name":"Hjem","item":"https:\/\/www.afmuseet.no\/nettbutikk\/en\/"},{"@type":"ListItem","position":2,"name":"Shop","item":"https:\/\/www.afmuseet.no\/nettbutikk\/shop\/"},{"@type":"ListItem","position":3,"name":"You, Me and Art: Artists in the 21st Century"}]},{"@type":"WebSite","@id":"https:\/\/www.afmuseet.no\/nettbutikk\/#website","url":"https:\/\/www.afmuseet.no\/nettbutikk\/","name":"Astrup Fearnley Museet","description":"","potentialAction":[{"@type":"SearchAction","target":{"@type":"EntryPoint","urlTemplate":"https:\/\/www.afmuseet.no\/nettbutikk\/?s={search_term_string}"},"query-input":{"@type":"PropertyValueSpecification","valueRequired":true,"valueName":"search_term_string"}}],"inLanguage":"en-US"}]}},"acf":[],"lang":"nb","translations":{"nb":9646,"en":2621},"pll_sync_post":[],"_links":{"self":[{"href":"https:\/\/www.afmuseet.no\/nettbutikk\/wp-json\/wp\/v2\/product\/9646","targetHints":{"allow":["GET"]}}],"collection":[{"href":"https:\/\/www.afmuseet.no\/nettbutikk\/wp-json\/wp\/v2\/product"}],"about":[{"href":"https:\/\/www.afmuseet.no\/nettbutikk\/wp-json\/wp\/v2\/types\/product"}],"wp:featuredmedia":[{"embeddable":true,"href":"https:\/\/www.afmuseet.no\/nettbutikk\/wp-json\/wp\/v2\/media\/9645"}],"wp:attachment":[{"href":"https:\/\/www.afmuseet.no\/nettbutikk\/wp-json\/wp\/v2\/media?parent=9646"}],"wp:term":[{"taxonomy":"product_brand","embeddable":true,"href":"https:\/\/www.afmuseet.no\/nettbutikk\/wp-json\/wp\/v2\/product_brand?post=9646"},{"taxonomy":"product_cat","embeddable":true,"href":"https:\/\/www.afmuseet.no\/nettbutikk\/wp-json\/wp\/v2\/product_cat?post=9646"},{"taxonomy":"product_tag","embeddable":true,"href":"https:\/\/www.afmuseet.no\/nettbutikk\/wp-json\/wp\/v2\/product_tag?post=9646"}],"curies":[{"name":"wp","href":"https:\/\/api.w.org\/{rel}","templated":true}]}}