{"id":8994,"date":"2020-09-09T12:56:24","date_gmt":"2020-09-09T11:56:24","guid":{"rendered":"http:\/\/64.227.66.199\/?post_type=product&#038;p=8994"},"modified":"2025-02-24T09:44:30","modified_gmt":"2025-02-24T07:44:30","slug":"women-photographers-contemporaries-1970-today","status":"publish","type":"product","link":"https:\/\/www.afmuseet.no\/nettbutikk\/produkt\/women-photographers-contemporaries-1970-today\/","title":{"rendered":"Women Photographers: Contemporaries (1970-Today)"},"content":{"rendered":"<p>Introduction by Clara Bouveresse \u2022 The Photographers: Barbara Morgan \u2022 Eva Rubinstein \u2022 Christine Spengler \u2022 Ming Smith \u2022 Sara Facio \u2022 Fran\u00e7oise Demulder \u2022 Francesca Woodman \u2022 Letizia Battaglia \u2022 Deborah Turbeville \u2022 Susan Meiselas \u2022 Cindy Sherman \u2022 Erika Stone \u2022 Mark\u00e9ta Luska?ov\u00e1 \u2022 Marilyn Bridges \u2022 Ouka Leele \u2022 Martine Voyeux \u2022 Jane Evelyn Atwood \u2022 Claude Batho \u2022 Cristina Garcia Rodero \u2022 Nan Goldin \u2022 Rosamond W. Purcell \u2022 Alix Cl\u00e9o Roubaud \u2022 Sophie Calle \u2022 Anne Noble \u2022 Mari Mahr \u2022 Rosalind Solomon \u2022 Ruth Thorne-Thomsen \u2022 Flor Gardu\u00f1o \u2022 Sophie Ristelhueber \u2022 Linda Butler \u2022 Graciela Iturbide \u2022 Martha Rosler \u2022 Annette Messager \u2022 Zoe Leonard \u2022 Malekeh Nayiny \u2022 Mary Ellen Mark \u2022 Annie Leibovitz \u2022 Inta Ruka \u2022 Rineke Djikstra \u2022 Dominique Issermann \u2022 Carrie Mae Weems \u2022 Shirin Neshat \u2022 Yuki Onodera \u2022 Debbie Fleming Caffery \u2022 Martine Franck \u2022 Gladys \u2022 Sarah Moon \u2022 Lizzie Sadin \u2022 Jill Hartley \u2022 Fran\u00e7oise Huguier \u2022 Helena Almeida \u2022 Dolor\u00e8s Marat \u2022 Sally Mann \u2022 Miwa Yanagi \u2022 Miyako Ishiuchi \u2022 Jo Ractliffe \u2022 Vanessa Winship \u2022 H\u00e9l\u00e8ne A. Amouzou \u2022 Malala Andrialavidrazana \u2022 Isabel Mu\u00f1oz \u2022 Alisa Resnik \u2022 Dayanita Singh \u2022 Jungjin Lee \u2022 Ulla Jokisalo \u2022 Candida H\u00f6fer<\/p>\n<p>About the Author: Clara Bouveresse is a lecturer at Universit\u00e9 d\u2019Evry Val d\u2019Essonne and a photography specialist and curator. She co-organized the exhibition &#8216;Magnum Manifesto&#8217; at the International Center of Photography, New York, in 2017, and edited the accompanying book, which was published by Thames &amp; Hudson.<\/p>\n","protected":false},"excerpt":{"rendered":"<p>A compact survey of women photographers from 1970 to the present day.<\/p>\n<p>With the rise of feminism, women photographers conquered the mainstream, with an increasingly commodified art world now viewing them simply as photographers and not merely a novelty or subcategory. Some women combined their photography practice with video, installations and other media, while others, such as Cindy Sherman, used the camera as a tool for questioning the concept of imagemaking itself. Others explore collective memory and the way it is imprinted on the landscape, like Sophie Ristelhueber in Lebanon and Kuwait, and Sally Mann in the United States. A rising awareness of environmental concerns has gone hand in hand with the issues of globalization and diversity.<\/p>\n<p>Format: Pocketbok<br \/>\nSt\u00f8rrelse: 19.0 x 12.5 cm<br \/>\nSidetall: 144<br \/>\nPubliseringsdato: 13 August 2020<br \/>\nISBN: 9780500411179<\/p>\n","protected":false},"featured_media":6630,"template":"","meta":{"_acf_changed":false,"afm_hide_title":false,"_afm_post_new_title":"","afm_terms_sep_product_language":", ","afm_terms_sep_product_post_translations":", ","afm_terms_sep_product_product_brand":", ","afm_terms_sep_product_product_type":", ","afm_terms_sep_product_product_visibility":", ","afm_terms_sep_product_product_cat":", ","afm_terms_sep_product_product_tag":", ","afm_terms_sep_product_product_shipping_class":", ","afm_terms_sep_product_pos_product_visibility":", ","afm_terms_sep_product_pa_cindy-sherman-art-bag":", "},"product_brand":[],"product_cat":[564],"product_tag":[],"class_list":{"0":"post-8994","1":"product","2":"type-product","3":"status-publish","4":"has-post-thumbnail","6":"product_cat-3106-anskaffede-boker","8":"first","9":"outofstock","10":"purchasable","11":"product-type-simple"},"group_of_quantity":0,"min_quantity":0,"max_quantity":"","exclude_order_quantity_value_rules":"no","exclude_category_quantity_rules":"no","combine_variations":"no","yoast_head":"<!-- This site is optimized with the Yoast SEO Premium plugin v26.9 (Yoast SEO v26.9) - https:\/\/yoast.com\/product\/yoast-seo-premium-wordpress\/ -->\n<title>Women Photographers: Contemporaries (1970-Today) &#8211; Astrup Fearnley Museet<\/title>\n<meta name=\"description\" content=\"Finn unike og eksklusive kunstrelaterte produkter p\u00e5 Astrup Fearnley Museet sin Nettbutikk. Utforsk v\u00e5rt utvalg av kunstb\u00f8ker, plakater og mer.\" \/>\n<meta name=\"robots\" content=\"index, follow, max-snippet:-1, max-image-preview:large, max-video-preview:-1\" \/>\n<link rel=\"canonical\" href=\"https:\/\/www.afmuseet.no\/nettbutikk\/produkt\/women-photographers-contemporaries-1970-today\/\" \/>\n<meta property=\"og:locale\" content=\"en_US\" \/>\n<meta property=\"og:type\" content=\"article\" \/>\n<meta property=\"og:title\" content=\"Women Photographers: Contemporaries (1970-Today)\" \/>\n<meta property=\"og:description\" content=\"Finn unike og eksklusive kunstrelaterte produkter p\u00e5 Astrup Fearnley Museet sin Nettbutikk. Utforsk v\u00e5rt utvalg av kunstb\u00f8ker, plakater og mer.\" \/>\n<meta property=\"og:url\" content=\"https:\/\/www.afmuseet.no\/nettbutikk\/produkt\/women-photographers-contemporaries-1970-today\/\" \/>\n<meta property=\"og:site_name\" content=\"Astrup Fearnley Museet\" \/>\n<meta property=\"article:modified_time\" content=\"2025-02-24T07:44:30+00:00\" \/>\n<meta property=\"og:image\" content=\"https:\/\/www.afmuseet.no\/content\/uploads\/2020\/09\/Contemporaries-cover-2.jpg\" \/>\n\t<meta property=\"og:image:width\" content=\"789\" \/>\n\t<meta property=\"og:image:height\" content=\"1200\" \/>\n\t<meta property=\"og:image:type\" content=\"image\/jpeg\" \/>\n<meta name=\"twitter:card\" content=\"summary_large_image\" \/>\n<meta name=\"twitter:label1\" content=\"Est. reading time\" \/>\n\t<meta name=\"twitter:data1\" content=\"1 minute\" \/>\n<script type=\"application\/ld+json\" class=\"yoast-schema-graph\">{\"@context\":\"https:\/\/schema.org\",\"@graph\":[{\"@type\":\"WebPage\",\"@id\":\"https:\/\/www.afmuseet.no\/nettbutikk\/produkt\/women-photographers-contemporaries-1970-today\/\",\"url\":\"https:\/\/www.afmuseet.no\/nettbutikk\/produkt\/women-photographers-contemporaries-1970-today\/\",\"name\":\"Women Photographers: Contemporaries (1970-Today) &#8211; Astrup Fearnley Museet\",\"isPartOf\":{\"@id\":\"https:\/\/www.afmuseet.no\/nettbutikk\/#website\"},\"primaryImageOfPage\":{\"@id\":\"https:\/\/www.afmuseet.no\/nettbutikk\/produkt\/women-photographers-contemporaries-1970-today\/#primaryimage\"},\"image\":{\"@id\":\"https:\/\/www.afmuseet.no\/nettbutikk\/produkt\/women-photographers-contemporaries-1970-today\/#primaryimage\"},\"thumbnailUrl\":\"https:\/\/www.afmuseet.no\/content\/uploads\/2020\/09\/Contemporaries-cover-2.jpg\",\"datePublished\":\"2020-09-09T11:56:24+00:00\",\"dateModified\":\"2025-02-24T07:44:30+00:00\",\"description\":\"Finn unike og eksklusive kunstrelaterte produkter p\u00e5 Astrup Fearnley Museet sin Nettbutikk. Utforsk v\u00e5rt utvalg av kunstb\u00f8ker, plakater og mer.\",\"breadcrumb\":{\"@id\":\"https:\/\/www.afmuseet.no\/nettbutikk\/produkt\/women-photographers-contemporaries-1970-today\/#breadcrumb\"},\"inLanguage\":\"en-US\",\"potentialAction\":[{\"@type\":\"ReadAction\",\"target\":[\"https:\/\/www.afmuseet.no\/nettbutikk\/produkt\/women-photographers-contemporaries-1970-today\/\"]}]},{\"@type\":\"ImageObject\",\"inLanguage\":\"en-US\",\"@id\":\"https:\/\/www.afmuseet.no\/nettbutikk\/produkt\/women-photographers-contemporaries-1970-today\/#primaryimage\",\"url\":\"https:\/\/www.afmuseet.no\/content\/uploads\/2020\/09\/Contemporaries-cover-2.jpg\",\"contentUrl\":\"https:\/\/www.afmuseet.no\/content\/uploads\/2020\/09\/Contemporaries-cover-2.jpg\",\"width\":789,\"height\":1200},{\"@type\":\"BreadcrumbList\",\"@id\":\"https:\/\/www.afmuseet.no\/nettbutikk\/produkt\/women-photographers-contemporaries-1970-today\/#breadcrumb\",\"itemListElement\":[{\"@type\":\"ListItem\",\"position\":1,\"name\":\"Hjem\",\"item\":\"https:\/\/www.afmuseet.no\/nettbutikk\/en\/\"},{\"@type\":\"ListItem\",\"position\":2,\"name\":\"Shop\",\"item\":\"https:\/\/www.afmuseet.no\/nettbutikk\/shop\/\"},{\"@type\":\"ListItem\",\"position\":3,\"name\":\"Women Photographers: Contemporaries (1970-Today)\"}]},{\"@type\":\"WebSite\",\"@id\":\"https:\/\/www.afmuseet.no\/nettbutikk\/#website\",\"url\":\"https:\/\/www.afmuseet.no\/nettbutikk\/\",\"name\":\"Astrup Fearnley Museet\",\"description\":\"\",\"potentialAction\":[{\"@type\":\"SearchAction\",\"target\":{\"@type\":\"EntryPoint\",\"urlTemplate\":\"https:\/\/www.afmuseet.no\/nettbutikk\/?s={search_term_string}\"},\"query-input\":{\"@type\":\"PropertyValueSpecification\",\"valueRequired\":true,\"valueName\":\"search_term_string\"}}],\"inLanguage\":\"en-US\"}]}<\/script>\n<!-- \/ Yoast SEO Premium plugin. -->","yoast_head_json":{"title":"Women Photographers: Contemporaries (1970-Today) &#8211; Astrup Fearnley Museet","description":"Finn unike og eksklusive kunstrelaterte produkter p\u00e5 Astrup Fearnley Museet sin Nettbutikk. Utforsk v\u00e5rt utvalg av kunstb\u00f8ker, plakater og mer.","robots":{"index":"index","follow":"follow","max-snippet":"max-snippet:-1","max-image-preview":"max-image-preview:large","max-video-preview":"max-video-preview:-1"},"canonical":"https:\/\/www.afmuseet.no\/nettbutikk\/produkt\/women-photographers-contemporaries-1970-today\/","og_locale":"en_US","og_type":"article","og_title":"Women Photographers: Contemporaries (1970-Today)","og_description":"Finn unike og eksklusive kunstrelaterte produkter p\u00e5 Astrup Fearnley Museet sin Nettbutikk. Utforsk v\u00e5rt utvalg av kunstb\u00f8ker, plakater og mer.","og_url":"https:\/\/www.afmuseet.no\/nettbutikk\/produkt\/women-photographers-contemporaries-1970-today\/","og_site_name":"Astrup Fearnley Museet","article_modified_time":"2025-02-24T07:44:30+00:00","og_image":[{"width":789,"height":1200,"url":"https:\/\/www.afmuseet.no\/content\/uploads\/2020\/09\/Contemporaries-cover-2.jpg","type":"image\/jpeg"}],"twitter_card":"summary_large_image","twitter_misc":{"Est. reading time":"1 minute"},"schema":{"@context":"https:\/\/schema.org","@graph":[{"@type":"WebPage","@id":"https:\/\/www.afmuseet.no\/nettbutikk\/produkt\/women-photographers-contemporaries-1970-today\/","url":"https:\/\/www.afmuseet.no\/nettbutikk\/produkt\/women-photographers-contemporaries-1970-today\/","name":"Women Photographers: Contemporaries (1970-Today) &#8211; Astrup Fearnley Museet","isPartOf":{"@id":"https:\/\/www.afmuseet.no\/nettbutikk\/#website"},"primaryImageOfPage":{"@id":"https:\/\/www.afmuseet.no\/nettbutikk\/produkt\/women-photographers-contemporaries-1970-today\/#primaryimage"},"image":{"@id":"https:\/\/www.afmuseet.no\/nettbutikk\/produkt\/women-photographers-contemporaries-1970-today\/#primaryimage"},"thumbnailUrl":"https:\/\/www.afmuseet.no\/content\/uploads\/2020\/09\/Contemporaries-cover-2.jpg","datePublished":"2020-09-09T11:56:24+00:00","dateModified":"2025-02-24T07:44:30+00:00","description":"Finn unike og eksklusive kunstrelaterte produkter p\u00e5 Astrup Fearnley Museet sin Nettbutikk. Utforsk v\u00e5rt utvalg av kunstb\u00f8ker, plakater og mer.","breadcrumb":{"@id":"https:\/\/www.afmuseet.no\/nettbutikk\/produkt\/women-photographers-contemporaries-1970-today\/#breadcrumb"},"inLanguage":"en-US","potentialAction":[{"@type":"ReadAction","target":["https:\/\/www.afmuseet.no\/nettbutikk\/produkt\/women-photographers-contemporaries-1970-today\/"]}]},{"@type":"ImageObject","inLanguage":"en-US","@id":"https:\/\/www.afmuseet.no\/nettbutikk\/produkt\/women-photographers-contemporaries-1970-today\/#primaryimage","url":"https:\/\/www.afmuseet.no\/content\/uploads\/2020\/09\/Contemporaries-cover-2.jpg","contentUrl":"https:\/\/www.afmuseet.no\/content\/uploads\/2020\/09\/Contemporaries-cover-2.jpg","width":789,"height":1200},{"@type":"BreadcrumbList","@id":"https:\/\/www.afmuseet.no\/nettbutikk\/produkt\/women-photographers-contemporaries-1970-today\/#breadcrumb","itemListElement":[{"@type":"ListItem","position":1,"name":"Hjem","item":"https:\/\/www.afmuseet.no\/nettbutikk\/en\/"},{"@type":"ListItem","position":2,"name":"Shop","item":"https:\/\/www.afmuseet.no\/nettbutikk\/shop\/"},{"@type":"ListItem","position":3,"name":"Women Photographers: Contemporaries (1970-Today)"}]},{"@type":"WebSite","@id":"https:\/\/www.afmuseet.no\/nettbutikk\/#website","url":"https:\/\/www.afmuseet.no\/nettbutikk\/","name":"Astrup Fearnley Museet","description":"","potentialAction":[{"@type":"SearchAction","target":{"@type":"EntryPoint","urlTemplate":"https:\/\/www.afmuseet.no\/nettbutikk\/?s={search_term_string}"},"query-input":{"@type":"PropertyValueSpecification","valueRequired":true,"valueName":"search_term_string"}}],"inLanguage":"en-US"}]}},"acf":[],"lang":"nb","translations":{"nb":8994,"en":6273},"pll_sync_post":[],"_links":{"self":[{"href":"https:\/\/www.afmuseet.no\/nettbutikk\/wp-json\/wp\/v2\/product\/8994","targetHints":{"allow":["GET"]}}],"collection":[{"href":"https:\/\/www.afmuseet.no\/nettbutikk\/wp-json\/wp\/v2\/product"}],"about":[{"href":"https:\/\/www.afmuseet.no\/nettbutikk\/wp-json\/wp\/v2\/types\/product"}],"wp:featuredmedia":[{"embeddable":true,"href":"https:\/\/www.afmuseet.no\/nettbutikk\/wp-json\/wp\/v2\/media\/6630"}],"wp:attachment":[{"href":"https:\/\/www.afmuseet.no\/nettbutikk\/wp-json\/wp\/v2\/media?parent=8994"}],"wp:term":[{"taxonomy":"product_brand","embeddable":true,"href":"https:\/\/www.afmuseet.no\/nettbutikk\/wp-json\/wp\/v2\/product_brand?post=8994"},{"taxonomy":"product_cat","embeddable":true,"href":"https:\/\/www.afmuseet.no\/nettbutikk\/wp-json\/wp\/v2\/product_cat?post=8994"},{"taxonomy":"product_tag","embeddable":true,"href":"https:\/\/www.afmuseet.no\/nettbutikk\/wp-json\/wp\/v2\/product_tag?post=8994"}],"curies":[{"name":"wp","href":"https:\/\/api.w.org\/{rel}","templated":true}]}}