{"id":8716,"date":"2020-08-05T07:27:35","date_gmt":"2020-08-05T05:27:35","guid":{"rendered":"http:\/\/64.227.66.199\/?post_type=product&#038;p=8716"},"modified":"2025-04-11T16:46:16","modified_gmt":"2025-04-11T14:46:16","slug":"minikatalog-marianne-heske","status":"publish","type":"product","link":"https:\/\/www.afmuseet.no\/nettbutikk\/produkt\/minikatalog-marianne-heske\/","title":{"rendered":"Marianne Heske &#8211; tour &#8211; Retour"},"content":{"rendered":"","protected":false},"excerpt":{"rendered":"<p>Minikatalog publisert i forbindelse med utstillingen <em>Marianne Heske tour \u2013 Retour<\/em> (29.10.2014 &#8211; 05.04.2015).<\/p>\n<p>I 1980 skapte Heske et historisk arbeid med Prosjekt Gjerdel\u00f8a da hun som sitt kunstneriske prosjekt til XI Biennale de Paris flyttet en 350 \u00e5r gammel l\u00f8e fra Tafjord i Sunnm\u00f8re til Paris, der den ble utstilt p\u00e5 Centre Pompidou. L\u00f8a ble siden flyttet fra Paris til Norge igjen og stilt ut ved Henie Onstad Kunstsenter, f\u00f8r den ble fraktet tilbake til Tafjord og satt opp igjen p\u00e5 sitt opprinnelsessted n\u00f8yaktig ett \u00e5r etter demonteringen. Prosjekt Gjerdel\u00f8a har blitt st\u00e5ende som et n\u00f8kkelverk i norsk kunsthistorie generelt og historien om norsk konseptkunst spesielt. Marianne Heske er uten tvil en av de viktigste blant de som tok til seg den konseptuelle kunstens arbeidsmetoder og indre logikk, og forvandlet dem til et personlig uttrykk.<\/p>\n<p>I Heskes utstilling p\u00e5 Astrup Fearnley Museet h\u00f8sten 2014 gjenopptok og videreutviklet kunstneren Prosjekt Gjerdel\u00f8a ved nok en gang \u00e5 flytte den fra sitt tilholdssted i Tafjord til Astrup Fearnley Museet i Oslo. Der ble den stilt ut sammen med en nyprodusert avst\u00f8pning av l\u00f8a i hvit, gjennomskinnelig kunstharpiks som sammen dannet et nytt verk og utstillingen tour \u2013 Retour. Installasjonen inneholdt ogs\u00e5 et maleri av den norske kunstneren Adolph Tidemand (1814-1876), utl\u00e5nt fra Nasjonalmuseet for kunst, design og arkitektur. tour &#8211; Retour var en prosess, en transformasjon og en forskyvning, som tok opp i seg temporalitet og selve begrepet kunst. I tillegg til dens selvreflekterende natur, introduserte den historiske referanser og fortellinger som inkluderte den norske nasjonalromantikken og selvbiografiske elementer.<\/p>\n<p>Kuratorer: Gunnar B. Kvaran og Therese M\u00f6llenhoff.<br \/>\nSt\u00f8rrelse: 18,7 x 14cm.<\/p>\n","protected":false},"featured_media":23729,"template":"","meta":{"_acf_changed":false,"afm_hide_title":false,"_afm_post_new_title":"","afm_terms_sep_product_language":", ","afm_terms_sep_product_post_translations":", ","afm_terms_sep_product_product_brand":", ","afm_terms_sep_product_product_type":", ","afm_terms_sep_product_product_visibility":", ","afm_terms_sep_product_product_cat":", ","afm_terms_sep_product_product_tag":", ","afm_terms_sep_product_product_shipping_class":", ","afm_terms_sep_product_pos_product_visibility":", ","afm_terms_sep_product_pa_cindy-sherman-art-bag":", "},"product_brand":[],"product_cat":[383,292],"product_tag":[],"class_list":{"0":"post-8716","1":"product","2":"type-product","3":"status-publish","4":"has-post-thumbnail","6":"product_cat-3105-egne-kataloger","7":"product_cat-all-products","8":"product_shipping_class-minikatalog","10":"first","11":"outofstock","12":"purchasable","13":"product-type-simple"},"group_of_quantity":0,"min_quantity":0,"max_quantity":"","exclude_order_quantity_value_rules":"no","exclude_category_quantity_rules":"no","combine_variations":"no","yoast_head":"<!-- This site is optimized with the Yoast SEO Premium plugin v26.9 (Yoast SEO v26.9) - https:\/\/yoast.com\/product\/yoast-seo-premium-wordpress\/ -->\n<title>Marianne Heske - tour - Retour &#8211; Astrup Fearnley Museet<\/title>\n<meta name=\"description\" content=\"Finn unike og eksklusive kunstrelaterte produkter p\u00e5 Astrup Fearnley Museet sin Nettbutikk. Utforsk v\u00e5rt utvalg av kunstb\u00f8ker, plakater og mer.\" \/>\n<meta name=\"robots\" content=\"index, follow, max-snippet:-1, max-image-preview:large, max-video-preview:-1\" \/>\n<link rel=\"canonical\" href=\"https:\/\/www.afmuseet.no\/nettbutikk\/produkt\/minikatalog-marianne-heske\/\" \/>\n<meta property=\"og:locale\" content=\"en_US\" \/>\n<meta property=\"og:type\" content=\"article\" \/>\n<meta property=\"og:title\" content=\"Marianne Heske - tour - Retour\" \/>\n<meta property=\"og:description\" content=\"Finn unike og eksklusive kunstrelaterte produkter p\u00e5 Astrup Fearnley Museet sin Nettbutikk. Utforsk v\u00e5rt utvalg av kunstb\u00f8ker, plakater og mer.\" \/>\n<meta property=\"og:url\" content=\"https:\/\/www.afmuseet.no\/nettbutikk\/produkt\/minikatalog-marianne-heske\/\" \/>\n<meta property=\"og:site_name\" content=\"Astrup Fearnley Museet\" \/>\n<meta property=\"article:modified_time\" content=\"2025-04-11T14:46:16+00:00\" \/>\n<meta property=\"og:image\" content=\"https:\/\/www.afmuseet.no\/content\/uploads\/2020\/08\/IMG_2496-SQUARE-scaled.jpg\" \/>\n\t<meta property=\"og:image:width\" content=\"2560\" \/>\n\t<meta property=\"og:image:height\" content=\"2560\" \/>\n\t<meta property=\"og:image:type\" content=\"image\/jpeg\" \/>\n<meta name=\"twitter:card\" content=\"summary_large_image\" \/>\n<script type=\"application\/ld+json\" class=\"yoast-schema-graph\">{\"@context\":\"https:\/\/schema.org\",\"@graph\":[{\"@type\":\"WebPage\",\"@id\":\"https:\/\/www.afmuseet.no\/nettbutikk\/produkt\/minikatalog-marianne-heske\/\",\"url\":\"https:\/\/www.afmuseet.no\/nettbutikk\/produkt\/minikatalog-marianne-heske\/\",\"name\":\"Marianne Heske - tour - Retour &#8211; Astrup Fearnley Museet\",\"isPartOf\":{\"@id\":\"https:\/\/www.afmuseet.no\/nettbutikk\/#website\"},\"primaryImageOfPage\":{\"@id\":\"https:\/\/www.afmuseet.no\/nettbutikk\/produkt\/minikatalog-marianne-heske\/#primaryimage\"},\"image\":{\"@id\":\"https:\/\/www.afmuseet.no\/nettbutikk\/produkt\/minikatalog-marianne-heske\/#primaryimage\"},\"thumbnailUrl\":\"https:\/\/www.afmuseet.no\/content\/uploads\/2020\/08\/IMG_2496-SQUARE-scaled.jpg\",\"datePublished\":\"2020-08-05T05:27:35+00:00\",\"dateModified\":\"2025-04-11T14:46:16+00:00\",\"description\":\"Finn unike og eksklusive kunstrelaterte produkter p\u00e5 Astrup Fearnley Museet sin Nettbutikk. Utforsk v\u00e5rt utvalg av kunstb\u00f8ker, plakater og mer.\",\"breadcrumb\":{\"@id\":\"https:\/\/www.afmuseet.no\/nettbutikk\/produkt\/minikatalog-marianne-heske\/#breadcrumb\"},\"inLanguage\":\"en-US\",\"potentialAction\":[{\"@type\":\"ReadAction\",\"target\":[\"https:\/\/www.afmuseet.no\/nettbutikk\/produkt\/minikatalog-marianne-heske\/\"]}]},{\"@type\":\"ImageObject\",\"inLanguage\":\"en-US\",\"@id\":\"https:\/\/www.afmuseet.no\/nettbutikk\/produkt\/minikatalog-marianne-heske\/#primaryimage\",\"url\":\"https:\/\/www.afmuseet.no\/content\/uploads\/2020\/08\/IMG_2496-SQUARE-scaled.jpg\",\"contentUrl\":\"https:\/\/www.afmuseet.no\/content\/uploads\/2020\/08\/IMG_2496-SQUARE-scaled.jpg\",\"width\":2560,\"height\":2560},{\"@type\":\"BreadcrumbList\",\"@id\":\"https:\/\/www.afmuseet.no\/nettbutikk\/produkt\/minikatalog-marianne-heske\/#breadcrumb\",\"itemListElement\":[{\"@type\":\"ListItem\",\"position\":1,\"name\":\"Hjem\",\"item\":\"https:\/\/www.afmuseet.no\/nettbutikk\/en\/\"},{\"@type\":\"ListItem\",\"position\":2,\"name\":\"Shop\",\"item\":\"https:\/\/www.afmuseet.no\/nettbutikk\/shop\/\"},{\"@type\":\"ListItem\",\"position\":3,\"name\":\"Marianne Heske &#8211; tour &#8211; Retour\"}]},{\"@type\":\"WebSite\",\"@id\":\"https:\/\/www.afmuseet.no\/nettbutikk\/#website\",\"url\":\"https:\/\/www.afmuseet.no\/nettbutikk\/\",\"name\":\"Astrup Fearnley Museet\",\"description\":\"\",\"potentialAction\":[{\"@type\":\"SearchAction\",\"target\":{\"@type\":\"EntryPoint\",\"urlTemplate\":\"https:\/\/www.afmuseet.no\/nettbutikk\/?s={search_term_string}\"},\"query-input\":{\"@type\":\"PropertyValueSpecification\",\"valueRequired\":true,\"valueName\":\"search_term_string\"}}],\"inLanguage\":\"en-US\"}]}<\/script>\n<!-- \/ Yoast SEO Premium plugin. -->","yoast_head_json":{"title":"Marianne Heske - tour - Retour &#8211; Astrup Fearnley Museet","description":"Finn unike og eksklusive kunstrelaterte produkter p\u00e5 Astrup Fearnley Museet sin Nettbutikk. Utforsk v\u00e5rt utvalg av kunstb\u00f8ker, plakater og mer.","robots":{"index":"index","follow":"follow","max-snippet":"max-snippet:-1","max-image-preview":"max-image-preview:large","max-video-preview":"max-video-preview:-1"},"canonical":"https:\/\/www.afmuseet.no\/nettbutikk\/produkt\/minikatalog-marianne-heske\/","og_locale":"en_US","og_type":"article","og_title":"Marianne Heske - tour - Retour","og_description":"Finn unike og eksklusive kunstrelaterte produkter p\u00e5 Astrup Fearnley Museet sin Nettbutikk. Utforsk v\u00e5rt utvalg av kunstb\u00f8ker, plakater og mer.","og_url":"https:\/\/www.afmuseet.no\/nettbutikk\/produkt\/minikatalog-marianne-heske\/","og_site_name":"Astrup Fearnley Museet","article_modified_time":"2025-04-11T14:46:16+00:00","og_image":[{"width":2560,"height":2560,"url":"https:\/\/www.afmuseet.no\/content\/uploads\/2020\/08\/IMG_2496-SQUARE-scaled.jpg","type":"image\/jpeg"}],"twitter_card":"summary_large_image","schema":{"@context":"https:\/\/schema.org","@graph":[{"@type":"WebPage","@id":"https:\/\/www.afmuseet.no\/nettbutikk\/produkt\/minikatalog-marianne-heske\/","url":"https:\/\/www.afmuseet.no\/nettbutikk\/produkt\/minikatalog-marianne-heske\/","name":"Marianne Heske - tour - Retour &#8211; Astrup Fearnley Museet","isPartOf":{"@id":"https:\/\/www.afmuseet.no\/nettbutikk\/#website"},"primaryImageOfPage":{"@id":"https:\/\/www.afmuseet.no\/nettbutikk\/produkt\/minikatalog-marianne-heske\/#primaryimage"},"image":{"@id":"https:\/\/www.afmuseet.no\/nettbutikk\/produkt\/minikatalog-marianne-heske\/#primaryimage"},"thumbnailUrl":"https:\/\/www.afmuseet.no\/content\/uploads\/2020\/08\/IMG_2496-SQUARE-scaled.jpg","datePublished":"2020-08-05T05:27:35+00:00","dateModified":"2025-04-11T14:46:16+00:00","description":"Finn unike og eksklusive kunstrelaterte produkter p\u00e5 Astrup Fearnley Museet sin Nettbutikk. Utforsk v\u00e5rt utvalg av kunstb\u00f8ker, plakater og mer.","breadcrumb":{"@id":"https:\/\/www.afmuseet.no\/nettbutikk\/produkt\/minikatalog-marianne-heske\/#breadcrumb"},"inLanguage":"en-US","potentialAction":[{"@type":"ReadAction","target":["https:\/\/www.afmuseet.no\/nettbutikk\/produkt\/minikatalog-marianne-heske\/"]}]},{"@type":"ImageObject","inLanguage":"en-US","@id":"https:\/\/www.afmuseet.no\/nettbutikk\/produkt\/minikatalog-marianne-heske\/#primaryimage","url":"https:\/\/www.afmuseet.no\/content\/uploads\/2020\/08\/IMG_2496-SQUARE-scaled.jpg","contentUrl":"https:\/\/www.afmuseet.no\/content\/uploads\/2020\/08\/IMG_2496-SQUARE-scaled.jpg","width":2560,"height":2560},{"@type":"BreadcrumbList","@id":"https:\/\/www.afmuseet.no\/nettbutikk\/produkt\/minikatalog-marianne-heske\/#breadcrumb","itemListElement":[{"@type":"ListItem","position":1,"name":"Hjem","item":"https:\/\/www.afmuseet.no\/nettbutikk\/en\/"},{"@type":"ListItem","position":2,"name":"Shop","item":"https:\/\/www.afmuseet.no\/nettbutikk\/shop\/"},{"@type":"ListItem","position":3,"name":"Marianne Heske &#8211; tour &#8211; Retour"}]},{"@type":"WebSite","@id":"https:\/\/www.afmuseet.no\/nettbutikk\/#website","url":"https:\/\/www.afmuseet.no\/nettbutikk\/","name":"Astrup Fearnley Museet","description":"","potentialAction":[{"@type":"SearchAction","target":{"@type":"EntryPoint","urlTemplate":"https:\/\/www.afmuseet.no\/nettbutikk\/?s={search_term_string}"},"query-input":{"@type":"PropertyValueSpecification","valueRequired":true,"valueName":"search_term_string"}}],"inLanguage":"en-US"}]}},"acf":[],"lang":"nb","translations":{"nb":8716,"en":2311},"pll_sync_post":[],"_links":{"self":[{"href":"https:\/\/www.afmuseet.no\/nettbutikk\/wp-json\/wp\/v2\/product\/8716","targetHints":{"allow":["GET"]}}],"collection":[{"href":"https:\/\/www.afmuseet.no\/nettbutikk\/wp-json\/wp\/v2\/product"}],"about":[{"href":"https:\/\/www.afmuseet.no\/nettbutikk\/wp-json\/wp\/v2\/types\/product"}],"wp:featuredmedia":[{"embeddable":true,"href":"https:\/\/www.afmuseet.no\/nettbutikk\/wp-json\/wp\/v2\/media\/23729"}],"wp:attachment":[{"href":"https:\/\/www.afmuseet.no\/nettbutikk\/wp-json\/wp\/v2\/media?parent=8716"}],"wp:term":[{"taxonomy":"product_brand","embeddable":true,"href":"https:\/\/www.afmuseet.no\/nettbutikk\/wp-json\/wp\/v2\/product_brand?post=8716"},{"taxonomy":"product_cat","embeddable":true,"href":"https:\/\/www.afmuseet.no\/nettbutikk\/wp-json\/wp\/v2\/product_cat?post=8716"},{"taxonomy":"product_tag","embeddable":true,"href":"https:\/\/www.afmuseet.no\/nettbutikk\/wp-json\/wp\/v2\/product_tag?post=8716"}],"curies":[{"name":"wp","href":"https:\/\/api.w.org\/{rel}","templated":true}]}}