{"id":8712,"date":"2020-08-05T07:27:20","date_gmt":"2020-08-05T06:27:20","guid":{"rendered":"http:\/\/64.227.66.199\/?post_type=product&#038;p=8712"},"modified":"2024-07-23T17:02:22","modified_gmt":"2024-07-23T15:02:22","slug":"minikatalog-r-b-kitaj-diaspora","status":"publish","type":"product","link":"https:\/\/www.afmuseet.no\/nettbutikk\/produkt\/minikatalog-r-b-kitaj-diaspora\/","title":{"rendered":"R.B. KITAJ &#8211; Diaspora"},"content":{"rendered":"","protected":false},"excerpt":{"rendered":"<p>Minikatalog publisert i forbindelse med utstillingen R.B. Kitaj \u2013 Diaspora (28.02. &#8211; 11.05.2014).<\/p>\n<p>I \u00e5rene som har g\u00e5tt etter R. B. Kitajs d\u00f8d (1932-2007) har hans kunstnerskap blitt befestet som et betydelig bidrag til den figurative malerkunstens historie. Kitaj var amerikaner, men tilbrakte nesten 40 \u00e5r i England. Kitajs kunstnerskap utviklet seg i London, der han var en del av kunstscenen fra 1960-tallet av, da en vital generasjon unge kunstnere tok maleriet i en ny retning ved \u00e5 spille p\u00e5 b\u00e5de den figurative maletradisjonen og samtidens popul\u00e6rkultur.<br \/>\nDenne generasjonen fremsatte en visjon for maleriet som \u00e5pnet d\u00f8rene for den store internasjonale interessen for maleri som blomstret opp p\u00e5 1970- og 80-tallet. Kitaj har blitt tilknyttet School of London-generasjonen \u2013 et begrep som aldri betegnet en fast gruppe eller stil, men ble brukt om en rekke malere som alle arbeidet med den figurative formen i maleriet i en periode der den abstrakte kunsten i lang tid hadde dominert. Kitaj var en av de mest prominente kunstnerne p\u00e5 den britiske kunstscenen og ut\u00f8vet ogs\u00e5 en stor innflytelse p\u00e5 utviklingen av den britiske popkunsten. Det var i denne konteksten at Kitajs kunstnerskap utformet seg, og selv om man kan knytte hans kunst til tendensene innen det figurative maleriet og den britiske popkunsten, skulle det v\u00e6re f\u00f8lelsen av mangel p\u00e5 tilh\u00f8righet, diasporaen, som for ham ble den viktigste faktoren for hans kunst \u2013 et kunstnerskap der symboler og referanser fra b\u00e5de visuelle, litter\u00e6re, historiske og personlige kilder sammenstilles i fargesterke og komplekse komposisjoner.<\/p>\n<p>Kitaj har en viktig tilstedev\u00e6relse i Astrup Fearnley Samlingen, som inneholder noen av hans mest fremragende verker. Her presenterte vi et utvalg av disse, sammen med verk fra andre norske samlere, i en utstilling som gjennomgikk Kitajs bidrag som historisk kunstner, samtidig som hans arbeider fortsatt appellerer til yngre generasjoner av kunstnere.<\/p>\n<p>Kuratorer: Gunnar B. Kvaran og Therese M\u00f6llenhoff<br \/>\nMinikatalog: 14 x 18,7 x 0,4 cm<br \/>\nAntall sider: 32<br \/>\nSpr\u00e5k: Norsk og Engelsk<br \/>\nISBN: 978-82-91430-72-0<\/p>\n","protected":false},"featured_media":42435,"template":"","meta":{"_acf_changed":false,"afm_hide_title":false,"_afm_post_new_title":"","afm_terms_sep_product_language":", ","afm_terms_sep_product_post_translations":", ","afm_terms_sep_product_product_brand":", ","afm_terms_sep_product_product_type":", ","afm_terms_sep_product_product_visibility":", ","afm_terms_sep_product_product_cat":", ","afm_terms_sep_product_product_tag":", ","afm_terms_sep_product_product_shipping_class":", ","afm_terms_sep_product_pos_product_visibility":", ","afm_terms_sep_product_pa_cindy-sherman-art-bag":", "},"product_brand":[],"product_cat":[383,292,387,385],"product_tag":[],"class_list":{"0":"post-8712","1":"product","2":"type-product","3":"status-publish","4":"has-post-thumbnail","6":"product_cat-3105-egne-kataloger","7":"product_cat-all-products","8":"product_cat-exhibition-catalogues-books","9":"product_cat-publications","10":"product_shipping_class-minikatalog","12":"first","13":"instock","14":"purchasable","15":"product-type-simple"},"group_of_quantity":0,"min_quantity":0,"max_quantity":"","exclude_order_quantity_value_rules":"no","exclude_category_quantity_rules":"no","combine_variations":"no","yoast_head":"<!-- This site is optimized with the Yoast SEO Premium plugin v26.9 (Yoast SEO v26.9) - https:\/\/yoast.com\/product\/yoast-seo-premium-wordpress\/ -->\n<title>R.B. KITAJ - Diaspora &#8211; Astrup Fearnley Museet<\/title>\n<meta name=\"description\" content=\"Finn unike og eksklusive kunstrelaterte produkter p\u00e5 Astrup Fearnley Museet sin Nettbutikk. Utforsk v\u00e5rt utvalg av kunstb\u00f8ker, plakater og mer.\" \/>\n<meta name=\"robots\" content=\"index, follow, max-snippet:-1, max-image-preview:large, max-video-preview:-1\" \/>\n<link rel=\"canonical\" href=\"https:\/\/www.afmuseet.no\/nettbutikk\/produkt\/minikatalog-r-b-kitaj-diaspora\/\" \/>\n<meta property=\"og:locale\" content=\"en_US\" \/>\n<meta property=\"og:type\" content=\"article\" \/>\n<meta property=\"og:title\" content=\"R.B. KITAJ - Diaspora\" \/>\n<meta property=\"og:description\" content=\"Finn unike og eksklusive kunstrelaterte produkter p\u00e5 Astrup Fearnley Museet sin Nettbutikk. Utforsk v\u00e5rt utvalg av kunstb\u00f8ker, plakater og mer.\" \/>\n<meta property=\"og:url\" content=\"https:\/\/www.afmuseet.no\/nettbutikk\/produkt\/minikatalog-r-b-kitaj-diaspora\/\" \/>\n<meta property=\"og:site_name\" content=\"Astrup Fearnley Museet\" \/>\n<meta property=\"article:modified_time\" content=\"2024-07-23T15:02:22+00:00\" \/>\n<meta property=\"og:image\" content=\"https:\/\/www.afmuseet.no\/content\/uploads\/2020\/08\/kitaj.png\" \/>\n\t<meta property=\"og:image:width\" content=\"1024\" \/>\n\t<meta property=\"og:image:height\" content=\"1024\" \/>\n\t<meta property=\"og:image:type\" content=\"image\/png\" \/>\n<meta name=\"twitter:card\" content=\"summary_large_image\" \/>\n<script type=\"application\/ld+json\" class=\"yoast-schema-graph\">{\"@context\":\"https:\/\/schema.org\",\"@graph\":[{\"@type\":\"WebPage\",\"@id\":\"https:\/\/www.afmuseet.no\/nettbutikk\/produkt\/minikatalog-r-b-kitaj-diaspora\/\",\"url\":\"https:\/\/www.afmuseet.no\/nettbutikk\/produkt\/minikatalog-r-b-kitaj-diaspora\/\",\"name\":\"R.B. KITAJ - Diaspora &#8211; Astrup Fearnley Museet\",\"isPartOf\":{\"@id\":\"https:\/\/www.afmuseet.no\/nettbutikk\/#website\"},\"primaryImageOfPage\":{\"@id\":\"https:\/\/www.afmuseet.no\/nettbutikk\/produkt\/minikatalog-r-b-kitaj-diaspora\/#primaryimage\"},\"image\":{\"@id\":\"https:\/\/www.afmuseet.no\/nettbutikk\/produkt\/minikatalog-r-b-kitaj-diaspora\/#primaryimage\"},\"thumbnailUrl\":\"https:\/\/www.afmuseet.no\/content\/uploads\/2020\/08\/kitaj.png\",\"datePublished\":\"2020-08-05T06:27:20+00:00\",\"dateModified\":\"2024-07-23T15:02:22+00:00\",\"description\":\"Finn unike og eksklusive kunstrelaterte produkter p\u00e5 Astrup Fearnley Museet sin Nettbutikk. Utforsk v\u00e5rt utvalg av kunstb\u00f8ker, plakater og mer.\",\"breadcrumb\":{\"@id\":\"https:\/\/www.afmuseet.no\/nettbutikk\/produkt\/minikatalog-r-b-kitaj-diaspora\/#breadcrumb\"},\"inLanguage\":\"en-US\",\"potentialAction\":[{\"@type\":\"ReadAction\",\"target\":[\"https:\/\/www.afmuseet.no\/nettbutikk\/produkt\/minikatalog-r-b-kitaj-diaspora\/\"]}]},{\"@type\":\"ImageObject\",\"inLanguage\":\"en-US\",\"@id\":\"https:\/\/www.afmuseet.no\/nettbutikk\/produkt\/minikatalog-r-b-kitaj-diaspora\/#primaryimage\",\"url\":\"https:\/\/www.afmuseet.no\/content\/uploads\/2020\/08\/kitaj.png\",\"contentUrl\":\"https:\/\/www.afmuseet.no\/content\/uploads\/2020\/08\/kitaj.png\",\"width\":2160,\"height\":2160},{\"@type\":\"BreadcrumbList\",\"@id\":\"https:\/\/www.afmuseet.no\/nettbutikk\/produkt\/minikatalog-r-b-kitaj-diaspora\/#breadcrumb\",\"itemListElement\":[{\"@type\":\"ListItem\",\"position\":1,\"name\":\"Hjem\",\"item\":\"https:\/\/www.afmuseet.no\/nettbutikk\/en\/\"},{\"@type\":\"ListItem\",\"position\":2,\"name\":\"Shop\",\"item\":\"https:\/\/www.afmuseet.no\/nettbutikk\/shop\/\"},{\"@type\":\"ListItem\",\"position\":3,\"name\":\"R.B. KITAJ &#8211; Diaspora\"}]},{\"@type\":\"WebSite\",\"@id\":\"https:\/\/www.afmuseet.no\/nettbutikk\/#website\",\"url\":\"https:\/\/www.afmuseet.no\/nettbutikk\/\",\"name\":\"Astrup Fearnley Museet\",\"description\":\"\",\"potentialAction\":[{\"@type\":\"SearchAction\",\"target\":{\"@type\":\"EntryPoint\",\"urlTemplate\":\"https:\/\/www.afmuseet.no\/nettbutikk\/?s={search_term_string}\"},\"query-input\":{\"@type\":\"PropertyValueSpecification\",\"valueRequired\":true,\"valueName\":\"search_term_string\"}}],\"inLanguage\":\"en-US\"}]}<\/script>\n<!-- \/ Yoast SEO Premium plugin. -->","yoast_head_json":{"title":"R.B. KITAJ - Diaspora &#8211; Astrup Fearnley Museet","description":"Finn unike og eksklusive kunstrelaterte produkter p\u00e5 Astrup Fearnley Museet sin Nettbutikk. Utforsk v\u00e5rt utvalg av kunstb\u00f8ker, plakater og mer.","robots":{"index":"index","follow":"follow","max-snippet":"max-snippet:-1","max-image-preview":"max-image-preview:large","max-video-preview":"max-video-preview:-1"},"canonical":"https:\/\/www.afmuseet.no\/nettbutikk\/produkt\/minikatalog-r-b-kitaj-diaspora\/","og_locale":"en_US","og_type":"article","og_title":"R.B. KITAJ - Diaspora","og_description":"Finn unike og eksklusive kunstrelaterte produkter p\u00e5 Astrup Fearnley Museet sin Nettbutikk. Utforsk v\u00e5rt utvalg av kunstb\u00f8ker, plakater og mer.","og_url":"https:\/\/www.afmuseet.no\/nettbutikk\/produkt\/minikatalog-r-b-kitaj-diaspora\/","og_site_name":"Astrup Fearnley Museet","article_modified_time":"2024-07-23T15:02:22+00:00","og_image":[{"url":"https:\/\/www.afmuseet.no\/content\/uploads\/2020\/08\/kitaj.png","width":1024,"height":1024,"type":"image\/png"}],"twitter_card":"summary_large_image","schema":{"@context":"https:\/\/schema.org","@graph":[{"@type":"WebPage","@id":"https:\/\/www.afmuseet.no\/nettbutikk\/produkt\/minikatalog-r-b-kitaj-diaspora\/","url":"https:\/\/www.afmuseet.no\/nettbutikk\/produkt\/minikatalog-r-b-kitaj-diaspora\/","name":"R.B. KITAJ - Diaspora &#8211; Astrup Fearnley Museet","isPartOf":{"@id":"https:\/\/www.afmuseet.no\/nettbutikk\/#website"},"primaryImageOfPage":{"@id":"https:\/\/www.afmuseet.no\/nettbutikk\/produkt\/minikatalog-r-b-kitaj-diaspora\/#primaryimage"},"image":{"@id":"https:\/\/www.afmuseet.no\/nettbutikk\/produkt\/minikatalog-r-b-kitaj-diaspora\/#primaryimage"},"thumbnailUrl":"https:\/\/www.afmuseet.no\/content\/uploads\/2020\/08\/kitaj.png","datePublished":"2020-08-05T06:27:20+00:00","dateModified":"2024-07-23T15:02:22+00:00","description":"Finn unike og eksklusive kunstrelaterte produkter p\u00e5 Astrup Fearnley Museet sin Nettbutikk. Utforsk v\u00e5rt utvalg av kunstb\u00f8ker, plakater og mer.","breadcrumb":{"@id":"https:\/\/www.afmuseet.no\/nettbutikk\/produkt\/minikatalog-r-b-kitaj-diaspora\/#breadcrumb"},"inLanguage":"en-US","potentialAction":[{"@type":"ReadAction","target":["https:\/\/www.afmuseet.no\/nettbutikk\/produkt\/minikatalog-r-b-kitaj-diaspora\/"]}]},{"@type":"ImageObject","inLanguage":"en-US","@id":"https:\/\/www.afmuseet.no\/nettbutikk\/produkt\/minikatalog-r-b-kitaj-diaspora\/#primaryimage","url":"https:\/\/www.afmuseet.no\/content\/uploads\/2020\/08\/kitaj.png","contentUrl":"https:\/\/www.afmuseet.no\/content\/uploads\/2020\/08\/kitaj.png","width":2160,"height":2160},{"@type":"BreadcrumbList","@id":"https:\/\/www.afmuseet.no\/nettbutikk\/produkt\/minikatalog-r-b-kitaj-diaspora\/#breadcrumb","itemListElement":[{"@type":"ListItem","position":1,"name":"Hjem","item":"https:\/\/www.afmuseet.no\/nettbutikk\/en\/"},{"@type":"ListItem","position":2,"name":"Shop","item":"https:\/\/www.afmuseet.no\/nettbutikk\/shop\/"},{"@type":"ListItem","position":3,"name":"R.B. KITAJ &#8211; Diaspora"}]},{"@type":"WebSite","@id":"https:\/\/www.afmuseet.no\/nettbutikk\/#website","url":"https:\/\/www.afmuseet.no\/nettbutikk\/","name":"Astrup Fearnley Museet","description":"","potentialAction":[{"@type":"SearchAction","target":{"@type":"EntryPoint","urlTemplate":"https:\/\/www.afmuseet.no\/nettbutikk\/?s={search_term_string}"},"query-input":{"@type":"PropertyValueSpecification","valueRequired":true,"valueName":"search_term_string"}}],"inLanguage":"en-US"}]}},"acf":[],"lang":"nb","translations":{"nb":8712,"en":2281},"pll_sync_post":[],"_links":{"self":[{"href":"https:\/\/www.afmuseet.no\/nettbutikk\/wp-json\/wp\/v2\/product\/8712","targetHints":{"allow":["GET"]}}],"collection":[{"href":"https:\/\/www.afmuseet.no\/nettbutikk\/wp-json\/wp\/v2\/product"}],"about":[{"href":"https:\/\/www.afmuseet.no\/nettbutikk\/wp-json\/wp\/v2\/types\/product"}],"wp:featuredmedia":[{"embeddable":true,"href":"https:\/\/www.afmuseet.no\/nettbutikk\/wp-json\/wp\/v2\/media\/42435"}],"wp:attachment":[{"href":"https:\/\/www.afmuseet.no\/nettbutikk\/wp-json\/wp\/v2\/media?parent=8712"}],"wp:term":[{"taxonomy":"product_brand","embeddable":true,"href":"https:\/\/www.afmuseet.no\/nettbutikk\/wp-json\/wp\/v2\/product_brand?post=8712"},{"taxonomy":"product_cat","embeddable":true,"href":"https:\/\/www.afmuseet.no\/nettbutikk\/wp-json\/wp\/v2\/product_cat?post=8712"},{"taxonomy":"product_tag","embeddable":true,"href":"https:\/\/www.afmuseet.no\/nettbutikk\/wp-json\/wp\/v2\/product_tag?post=8712"}],"curies":[{"name":"wp","href":"https:\/\/api.w.org\/{rel}","templated":true}]}}