{"id":8697,"date":"2020-08-05T07:33:03","date_gmt":"2020-08-05T06:33:03","guid":{"rendered":"http:\/\/64.227.66.199\/?post_type=product&#038;p=8697"},"modified":"2026-01-06T11:12:19","modified_gmt":"2026-01-06T09:12:19","slug":"art-book-los-angeles-a-fiction","status":"publish","type":"product","link":"https:\/\/www.afmuseet.no\/nettbutikk\/produkt\/art-book-los-angeles-a-fiction\/","title":{"rendered":"Los Angeles &#8211; A Fiction"},"content":{"rendered":"","protected":false},"excerpt":{"rendered":"<p>Som del av utstillingen Los Angeles &#8211; A Fiction (22.09. \u2013 22.01.2017), ble det presentert en bok med et subjektivt utvalg av litter\u00e6re tekster skrevet enten i eller om Los Angeles i l\u00f8pet av de siste femti \u00e5rene. Utdrag fra disse Los Angeles-relaterte tekstene ble satt sammen slik at de i sin tur berettet en historie som bidro til \u00e5 forsterke kunstverkene og understreker utstillingens fiktive vesen.<\/p>\n<p>Los Angeles er en by med et levende mangfold av kunstnere som har skapt sine egne visjoner og kunstneriske uttrykk innenfor det samme sosiale og geografiske milj\u00f8et, men som har ledet dem i forskjellige retninger. I denne utstillingen ble kunstnere og forfattere fra byens kunst- og litteraturscene fra de siste 50 \u00e5rene presentert, og skapte et fiktivt og subjektiv syn p\u00e5 Los Angeles der de ulike narrativene genererer en flytende synergi mellom kunstverkene.<\/p>\n<p>Kunstnere: Kelly Akashi, Kenneth Anger, John Baldessari, Math Bass, Larry Bell, Billy Al Bengston, Brian Calvin, Meg Cranston, John Divola, Hannah Greely, Samara Golden, David Hockney, Evan Holloway, Robert Irwin, Alex Israel, Stanya Kahn, William Leavitt, Nancy Lupo, Tala Madani, Paul McCarthy, Rodney McMillian, Nicole Miller, Michele O\u2019Marah, Catherine Opie, Laura Owens, Charles Ray, Ed Ruscha, Alexis Smith, Martine Syms, Henry Taylor, Ryan Trecartin\/Lizzie Fitch, Kaari Upson og Jonas Wood.<\/p>\n<p>Forfattere: Alex Abella, Paul Thomas Anderson, Kenneth Anger, Reyner Banham, Paul Beatty, Francesca Lia Block, T. C. Boyle, Vincent Bugliosi, Charles Bukowski, Octavia Butler, Amina Cain, Wanda Coleman, Michael Connelly, Bernard Cooper, Dennis Cooper, Mark Z. Danielewski, Trinie Dalton, Mike Davis, Joan Didion, Dominick Dunne, Bret Easton Ellis, James Ellroy, Steve Erickson, John Fante, Janet Fitch, Angela Flournoy, James Frey, Romain Gary, Ryan Gattis, Kenneth Goldsmith, Joseph Hansen, Paul Haggis, John Haskell, Todd Haynes, David Hockney, Christopher Isherwood, Aris Janigian, Norman M. Klein, Chris Kraus, Rachel Kushner, Cameron Lange, Annette Leddy, Joe Linton, David Lynch, Esther McCoy, Terrence Malick, Joseph Mattson, Joyce Maynard, Jan Morris, Walter Mosley, Maggie Nelson, Victoria Patterson, Vanessa Place, Eric Puchner, Thomas Pynchon, John Rechy, Nina Revoyr, David Richards, Mary Rinebold Copeland, Jean Rolin, Martha Ronk, James Sallis, Christina Schwarz, Carolyn See, Lisa See, Mona Simpson, Jane Smiley, Jack Smith, Gary Snyder, Matthew Specktor, John Steppling, Matthew Stokoe, Donna Tartt, Karen Tei Yamashita, David Thomson, Rupert Thomson, H\u00e9ctor Tobar, Bruce Wagner, Joseph Wambaugh, John Waters, Benjamin Weissman, Lawrence Weschler, Christa Wolf og Rudy Wurlitzer.<\/p>\n<p>Kuratorer: Gunnar B. Kvaran (AFM), Thierry Raspail (MAC Lyon) og Nicolas Garait-Leavenworth, med hjelp fra et r\u00e5dgivende panel best\u00e5ende av Hans Ulrich Obrist (Serpentine Galleries, London), Ali Subotnick (Hammer Museum, Los Angeles) og kunstneren Alex Israel.<\/p>\n<p>Utstillingen var et samarbeid mellom Astrup Fearnley Museet i Oslo og Museum of Contemporary Art i Lyon.<\/p>\n","protected":false},"featured_media":6619,"template":"","meta":{"_acf_changed":false,"afm_hide_title":false,"_afm_post_new_title":"","afm_terms_sep_product_language":", ","afm_terms_sep_product_post_translations":", ","afm_terms_sep_product_product_brand":", ","afm_terms_sep_product_product_type":", ","afm_terms_sep_product_product_visibility":", ","afm_terms_sep_product_product_cat":", ","afm_terms_sep_product_product_tag":", ","afm_terms_sep_product_product_shipping_class":", ","afm_terms_sep_product_pos_product_visibility":", ","afm_terms_sep_product_pa_cindy-sherman-art-bag":", "},"product_brand":[],"product_cat":[383,292,387],"product_tag":[],"class_list":{"0":"post-8697","1":"product","2":"type-product","3":"status-publish","4":"has-post-thumbnail","6":"product_cat-3105-egne-kataloger","7":"product_cat-all-products","8":"product_cat-exhibition-catalogues-books","10":"first","11":"outofstock","12":"purchasable","13":"product-type-simple"},"group_of_quantity":0,"min_quantity":0,"max_quantity":"","exclude_order_quantity_value_rules":"no","exclude_category_quantity_rules":"no","combine_variations":"no","yoast_head":"<!-- This site is optimized with the Yoast SEO Premium plugin v26.9 (Yoast SEO v26.9) - https:\/\/yoast.com\/product\/yoast-seo-premium-wordpress\/ -->\n<title>Los Angeles - A Fiction &#8211; Astrup Fearnley Museet<\/title>\n<meta name=\"description\" content=\"Finn unike og eksklusive kunstrelaterte produkter p\u00e5 Astrup Fearnley Museet sin Nettbutikk. Utforsk v\u00e5rt utvalg av kunstb\u00f8ker, plakater og mer.\" \/>\n<meta name=\"robots\" content=\"index, follow, max-snippet:-1, max-image-preview:large, max-video-preview:-1\" \/>\n<link rel=\"canonical\" href=\"https:\/\/www.afmuseet.no\/nettbutikk\/produkt\/art-book-los-angeles-a-fiction\/\" \/>\n<meta property=\"og:locale\" content=\"en_US\" \/>\n<meta property=\"og:type\" content=\"article\" \/>\n<meta property=\"og:title\" content=\"Los Angeles - A Fiction\" \/>\n<meta property=\"og:description\" content=\"Finn unike og eksklusive kunstrelaterte produkter p\u00e5 Astrup Fearnley Museet sin Nettbutikk. Utforsk v\u00e5rt utvalg av kunstb\u00f8ker, plakater og mer.\" \/>\n<meta property=\"og:url\" content=\"https:\/\/www.afmuseet.no\/nettbutikk\/produkt\/art-book-los-angeles-a-fiction\/\" \/>\n<meta property=\"og:site_name\" content=\"Astrup Fearnley Museet\" \/>\n<meta property=\"article:modified_time\" content=\"2026-01-06T09:12:19+00:00\" \/>\n<meta property=\"og:image\" content=\"https:\/\/www.afmuseet.no\/content\/uploads\/2020\/08\/Artbook-Los-Angeles-A-Fiction-ny-st\u00f8rrelse.jpg\" \/>\n\t<meta property=\"og:image:width\" content=\"968\" \/>\n\t<meta property=\"og:image:height\" content=\"1296\" \/>\n\t<meta property=\"og:image:type\" content=\"image\/jpeg\" \/>\n<meta name=\"twitter:card\" content=\"summary_large_image\" \/>\n<meta name=\"twitter:label1\" content=\"Est. reading time\" \/>\n\t<meta name=\"twitter:data1\" content=\"1 minute\" \/>\n<script type=\"application\/ld+json\" class=\"yoast-schema-graph\">{\"@context\":\"https:\/\/schema.org\",\"@graph\":[{\"@type\":\"WebPage\",\"@id\":\"https:\/\/www.afmuseet.no\/nettbutikk\/produkt\/art-book-los-angeles-a-fiction\/\",\"url\":\"https:\/\/www.afmuseet.no\/nettbutikk\/produkt\/art-book-los-angeles-a-fiction\/\",\"name\":\"Los Angeles - A Fiction &#8211; Astrup Fearnley Museet\",\"isPartOf\":{\"@id\":\"https:\/\/www.afmuseet.no\/nettbutikk\/#website\"},\"primaryImageOfPage\":{\"@id\":\"https:\/\/www.afmuseet.no\/nettbutikk\/produkt\/art-book-los-angeles-a-fiction\/#primaryimage\"},\"image\":{\"@id\":\"https:\/\/www.afmuseet.no\/nettbutikk\/produkt\/art-book-los-angeles-a-fiction\/#primaryimage\"},\"thumbnailUrl\":\"https:\/\/www.afmuseet.no\/content\/uploads\/2020\/08\/Artbook-Los-Angeles-A-Fiction-ny-st\u00f8rrelse.jpg\",\"datePublished\":\"2020-08-05T06:33:03+00:00\",\"dateModified\":\"2026-01-06T09:12:19+00:00\",\"description\":\"Finn unike og eksklusive kunstrelaterte produkter p\u00e5 Astrup Fearnley Museet sin Nettbutikk. Utforsk v\u00e5rt utvalg av kunstb\u00f8ker, plakater og mer.\",\"breadcrumb\":{\"@id\":\"https:\/\/www.afmuseet.no\/nettbutikk\/produkt\/art-book-los-angeles-a-fiction\/#breadcrumb\"},\"inLanguage\":\"en-US\",\"potentialAction\":[{\"@type\":\"ReadAction\",\"target\":[\"https:\/\/www.afmuseet.no\/nettbutikk\/produkt\/art-book-los-angeles-a-fiction\/\"]}]},{\"@type\":\"ImageObject\",\"inLanguage\":\"en-US\",\"@id\":\"https:\/\/www.afmuseet.no\/nettbutikk\/produkt\/art-book-los-angeles-a-fiction\/#primaryimage\",\"url\":\"https:\/\/www.afmuseet.no\/content\/uploads\/2020\/08\/Artbook-Los-Angeles-A-Fiction-ny-st\u00f8rrelse.jpg\",\"contentUrl\":\"https:\/\/www.afmuseet.no\/content\/uploads\/2020\/08\/Artbook-Los-Angeles-A-Fiction-ny-st\u00f8rrelse.jpg\",\"width\":968,\"height\":1296},{\"@type\":\"BreadcrumbList\",\"@id\":\"https:\/\/www.afmuseet.no\/nettbutikk\/produkt\/art-book-los-angeles-a-fiction\/#breadcrumb\",\"itemListElement\":[{\"@type\":\"ListItem\",\"position\":1,\"name\":\"Hjem\",\"item\":\"https:\/\/www.afmuseet.no\/nettbutikk\/en\/\"},{\"@type\":\"ListItem\",\"position\":2,\"name\":\"Shop\",\"item\":\"https:\/\/www.afmuseet.no\/nettbutikk\/shop\/\"},{\"@type\":\"ListItem\",\"position\":3,\"name\":\"Los Angeles &#8211; A Fiction\"}]},{\"@type\":\"WebSite\",\"@id\":\"https:\/\/www.afmuseet.no\/nettbutikk\/#website\",\"url\":\"https:\/\/www.afmuseet.no\/nettbutikk\/\",\"name\":\"Astrup Fearnley Museet\",\"description\":\"\",\"potentialAction\":[{\"@type\":\"SearchAction\",\"target\":{\"@type\":\"EntryPoint\",\"urlTemplate\":\"https:\/\/www.afmuseet.no\/nettbutikk\/?s={search_term_string}\"},\"query-input\":{\"@type\":\"PropertyValueSpecification\",\"valueRequired\":true,\"valueName\":\"search_term_string\"}}],\"inLanguage\":\"en-US\"}]}<\/script>\n<!-- \/ Yoast SEO Premium plugin. -->","yoast_head_json":{"title":"Los Angeles - A Fiction &#8211; Astrup Fearnley Museet","description":"Finn unike og eksklusive kunstrelaterte produkter p\u00e5 Astrup Fearnley Museet sin Nettbutikk. Utforsk v\u00e5rt utvalg av kunstb\u00f8ker, plakater og mer.","robots":{"index":"index","follow":"follow","max-snippet":"max-snippet:-1","max-image-preview":"max-image-preview:large","max-video-preview":"max-video-preview:-1"},"canonical":"https:\/\/www.afmuseet.no\/nettbutikk\/produkt\/art-book-los-angeles-a-fiction\/","og_locale":"en_US","og_type":"article","og_title":"Los Angeles - A Fiction","og_description":"Finn unike og eksklusive kunstrelaterte produkter p\u00e5 Astrup Fearnley Museet sin Nettbutikk. Utforsk v\u00e5rt utvalg av kunstb\u00f8ker, plakater og mer.","og_url":"https:\/\/www.afmuseet.no\/nettbutikk\/produkt\/art-book-los-angeles-a-fiction\/","og_site_name":"Astrup Fearnley Museet","article_modified_time":"2026-01-06T09:12:19+00:00","og_image":[{"width":968,"height":1296,"url":"https:\/\/www.afmuseet.no\/content\/uploads\/2020\/08\/Artbook-Los-Angeles-A-Fiction-ny-st\u00f8rrelse.jpg","type":"image\/jpeg"}],"twitter_card":"summary_large_image","twitter_misc":{"Est. reading time":"1 minute"},"schema":{"@context":"https:\/\/schema.org","@graph":[{"@type":"WebPage","@id":"https:\/\/www.afmuseet.no\/nettbutikk\/produkt\/art-book-los-angeles-a-fiction\/","url":"https:\/\/www.afmuseet.no\/nettbutikk\/produkt\/art-book-los-angeles-a-fiction\/","name":"Los Angeles - A Fiction &#8211; Astrup Fearnley Museet","isPartOf":{"@id":"https:\/\/www.afmuseet.no\/nettbutikk\/#website"},"primaryImageOfPage":{"@id":"https:\/\/www.afmuseet.no\/nettbutikk\/produkt\/art-book-los-angeles-a-fiction\/#primaryimage"},"image":{"@id":"https:\/\/www.afmuseet.no\/nettbutikk\/produkt\/art-book-los-angeles-a-fiction\/#primaryimage"},"thumbnailUrl":"https:\/\/www.afmuseet.no\/content\/uploads\/2020\/08\/Artbook-Los-Angeles-A-Fiction-ny-st\u00f8rrelse.jpg","datePublished":"2020-08-05T06:33:03+00:00","dateModified":"2026-01-06T09:12:19+00:00","description":"Finn unike og eksklusive kunstrelaterte produkter p\u00e5 Astrup Fearnley Museet sin Nettbutikk. Utforsk v\u00e5rt utvalg av kunstb\u00f8ker, plakater og mer.","breadcrumb":{"@id":"https:\/\/www.afmuseet.no\/nettbutikk\/produkt\/art-book-los-angeles-a-fiction\/#breadcrumb"},"inLanguage":"en-US","potentialAction":[{"@type":"ReadAction","target":["https:\/\/www.afmuseet.no\/nettbutikk\/produkt\/art-book-los-angeles-a-fiction\/"]}]},{"@type":"ImageObject","inLanguage":"en-US","@id":"https:\/\/www.afmuseet.no\/nettbutikk\/produkt\/art-book-los-angeles-a-fiction\/#primaryimage","url":"https:\/\/www.afmuseet.no\/content\/uploads\/2020\/08\/Artbook-Los-Angeles-A-Fiction-ny-st\u00f8rrelse.jpg","contentUrl":"https:\/\/www.afmuseet.no\/content\/uploads\/2020\/08\/Artbook-Los-Angeles-A-Fiction-ny-st\u00f8rrelse.jpg","width":968,"height":1296},{"@type":"BreadcrumbList","@id":"https:\/\/www.afmuseet.no\/nettbutikk\/produkt\/art-book-los-angeles-a-fiction\/#breadcrumb","itemListElement":[{"@type":"ListItem","position":1,"name":"Hjem","item":"https:\/\/www.afmuseet.no\/nettbutikk\/en\/"},{"@type":"ListItem","position":2,"name":"Shop","item":"https:\/\/www.afmuseet.no\/nettbutikk\/shop\/"},{"@type":"ListItem","position":3,"name":"Los Angeles &#8211; A Fiction"}]},{"@type":"WebSite","@id":"https:\/\/www.afmuseet.no\/nettbutikk\/#website","url":"https:\/\/www.afmuseet.no\/nettbutikk\/","name":"Astrup Fearnley Museet","description":"","potentialAction":[{"@type":"SearchAction","target":{"@type":"EntryPoint","urlTemplate":"https:\/\/www.afmuseet.no\/nettbutikk\/?s={search_term_string}"},"query-input":{"@type":"PropertyValueSpecification","valueRequired":true,"valueName":"search_term_string"}}],"inLanguage":"en-US"}]}},"acf":[],"lang":"nb","translations":{"nb":8697,"en":2653},"pll_sync_post":[],"_links":{"self":[{"href":"https:\/\/www.afmuseet.no\/nettbutikk\/wp-json\/wp\/v2\/product\/8697","targetHints":{"allow":["GET"]}}],"collection":[{"href":"https:\/\/www.afmuseet.no\/nettbutikk\/wp-json\/wp\/v2\/product"}],"about":[{"href":"https:\/\/www.afmuseet.no\/nettbutikk\/wp-json\/wp\/v2\/types\/product"}],"wp:featuredmedia":[{"embeddable":true,"href":"https:\/\/www.afmuseet.no\/nettbutikk\/wp-json\/wp\/v2\/media\/6619"}],"wp:attachment":[{"href":"https:\/\/www.afmuseet.no\/nettbutikk\/wp-json\/wp\/v2\/media?parent=8697"}],"wp:term":[{"taxonomy":"product_brand","embeddable":true,"href":"https:\/\/www.afmuseet.no\/nettbutikk\/wp-json\/wp\/v2\/product_brand?post=8697"},{"taxonomy":"product_cat","embeddable":true,"href":"https:\/\/www.afmuseet.no\/nettbutikk\/wp-json\/wp\/v2\/product_cat?post=8697"},{"taxonomy":"product_tag","embeddable":true,"href":"https:\/\/www.afmuseet.no\/nettbutikk\/wp-json\/wp\/v2\/product_tag?post=8697"}],"curies":[{"name":"wp","href":"https:\/\/api.w.org\/{rel}","templated":true}]}}