{"id":8692,"date":"2020-08-05T07:27:07","date_gmt":"2020-08-05T06:27:07","guid":{"rendered":"http:\/\/64.227.66.199\/?post_type=product&#038;p=8692"},"modified":"2024-09-25T12:51:33","modified_gmt":"2024-09-25T10:51:33","slug":"gardar-eide-einarsson-power-has-a-fragrance","status":"publish","type":"product","link":"https:\/\/www.afmuseet.no\/nettbutikk\/produkt\/gardar-eide-einarsson-power-has-a-fragrance\/","title":{"rendered":"Gardar Eide Einarsson &#8211; Power Has a Fragrance"},"content":{"rendered":"","protected":false},"excerpt":{"rendered":"<p>Katalog publisert i forbindelse med utstillingen Gardar Eide Einarsson &#8211; Power has a Fragrance (06.05. \u2013 15.08.2010).<\/p>\n<p>Gardar Eide Einarsson utforsker de element\u00e6re strukturene i de sosiale konfliktene som eksisterer i et moderne samfunn. Autoritet og oppr\u00f8r som to sider av samme sak danner utgangspunkt for hans visuelt lukkede, hovedsakelig svart-hvite malerier, omhyggelig konstruerte skulpturer, fotografier, videoer, flagg og l\u00f8pesedler.<br \/>\nVed \u00e5 benytte avvikende ytringer, \u00f8nsker Einarsson p\u00e5 en usentimental m\u00e5te \u00e5 vise hvordan dagens samfunn fungerer. Som et utrykk for denne ambisjonen approprierer Einarsson et dagligdags billedspr\u00e5k for \u00e5 avsl\u00f8re hvordan massemedia, og spesielt reklameindustrien, kontrollerer v\u00e5re meninger og handlinger. Ved \u00e5 rekontekstualisere firma-logoer, tatoveringer og grafitti-tagger inn i kunstutstillingens institusjonelle ramme konstruerer han en sterk, sofistikert, politisk ironi. <\/p>\n<p>Kuratorer: Gunnar B. Kvaran, Hanne Beate Ueland, Grete \u00c5rbu<br \/>\nAntall sider: 88<br \/>\nSpr\u00e5k: Engelsk<br \/>\nISBN: 978-82-91-43063-8<\/p>\n","protected":false},"featured_media":61081,"template":"","meta":{"_acf_changed":false,"afm_hide_title":false,"_afm_post_new_title":"","afm_terms_sep_product_language":", ","afm_terms_sep_product_post_translations":", ","afm_terms_sep_product_product_brand":", ","afm_terms_sep_product_product_type":", ","afm_terms_sep_product_product_visibility":", ","afm_terms_sep_product_product_cat":", ","afm_terms_sep_product_product_tag":", ","afm_terms_sep_product_product_shipping_class":", ","afm_terms_sep_product_pos_product_visibility":", ","afm_terms_sep_product_pa_cindy-sherman-art-bag":", "},"product_brand":[],"product_cat":[383,292,387,385],"product_tag":[],"class_list":{"0":"post-8692","1":"product","2":"type-product","3":"status-publish","4":"has-post-thumbnail","6":"product_cat-3105-egne-kataloger","7":"product_cat-all-products","8":"product_cat-exhibition-catalogues-books","9":"product_cat-publications","10":"product_shipping_class-div-product","12":"first","13":"instock","14":"purchasable","15":"product-type-simple"},"group_of_quantity":0,"min_quantity":0,"max_quantity":"","exclude_order_quantity_value_rules":"no","exclude_category_quantity_rules":"no","combine_variations":"no","yoast_head":"<!-- This site is optimized with the Yoast SEO Premium plugin v26.9 (Yoast SEO v26.9) - https:\/\/yoast.com\/product\/yoast-seo-premium-wordpress\/ -->\n<title>Gardar Eide Einarsson - Power Has a Fragrance &#8211; Astrup Fearnley Museet<\/title>\n<meta name=\"description\" content=\"Finn unike og eksklusive kunstrelaterte produkter p\u00e5 Astrup Fearnley Museet sin Nettbutikk. Utforsk v\u00e5rt utvalg av kunstb\u00f8ker, plakater og mer.\" \/>\n<meta name=\"robots\" content=\"index, follow, max-snippet:-1, max-image-preview:large, max-video-preview:-1\" \/>\n<link rel=\"canonical\" href=\"https:\/\/www.afmuseet.no\/nettbutikk\/produkt\/gardar-eide-einarsson-power-has-a-fragrance\/\" \/>\n<meta property=\"og:locale\" content=\"en_US\" \/>\n<meta property=\"og:type\" content=\"article\" \/>\n<meta property=\"og:title\" content=\"Gardar Eide Einarsson - Power Has a Fragrance\" \/>\n<meta property=\"og:description\" content=\"Finn unike og eksklusive kunstrelaterte produkter p\u00e5 Astrup Fearnley Museet sin Nettbutikk. Utforsk v\u00e5rt utvalg av kunstb\u00f8ker, plakater og mer.\" \/>\n<meta property=\"og:url\" content=\"https:\/\/www.afmuseet.no\/nettbutikk\/produkt\/gardar-eide-einarsson-power-has-a-fragrance\/\" \/>\n<meta property=\"og:site_name\" content=\"Astrup Fearnley Museet\" \/>\n<meta property=\"article:modified_time\" content=\"2024-09-25T10:51:33+00:00\" \/>\n<meta property=\"og:image\" content=\"https:\/\/www.afmuseet.no\/content\/uploads\/2020\/08\/pixelcut-export-17-Gardar-1.png\" \/>\n\t<meta property=\"og:image:width\" content=\"2160\" \/>\n\t<meta property=\"og:image:height\" content=\"2160\" \/>\n\t<meta property=\"og:image:type\" content=\"image\/png\" \/>\n<meta name=\"twitter:card\" content=\"summary_large_image\" \/>\n<script type=\"application\/ld+json\" class=\"yoast-schema-graph\">{\"@context\":\"https:\/\/schema.org\",\"@graph\":[{\"@type\":\"WebPage\",\"@id\":\"https:\/\/www.afmuseet.no\/nettbutikk\/produkt\/gardar-eide-einarsson-power-has-a-fragrance\/\",\"url\":\"https:\/\/www.afmuseet.no\/nettbutikk\/produkt\/gardar-eide-einarsson-power-has-a-fragrance\/\",\"name\":\"Gardar Eide Einarsson - Power Has a Fragrance &#8211; Astrup Fearnley Museet\",\"isPartOf\":{\"@id\":\"https:\/\/www.afmuseet.no\/nettbutikk\/#website\"},\"primaryImageOfPage\":{\"@id\":\"https:\/\/www.afmuseet.no\/nettbutikk\/produkt\/gardar-eide-einarsson-power-has-a-fragrance\/#primaryimage\"},\"image\":{\"@id\":\"https:\/\/www.afmuseet.no\/nettbutikk\/produkt\/gardar-eide-einarsson-power-has-a-fragrance\/#primaryimage\"},\"thumbnailUrl\":\"https:\/\/www.afmuseet.no\/content\/uploads\/2020\/08\/pixelcut-export-17-Gardar-1.png\",\"datePublished\":\"2020-08-05T06:27:07+00:00\",\"dateModified\":\"2024-09-25T10:51:33+00:00\",\"description\":\"Finn unike og eksklusive kunstrelaterte produkter p\u00e5 Astrup Fearnley Museet sin Nettbutikk. Utforsk v\u00e5rt utvalg av kunstb\u00f8ker, plakater og mer.\",\"breadcrumb\":{\"@id\":\"https:\/\/www.afmuseet.no\/nettbutikk\/produkt\/gardar-eide-einarsson-power-has-a-fragrance\/#breadcrumb\"},\"inLanguage\":\"en-US\",\"potentialAction\":[{\"@type\":\"ReadAction\",\"target\":[\"https:\/\/www.afmuseet.no\/nettbutikk\/produkt\/gardar-eide-einarsson-power-has-a-fragrance\/\"]}]},{\"@type\":\"ImageObject\",\"inLanguage\":\"en-US\",\"@id\":\"https:\/\/www.afmuseet.no\/nettbutikk\/produkt\/gardar-eide-einarsson-power-has-a-fragrance\/#primaryimage\",\"url\":\"https:\/\/www.afmuseet.no\/content\/uploads\/2020\/08\/pixelcut-export-17-Gardar-1.png\",\"contentUrl\":\"https:\/\/www.afmuseet.no\/content\/uploads\/2020\/08\/pixelcut-export-17-Gardar-1.png\",\"width\":2160,\"height\":2160},{\"@type\":\"BreadcrumbList\",\"@id\":\"https:\/\/www.afmuseet.no\/nettbutikk\/produkt\/gardar-eide-einarsson-power-has-a-fragrance\/#breadcrumb\",\"itemListElement\":[{\"@type\":\"ListItem\",\"position\":1,\"name\":\"Hjem\",\"item\":\"https:\/\/www.afmuseet.no\/nettbutikk\/en\/\"},{\"@type\":\"ListItem\",\"position\":2,\"name\":\"Shop\",\"item\":\"https:\/\/www.afmuseet.no\/nettbutikk\/shop\/\"},{\"@type\":\"ListItem\",\"position\":3,\"name\":\"Gardar Eide Einarsson &#8211; Power Has a Fragrance\"}]},{\"@type\":\"WebSite\",\"@id\":\"https:\/\/www.afmuseet.no\/nettbutikk\/#website\",\"url\":\"https:\/\/www.afmuseet.no\/nettbutikk\/\",\"name\":\"Astrup Fearnley Museet\",\"description\":\"\",\"potentialAction\":[{\"@type\":\"SearchAction\",\"target\":{\"@type\":\"EntryPoint\",\"urlTemplate\":\"https:\/\/www.afmuseet.no\/nettbutikk\/?s={search_term_string}\"},\"query-input\":{\"@type\":\"PropertyValueSpecification\",\"valueRequired\":true,\"valueName\":\"search_term_string\"}}],\"inLanguage\":\"en-US\"}]}<\/script>\n<!-- \/ Yoast SEO Premium plugin. -->","yoast_head_json":{"title":"Gardar Eide Einarsson - Power Has a Fragrance &#8211; Astrup Fearnley Museet","description":"Finn unike og eksklusive kunstrelaterte produkter p\u00e5 Astrup Fearnley Museet sin Nettbutikk. Utforsk v\u00e5rt utvalg av kunstb\u00f8ker, plakater og mer.","robots":{"index":"index","follow":"follow","max-snippet":"max-snippet:-1","max-image-preview":"max-image-preview:large","max-video-preview":"max-video-preview:-1"},"canonical":"https:\/\/www.afmuseet.no\/nettbutikk\/produkt\/gardar-eide-einarsson-power-has-a-fragrance\/","og_locale":"en_US","og_type":"article","og_title":"Gardar Eide Einarsson - Power Has a Fragrance","og_description":"Finn unike og eksklusive kunstrelaterte produkter p\u00e5 Astrup Fearnley Museet sin Nettbutikk. Utforsk v\u00e5rt utvalg av kunstb\u00f8ker, plakater og mer.","og_url":"https:\/\/www.afmuseet.no\/nettbutikk\/produkt\/gardar-eide-einarsson-power-has-a-fragrance\/","og_site_name":"Astrup Fearnley Museet","article_modified_time":"2024-09-25T10:51:33+00:00","og_image":[{"width":2160,"height":2160,"url":"https:\/\/www.afmuseet.no\/content\/uploads\/2020\/08\/pixelcut-export-17-Gardar-1.png","type":"image\/png"}],"twitter_card":"summary_large_image","schema":{"@context":"https:\/\/schema.org","@graph":[{"@type":"WebPage","@id":"https:\/\/www.afmuseet.no\/nettbutikk\/produkt\/gardar-eide-einarsson-power-has-a-fragrance\/","url":"https:\/\/www.afmuseet.no\/nettbutikk\/produkt\/gardar-eide-einarsson-power-has-a-fragrance\/","name":"Gardar Eide Einarsson - Power Has a Fragrance &#8211; Astrup Fearnley Museet","isPartOf":{"@id":"https:\/\/www.afmuseet.no\/nettbutikk\/#website"},"primaryImageOfPage":{"@id":"https:\/\/www.afmuseet.no\/nettbutikk\/produkt\/gardar-eide-einarsson-power-has-a-fragrance\/#primaryimage"},"image":{"@id":"https:\/\/www.afmuseet.no\/nettbutikk\/produkt\/gardar-eide-einarsson-power-has-a-fragrance\/#primaryimage"},"thumbnailUrl":"https:\/\/www.afmuseet.no\/content\/uploads\/2020\/08\/pixelcut-export-17-Gardar-1.png","datePublished":"2020-08-05T06:27:07+00:00","dateModified":"2024-09-25T10:51:33+00:00","description":"Finn unike og eksklusive kunstrelaterte produkter p\u00e5 Astrup Fearnley Museet sin Nettbutikk. Utforsk v\u00e5rt utvalg av kunstb\u00f8ker, plakater og mer.","breadcrumb":{"@id":"https:\/\/www.afmuseet.no\/nettbutikk\/produkt\/gardar-eide-einarsson-power-has-a-fragrance\/#breadcrumb"},"inLanguage":"en-US","potentialAction":[{"@type":"ReadAction","target":["https:\/\/www.afmuseet.no\/nettbutikk\/produkt\/gardar-eide-einarsson-power-has-a-fragrance\/"]}]},{"@type":"ImageObject","inLanguage":"en-US","@id":"https:\/\/www.afmuseet.no\/nettbutikk\/produkt\/gardar-eide-einarsson-power-has-a-fragrance\/#primaryimage","url":"https:\/\/www.afmuseet.no\/content\/uploads\/2020\/08\/pixelcut-export-17-Gardar-1.png","contentUrl":"https:\/\/www.afmuseet.no\/content\/uploads\/2020\/08\/pixelcut-export-17-Gardar-1.png","width":2160,"height":2160},{"@type":"BreadcrumbList","@id":"https:\/\/www.afmuseet.no\/nettbutikk\/produkt\/gardar-eide-einarsson-power-has-a-fragrance\/#breadcrumb","itemListElement":[{"@type":"ListItem","position":1,"name":"Hjem","item":"https:\/\/www.afmuseet.no\/nettbutikk\/en\/"},{"@type":"ListItem","position":2,"name":"Shop","item":"https:\/\/www.afmuseet.no\/nettbutikk\/shop\/"},{"@type":"ListItem","position":3,"name":"Gardar Eide Einarsson &#8211; Power Has a Fragrance"}]},{"@type":"WebSite","@id":"https:\/\/www.afmuseet.no\/nettbutikk\/#website","url":"https:\/\/www.afmuseet.no\/nettbutikk\/","name":"Astrup Fearnley Museet","description":"","potentialAction":[{"@type":"SearchAction","target":{"@type":"EntryPoint","urlTemplate":"https:\/\/www.afmuseet.no\/nettbutikk\/?s={search_term_string}"},"query-input":{"@type":"PropertyValueSpecification","valueRequired":true,"valueName":"search_term_string"}}],"inLanguage":"en-US"}]}},"acf":[],"lang":"nb","translations":{"nb":8692,"en":2241},"pll_sync_post":[],"_links":{"self":[{"href":"https:\/\/www.afmuseet.no\/nettbutikk\/wp-json\/wp\/v2\/product\/8692","targetHints":{"allow":["GET"]}}],"collection":[{"href":"https:\/\/www.afmuseet.no\/nettbutikk\/wp-json\/wp\/v2\/product"}],"about":[{"href":"https:\/\/www.afmuseet.no\/nettbutikk\/wp-json\/wp\/v2\/types\/product"}],"wp:featuredmedia":[{"embeddable":true,"href":"https:\/\/www.afmuseet.no\/nettbutikk\/wp-json\/wp\/v2\/media\/61081"}],"wp:attachment":[{"href":"https:\/\/www.afmuseet.no\/nettbutikk\/wp-json\/wp\/v2\/media?parent=8692"}],"wp:term":[{"taxonomy":"product_brand","embeddable":true,"href":"https:\/\/www.afmuseet.no\/nettbutikk\/wp-json\/wp\/v2\/product_brand?post=8692"},{"taxonomy":"product_cat","embeddable":true,"href":"https:\/\/www.afmuseet.no\/nettbutikk\/wp-json\/wp\/v2\/product_cat?post=8692"},{"taxonomy":"product_tag","embeddable":true,"href":"https:\/\/www.afmuseet.no\/nettbutikk\/wp-json\/wp\/v2\/product_tag?post=8692"}],"curies":[{"name":"wp","href":"https:\/\/api.w.org\/{rel}","templated":true}]}}