{"id":8686,"date":"2020-08-05T07:30:10","date_gmt":"2020-08-05T05:30:10","guid":{"rendered":"http:\/\/64.227.66.199\/?post_type=product&#038;p=8686"},"modified":"2025-12-18T16:56:47","modified_gmt":"2025-12-18T14:56:47","slug":"cindy-sherman-untitled-horrors-eng","status":"publish","type":"product","link":"https:\/\/www.afmuseet.no\/nettbutikk\/produkt\/cindy-sherman-untitled-horrors-eng\/","title":{"rendered":"Cindy Sherman &#8211; Untitled Horrors"},"content":{"rendered":"<p>Denne rikt illustrerte publikasjonen <em>Cindy Sherman \u2013 Untitled Horrors<\/em> s\u00f8ker \u00e5 fremheve og anerkjenne disse aspektene ved Cindy Shermans arbeid basert p\u00e5 utvalgte eksempler. Den er ledsaget av tekster av kjente forfattere, filmskapere og kunstnere som ogs\u00e5 utforsker det groteske, det uhyggelige og det ekstraordin\u00e6re i sin kunstneriske praksis.<\/p>\n<p><em>Untitled Horrors<\/em> var kuratert med tanke p\u00e5 \u00e5 understreke de urovekkende, forstyrrende og groteske sidene ved Shermans arbeider. Dette er aspekter som er synlige b\u00e5de i hennes interesse for veletablerte fotografiske sjangere som filmstills, motefotografi eller klassiske portretter, og i serier hvor hun utforsker et mer abjekt materiale relatert til tema som eventyr, katastrofer, pornografi, krig og surrealisme. Siden 1980-tallet har Shermans verk v\u00e6rt avgj\u00f8rende for v\u00e5r oppfatning av hvordan identitet konstrueres, og av den mytogene kraften til bilder.<\/p>\n<p>I galleriene ble mange av hennes verk m\u00f8tt p\u00e5 helt nye m\u00e5ter; en visuell kakofoni som genererte andre bilder og sekvenser, installert i n\u00e6rt samarbeid med kunstneren selv. Kunstneren er b\u00e5de modell og fotograf, men bildene er ikke portretter. Cindy Shermans verk framkaller fortellinger uten \u00e5 avsl\u00f8re noe selv. De samler materiale fra en str\u00f8m av film, kunst og medier, og skaper koblinger mellom det kjente og det ukjente.<\/p>\n<p>Utstilling:<em> Cindy Sherman \u2013 Untitled Horrors<\/em> p\u00e5 Astrup Fearnley Museet, Oslo, 2013.<br \/>\nKuratorer: Gunnar B. Kvaran og Hanne Beate Ueland<br \/>\nTekster: Kathy Acker, Sibylle Berg, Miranda July, Karl Ove Knausg\u00e5rd, Lars Nor\u00e9n, Sj\u00f3n and Sara Stridsberg.<br \/>\nUtgiver: Hatje Cantz, 2013<br \/>\nAntall sider: 231<br \/>\nSoftcover<br \/>\nSpr\u00e5k: English<br \/>\nISBN: 978-37-75734-87-5<\/p>\n<p><strong>Om kunstneren<\/strong>:<br \/>\nCindy Sherman (f. 1954) utviklet sin variant av appropriasjonskunst gjennom iscenesatte fotografier der hun skapte scener basert p\u00e5 referanser til popul\u00e6rkulturell estetikk, klisjeer og etablerte oppfatninger, spesielt stereotypier av kvinner fra film, kunst, blader og reklamefotografi.<\/p>\n<p>Gjennom hele sin kunstneriske karriere har Sherman tematisert og manipulert bilder av kvinner og skapt en ny type bilder som p\u00e5 en enest\u00e5ende original m\u00e5te forteller historier om kvinnenes plass i samfunnet. Kjernen i denne originaliteten ligger i Shermans evne til \u00e5 skape et bredt spekter av ulike personer ved hjelp av sminke og proteser, med sin egen kropp som r\u00e5materiale og medium, personer som hun b\u00e5de fikserer og setter i bevegelse gjennom bildene sine. Hennes transformative kropp er b\u00e5de maleri og skulptur, forankret i den sosiale virkeligheten.<\/p>\n<p>Sherman var en av de f\u00f8rste appropriasjonskunstnerne som ble innlemmet i Astrup Fearnley Samlingen, og med tiden er hun blitt en av de best representerte enkeltkunstnerne i samlingen.<\/p>\n","protected":false},"excerpt":{"rendered":"<p>Kuratorer: Gunnar B. Kvaran og Hanne Beate Ueland.<br \/>\nTekster av: Kathy Acker, Sibylle Berg, Miranda July, Karl Ove Knausg\u00e5rd, Lars Nor\u00e9n, Sj\u00f3n and Sara Stridsberg.<br \/>\nAntall sider: 231<br \/>\nSpr\u00e5k: English<br \/>\nISBN: 978-37-75734-87-5<br \/>\nForlag: Hatje Cantz<\/p>\n","protected":false},"featured_media":23722,"template":"","meta":{"_acf_changed":false,"afm_hide_title":false,"_afm_post_new_title":"","afm_terms_sep_product_language":", ","afm_terms_sep_product_post_translations":", ","afm_terms_sep_product_product_brand":", ","afm_terms_sep_product_product_type":", ","afm_terms_sep_product_product_visibility":", ","afm_terms_sep_product_product_cat":", ","afm_terms_sep_product_product_tag":", ","afm_terms_sep_product_product_shipping_class":", ","afm_terms_sep_product_pos_product_visibility":", ","afm_terms_sep_product_pa_cindy-sherman-art-bag":", "},"product_brand":[],"product_cat":[383,292,387,385],"product_tag":[1273],"class_list":{"0":"post-8686","1":"product","2":"type-product","3":"status-publish","4":"has-post-thumbnail","6":"product_cat-3105-egne-kataloger","7":"product_cat-all-products","8":"product_cat-exhibition-catalogues-books","9":"product_cat-publications","10":"product_tag-cindy-sherman","11":"product_shipping_class-div-product","13":"first","14":"instock","15":"purchasable","16":"product-type-simple"},"group_of_quantity":0,"min_quantity":0,"max_quantity":"","exclude_order_quantity_value_rules":"no","exclude_category_quantity_rules":"no","combine_variations":"no","yoast_head":"<!-- This site is optimized with the Yoast SEO Premium plugin v26.9 (Yoast SEO v26.9) - https:\/\/yoast.com\/product\/yoast-seo-premium-wordpress\/ -->\n<title>Cindy Sherman - Untitled Horrors &#8211; Astrup Fearnley Museet<\/title>\n<meta name=\"description\" content=\"Utstillingspublikasjon komponert med tanke p\u00e5 \u00e5 understreke de urovekkende, forstyrrende og groteske sidene ved arbeider til Cindy Sherman.\" \/>\n<meta name=\"robots\" content=\"index, follow, max-snippet:-1, max-image-preview:large, max-video-preview:-1\" \/>\n<link rel=\"canonical\" href=\"https:\/\/www.afmuseet.no\/nettbutikk\/produkt\/cindy-sherman-untitled-horrors-eng\/\" \/>\n<meta property=\"og:locale\" content=\"en_US\" \/>\n<meta property=\"og:type\" content=\"article\" \/>\n<meta property=\"og:title\" content=\"Cindy Sherman - Untitled Horrors\" \/>\n<meta property=\"og:description\" content=\"Utstillingspublikasjon komponert med tanke p\u00e5 \u00e5 understreke de urovekkende, forstyrrende og groteske sidene ved arbeider til Cindy Sherman.\" \/>\n<meta property=\"og:url\" content=\"https:\/\/www.afmuseet.no\/nettbutikk\/produkt\/cindy-sherman-untitled-horrors-eng\/\" \/>\n<meta property=\"og:site_name\" content=\"Astrup Fearnley Museet\" \/>\n<meta property=\"article:modified_time\" content=\"2025-12-18T14:56:47+00:00\" \/>\n<meta property=\"og:image\" content=\"https:\/\/www.afmuseet.no\/content\/uploads\/2020\/08\/Cindy-Sherman-Katalog_1-SQUARE-scaled.jpg\" \/>\n\t<meta property=\"og:image:width\" content=\"2560\" \/>\n\t<meta property=\"og:image:height\" content=\"2560\" \/>\n\t<meta property=\"og:image:type\" content=\"image\/jpeg\" \/>\n<meta name=\"twitter:card\" content=\"summary_large_image\" \/>\n<meta name=\"twitter:label1\" content=\"Est. reading time\" \/>\n\t<meta name=\"twitter:data1\" content=\"2 minutes\" \/>\n<script type=\"application\/ld+json\" class=\"yoast-schema-graph\">{\"@context\":\"https:\/\/schema.org\",\"@graph\":[{\"@type\":\"WebPage\",\"@id\":\"https:\/\/www.afmuseet.no\/nettbutikk\/produkt\/cindy-sherman-untitled-horrors-eng\/\",\"url\":\"https:\/\/www.afmuseet.no\/nettbutikk\/produkt\/cindy-sherman-untitled-horrors-eng\/\",\"name\":\"Cindy Sherman - Untitled Horrors &#8211; Astrup Fearnley Museet\",\"isPartOf\":{\"@id\":\"https:\/\/www.afmuseet.no\/nettbutikk\/#website\"},\"primaryImageOfPage\":{\"@id\":\"https:\/\/www.afmuseet.no\/nettbutikk\/produkt\/cindy-sherman-untitled-horrors-eng\/#primaryimage\"},\"image\":{\"@id\":\"https:\/\/www.afmuseet.no\/nettbutikk\/produkt\/cindy-sherman-untitled-horrors-eng\/#primaryimage\"},\"thumbnailUrl\":\"https:\/\/www.afmuseet.no\/content\/uploads\/2020\/08\/Cindy-Sherman-Katalog_1-SQUARE-scaled.jpg\",\"datePublished\":\"2020-08-05T05:30:10+00:00\",\"dateModified\":\"2025-12-18T14:56:47+00:00\",\"description\":\"Utstillingspublikasjon komponert med tanke p\u00e5 \u00e5 understreke de urovekkende, forstyrrende og groteske sidene ved arbeider til Cindy Sherman.\",\"breadcrumb\":{\"@id\":\"https:\/\/www.afmuseet.no\/nettbutikk\/produkt\/cindy-sherman-untitled-horrors-eng\/#breadcrumb\"},\"inLanguage\":\"en-US\",\"potentialAction\":[{\"@type\":\"ReadAction\",\"target\":[\"https:\/\/www.afmuseet.no\/nettbutikk\/produkt\/cindy-sherman-untitled-horrors-eng\/\"]}]},{\"@type\":\"ImageObject\",\"inLanguage\":\"en-US\",\"@id\":\"https:\/\/www.afmuseet.no\/nettbutikk\/produkt\/cindy-sherman-untitled-horrors-eng\/#primaryimage\",\"url\":\"https:\/\/www.afmuseet.no\/content\/uploads\/2020\/08\/Cindy-Sherman-Katalog_1-SQUARE-scaled.jpg\",\"contentUrl\":\"https:\/\/www.afmuseet.no\/content\/uploads\/2020\/08\/Cindy-Sherman-Katalog_1-SQUARE-scaled.jpg\",\"width\":2560,\"height\":2560,\"caption\":\"cindy sherman untitled horrors\"},{\"@type\":\"BreadcrumbList\",\"@id\":\"https:\/\/www.afmuseet.no\/nettbutikk\/produkt\/cindy-sherman-untitled-horrors-eng\/#breadcrumb\",\"itemListElement\":[{\"@type\":\"ListItem\",\"position\":1,\"name\":\"Hjem\",\"item\":\"https:\/\/www.afmuseet.no\/nettbutikk\/en\/\"},{\"@type\":\"ListItem\",\"position\":2,\"name\":\"Shop\",\"item\":\"https:\/\/www.afmuseet.no\/nettbutikk\/shop\/\"},{\"@type\":\"ListItem\",\"position\":3,\"name\":\"Cindy Sherman &#8211; Untitled Horrors\"}]},{\"@type\":\"WebSite\",\"@id\":\"https:\/\/www.afmuseet.no\/nettbutikk\/#website\",\"url\":\"https:\/\/www.afmuseet.no\/nettbutikk\/\",\"name\":\"Astrup Fearnley Museet\",\"description\":\"\",\"potentialAction\":[{\"@type\":\"SearchAction\",\"target\":{\"@type\":\"EntryPoint\",\"urlTemplate\":\"https:\/\/www.afmuseet.no\/nettbutikk\/?s={search_term_string}\"},\"query-input\":{\"@type\":\"PropertyValueSpecification\",\"valueRequired\":true,\"valueName\":\"search_term_string\"}}],\"inLanguage\":\"en-US\"}]}<\/script>\n<!-- \/ Yoast SEO Premium plugin. -->","yoast_head_json":{"title":"Cindy Sherman - Untitled Horrors &#8211; Astrup Fearnley Museet","description":"Utstillingspublikasjon komponert med tanke p\u00e5 \u00e5 understreke de urovekkende, forstyrrende og groteske sidene ved arbeider til Cindy Sherman.","robots":{"index":"index","follow":"follow","max-snippet":"max-snippet:-1","max-image-preview":"max-image-preview:large","max-video-preview":"max-video-preview:-1"},"canonical":"https:\/\/www.afmuseet.no\/nettbutikk\/produkt\/cindy-sherman-untitled-horrors-eng\/","og_locale":"en_US","og_type":"article","og_title":"Cindy Sherman - Untitled Horrors","og_description":"Utstillingspublikasjon komponert med tanke p\u00e5 \u00e5 understreke de urovekkende, forstyrrende og groteske sidene ved arbeider til Cindy Sherman.","og_url":"https:\/\/www.afmuseet.no\/nettbutikk\/produkt\/cindy-sherman-untitled-horrors-eng\/","og_site_name":"Astrup Fearnley Museet","article_modified_time":"2025-12-18T14:56:47+00:00","og_image":[{"width":2560,"height":2560,"url":"https:\/\/www.afmuseet.no\/content\/uploads\/2020\/08\/Cindy-Sherman-Katalog_1-SQUARE-scaled.jpg","type":"image\/jpeg"}],"twitter_card":"summary_large_image","twitter_misc":{"Est. reading time":"2 minutes"},"schema":{"@context":"https:\/\/schema.org","@graph":[{"@type":"WebPage","@id":"https:\/\/www.afmuseet.no\/nettbutikk\/produkt\/cindy-sherman-untitled-horrors-eng\/","url":"https:\/\/www.afmuseet.no\/nettbutikk\/produkt\/cindy-sherman-untitled-horrors-eng\/","name":"Cindy Sherman - Untitled Horrors &#8211; Astrup Fearnley Museet","isPartOf":{"@id":"https:\/\/www.afmuseet.no\/nettbutikk\/#website"},"primaryImageOfPage":{"@id":"https:\/\/www.afmuseet.no\/nettbutikk\/produkt\/cindy-sherman-untitled-horrors-eng\/#primaryimage"},"image":{"@id":"https:\/\/www.afmuseet.no\/nettbutikk\/produkt\/cindy-sherman-untitled-horrors-eng\/#primaryimage"},"thumbnailUrl":"https:\/\/www.afmuseet.no\/content\/uploads\/2020\/08\/Cindy-Sherman-Katalog_1-SQUARE-scaled.jpg","datePublished":"2020-08-05T05:30:10+00:00","dateModified":"2025-12-18T14:56:47+00:00","description":"Utstillingspublikasjon komponert med tanke p\u00e5 \u00e5 understreke de urovekkende, forstyrrende og groteske sidene ved arbeider til Cindy Sherman.","breadcrumb":{"@id":"https:\/\/www.afmuseet.no\/nettbutikk\/produkt\/cindy-sherman-untitled-horrors-eng\/#breadcrumb"},"inLanguage":"en-US","potentialAction":[{"@type":"ReadAction","target":["https:\/\/www.afmuseet.no\/nettbutikk\/produkt\/cindy-sherman-untitled-horrors-eng\/"]}]},{"@type":"ImageObject","inLanguage":"en-US","@id":"https:\/\/www.afmuseet.no\/nettbutikk\/produkt\/cindy-sherman-untitled-horrors-eng\/#primaryimage","url":"https:\/\/www.afmuseet.no\/content\/uploads\/2020\/08\/Cindy-Sherman-Katalog_1-SQUARE-scaled.jpg","contentUrl":"https:\/\/www.afmuseet.no\/content\/uploads\/2020\/08\/Cindy-Sherman-Katalog_1-SQUARE-scaled.jpg","width":2560,"height":2560,"caption":"cindy sherman untitled horrors"},{"@type":"BreadcrumbList","@id":"https:\/\/www.afmuseet.no\/nettbutikk\/produkt\/cindy-sherman-untitled-horrors-eng\/#breadcrumb","itemListElement":[{"@type":"ListItem","position":1,"name":"Hjem","item":"https:\/\/www.afmuseet.no\/nettbutikk\/en\/"},{"@type":"ListItem","position":2,"name":"Shop","item":"https:\/\/www.afmuseet.no\/nettbutikk\/shop\/"},{"@type":"ListItem","position":3,"name":"Cindy Sherman &#8211; Untitled Horrors"}]},{"@type":"WebSite","@id":"https:\/\/www.afmuseet.no\/nettbutikk\/#website","url":"https:\/\/www.afmuseet.no\/nettbutikk\/","name":"Astrup Fearnley Museet","description":"","potentialAction":[{"@type":"SearchAction","target":{"@type":"EntryPoint","urlTemplate":"https:\/\/www.afmuseet.no\/nettbutikk\/?s={search_term_string}"},"query-input":{"@type":"PropertyValueSpecification","valueRequired":true,"valueName":"search_term_string"}}],"inLanguage":"en-US"}]}},"acf":[],"lang":"nb","translations":{"nb":8686,"en":2547},"pll_sync_post":[],"_links":{"self":[{"href":"https:\/\/www.afmuseet.no\/nettbutikk\/wp-json\/wp\/v2\/product\/8686","targetHints":{"allow":["GET"]}}],"collection":[{"href":"https:\/\/www.afmuseet.no\/nettbutikk\/wp-json\/wp\/v2\/product"}],"about":[{"href":"https:\/\/www.afmuseet.no\/nettbutikk\/wp-json\/wp\/v2\/types\/product"}],"wp:featuredmedia":[{"embeddable":true,"href":"https:\/\/www.afmuseet.no\/nettbutikk\/wp-json\/wp\/v2\/media\/23722"}],"wp:attachment":[{"href":"https:\/\/www.afmuseet.no\/nettbutikk\/wp-json\/wp\/v2\/media?parent=8686"}],"wp:term":[{"taxonomy":"product_brand","embeddable":true,"href":"https:\/\/www.afmuseet.no\/nettbutikk\/wp-json\/wp\/v2\/product_brand?post=8686"},{"taxonomy":"product_cat","embeddable":true,"href":"https:\/\/www.afmuseet.no\/nettbutikk\/wp-json\/wp\/v2\/product_cat?post=8686"},{"taxonomy":"product_tag","embeddable":true,"href":"https:\/\/www.afmuseet.no\/nettbutikk\/wp-json\/wp\/v2\/product_tag?post=8686"}],"curies":[{"name":"wp","href":"https:\/\/api.w.org\/{rel}","templated":true}]}}