{"id":8684,"date":"2020-08-05T07:21:01","date_gmt":"2020-08-05T06:21:01","guid":{"rendered":"http:\/\/64.227.66.199\/?post_type=product&#038;p=8684"},"modified":"2022-09-05T13:35:30","modified_gmt":"2022-09-05T12:35:30","slug":"sol-og-var-i-januar-sun-and-spring-in-january","status":"publish","type":"product","link":"https:\/\/www.afmuseet.no\/nettbutikk\/produkt\/sol-og-var-i-januar-sun-and-spring-in-january\/","title":{"rendered":"Sol og V\u00e5r i Januar"},"content":{"rendered":"","protected":false},"excerpt":{"rendered":"<p>Denne katalogen ble publisert i forbindelse med utstillingen Sol og v\u00e5r i januar &#8211; Neste generasjon i norsk samtidskunst (25.01. &#8211; 05.05.2019).<\/p>\n<p>I denne utstillingen satte Astrup Fearnley Museet s\u00f8kelyset p\u00e5 en ny generasjon norske samtidskunstnere som representerer et bredt spenn av konseptuelle premisser og visuelle uttrykk.<br \/>\nI tillegg til kunstnerne, presenterte prosjektet en ny generasjon norske skribenter og trakk samtidig frem kunstsamleren som en konstruktiv del av den norske samtidskunstverden. Det ble gjort en unik sammenkobling mellom disse akt\u00f8rene; seks unge kunstnere ble koblet til hver sin kunstskribent og kunstsamler. Trioene skapte slik et rammeverk for prosjektet som dannet grunnlaget for en interessant og viktig dialog mellom kunstnere, skribenter og samlere.<\/p>\n<p>Utstillingen var et samarbeid mellom Astrup Fearnley Museet og Talent Norge. Museet var ansvarlig for \u00e5 kuratere og arrangere selve utstillingen, mens Talent Norge bidro med gener\u00f8s \u00f8konomisk st\u00f8tte til kunstnerne og skribentene.<br \/>\nKunstnere: Miriam Hansen, Johanne Hestvold, Anders Holen, Henrik Olai Kaarstein, Mercedes M\u00fchleisen, Constance Tenvik<br \/>\nSkribenter: Ina Hagen, Ingrid Halland, Simen Joachim Helsvig, Maria Horvei, Nora Joung, Nicholas Norton<br \/>\nKunstsamlere: Clarksons Platou ved Peter M. Anker, Knut og Cecilie Brundtland, Bettina Ford Jebsen, C. Ludens Ringnes Stiftelse ved Christian Ringnes, AKO kunststiftelse ved Nicolai Tangen, Talent Norge<\/p>\n<p>Kuratorer: Gunnar B. Kvaran og Therese M\u00f6llenhoff<br \/>\nAntall sider: 158<br \/>\nSpr\u00e5k: norsk og engelsk<br \/>\nISBN: 978-82-93654-13-1<br \/>\nOpplag: 1000 eks.<\/p>\n","protected":false},"featured_media":26090,"template":"","meta":{"_acf_changed":false,"afm_hide_title":false,"_afm_post_new_title":"","afm_terms_sep_product_language":", ","afm_terms_sep_product_post_translations":", ","afm_terms_sep_product_product_brand":", ","afm_terms_sep_product_product_type":", ","afm_terms_sep_product_product_visibility":", ","afm_terms_sep_product_product_cat":", ","afm_terms_sep_product_product_tag":", ","afm_terms_sep_product_product_shipping_class":", ","afm_terms_sep_product_pos_product_visibility":", ","afm_terms_sep_product_pa_cindy-sherman-art-bag":", "},"product_brand":[],"product_cat":[383,292,387,385],"product_tag":[],"class_list":{"0":"post-8684","1":"product","2":"type-product","3":"status-publish","4":"has-post-thumbnail","6":"product_cat-3105-egne-kataloger","7":"product_cat-all-products","8":"product_cat-exhibition-catalogues-books","9":"product_cat-publications","10":"product_shipping_class-div-product","12":"first","13":"instock","14":"purchasable","15":"product-type-simple"},"group_of_quantity":0,"min_quantity":0,"max_quantity":"","exclude_order_quantity_value_rules":"no","exclude_category_quantity_rules":"no","combine_variations":"no","yoast_head":"<!-- This site is optimized with the Yoast SEO Premium plugin v26.9 (Yoast SEO v26.9) - https:\/\/yoast.com\/product\/yoast-seo-premium-wordpress\/ -->\n<title>Sol og V\u00e5r i Januar &#8211; Astrup Fearnley Museet<\/title>\n<meta name=\"description\" content=\"Finn unike og eksklusive kunstrelaterte produkter p\u00e5 Astrup Fearnley Museet sin Nettbutikk. Utforsk v\u00e5rt utvalg av kunstb\u00f8ker, plakater og mer.\" \/>\n<meta name=\"robots\" content=\"index, follow, max-snippet:-1, max-image-preview:large, max-video-preview:-1\" \/>\n<link rel=\"canonical\" href=\"https:\/\/www.afmuseet.no\/nettbutikk\/produkt\/sol-og-var-i-januar-sun-and-spring-in-january\/\" \/>\n<meta property=\"og:locale\" content=\"en_US\" \/>\n<meta property=\"og:type\" content=\"article\" \/>\n<meta property=\"og:title\" content=\"Sol og V\u00e5r i Januar\" \/>\n<meta property=\"og:description\" content=\"Finn unike og eksklusive kunstrelaterte produkter p\u00e5 Astrup Fearnley Museet sin Nettbutikk. Utforsk v\u00e5rt utvalg av kunstb\u00f8ker, plakater og mer.\" \/>\n<meta property=\"og:url\" content=\"https:\/\/www.afmuseet.no\/nettbutikk\/produkt\/sol-og-var-i-januar-sun-and-spring-in-january\/\" \/>\n<meta property=\"og:site_name\" content=\"Astrup Fearnley Museet\" \/>\n<meta property=\"article:modified_time\" content=\"2022-09-05T12:35:30+00:00\" \/>\n<meta property=\"og:image\" content=\"https:\/\/www.afmuseet.no\/content\/uploads\/2020\/08\/Sol-og-Var-Katalog-square-scaled.jpg\" \/>\n\t<meta property=\"og:image:width\" content=\"2560\" \/>\n\t<meta property=\"og:image:height\" content=\"2560\" \/>\n\t<meta property=\"og:image:type\" content=\"image\/jpeg\" \/>\n<meta name=\"twitter:card\" content=\"summary_large_image\" \/>\n<script type=\"application\/ld+json\" class=\"yoast-schema-graph\">{\"@context\":\"https:\/\/schema.org\",\"@graph\":[{\"@type\":\"WebPage\",\"@id\":\"https:\/\/www.afmuseet.no\/nettbutikk\/produkt\/sol-og-var-i-januar-sun-and-spring-in-january\/\",\"url\":\"https:\/\/www.afmuseet.no\/nettbutikk\/produkt\/sol-og-var-i-januar-sun-and-spring-in-january\/\",\"name\":\"Sol og V\u00e5r i Januar &#8211; Astrup Fearnley Museet\",\"isPartOf\":{\"@id\":\"https:\/\/www.afmuseet.no\/nettbutikk\/#website\"},\"primaryImageOfPage\":{\"@id\":\"https:\/\/www.afmuseet.no\/nettbutikk\/produkt\/sol-og-var-i-januar-sun-and-spring-in-january\/#primaryimage\"},\"image\":{\"@id\":\"https:\/\/www.afmuseet.no\/nettbutikk\/produkt\/sol-og-var-i-januar-sun-and-spring-in-january\/#primaryimage\"},\"thumbnailUrl\":\"https:\/\/www.afmuseet.no\/content\/uploads\/2020\/08\/Sol-og-Var-Katalog-square-scaled.jpg\",\"datePublished\":\"2020-08-05T06:21:01+00:00\",\"dateModified\":\"2022-09-05T12:35:30+00:00\",\"description\":\"Finn unike og eksklusive kunstrelaterte produkter p\u00e5 Astrup Fearnley Museet sin Nettbutikk. Utforsk v\u00e5rt utvalg av kunstb\u00f8ker, plakater og mer.\",\"breadcrumb\":{\"@id\":\"https:\/\/www.afmuseet.no\/nettbutikk\/produkt\/sol-og-var-i-januar-sun-and-spring-in-january\/#breadcrumb\"},\"inLanguage\":\"en-US\",\"potentialAction\":[{\"@type\":\"ReadAction\",\"target\":[\"https:\/\/www.afmuseet.no\/nettbutikk\/produkt\/sol-og-var-i-januar-sun-and-spring-in-january\/\"]}]},{\"@type\":\"ImageObject\",\"inLanguage\":\"en-US\",\"@id\":\"https:\/\/www.afmuseet.no\/nettbutikk\/produkt\/sol-og-var-i-januar-sun-and-spring-in-january\/#primaryimage\",\"url\":\"https:\/\/www.afmuseet.no\/content\/uploads\/2020\/08\/Sol-og-Var-Katalog-square-scaled.jpg\",\"contentUrl\":\"https:\/\/www.afmuseet.no\/content\/uploads\/2020\/08\/Sol-og-Var-Katalog-square-scaled.jpg\",\"width\":2560,\"height\":2560},{\"@type\":\"BreadcrumbList\",\"@id\":\"https:\/\/www.afmuseet.no\/nettbutikk\/produkt\/sol-og-var-i-januar-sun-and-spring-in-january\/#breadcrumb\",\"itemListElement\":[{\"@type\":\"ListItem\",\"position\":1,\"name\":\"Hjem\",\"item\":\"https:\/\/www.afmuseet.no\/nettbutikk\/en\/\"},{\"@type\":\"ListItem\",\"position\":2,\"name\":\"Shop\",\"item\":\"https:\/\/www.afmuseet.no\/nettbutikk\/shop\/\"},{\"@type\":\"ListItem\",\"position\":3,\"name\":\"Sol og V\u00e5r i Januar\"}]},{\"@type\":\"WebSite\",\"@id\":\"https:\/\/www.afmuseet.no\/nettbutikk\/#website\",\"url\":\"https:\/\/www.afmuseet.no\/nettbutikk\/\",\"name\":\"Astrup Fearnley Museet\",\"description\":\"\",\"potentialAction\":[{\"@type\":\"SearchAction\",\"target\":{\"@type\":\"EntryPoint\",\"urlTemplate\":\"https:\/\/www.afmuseet.no\/nettbutikk\/?s={search_term_string}\"},\"query-input\":{\"@type\":\"PropertyValueSpecification\",\"valueRequired\":true,\"valueName\":\"search_term_string\"}}],\"inLanguage\":\"en-US\"}]}<\/script>\n<!-- \/ Yoast SEO Premium plugin. -->","yoast_head_json":{"title":"Sol og V\u00e5r i Januar &#8211; Astrup Fearnley Museet","description":"Finn unike og eksklusive kunstrelaterte produkter p\u00e5 Astrup Fearnley Museet sin Nettbutikk. Utforsk v\u00e5rt utvalg av kunstb\u00f8ker, plakater og mer.","robots":{"index":"index","follow":"follow","max-snippet":"max-snippet:-1","max-image-preview":"max-image-preview:large","max-video-preview":"max-video-preview:-1"},"canonical":"https:\/\/www.afmuseet.no\/nettbutikk\/produkt\/sol-og-var-i-januar-sun-and-spring-in-january\/","og_locale":"en_US","og_type":"article","og_title":"Sol og V\u00e5r i Januar","og_description":"Finn unike og eksklusive kunstrelaterte produkter p\u00e5 Astrup Fearnley Museet sin Nettbutikk. Utforsk v\u00e5rt utvalg av kunstb\u00f8ker, plakater og mer.","og_url":"https:\/\/www.afmuseet.no\/nettbutikk\/produkt\/sol-og-var-i-januar-sun-and-spring-in-january\/","og_site_name":"Astrup Fearnley Museet","article_modified_time":"2022-09-05T12:35:30+00:00","og_image":[{"width":2560,"height":2560,"url":"https:\/\/www.afmuseet.no\/content\/uploads\/2020\/08\/Sol-og-Var-Katalog-square-scaled.jpg","type":"image\/jpeg"}],"twitter_card":"summary_large_image","schema":{"@context":"https:\/\/schema.org","@graph":[{"@type":"WebPage","@id":"https:\/\/www.afmuseet.no\/nettbutikk\/produkt\/sol-og-var-i-januar-sun-and-spring-in-january\/","url":"https:\/\/www.afmuseet.no\/nettbutikk\/produkt\/sol-og-var-i-januar-sun-and-spring-in-january\/","name":"Sol og V\u00e5r i Januar &#8211; Astrup Fearnley Museet","isPartOf":{"@id":"https:\/\/www.afmuseet.no\/nettbutikk\/#website"},"primaryImageOfPage":{"@id":"https:\/\/www.afmuseet.no\/nettbutikk\/produkt\/sol-og-var-i-januar-sun-and-spring-in-january\/#primaryimage"},"image":{"@id":"https:\/\/www.afmuseet.no\/nettbutikk\/produkt\/sol-og-var-i-januar-sun-and-spring-in-january\/#primaryimage"},"thumbnailUrl":"https:\/\/www.afmuseet.no\/content\/uploads\/2020\/08\/Sol-og-Var-Katalog-square-scaled.jpg","datePublished":"2020-08-05T06:21:01+00:00","dateModified":"2022-09-05T12:35:30+00:00","description":"Finn unike og eksklusive kunstrelaterte produkter p\u00e5 Astrup Fearnley Museet sin Nettbutikk. Utforsk v\u00e5rt utvalg av kunstb\u00f8ker, plakater og mer.","breadcrumb":{"@id":"https:\/\/www.afmuseet.no\/nettbutikk\/produkt\/sol-og-var-i-januar-sun-and-spring-in-january\/#breadcrumb"},"inLanguage":"en-US","potentialAction":[{"@type":"ReadAction","target":["https:\/\/www.afmuseet.no\/nettbutikk\/produkt\/sol-og-var-i-januar-sun-and-spring-in-january\/"]}]},{"@type":"ImageObject","inLanguage":"en-US","@id":"https:\/\/www.afmuseet.no\/nettbutikk\/produkt\/sol-og-var-i-januar-sun-and-spring-in-january\/#primaryimage","url":"https:\/\/www.afmuseet.no\/content\/uploads\/2020\/08\/Sol-og-Var-Katalog-square-scaled.jpg","contentUrl":"https:\/\/www.afmuseet.no\/content\/uploads\/2020\/08\/Sol-og-Var-Katalog-square-scaled.jpg","width":2560,"height":2560},{"@type":"BreadcrumbList","@id":"https:\/\/www.afmuseet.no\/nettbutikk\/produkt\/sol-og-var-i-januar-sun-and-spring-in-january\/#breadcrumb","itemListElement":[{"@type":"ListItem","position":1,"name":"Hjem","item":"https:\/\/www.afmuseet.no\/nettbutikk\/en\/"},{"@type":"ListItem","position":2,"name":"Shop","item":"https:\/\/www.afmuseet.no\/nettbutikk\/shop\/"},{"@type":"ListItem","position":3,"name":"Sol og V\u00e5r i Januar"}]},{"@type":"WebSite","@id":"https:\/\/www.afmuseet.no\/nettbutikk\/#website","url":"https:\/\/www.afmuseet.no\/nettbutikk\/","name":"Astrup Fearnley Museet","description":"","potentialAction":[{"@type":"SearchAction","target":{"@type":"EntryPoint","urlTemplate":"https:\/\/www.afmuseet.no\/nettbutikk\/?s={search_term_string}"},"query-input":{"@type":"PropertyValueSpecification","valueRequired":true,"valueName":"search_term_string"}}],"inLanguage":"en-US"}]}},"acf":[],"lang":"nb","translations":{"nb":8684,"en":1871},"pll_sync_post":[],"_links":{"self":[{"href":"https:\/\/www.afmuseet.no\/nettbutikk\/wp-json\/wp\/v2\/product\/8684","targetHints":{"allow":["GET"]}}],"collection":[{"href":"https:\/\/www.afmuseet.no\/nettbutikk\/wp-json\/wp\/v2\/product"}],"about":[{"href":"https:\/\/www.afmuseet.no\/nettbutikk\/wp-json\/wp\/v2\/types\/product"}],"wp:featuredmedia":[{"embeddable":true,"href":"https:\/\/www.afmuseet.no\/nettbutikk\/wp-json\/wp\/v2\/media\/26090"}],"wp:attachment":[{"href":"https:\/\/www.afmuseet.no\/nettbutikk\/wp-json\/wp\/v2\/media?parent=8684"}],"wp:term":[{"taxonomy":"product_brand","embeddable":true,"href":"https:\/\/www.afmuseet.no\/nettbutikk\/wp-json\/wp\/v2\/product_brand?post=8684"},{"taxonomy":"product_cat","embeddable":true,"href":"https:\/\/www.afmuseet.no\/nettbutikk\/wp-json\/wp\/v2\/product_cat?post=8684"},{"taxonomy":"product_tag","embeddable":true,"href":"https:\/\/www.afmuseet.no\/nettbutikk\/wp-json\/wp\/v2\/product_tag?post=8684"}],"curies":[{"name":"wp","href":"https:\/\/api.w.org\/{rel}","templated":true}]}}