{"id":8663,"date":"2020-08-05T07:23:09","date_gmt":"2020-08-05T05:23:09","guid":{"rendered":"http:\/\/64.227.66.199\/?post_type=product&#038;p=8663"},"modified":"2025-01-02T17:40:58","modified_gmt":"2025-01-02T15:40:58","slug":"jeff-wall-tableaux","status":"publish","type":"product","link":"https:\/\/www.afmuseet.no\/nettbutikk\/produkt\/jeff-wall-tableaux\/","title":{"rendered":"Jeff Wall &#8211; Tableaux"},"content":{"rendered":"","protected":false},"excerpt":{"rendered":"<p>Denne katalogen ble utgitt i forbindelse med utstillingen Jeff Wall \u2013 Tableaux (20.03. \u2013 23.05.2004).<\/p>\n<p>Den kanadiske kunstneren Jeff Wall (f. 1946) har siden 1977 arbeidet med transparenter i stort format montert i lysbokser. I denne utstillingen konsentrerer vi oss om kunstnerens forbindelse med kunsthistorien.<\/p>\n<p>Regelmessig har kunstneren laget fotografier som har en mer eller mindre \u00e5penbar tilknytning til kjente kunsthistoriske bilder, ikke som rekonstruksjoner av scener, men med detaljreferanser som har f\u00e5tt en ny funksjon og mening. Kunstfotografen Jeff Wall, som ogs\u00e5 er utdannet kunsthistoriker, har skapt et omfattende korpus av iscenesatte kunstverk basert p\u00e5 et subtilt samspill mellom mennesker og situasjoner. Ved f\u00f8rste \u00f8yekast ser fotografiene ut som \u201dsnapshots\u201d, men ved n\u00e6rmere unders\u00f8kelse avdekker Walls fotografier interessante refleksjoner omkring menneskelige relasjoner og estetiske aspekter.<\/p>\n","protected":false},"featured_media":61082,"template":"","meta":{"_acf_changed":false,"afm_hide_title":false,"_afm_post_new_title":"","afm_terms_sep_product_language":", ","afm_terms_sep_product_post_translations":", ","afm_terms_sep_product_product_brand":", ","afm_terms_sep_product_product_type":", ","afm_terms_sep_product_product_visibility":", ","afm_terms_sep_product_product_cat":", ","afm_terms_sep_product_product_tag":", ","afm_terms_sep_product_product_shipping_class":", ","afm_terms_sep_product_pos_product_visibility":", ","afm_terms_sep_product_pa_cindy-sherman-art-bag":", "},"product_brand":[],"product_cat":[383,292,387,385],"product_tag":[],"class_list":{"0":"post-8663","1":"product","2":"type-product","3":"status-publish","4":"has-post-thumbnail","6":"product_cat-3105-egne-kataloger","7":"product_cat-all-products","8":"product_cat-exhibition-catalogues-books","9":"product_cat-publications","10":"product_shipping_class-div-product","12":"first","13":"outofstock","14":"purchasable","15":"product-type-simple"},"group_of_quantity":0,"min_quantity":0,"max_quantity":"","exclude_order_quantity_value_rules":"no","exclude_category_quantity_rules":"no","combine_variations":"no","yoast_head":"<!-- This site is optimized with the Yoast SEO Premium plugin v26.9 (Yoast SEO v26.9) - https:\/\/yoast.com\/product\/yoast-seo-premium-wordpress\/ -->\n<title>Jeff Wall - Tableaux &#8211; Astrup Fearnley Museet<\/title>\n<meta name=\"description\" content=\"Finn unike og eksklusive kunstrelaterte produkter p\u00e5 Astrup Fearnley Museet sin Nettbutikk. Utforsk v\u00e5rt utvalg av kunstb\u00f8ker, plakater og mer.\" \/>\n<meta name=\"robots\" content=\"index, follow, max-snippet:-1, max-image-preview:large, max-video-preview:-1\" \/>\n<link rel=\"canonical\" href=\"https:\/\/www.afmuseet.no\/nettbutikk\/produkt\/jeff-wall-tableaux\/\" \/>\n<meta property=\"og:locale\" content=\"en_US\" \/>\n<meta property=\"og:type\" content=\"article\" \/>\n<meta property=\"og:title\" content=\"Jeff Wall - Tableaux\" \/>\n<meta property=\"og:description\" content=\"Finn unike og eksklusive kunstrelaterte produkter p\u00e5 Astrup Fearnley Museet sin Nettbutikk. Utforsk v\u00e5rt utvalg av kunstb\u00f8ker, plakater og mer.\" \/>\n<meta property=\"og:url\" content=\"https:\/\/www.afmuseet.no\/nettbutikk\/produkt\/jeff-wall-tableaux\/\" \/>\n<meta property=\"og:site_name\" content=\"Astrup Fearnley Museet\" \/>\n<meta property=\"article:modified_time\" content=\"2025-01-02T15:40:58+00:00\" \/>\n<meta property=\"og:image\" content=\"https:\/\/www.afmuseet.no\/content\/uploads\/2020\/08\/pixelcut-export-Jeff-Wall-1.png\" \/>\n\t<meta property=\"og:image:width\" content=\"2160\" \/>\n\t<meta property=\"og:image:height\" content=\"2160\" \/>\n\t<meta property=\"og:image:type\" content=\"image\/png\" \/>\n<meta name=\"twitter:card\" content=\"summary_large_image\" \/>\n<script type=\"application\/ld+json\" class=\"yoast-schema-graph\">{\"@context\":\"https:\/\/schema.org\",\"@graph\":[{\"@type\":\"WebPage\",\"@id\":\"https:\/\/www.afmuseet.no\/nettbutikk\/produkt\/jeff-wall-tableaux\/\",\"url\":\"https:\/\/www.afmuseet.no\/nettbutikk\/produkt\/jeff-wall-tableaux\/\",\"name\":\"Jeff Wall - Tableaux &#8211; Astrup Fearnley Museet\",\"isPartOf\":{\"@id\":\"https:\/\/www.afmuseet.no\/nettbutikk\/#website\"},\"primaryImageOfPage\":{\"@id\":\"https:\/\/www.afmuseet.no\/nettbutikk\/produkt\/jeff-wall-tableaux\/#primaryimage\"},\"image\":{\"@id\":\"https:\/\/www.afmuseet.no\/nettbutikk\/produkt\/jeff-wall-tableaux\/#primaryimage\"},\"thumbnailUrl\":\"https:\/\/www.afmuseet.no\/content\/uploads\/2020\/08\/pixelcut-export-Jeff-Wall-1.png\",\"datePublished\":\"2020-08-05T05:23:09+00:00\",\"dateModified\":\"2025-01-02T15:40:58+00:00\",\"description\":\"Finn unike og eksklusive kunstrelaterte produkter p\u00e5 Astrup Fearnley Museet sin Nettbutikk. Utforsk v\u00e5rt utvalg av kunstb\u00f8ker, plakater og mer.\",\"breadcrumb\":{\"@id\":\"https:\/\/www.afmuseet.no\/nettbutikk\/produkt\/jeff-wall-tableaux\/#breadcrumb\"},\"inLanguage\":\"en-US\",\"potentialAction\":[{\"@type\":\"ReadAction\",\"target\":[\"https:\/\/www.afmuseet.no\/nettbutikk\/produkt\/jeff-wall-tableaux\/\"]}]},{\"@type\":\"ImageObject\",\"inLanguage\":\"en-US\",\"@id\":\"https:\/\/www.afmuseet.no\/nettbutikk\/produkt\/jeff-wall-tableaux\/#primaryimage\",\"url\":\"https:\/\/www.afmuseet.no\/content\/uploads\/2020\/08\/pixelcut-export-Jeff-Wall-1.png\",\"contentUrl\":\"https:\/\/www.afmuseet.no\/content\/uploads\/2020\/08\/pixelcut-export-Jeff-Wall-1.png\",\"width\":2160,\"height\":2160},{\"@type\":\"BreadcrumbList\",\"@id\":\"https:\/\/www.afmuseet.no\/nettbutikk\/produkt\/jeff-wall-tableaux\/#breadcrumb\",\"itemListElement\":[{\"@type\":\"ListItem\",\"position\":1,\"name\":\"Hjem\",\"item\":\"https:\/\/www.afmuseet.no\/nettbutikk\/en\/\"},{\"@type\":\"ListItem\",\"position\":2,\"name\":\"Shop\",\"item\":\"https:\/\/www.afmuseet.no\/nettbutikk\/shop\/\"},{\"@type\":\"ListItem\",\"position\":3,\"name\":\"Jeff Wall &#8211; Tableaux\"}]},{\"@type\":\"WebSite\",\"@id\":\"https:\/\/www.afmuseet.no\/nettbutikk\/#website\",\"url\":\"https:\/\/www.afmuseet.no\/nettbutikk\/\",\"name\":\"Astrup Fearnley Museet\",\"description\":\"\",\"potentialAction\":[{\"@type\":\"SearchAction\",\"target\":{\"@type\":\"EntryPoint\",\"urlTemplate\":\"https:\/\/www.afmuseet.no\/nettbutikk\/?s={search_term_string}\"},\"query-input\":{\"@type\":\"PropertyValueSpecification\",\"valueRequired\":true,\"valueName\":\"search_term_string\"}}],\"inLanguage\":\"en-US\"}]}<\/script>\n<!-- \/ Yoast SEO Premium plugin. -->","yoast_head_json":{"title":"Jeff Wall - Tableaux &#8211; Astrup Fearnley Museet","description":"Finn unike og eksklusive kunstrelaterte produkter p\u00e5 Astrup Fearnley Museet sin Nettbutikk. Utforsk v\u00e5rt utvalg av kunstb\u00f8ker, plakater og mer.","robots":{"index":"index","follow":"follow","max-snippet":"max-snippet:-1","max-image-preview":"max-image-preview:large","max-video-preview":"max-video-preview:-1"},"canonical":"https:\/\/www.afmuseet.no\/nettbutikk\/produkt\/jeff-wall-tableaux\/","og_locale":"en_US","og_type":"article","og_title":"Jeff Wall - Tableaux","og_description":"Finn unike og eksklusive kunstrelaterte produkter p\u00e5 Astrup Fearnley Museet sin Nettbutikk. Utforsk v\u00e5rt utvalg av kunstb\u00f8ker, plakater og mer.","og_url":"https:\/\/www.afmuseet.no\/nettbutikk\/produkt\/jeff-wall-tableaux\/","og_site_name":"Astrup Fearnley Museet","article_modified_time":"2025-01-02T15:40:58+00:00","og_image":[{"width":2160,"height":2160,"url":"https:\/\/www.afmuseet.no\/content\/uploads\/2020\/08\/pixelcut-export-Jeff-Wall-1.png","type":"image\/png"}],"twitter_card":"summary_large_image","schema":{"@context":"https:\/\/schema.org","@graph":[{"@type":"WebPage","@id":"https:\/\/www.afmuseet.no\/nettbutikk\/produkt\/jeff-wall-tableaux\/","url":"https:\/\/www.afmuseet.no\/nettbutikk\/produkt\/jeff-wall-tableaux\/","name":"Jeff Wall - Tableaux &#8211; Astrup Fearnley Museet","isPartOf":{"@id":"https:\/\/www.afmuseet.no\/nettbutikk\/#website"},"primaryImageOfPage":{"@id":"https:\/\/www.afmuseet.no\/nettbutikk\/produkt\/jeff-wall-tableaux\/#primaryimage"},"image":{"@id":"https:\/\/www.afmuseet.no\/nettbutikk\/produkt\/jeff-wall-tableaux\/#primaryimage"},"thumbnailUrl":"https:\/\/www.afmuseet.no\/content\/uploads\/2020\/08\/pixelcut-export-Jeff-Wall-1.png","datePublished":"2020-08-05T05:23:09+00:00","dateModified":"2025-01-02T15:40:58+00:00","description":"Finn unike og eksklusive kunstrelaterte produkter p\u00e5 Astrup Fearnley Museet sin Nettbutikk. Utforsk v\u00e5rt utvalg av kunstb\u00f8ker, plakater og mer.","breadcrumb":{"@id":"https:\/\/www.afmuseet.no\/nettbutikk\/produkt\/jeff-wall-tableaux\/#breadcrumb"},"inLanguage":"en-US","potentialAction":[{"@type":"ReadAction","target":["https:\/\/www.afmuseet.no\/nettbutikk\/produkt\/jeff-wall-tableaux\/"]}]},{"@type":"ImageObject","inLanguage":"en-US","@id":"https:\/\/www.afmuseet.no\/nettbutikk\/produkt\/jeff-wall-tableaux\/#primaryimage","url":"https:\/\/www.afmuseet.no\/content\/uploads\/2020\/08\/pixelcut-export-Jeff-Wall-1.png","contentUrl":"https:\/\/www.afmuseet.no\/content\/uploads\/2020\/08\/pixelcut-export-Jeff-Wall-1.png","width":2160,"height":2160},{"@type":"BreadcrumbList","@id":"https:\/\/www.afmuseet.no\/nettbutikk\/produkt\/jeff-wall-tableaux\/#breadcrumb","itemListElement":[{"@type":"ListItem","position":1,"name":"Hjem","item":"https:\/\/www.afmuseet.no\/nettbutikk\/en\/"},{"@type":"ListItem","position":2,"name":"Shop","item":"https:\/\/www.afmuseet.no\/nettbutikk\/shop\/"},{"@type":"ListItem","position":3,"name":"Jeff Wall &#8211; Tableaux"}]},{"@type":"WebSite","@id":"https:\/\/www.afmuseet.no\/nettbutikk\/#website","url":"https:\/\/www.afmuseet.no\/nettbutikk\/","name":"Astrup Fearnley Museet","description":"","potentialAction":[{"@type":"SearchAction","target":{"@type":"EntryPoint","urlTemplate":"https:\/\/www.afmuseet.no\/nettbutikk\/?s={search_term_string}"},"query-input":{"@type":"PropertyValueSpecification","valueRequired":true,"valueName":"search_term_string"}}],"inLanguage":"en-US"}]}},"acf":[],"lang":"nb","translations":{"nb":8663,"en":1988},"pll_sync_post":[],"_links":{"self":[{"href":"https:\/\/www.afmuseet.no\/nettbutikk\/wp-json\/wp\/v2\/product\/8663","targetHints":{"allow":["GET"]}}],"collection":[{"href":"https:\/\/www.afmuseet.no\/nettbutikk\/wp-json\/wp\/v2\/product"}],"about":[{"href":"https:\/\/www.afmuseet.no\/nettbutikk\/wp-json\/wp\/v2\/types\/product"}],"wp:featuredmedia":[{"embeddable":true,"href":"https:\/\/www.afmuseet.no\/nettbutikk\/wp-json\/wp\/v2\/media\/61082"}],"wp:attachment":[{"href":"https:\/\/www.afmuseet.no\/nettbutikk\/wp-json\/wp\/v2\/media?parent=8663"}],"wp:term":[{"taxonomy":"product_brand","embeddable":true,"href":"https:\/\/www.afmuseet.no\/nettbutikk\/wp-json\/wp\/v2\/product_brand?post=8663"},{"taxonomy":"product_cat","embeddable":true,"href":"https:\/\/www.afmuseet.no\/nettbutikk\/wp-json\/wp\/v2\/product_cat?post=8663"},{"taxonomy":"product_tag","embeddable":true,"href":"https:\/\/www.afmuseet.no\/nettbutikk\/wp-json\/wp\/v2\/product_tag?post=8663"}],"curies":[{"name":"wp","href":"https:\/\/api.w.org\/{rel}","templated":true}]}}