{"id":8524,"date":"2020-08-05T07:34:22","date_gmt":"2020-08-05T06:34:22","guid":{"rendered":"http:\/\/64.227.66.199\/?post_type=product&#038;p=8524"},"modified":"2022-09-05T14:26:40","modified_gmt":"2022-09-05T13:26:40","slug":"fredrik-vaerslev-as-i-imagine-him-english","status":"publish","type":"product","link":"https:\/\/www.afmuseet.no\/nettbutikk\/produkt\/fredrik-vaerslev-as-i-imagine-him-english\/","title":{"rendered":"Fredrik V\u00e6rslev &#8211; As I Imagine Him (eng)"},"content":{"rendered":"","protected":false},"excerpt":{"rendered":"<p>Katalog publisert i forbindelse med utstillingen Fredrik V\u00e6rslev \u2013 Fredrik V\u00e6rslev as I Imagine Him (21.9.2018 &#8211; 6.1.2019)<\/p>\n<p>Engelsk utgave.<\/p>\n<p>Fredrik V\u00e6rslev (f. 1979) oppn\u00e5dde tidlig et gjennombrudd p\u00e5 den internasjonale kunstscenen og har en rekke internasjonale utstillinger bak seg. Gjennom m\u00e5ten han utforsker og flytter grensene for hvordan maleri kan oppfattes har arbeidene hans blitt ansett for \u00e5 v\u00e6re sterke bidrag til den internasjonale diskusjonen om moderne maleri.<\/p>\n<p>I utstillingen ble ti ulike serier fra de ti siste \u00e5rene av V\u00e6rslevs kunstnerskap presentert. V\u00e6rslev bestemte selv formen p\u00e5 installeringen, noe som gjorde utstillingen til et verk i seg selv. Man kunne se hvordan enkeltmaleriene p\u00e5 et vis inngikk som elementer i en st\u00f8rre installasjon og hvordan oppsettet gjorde sitt ytterste for \u00e5 unng\u00e5 de \u00e5penbare, tradisjonelle l\u00f8sningene. Uten \u00e5 sette opp nye vegger eller g\u00e5 p\u00e5 tvers av den eksisterende arkitekturen hengte V\u00e6rslev verk i parallelle formasjoner, noe som samsvarte med museumsbygget, men p\u00e5 en ukonvensjonell m\u00e5te.<\/p>\n<p>Tekster av Peter J. Amdam, Martha Kirszenbaum, Gunnar B. Kvaran, Therese M\u00f6llenhoff, Dieter Roelstraete og \u00c5smund Thorkildsen. Katalogen er rikt illustrert med verksbilder, den er designet av Zak Group og distribueres gjennom forlaget JRP Ringier.<\/p>\n<p>Kuratorer: Gunnar B. Kvaran og Therese M\u00f6llenhoff<\/p>\n","protected":false},"featured_media":5384,"template":"","meta":{"_acf_changed":false,"afm_hide_title":false,"_afm_post_new_title":"","afm_terms_sep_product_language":", ","afm_terms_sep_product_post_translations":", ","afm_terms_sep_product_product_brand":", ","afm_terms_sep_product_product_type":", ","afm_terms_sep_product_product_visibility":", ","afm_terms_sep_product_product_cat":", ","afm_terms_sep_product_product_tag":", ","afm_terms_sep_product_product_shipping_class":", ","afm_terms_sep_product_pos_product_visibility":", ","afm_terms_sep_product_pa_cindy-sherman-art-bag":", "},"product_brand":[],"product_cat":[383,292,387,385],"product_tag":[],"class_list":{"0":"post-8524","1":"product","2":"type-product","3":"status-publish","4":"has-post-thumbnail","6":"product_cat-3105-egne-kataloger","7":"product_cat-all-products","8":"product_cat-exhibition-catalogues-books","9":"product_cat-publications","10":"product_shipping_class-div-product","12":"first","13":"instock","14":"purchasable","15":"product-type-simple"},"group_of_quantity":0,"min_quantity":0,"max_quantity":"","exclude_order_quantity_value_rules":"no","exclude_category_quantity_rules":"no","combine_variations":"no","yoast_head":"<!-- This site is optimized with the Yoast SEO Premium plugin v26.9 (Yoast SEO v26.9) - https:\/\/yoast.com\/product\/yoast-seo-premium-wordpress\/ -->\n<title>Fredrik V\u00e6rslev - As I Imagine Him (eng) &#8211; Astrup Fearnley Museet<\/title>\n<meta name=\"description\" content=\"Finn unike og eksklusive kunstrelaterte produkter p\u00e5 Astrup Fearnley Museet sin Nettbutikk. Utforsk v\u00e5rt utvalg av kunstb\u00f8ker, plakater og mer.\" \/>\n<meta name=\"robots\" content=\"index, follow, max-snippet:-1, max-image-preview:large, max-video-preview:-1\" \/>\n<link rel=\"canonical\" href=\"https:\/\/www.afmuseet.no\/nettbutikk\/produkt\/fredrik-vaerslev-as-i-imagine-him-english\/\" \/>\n<meta property=\"og:locale\" content=\"en_US\" \/>\n<meta property=\"og:type\" content=\"article\" \/>\n<meta property=\"og:title\" content=\"Fredrik V\u00e6rslev - As I Imagine Him (eng)\" \/>\n<meta property=\"og:description\" content=\"Finn unike og eksklusive kunstrelaterte produkter p\u00e5 Astrup Fearnley Museet sin Nettbutikk. Utforsk v\u00e5rt utvalg av kunstb\u00f8ker, plakater og mer.\" \/>\n<meta property=\"og:url\" content=\"https:\/\/www.afmuseet.no\/nettbutikk\/produkt\/fredrik-vaerslev-as-i-imagine-him-english\/\" \/>\n<meta property=\"og:site_name\" content=\"Astrup Fearnley Museet\" \/>\n<meta property=\"article:modified_time\" content=\"2022-09-05T13:26:40+00:00\" \/>\n<meta property=\"og:image\" content=\"https:\/\/www.afmuseet.no\/content\/uploads\/2020\/08\/V\u00e6rslev-Cover-Engelsk.jpg\" \/>\n\t<meta property=\"og:image:width\" content=\"640\" \/>\n\t<meta property=\"og:image:height\" content=\"427\" \/>\n\t<meta property=\"og:image:type\" content=\"image\/jpeg\" \/>\n<meta name=\"twitter:card\" content=\"summary_large_image\" \/>\n<script type=\"application\/ld+json\" class=\"yoast-schema-graph\">{\"@context\":\"https:\/\/schema.org\",\"@graph\":[{\"@type\":\"WebPage\",\"@id\":\"https:\/\/www.afmuseet.no\/nettbutikk\/produkt\/fredrik-vaerslev-as-i-imagine-him-english\/\",\"url\":\"https:\/\/www.afmuseet.no\/nettbutikk\/produkt\/fredrik-vaerslev-as-i-imagine-him-english\/\",\"name\":\"Fredrik V\u00e6rslev - As I Imagine Him (eng) &#8211; Astrup Fearnley Museet\",\"isPartOf\":{\"@id\":\"https:\/\/www.afmuseet.no\/nettbutikk\/#website\"},\"primaryImageOfPage\":{\"@id\":\"https:\/\/www.afmuseet.no\/nettbutikk\/produkt\/fredrik-vaerslev-as-i-imagine-him-english\/#primaryimage\"},\"image\":{\"@id\":\"https:\/\/www.afmuseet.no\/nettbutikk\/produkt\/fredrik-vaerslev-as-i-imagine-him-english\/#primaryimage\"},\"thumbnailUrl\":\"https:\/\/www.afmuseet.no\/content\/uploads\/2020\/08\/V\u00e6rslev-Cover-Engelsk.jpg\",\"datePublished\":\"2020-08-05T06:34:22+00:00\",\"dateModified\":\"2022-09-05T13:26:40+00:00\",\"description\":\"Finn unike og eksklusive kunstrelaterte produkter p\u00e5 Astrup Fearnley Museet sin Nettbutikk. Utforsk v\u00e5rt utvalg av kunstb\u00f8ker, plakater og mer.\",\"breadcrumb\":{\"@id\":\"https:\/\/www.afmuseet.no\/nettbutikk\/produkt\/fredrik-vaerslev-as-i-imagine-him-english\/#breadcrumb\"},\"inLanguage\":\"en-US\",\"potentialAction\":[{\"@type\":\"ReadAction\",\"target\":[\"https:\/\/www.afmuseet.no\/nettbutikk\/produkt\/fredrik-vaerslev-as-i-imagine-him-english\/\"]}]},{\"@type\":\"ImageObject\",\"inLanguage\":\"en-US\",\"@id\":\"https:\/\/www.afmuseet.no\/nettbutikk\/produkt\/fredrik-vaerslev-as-i-imagine-him-english\/#primaryimage\",\"url\":\"https:\/\/www.afmuseet.no\/content\/uploads\/2020\/08\/V\u00e6rslev-Cover-Engelsk.jpg\",\"contentUrl\":\"https:\/\/www.afmuseet.no\/content\/uploads\/2020\/08\/V\u00e6rslev-Cover-Engelsk.jpg\",\"width\":640,\"height\":427},{\"@type\":\"BreadcrumbList\",\"@id\":\"https:\/\/www.afmuseet.no\/nettbutikk\/produkt\/fredrik-vaerslev-as-i-imagine-him-english\/#breadcrumb\",\"itemListElement\":[{\"@type\":\"ListItem\",\"position\":1,\"name\":\"Hjem\",\"item\":\"https:\/\/www.afmuseet.no\/nettbutikk\/en\/\"},{\"@type\":\"ListItem\",\"position\":2,\"name\":\"Shop\",\"item\":\"https:\/\/www.afmuseet.no\/nettbutikk\/shop\/\"},{\"@type\":\"ListItem\",\"position\":3,\"name\":\"Fredrik V\u00e6rslev &#8211; As I Imagine Him (eng)\"}]},{\"@type\":\"WebSite\",\"@id\":\"https:\/\/www.afmuseet.no\/nettbutikk\/#website\",\"url\":\"https:\/\/www.afmuseet.no\/nettbutikk\/\",\"name\":\"Astrup Fearnley Museet\",\"description\":\"\",\"potentialAction\":[{\"@type\":\"SearchAction\",\"target\":{\"@type\":\"EntryPoint\",\"urlTemplate\":\"https:\/\/www.afmuseet.no\/nettbutikk\/?s={search_term_string}\"},\"query-input\":{\"@type\":\"PropertyValueSpecification\",\"valueRequired\":true,\"valueName\":\"search_term_string\"}}],\"inLanguage\":\"en-US\"}]}<\/script>\n<!-- \/ Yoast SEO Premium plugin. -->","yoast_head_json":{"title":"Fredrik V\u00e6rslev - As I Imagine Him (eng) &#8211; Astrup Fearnley Museet","description":"Finn unike og eksklusive kunstrelaterte produkter p\u00e5 Astrup Fearnley Museet sin Nettbutikk. Utforsk v\u00e5rt utvalg av kunstb\u00f8ker, plakater og mer.","robots":{"index":"index","follow":"follow","max-snippet":"max-snippet:-1","max-image-preview":"max-image-preview:large","max-video-preview":"max-video-preview:-1"},"canonical":"https:\/\/www.afmuseet.no\/nettbutikk\/produkt\/fredrik-vaerslev-as-i-imagine-him-english\/","og_locale":"en_US","og_type":"article","og_title":"Fredrik V\u00e6rslev - As I Imagine Him (eng)","og_description":"Finn unike og eksklusive kunstrelaterte produkter p\u00e5 Astrup Fearnley Museet sin Nettbutikk. Utforsk v\u00e5rt utvalg av kunstb\u00f8ker, plakater og mer.","og_url":"https:\/\/www.afmuseet.no\/nettbutikk\/produkt\/fredrik-vaerslev-as-i-imagine-him-english\/","og_site_name":"Astrup Fearnley Museet","article_modified_time":"2022-09-05T13:26:40+00:00","og_image":[{"width":640,"height":427,"url":"https:\/\/www.afmuseet.no\/content\/uploads\/2020\/08\/V\u00e6rslev-Cover-Engelsk.jpg","type":"image\/jpeg"}],"twitter_card":"summary_large_image","schema":{"@context":"https:\/\/schema.org","@graph":[{"@type":"WebPage","@id":"https:\/\/www.afmuseet.no\/nettbutikk\/produkt\/fredrik-vaerslev-as-i-imagine-him-english\/","url":"https:\/\/www.afmuseet.no\/nettbutikk\/produkt\/fredrik-vaerslev-as-i-imagine-him-english\/","name":"Fredrik V\u00e6rslev - As I Imagine Him (eng) &#8211; Astrup Fearnley Museet","isPartOf":{"@id":"https:\/\/www.afmuseet.no\/nettbutikk\/#website"},"primaryImageOfPage":{"@id":"https:\/\/www.afmuseet.no\/nettbutikk\/produkt\/fredrik-vaerslev-as-i-imagine-him-english\/#primaryimage"},"image":{"@id":"https:\/\/www.afmuseet.no\/nettbutikk\/produkt\/fredrik-vaerslev-as-i-imagine-him-english\/#primaryimage"},"thumbnailUrl":"https:\/\/www.afmuseet.no\/content\/uploads\/2020\/08\/V\u00e6rslev-Cover-Engelsk.jpg","datePublished":"2020-08-05T06:34:22+00:00","dateModified":"2022-09-05T13:26:40+00:00","description":"Finn unike og eksklusive kunstrelaterte produkter p\u00e5 Astrup Fearnley Museet sin Nettbutikk. Utforsk v\u00e5rt utvalg av kunstb\u00f8ker, plakater og mer.","breadcrumb":{"@id":"https:\/\/www.afmuseet.no\/nettbutikk\/produkt\/fredrik-vaerslev-as-i-imagine-him-english\/#breadcrumb"},"inLanguage":"en-US","potentialAction":[{"@type":"ReadAction","target":["https:\/\/www.afmuseet.no\/nettbutikk\/produkt\/fredrik-vaerslev-as-i-imagine-him-english\/"]}]},{"@type":"ImageObject","inLanguage":"en-US","@id":"https:\/\/www.afmuseet.no\/nettbutikk\/produkt\/fredrik-vaerslev-as-i-imagine-him-english\/#primaryimage","url":"https:\/\/www.afmuseet.no\/content\/uploads\/2020\/08\/V\u00e6rslev-Cover-Engelsk.jpg","contentUrl":"https:\/\/www.afmuseet.no\/content\/uploads\/2020\/08\/V\u00e6rslev-Cover-Engelsk.jpg","width":640,"height":427},{"@type":"BreadcrumbList","@id":"https:\/\/www.afmuseet.no\/nettbutikk\/produkt\/fredrik-vaerslev-as-i-imagine-him-english\/#breadcrumb","itemListElement":[{"@type":"ListItem","position":1,"name":"Hjem","item":"https:\/\/www.afmuseet.no\/nettbutikk\/en\/"},{"@type":"ListItem","position":2,"name":"Shop","item":"https:\/\/www.afmuseet.no\/nettbutikk\/shop\/"},{"@type":"ListItem","position":3,"name":"Fredrik V\u00e6rslev &#8211; As I Imagine Him (eng)"}]},{"@type":"WebSite","@id":"https:\/\/www.afmuseet.no\/nettbutikk\/#website","url":"https:\/\/www.afmuseet.no\/nettbutikk\/","name":"Astrup Fearnley Museet","description":"","potentialAction":[{"@type":"SearchAction","target":{"@type":"EntryPoint","urlTemplate":"https:\/\/www.afmuseet.no\/nettbutikk\/?s={search_term_string}"},"query-input":{"@type":"PropertyValueSpecification","valueRequired":true,"valueName":"search_term_string"}}],"inLanguage":"en-US"}]}},"acf":[],"lang":"nb","translations":{"nb":8524,"en":2731},"pll_sync_post":[],"_links":{"self":[{"href":"https:\/\/www.afmuseet.no\/nettbutikk\/wp-json\/wp\/v2\/product\/8524","targetHints":{"allow":["GET"]}}],"collection":[{"href":"https:\/\/www.afmuseet.no\/nettbutikk\/wp-json\/wp\/v2\/product"}],"about":[{"href":"https:\/\/www.afmuseet.no\/nettbutikk\/wp-json\/wp\/v2\/types\/product"}],"wp:featuredmedia":[{"embeddable":true,"href":"https:\/\/www.afmuseet.no\/nettbutikk\/wp-json\/wp\/v2\/media\/5384"}],"wp:attachment":[{"href":"https:\/\/www.afmuseet.no\/nettbutikk\/wp-json\/wp\/v2\/media?parent=8524"}],"wp:term":[{"taxonomy":"product_brand","embeddable":true,"href":"https:\/\/www.afmuseet.no\/nettbutikk\/wp-json\/wp\/v2\/product_brand?post=8524"},{"taxonomy":"product_cat","embeddable":true,"href":"https:\/\/www.afmuseet.no\/nettbutikk\/wp-json\/wp\/v2\/product_cat?post=8524"},{"taxonomy":"product_tag","embeddable":true,"href":"https:\/\/www.afmuseet.no\/nettbutikk\/wp-json\/wp\/v2\/product_tag?post=8524"}],"curies":[{"name":"wp","href":"https:\/\/api.w.org\/{rel}","templated":true}]}}