{"id":8383,"date":"2020-08-05T07:39:09","date_gmt":"2020-08-05T06:39:09","guid":{"rendered":"http:\/\/64.227.66.199\/?post_type=product&#038;p=8383"},"modified":"2024-08-23T15:28:03","modified_gmt":"2024-08-23T13:28:03","slug":"andy-warhol-by-andy-warhol-inkl-long-days-journey-into-the","status":"publish","type":"product","link":"https:\/\/www.afmuseet.no\/nettbutikk\/produkt\/andy-warhol-by-andy-warhol-inkl-long-days-journey-into-the\/","title":{"rendered":"Andy Warhol by Andy Warhol"},"content":{"rendered":"","protected":false},"excerpt":{"rendered":"<p>Denne katalogen ble publisert i forbindelse med utstillingen <em>Andy Warhol by Andy Warhol<\/em> (13.09. \u2013 14.12.2008).<\/p>\n<p>Utstillingen inneholdt 44 mesterverker fra 1962- 84, der noen av maleriene ikke hadde blitt stilt ut p\u00e5 flere \u00e5r. Publikum fikk ogs\u00e5 f\u00e5 muligheten til \u00e5 oppleve installasjonen <em>Silver Clouds<\/em>, 4 Warhol-tapeter, 11 av Warhols filmer samt to tv-show.<\/p>\n<p>Andy Warhols mesterverk har v\u00e6rt med p\u00e5 \u00e5 revolusjonere forst\u00e5elsen av kunst. Warhols popkunst medf\u00f8rte en grunnleggende endring i forst\u00e5elsen av det \u00e5 lage kunst og f\u00f8rte til en ny objektiv distanse mellom kunstner og betrakter. Andy Warhol, ofte referert til som en \u2019kunstner i tredje person\u2019, omkapslet forbrukerkulturen i sin kunst ved \u00e5 integrere ledende uttrykk, h\u00e5p og aspirasjoner fra etterkrigstidens USA. Dette gjorde han med en slik overbevisning at hans kunst og hans person ble et merkevare i seg selv, lik de objekter og ideer han avbildet.Som tittelen Andy Warhol by Andy Warhol antyder, var intensjonen \u00e5 oppfordre publikum til \u00e5 reflektere over Andy Warhols personlige engasjement til temaer han avbildet i sin kunst. Dette gjennom \u00e5 plassere kunstneren i sentrum, ikke bare som et ikon, men som en person med sterk forbindelse til sin egen tid. \u00d8nsket var \u00e5 unng\u00e5 kjente klisjeer rundt Andy Warhol, og i stedet fremheve hans personlige ambisjon, subjektivitet og bevissthet<\/p>\n<p>For \u00e5 utdype denne opplevelsen utga museet, sammen med Skira, denne omfattende katalogen med artikler av kjente akademikere og skribenter.<\/p>\n<p>Introduksjon av Gunnar B. Kvaran og artikler av Graham Bader, Rachel Baum, Judith Benhamou-Huet, Glenn O\u2019Brien, David Carrier, Jane Daggett Dillenberger, Steven Watson, Aram Saroyan, Svein Inge S\u00e6ther og et intervju med Gerard Malanga.<\/p>\n<p>Kuratorer: Gunnar B. Kvaran, Hanne Beate Ueland og Grete \u00c5rbu<\/p>\n<p>&nbsp;<\/p>\n<p>&nbsp;<\/p>\n<p>&nbsp;<\/p>\n","protected":false},"featured_media":42439,"template":"","meta":{"_acf_changed":false,"afm_hide_title":false,"_afm_post_new_title":"","afm_terms_sep_product_language":", ","afm_terms_sep_product_post_translations":", ","afm_terms_sep_product_product_brand":", ","afm_terms_sep_product_product_type":", ","afm_terms_sep_product_product_visibility":", ","afm_terms_sep_product_product_cat":", ","afm_terms_sep_product_product_tag":", ","afm_terms_sep_product_product_shipping_class":", ","afm_terms_sep_product_pos_product_visibility":", ","afm_terms_sep_product_pa_cindy-sherman-art-bag":", "},"product_brand":[],"product_cat":[383,292,387,385],"product_tag":[],"class_list":{"0":"post-8383","1":"product","2":"type-product","3":"status-publish","4":"has-post-thumbnail","6":"product_cat-3105-egne-kataloger","7":"product_cat-all-products","8":"product_cat-exhibition-catalogues-books","9":"product_cat-publications","10":"product_shipping_class-div-product","12":"first","13":"outofstock","14":"purchasable","15":"product-type-simple"},"group_of_quantity":0,"min_quantity":0,"max_quantity":"","exclude_order_quantity_value_rules":"no","exclude_category_quantity_rules":"no","combine_variations":"no","yoast_head":"<!-- This site is optimized with the Yoast SEO Premium plugin v26.9 (Yoast SEO v26.9) - https:\/\/yoast.com\/product\/yoast-seo-premium-wordpress\/ -->\n<title>Andy Warhol by Andy Warhol &#8211; Astrup Fearnley Museet<\/title>\n<meta name=\"description\" content=\"Finn unike og eksklusive kunstrelaterte produkter p\u00e5 Astrup Fearnley Museet sin Nettbutikk. Utforsk v\u00e5rt utvalg av kunstb\u00f8ker, plakater og mer.\" \/>\n<meta name=\"robots\" content=\"index, follow, max-snippet:-1, max-image-preview:large, max-video-preview:-1\" \/>\n<link rel=\"canonical\" href=\"https:\/\/www.afmuseet.no\/nettbutikk\/produkt\/andy-warhol-by-andy-warhol-inkl-long-days-journey-into-the\/\" \/>\n<meta property=\"og:locale\" content=\"en_US\" \/>\n<meta property=\"og:type\" content=\"article\" \/>\n<meta property=\"og:title\" content=\"Andy Warhol by Andy Warhol\" \/>\n<meta property=\"og:description\" content=\"Finn unike og eksklusive kunstrelaterte produkter p\u00e5 Astrup Fearnley Museet sin Nettbutikk. Utforsk v\u00e5rt utvalg av kunstb\u00f8ker, plakater og mer.\" \/>\n<meta property=\"og:url\" content=\"https:\/\/www.afmuseet.no\/nettbutikk\/produkt\/andy-warhol-by-andy-warhol-inkl-long-days-journey-into-the\/\" \/>\n<meta property=\"og:site_name\" content=\"Astrup Fearnley Museet\" \/>\n<meta property=\"article:modified_time\" content=\"2024-08-23T13:28:03+00:00\" \/>\n<meta property=\"og:image\" content=\"https:\/\/www.afmuseet.no\/content\/uploads\/2020\/08\/pixelcut-Warhol.png\" \/>\n\t<meta property=\"og:image:width\" content=\"1024\" \/>\n\t<meta property=\"og:image:height\" content=\"1024\" \/>\n\t<meta property=\"og:image:type\" content=\"image\/png\" \/>\n<meta name=\"twitter:card\" content=\"summary_large_image\" \/>\n<script type=\"application\/ld+json\" class=\"yoast-schema-graph\">{\"@context\":\"https:\/\/schema.org\",\"@graph\":[{\"@type\":\"WebPage\",\"@id\":\"https:\/\/www.afmuseet.no\/nettbutikk\/produkt\/andy-warhol-by-andy-warhol-inkl-long-days-journey-into-the\/\",\"url\":\"https:\/\/www.afmuseet.no\/nettbutikk\/produkt\/andy-warhol-by-andy-warhol-inkl-long-days-journey-into-the\/\",\"name\":\"Andy Warhol by Andy Warhol &#8211; Astrup Fearnley Museet\",\"isPartOf\":{\"@id\":\"https:\/\/www.afmuseet.no\/nettbutikk\/#website\"},\"primaryImageOfPage\":{\"@id\":\"https:\/\/www.afmuseet.no\/nettbutikk\/produkt\/andy-warhol-by-andy-warhol-inkl-long-days-journey-into-the\/#primaryimage\"},\"image\":{\"@id\":\"https:\/\/www.afmuseet.no\/nettbutikk\/produkt\/andy-warhol-by-andy-warhol-inkl-long-days-journey-into-the\/#primaryimage\"},\"thumbnailUrl\":\"https:\/\/www.afmuseet.no\/content\/uploads\/2020\/08\/pixelcut-Warhol.png\",\"datePublished\":\"2020-08-05T06:39:09+00:00\",\"dateModified\":\"2024-08-23T13:28:03+00:00\",\"description\":\"Finn unike og eksklusive kunstrelaterte produkter p\u00e5 Astrup Fearnley Museet sin Nettbutikk. Utforsk v\u00e5rt utvalg av kunstb\u00f8ker, plakater og mer.\",\"breadcrumb\":{\"@id\":\"https:\/\/www.afmuseet.no\/nettbutikk\/produkt\/andy-warhol-by-andy-warhol-inkl-long-days-journey-into-the\/#breadcrumb\"},\"inLanguage\":\"en-US\",\"potentialAction\":[{\"@type\":\"ReadAction\",\"target\":[\"https:\/\/www.afmuseet.no\/nettbutikk\/produkt\/andy-warhol-by-andy-warhol-inkl-long-days-journey-into-the\/\"]}]},{\"@type\":\"ImageObject\",\"inLanguage\":\"en-US\",\"@id\":\"https:\/\/www.afmuseet.no\/nettbutikk\/produkt\/andy-warhol-by-andy-warhol-inkl-long-days-journey-into-the\/#primaryimage\",\"url\":\"https:\/\/www.afmuseet.no\/content\/uploads\/2020\/08\/pixelcut-Warhol.png\",\"contentUrl\":\"https:\/\/www.afmuseet.no\/content\/uploads\/2020\/08\/pixelcut-Warhol.png\",\"width\":2160,\"height\":2160},{\"@type\":\"BreadcrumbList\",\"@id\":\"https:\/\/www.afmuseet.no\/nettbutikk\/produkt\/andy-warhol-by-andy-warhol-inkl-long-days-journey-into-the\/#breadcrumb\",\"itemListElement\":[{\"@type\":\"ListItem\",\"position\":1,\"name\":\"Hjem\",\"item\":\"https:\/\/www.afmuseet.no\/nettbutikk\/en\/\"},{\"@type\":\"ListItem\",\"position\":2,\"name\":\"Shop\",\"item\":\"https:\/\/www.afmuseet.no\/nettbutikk\/shop\/\"},{\"@type\":\"ListItem\",\"position\":3,\"name\":\"Andy Warhol by Andy Warhol\"}]},{\"@type\":\"WebSite\",\"@id\":\"https:\/\/www.afmuseet.no\/nettbutikk\/#website\",\"url\":\"https:\/\/www.afmuseet.no\/nettbutikk\/\",\"name\":\"Astrup Fearnley Museet\",\"description\":\"\",\"potentialAction\":[{\"@type\":\"SearchAction\",\"target\":{\"@type\":\"EntryPoint\",\"urlTemplate\":\"https:\/\/www.afmuseet.no\/nettbutikk\/?s={search_term_string}\"},\"query-input\":{\"@type\":\"PropertyValueSpecification\",\"valueRequired\":true,\"valueName\":\"search_term_string\"}}],\"inLanguage\":\"en-US\"}]}<\/script>\n<!-- \/ Yoast SEO Premium plugin. -->","yoast_head_json":{"title":"Andy Warhol by Andy Warhol &#8211; Astrup Fearnley Museet","description":"Finn unike og eksklusive kunstrelaterte produkter p\u00e5 Astrup Fearnley Museet sin Nettbutikk. Utforsk v\u00e5rt utvalg av kunstb\u00f8ker, plakater og mer.","robots":{"index":"index","follow":"follow","max-snippet":"max-snippet:-1","max-image-preview":"max-image-preview:large","max-video-preview":"max-video-preview:-1"},"canonical":"https:\/\/www.afmuseet.no\/nettbutikk\/produkt\/andy-warhol-by-andy-warhol-inkl-long-days-journey-into-the\/","og_locale":"en_US","og_type":"article","og_title":"Andy Warhol by Andy Warhol","og_description":"Finn unike og eksklusive kunstrelaterte produkter p\u00e5 Astrup Fearnley Museet sin Nettbutikk. Utforsk v\u00e5rt utvalg av kunstb\u00f8ker, plakater og mer.","og_url":"https:\/\/www.afmuseet.no\/nettbutikk\/produkt\/andy-warhol-by-andy-warhol-inkl-long-days-journey-into-the\/","og_site_name":"Astrup Fearnley Museet","article_modified_time":"2024-08-23T13:28:03+00:00","og_image":[{"url":"https:\/\/www.afmuseet.no\/content\/uploads\/2020\/08\/pixelcut-Warhol.png","width":1024,"height":1024,"type":"image\/png"}],"twitter_card":"summary_large_image","schema":{"@context":"https:\/\/schema.org","@graph":[{"@type":"WebPage","@id":"https:\/\/www.afmuseet.no\/nettbutikk\/produkt\/andy-warhol-by-andy-warhol-inkl-long-days-journey-into-the\/","url":"https:\/\/www.afmuseet.no\/nettbutikk\/produkt\/andy-warhol-by-andy-warhol-inkl-long-days-journey-into-the\/","name":"Andy Warhol by Andy Warhol &#8211; Astrup Fearnley Museet","isPartOf":{"@id":"https:\/\/www.afmuseet.no\/nettbutikk\/#website"},"primaryImageOfPage":{"@id":"https:\/\/www.afmuseet.no\/nettbutikk\/produkt\/andy-warhol-by-andy-warhol-inkl-long-days-journey-into-the\/#primaryimage"},"image":{"@id":"https:\/\/www.afmuseet.no\/nettbutikk\/produkt\/andy-warhol-by-andy-warhol-inkl-long-days-journey-into-the\/#primaryimage"},"thumbnailUrl":"https:\/\/www.afmuseet.no\/content\/uploads\/2020\/08\/pixelcut-Warhol.png","datePublished":"2020-08-05T06:39:09+00:00","dateModified":"2024-08-23T13:28:03+00:00","description":"Finn unike og eksklusive kunstrelaterte produkter p\u00e5 Astrup Fearnley Museet sin Nettbutikk. Utforsk v\u00e5rt utvalg av kunstb\u00f8ker, plakater og mer.","breadcrumb":{"@id":"https:\/\/www.afmuseet.no\/nettbutikk\/produkt\/andy-warhol-by-andy-warhol-inkl-long-days-journey-into-the\/#breadcrumb"},"inLanguage":"en-US","potentialAction":[{"@type":"ReadAction","target":["https:\/\/www.afmuseet.no\/nettbutikk\/produkt\/andy-warhol-by-andy-warhol-inkl-long-days-journey-into-the\/"]}]},{"@type":"ImageObject","inLanguage":"en-US","@id":"https:\/\/www.afmuseet.no\/nettbutikk\/produkt\/andy-warhol-by-andy-warhol-inkl-long-days-journey-into-the\/#primaryimage","url":"https:\/\/www.afmuseet.no\/content\/uploads\/2020\/08\/pixelcut-Warhol.png","contentUrl":"https:\/\/www.afmuseet.no\/content\/uploads\/2020\/08\/pixelcut-Warhol.png","width":2160,"height":2160},{"@type":"BreadcrumbList","@id":"https:\/\/www.afmuseet.no\/nettbutikk\/produkt\/andy-warhol-by-andy-warhol-inkl-long-days-journey-into-the\/#breadcrumb","itemListElement":[{"@type":"ListItem","position":1,"name":"Hjem","item":"https:\/\/www.afmuseet.no\/nettbutikk\/en\/"},{"@type":"ListItem","position":2,"name":"Shop","item":"https:\/\/www.afmuseet.no\/nettbutikk\/shop\/"},{"@type":"ListItem","position":3,"name":"Andy Warhol by Andy Warhol"}]},{"@type":"WebSite","@id":"https:\/\/www.afmuseet.no\/nettbutikk\/#website","url":"https:\/\/www.afmuseet.no\/nettbutikk\/","name":"Astrup Fearnley Museet","description":"","potentialAction":[{"@type":"SearchAction","target":{"@type":"EntryPoint","urlTemplate":"https:\/\/www.afmuseet.no\/nettbutikk\/?s={search_term_string}"},"query-input":{"@type":"PropertyValueSpecification","valueRequired":true,"valueName":"search_term_string"}}],"inLanguage":"en-US"}]}},"acf":[],"lang":"nb","translations":{"nb":8383,"en":3001},"pll_sync_post":[],"_links":{"self":[{"href":"https:\/\/www.afmuseet.no\/nettbutikk\/wp-json\/wp\/v2\/product\/8383","targetHints":{"allow":["GET"]}}],"collection":[{"href":"https:\/\/www.afmuseet.no\/nettbutikk\/wp-json\/wp\/v2\/product"}],"about":[{"href":"https:\/\/www.afmuseet.no\/nettbutikk\/wp-json\/wp\/v2\/types\/product"}],"wp:featuredmedia":[{"embeddable":true,"href":"https:\/\/www.afmuseet.no\/nettbutikk\/wp-json\/wp\/v2\/media\/42439"}],"wp:attachment":[{"href":"https:\/\/www.afmuseet.no\/nettbutikk\/wp-json\/wp\/v2\/media?parent=8383"}],"wp:term":[{"taxonomy":"product_brand","embeddable":true,"href":"https:\/\/www.afmuseet.no\/nettbutikk\/wp-json\/wp\/v2\/product_brand?post=8383"},{"taxonomy":"product_cat","embeddable":true,"href":"https:\/\/www.afmuseet.no\/nettbutikk\/wp-json\/wp\/v2\/product_cat?post=8383"},{"taxonomy":"product_tag","embeddable":true,"href":"https:\/\/www.afmuseet.no\/nettbutikk\/wp-json\/wp\/v2\/product_tag?post=8383"}],"curies":[{"name":"wp","href":"https:\/\/api.w.org\/{rel}","templated":true}]}}