{"id":8359,"date":"2020-08-05T08:39:13","date_gmt":"2020-08-05T06:39:13","guid":{"rendered":"http:\/\/64.227.66.199\/?post_type=product&#038;p=8359"},"modified":"2025-11-26T14:11:47","modified_gmt":"2025-11-26T12:11:47","slug":"art-bag-alpha-crucis-mika","status":"publish","type":"product","link":"https:\/\/www.afmuseet.no\/nettbutikk\/produkt\/art-bag-alpha-crucis-mika\/","title":{"rendered":"Art Bag Alpha Crucis JP Mika"},"content":{"rendered":"<p>Art Bag Alpha Crucis JP Mika for utstillingen <em>Alpha Crucis \u2013 Afrikansk samtidskunst<\/em>, er en unik tote bag for enhver kunstelsker. Den fargesterke omslagsgrafikken viser detaljer fra akrylmaleriet <em>Sentiments Confidentiels<\/em> (2018).<\/p>\n<p>Art Bagen Alpha Crucis JP Mika, er et unikt tilbeh\u00f8r for enhver kunstelsker som \u00f8nsker \u00e5 legge et kunstnerisk preg til garderoben sin! Denne Art Bagen kombinerer design og kunst og er eksklusivt tilgjengelig p\u00e5 Astrup Fearnley Museet i et begrenset opplag. Vesken er laget av kvalitetsmaterialer som er n\u00f8ye utvalgt for \u00e5 sikre at den er b\u00e5de funksjonell og estetisk tiltalende. Motivet er trykt p\u00e5 slitesterkt og romslig bomullskanvas, slik at du kan holde dine eiendeler trygge. Art Bagen er ogs\u00e5 utstyrt med solide skulderstropper som gj\u00f8r det enkelt \u00e5 b\u00e6re vesken uansett hvor du g\u00e5r. Enten du skal p\u00e5 jobb, en utflukt, trening eller en kunstutstilling, er denne vesken perfekt for \u00e5 legge til stil og personlighet til antrekket ditt.<\/p>\n<p>Om utstillingen: Alpha Crucis \u2013 Afrikansk samtidskunst utgjorde siste kapittel i utstillingsserien som Gunnar B. Kvaran lanserte i 2005 for \u00e5 utforske kunstscenen i forskjellige land og p\u00e5 forskjellige kontinenter. De \u00f8vrige utstillingene tok for seg USA, Brasil, India, Kina og Europa f\u00f8r turen kom til Afrika.<\/p>\n<p>Utstillingen Alpha Crucis hadde som form\u00e5l \u00e5 vise originaliteten og mangfoldet blant afrikanske kunstnere som lever og arbeider i Afrika s\u00f8r for Sahara. Utstillingen samlet 17 kunstnere fra syv afrikanske land. De tilh\u00f8rer ulike generasjoner og benytter seg av ulike praksiser. Utstillingen viste dermed et imponerende mangfold n\u00e5r det gjaldt materialer, teknikker og fortellinger.<\/p>\n<p>Alpha Crucis er navnet p\u00e5 den klareste stjernen i Sydkors-konstellasjonen i Melkeveien. Den er en av de sterkeste og mest synlige stjernene p\u00e5 nattehimmelen, og den er en ledestjerne som viser retningen mot s\u00f8r. Den er kun synlig fra den sydlige halvkule og er ofte benyttet av navigat\u00f8rer. Fordi den ikke er synlig i Vesten er den heller ikke nevnt i den antikke europeiske astronomien. Alpha Crucis viser retningen mot s\u00f8r og \u00e5 velge den som tittel til utstillingen er en bevisstgj\u00f8ring om en nyorientering av kunstverdenens polaritet mot s\u00f8r og for \u00e5 im\u00f8teg\u00e5 den uvitenheten om afrikansk samtidskunst som lenge har v\u00e6rt gjeldende.<\/p>\n<p><strong>Som en forlengelse av de fleste utstillingene som vises p\u00e5 Astrup Fearnley Museet, har det blitt en tradisjon \u00e5 designe spesialutgaver som er kjent som Art Bags. Grafikken til Art Bagene er designet og utviklet av Astrup Fearnley Museets og er godkjent av utstillende kunstner eller kurator. Som en del av en begrenset utgave, vil du ikke finne disse veskene noe annet sted.<\/strong><\/p>\n","protected":false},"excerpt":{"rendered":"<p>Robust handlenett produsert eksklusivt for Astrup Fearnley Museet.<\/p>\n<p>Kunstner: JP Mika<br \/>\nUtstilling: Alpha Crucis \u2013 Afrikansk samtidskunst<br \/>\nKunstverk: <em>Sentiments Confidentiels<\/em>, 2018<br \/>\nMateriale: Bomullskanvas<br \/>\nTeknikk: Digitaltrykk<br \/>\nSt\u00f8rrelse: 42 x 36 cm<br \/>\nH\u00e5ndtaksfall: 29 cm<\/p>\n<p>Med tillatelse fra kunstneren<br \/>\nAstrup Fearnley samlingen<br \/>\n\u00a9 Astrup Fearnley Museet<\/p>\n","protected":false},"featured_media":25383,"template":"","meta":{"_acf_changed":false,"afm_hide_title":false,"_afm_post_new_title":"","afm_terms_sep_product_language":", ","afm_terms_sep_product_post_translations":", ","afm_terms_sep_product_product_brand":", ","afm_terms_sep_product_product_type":", ","afm_terms_sep_product_product_visibility":", ","afm_terms_sep_product_product_cat":", ","afm_terms_sep_product_product_tag":", ","afm_terms_sep_product_product_shipping_class":", ","afm_terms_sep_product_pos_product_visibility":", ","afm_terms_sep_product_pa_cindy-sherman-art-bag":", "},"product_brand":[],"product_cat":[284,292,317],"product_tag":[],"class_list":{"0":"post-8359","1":"product","2":"type-product","3":"status-publish","4":"has-post-thumbnail","6":"product_cat-3040-egenproduserte-artikler","7":"product_cat-all-products","8":"product_cat-art-bags","9":"product_shipping_class-art-bags","11":"first","12":"instock","13":"taxable","14":"shipping-taxable","15":"purchasable","16":"product-type-simple"},"group_of_quantity":0,"min_quantity":0,"max_quantity":"","exclude_order_quantity_value_rules":"no","exclude_category_quantity_rules":"no","combine_variations":"no","yoast_head":"<!-- This site is optimized with the Yoast SEO Premium plugin v26.9 (Yoast SEO v26.9) - https:\/\/yoast.com\/product\/yoast-seo-premium-wordpress\/ -->\n<title>Art Bag Alpha Crucis JP Mika &#8211; Astrup Fearnley Museet<\/title>\n<meta name=\"description\" content=\"Finn unike og eksklusive kunstrelaterte produkter p\u00e5 Astrup Fearnley Museet sin Nettbutikk. Utforsk v\u00e5rt utvalg av kunstb\u00f8ker, plakater og mer.\" \/>\n<meta name=\"robots\" content=\"index, follow, max-snippet:-1, max-image-preview:large, max-video-preview:-1\" \/>\n<link rel=\"canonical\" href=\"https:\/\/www.afmuseet.no\/nettbutikk\/produkt\/art-bag-alpha-crucis-mika\/\" \/>\n<meta property=\"og:locale\" content=\"en_US\" \/>\n<meta property=\"og:type\" content=\"article\" \/>\n<meta property=\"og:title\" content=\"Art Bag Alpha Crucis JP Mika\" \/>\n<meta property=\"og:description\" content=\"Finn unike og eksklusive kunstrelaterte produkter p\u00e5 Astrup Fearnley Museet sin Nettbutikk. Utforsk v\u00e5rt utvalg av kunstb\u00f8ker, plakater og mer.\" \/>\n<meta property=\"og:url\" content=\"https:\/\/www.afmuseet.no\/nettbutikk\/produkt\/art-bag-alpha-crucis-mika\/\" \/>\n<meta property=\"og:site_name\" content=\"Astrup Fearnley Museet\" \/>\n<meta property=\"article:modified_time\" content=\"2025-11-26T12:11:47+00:00\" \/>\n<meta property=\"og:image\" content=\"https:\/\/www.afmuseet.no\/content\/uploads\/2020\/08\/A.C.-Art-Bag-_14-square-scaled.jpg\" \/>\n\t<meta property=\"og:image:width\" content=\"2560\" \/>\n\t<meta property=\"og:image:height\" content=\"2560\" \/>\n\t<meta property=\"og:image:type\" content=\"image\/jpeg\" \/>\n<meta name=\"twitter:card\" content=\"summary_large_image\" \/>\n<meta name=\"twitter:label1\" content=\"Est. reading time\" \/>\n\t<meta name=\"twitter:data1\" content=\"2 minutes\" \/>\n<script type=\"application\/ld+json\" class=\"yoast-schema-graph\">{\"@context\":\"https:\/\/schema.org\",\"@graph\":[{\"@type\":\"WebPage\",\"@id\":\"https:\/\/www.afmuseet.no\/nettbutikk\/produkt\/art-bag-alpha-crucis-mika\/\",\"url\":\"https:\/\/www.afmuseet.no\/nettbutikk\/produkt\/art-bag-alpha-crucis-mika\/\",\"name\":\"Art Bag Alpha Crucis JP Mika &#8211; Astrup Fearnley Museet\",\"isPartOf\":{\"@id\":\"https:\/\/www.afmuseet.no\/nettbutikk\/#website\"},\"primaryImageOfPage\":{\"@id\":\"https:\/\/www.afmuseet.no\/nettbutikk\/produkt\/art-bag-alpha-crucis-mika\/#primaryimage\"},\"image\":{\"@id\":\"https:\/\/www.afmuseet.no\/nettbutikk\/produkt\/art-bag-alpha-crucis-mika\/#primaryimage\"},\"thumbnailUrl\":\"https:\/\/www.afmuseet.no\/content\/uploads\/2020\/08\/A.C.-Art-Bag-_14-square-scaled.jpg\",\"datePublished\":\"2020-08-05T06:39:13+00:00\",\"dateModified\":\"2025-11-26T12:11:47+00:00\",\"description\":\"Finn unike og eksklusive kunstrelaterte produkter p\u00e5 Astrup Fearnley Museet sin Nettbutikk. Utforsk v\u00e5rt utvalg av kunstb\u00f8ker, plakater og mer.\",\"breadcrumb\":{\"@id\":\"https:\/\/www.afmuseet.no\/nettbutikk\/produkt\/art-bag-alpha-crucis-mika\/#breadcrumb\"},\"inLanguage\":\"en-US\",\"potentialAction\":[{\"@type\":\"ReadAction\",\"target\":[\"https:\/\/www.afmuseet.no\/nettbutikk\/produkt\/art-bag-alpha-crucis-mika\/\"]}]},{\"@type\":\"ImageObject\",\"inLanguage\":\"en-US\",\"@id\":\"https:\/\/www.afmuseet.no\/nettbutikk\/produkt\/art-bag-alpha-crucis-mika\/#primaryimage\",\"url\":\"https:\/\/www.afmuseet.no\/content\/uploads\/2020\/08\/A.C.-Art-Bag-_14-square-scaled.jpg\",\"contentUrl\":\"https:\/\/www.afmuseet.no\/content\/uploads\/2020\/08\/A.C.-Art-Bag-_14-square-scaled.jpg\",\"width\":2560,\"height\":2560},{\"@type\":\"BreadcrumbList\",\"@id\":\"https:\/\/www.afmuseet.no\/nettbutikk\/produkt\/art-bag-alpha-crucis-mika\/#breadcrumb\",\"itemListElement\":[{\"@type\":\"ListItem\",\"position\":1,\"name\":\"Hjem\",\"item\":\"https:\/\/www.afmuseet.no\/nettbutikk\/en\/\"},{\"@type\":\"ListItem\",\"position\":2,\"name\":\"Shop\",\"item\":\"https:\/\/www.afmuseet.no\/nettbutikk\/shop\/\"},{\"@type\":\"ListItem\",\"position\":3,\"name\":\"Art Bag Alpha Crucis JP Mika\"}]},{\"@type\":\"WebSite\",\"@id\":\"https:\/\/www.afmuseet.no\/nettbutikk\/#website\",\"url\":\"https:\/\/www.afmuseet.no\/nettbutikk\/\",\"name\":\"Astrup Fearnley Museet\",\"description\":\"\",\"potentialAction\":[{\"@type\":\"SearchAction\",\"target\":{\"@type\":\"EntryPoint\",\"urlTemplate\":\"https:\/\/www.afmuseet.no\/nettbutikk\/?s={search_term_string}\"},\"query-input\":{\"@type\":\"PropertyValueSpecification\",\"valueRequired\":true,\"valueName\":\"search_term_string\"}}],\"inLanguage\":\"en-US\"}]}<\/script>\n<!-- \/ Yoast SEO Premium plugin. -->","yoast_head_json":{"title":"Art Bag Alpha Crucis JP Mika &#8211; Astrup Fearnley Museet","description":"Finn unike og eksklusive kunstrelaterte produkter p\u00e5 Astrup Fearnley Museet sin Nettbutikk. Utforsk v\u00e5rt utvalg av kunstb\u00f8ker, plakater og mer.","robots":{"index":"index","follow":"follow","max-snippet":"max-snippet:-1","max-image-preview":"max-image-preview:large","max-video-preview":"max-video-preview:-1"},"canonical":"https:\/\/www.afmuseet.no\/nettbutikk\/produkt\/art-bag-alpha-crucis-mika\/","og_locale":"en_US","og_type":"article","og_title":"Art Bag Alpha Crucis JP Mika","og_description":"Finn unike og eksklusive kunstrelaterte produkter p\u00e5 Astrup Fearnley Museet sin Nettbutikk. Utforsk v\u00e5rt utvalg av kunstb\u00f8ker, plakater og mer.","og_url":"https:\/\/www.afmuseet.no\/nettbutikk\/produkt\/art-bag-alpha-crucis-mika\/","og_site_name":"Astrup Fearnley Museet","article_modified_time":"2025-11-26T12:11:47+00:00","og_image":[{"width":2560,"height":2560,"url":"https:\/\/www.afmuseet.no\/content\/uploads\/2020\/08\/A.C.-Art-Bag-_14-square-scaled.jpg","type":"image\/jpeg"}],"twitter_card":"summary_large_image","twitter_misc":{"Est. reading time":"2 minutes"},"schema":{"@context":"https:\/\/schema.org","@graph":[{"@type":"WebPage","@id":"https:\/\/www.afmuseet.no\/nettbutikk\/produkt\/art-bag-alpha-crucis-mika\/","url":"https:\/\/www.afmuseet.no\/nettbutikk\/produkt\/art-bag-alpha-crucis-mika\/","name":"Art Bag Alpha Crucis JP Mika &#8211; Astrup Fearnley Museet","isPartOf":{"@id":"https:\/\/www.afmuseet.no\/nettbutikk\/#website"},"primaryImageOfPage":{"@id":"https:\/\/www.afmuseet.no\/nettbutikk\/produkt\/art-bag-alpha-crucis-mika\/#primaryimage"},"image":{"@id":"https:\/\/www.afmuseet.no\/nettbutikk\/produkt\/art-bag-alpha-crucis-mika\/#primaryimage"},"thumbnailUrl":"https:\/\/www.afmuseet.no\/content\/uploads\/2020\/08\/A.C.-Art-Bag-_14-square-scaled.jpg","datePublished":"2020-08-05T06:39:13+00:00","dateModified":"2025-11-26T12:11:47+00:00","description":"Finn unike og eksklusive kunstrelaterte produkter p\u00e5 Astrup Fearnley Museet sin Nettbutikk. Utforsk v\u00e5rt utvalg av kunstb\u00f8ker, plakater og mer.","breadcrumb":{"@id":"https:\/\/www.afmuseet.no\/nettbutikk\/produkt\/art-bag-alpha-crucis-mika\/#breadcrumb"},"inLanguage":"en-US","potentialAction":[{"@type":"ReadAction","target":["https:\/\/www.afmuseet.no\/nettbutikk\/produkt\/art-bag-alpha-crucis-mika\/"]}]},{"@type":"ImageObject","inLanguage":"en-US","@id":"https:\/\/www.afmuseet.no\/nettbutikk\/produkt\/art-bag-alpha-crucis-mika\/#primaryimage","url":"https:\/\/www.afmuseet.no\/content\/uploads\/2020\/08\/A.C.-Art-Bag-_14-square-scaled.jpg","contentUrl":"https:\/\/www.afmuseet.no\/content\/uploads\/2020\/08\/A.C.-Art-Bag-_14-square-scaled.jpg","width":2560,"height":2560},{"@type":"BreadcrumbList","@id":"https:\/\/www.afmuseet.no\/nettbutikk\/produkt\/art-bag-alpha-crucis-mika\/#breadcrumb","itemListElement":[{"@type":"ListItem","position":1,"name":"Hjem","item":"https:\/\/www.afmuseet.no\/nettbutikk\/en\/"},{"@type":"ListItem","position":2,"name":"Shop","item":"https:\/\/www.afmuseet.no\/nettbutikk\/shop\/"},{"@type":"ListItem","position":3,"name":"Art Bag Alpha Crucis JP Mika"}]},{"@type":"WebSite","@id":"https:\/\/www.afmuseet.no\/nettbutikk\/#website","url":"https:\/\/www.afmuseet.no\/nettbutikk\/","name":"Astrup Fearnley Museet","description":"","potentialAction":[{"@type":"SearchAction","target":{"@type":"EntryPoint","urlTemplate":"https:\/\/www.afmuseet.no\/nettbutikk\/?s={search_term_string}"},"query-input":{"@type":"PropertyValueSpecification","valueRequired":true,"valueName":"search_term_string"}}],"inLanguage":"en-US"}]}},"acf":[],"lang":"nb","translations":{"nb":8359,"en":3012},"pll_sync_post":[],"_links":{"self":[{"href":"https:\/\/www.afmuseet.no\/nettbutikk\/wp-json\/wp\/v2\/product\/8359","targetHints":{"allow":["GET"]}}],"collection":[{"href":"https:\/\/www.afmuseet.no\/nettbutikk\/wp-json\/wp\/v2\/product"}],"about":[{"href":"https:\/\/www.afmuseet.no\/nettbutikk\/wp-json\/wp\/v2\/types\/product"}],"wp:featuredmedia":[{"embeddable":true,"href":"https:\/\/www.afmuseet.no\/nettbutikk\/wp-json\/wp\/v2\/media\/25383"}],"wp:attachment":[{"href":"https:\/\/www.afmuseet.no\/nettbutikk\/wp-json\/wp\/v2\/media?parent=8359"}],"wp:term":[{"taxonomy":"product_brand","embeddable":true,"href":"https:\/\/www.afmuseet.no\/nettbutikk\/wp-json\/wp\/v2\/product_brand?post=8359"},{"taxonomy":"product_cat","embeddable":true,"href":"https:\/\/www.afmuseet.no\/nettbutikk\/wp-json\/wp\/v2\/product_cat?post=8359"},{"taxonomy":"product_tag","embeddable":true,"href":"https:\/\/www.afmuseet.no\/nettbutikk\/wp-json\/wp\/v2\/product_tag?post=8359"}],"curies":[{"name":"wp","href":"https:\/\/api.w.org\/{rel}","templated":true}]}}