{"id":83144,"date":"2025-10-27T10:45:15","date_gmt":"2025-10-27T08:45:15","guid":{"rendered":"https:\/\/www.afmuseet.no\/nettbutikk\/?post_type=product&#038;p=83144"},"modified":"2026-04-27T08:02:20","modified_gmt":"2026-04-27T06:02:20","slug":"leonard-richard-mellom-konstruksjon-og-sammenbrudd","status":"publish","type":"product","link":"https:\/\/www.afmuseet.no\/nettbutikk\/produkt\/leonard-richard-mellom-konstruksjon-og-sammenbrudd\/","title":{"rendered":"Leonard Rickhard: Mellom konstruksjon og sammenbrudd"},"content":{"rendered":"","protected":false},"excerpt":{"rendered":"<p>Maleriet, dette gamle og forterpede mediet, har krefter i seg til \u00e5 ta imot v\u00e5r moderne tid.<br \/>\n&#8211; Leonard Rickhard<\/p>\n<p>Denne utgivelsen er b\u00e5de en videref\u00f8ring av utstillingen, som ble vist p\u00e5 Astrup Fearnley Museet i 2024, og et bidrag til \u00e5 dokumentere den viktige rollen Leonard Rickhard har hatt i norsk kunstliv.<\/p>\n<p>&nbsp;<\/p>\n<p>Boken er rikt illustrert med verksbilder, arkivbilder og utstillingsbilder, og den inneholder tekster som \u00e5pner nye d\u00f8rer inn til Leonard Rickhards univers, skrevet av Barry Schwabsky, Sinziana Ravini, Kjetil Tr\u00e6dal Thorsen og Sabeth Buchmann \u2013 samt et essay skrevet av redakt\u00f8rene Steinar Sekkingstad og Solveig \u00d8vsteb\u00f8.<\/p>\n<p>Boken er en solid, innbundet utgivelse p\u00e5 448 sider, med tekster p\u00e5 b\u00e5de norsk og engelsk.<br \/>\nDesignet av Petri Henriksson \/ Blank Blank Studio.<br \/>\nUtgitt av Mousse Publishing og Astrup Fearnley Museet.<\/p>\n<p>ISBN: 978-82-93654-24-7<\/p>\n","protected":false},"featured_media":83197,"template":"","meta":{"_acf_changed":false,"afm_hide_title":false,"_afm_post_new_title":"","afm_terms_sep_product_language":", ","afm_terms_sep_product_post_translations":", ","afm_terms_sep_product_product_brand":", ","afm_terms_sep_product_product_type":", ","afm_terms_sep_product_product_visibility":", ","afm_terms_sep_product_product_cat":", ","afm_terms_sep_product_product_tag":", ","afm_terms_sep_product_product_shipping_class":", ","afm_terms_sep_product_pos_product_visibility":", ","afm_terms_sep_product_pa_cindy-sherman-art-bag":", "},"product_brand":[],"product_cat":[383,387,385],"product_tag":[1480],"class_list":{"0":"post-83144","1":"product","2":"type-product","3":"status-publish","4":"has-post-thumbnail","6":"product_cat-3105-egne-kataloger","7":"product_cat-exhibition-catalogues-books","8":"product_cat-publications","9":"product_tag-leonard-rickhard","10":"product_shipping_class-bok-over-2-kg","12":"first","13":"instock","14":"taxable","15":"shipping-taxable","16":"purchasable","17":"product-type-simple"},"group_of_quantity":0,"min_quantity":0,"max_quantity":"","exclude_order_quantity_value_rules":"no","exclude_category_quantity_rules":"no","combine_variations":"no","yoast_head":"<!-- This site is optimized with the Yoast SEO Premium plugin v26.9 (Yoast SEO v26.9) - https:\/\/yoast.com\/product\/yoast-seo-premium-wordpress\/ -->\n<title>Leonard Rickhard: Mellom konstruksjon og sammenbrudd &#8211; Astrup Fearnley Museet<\/title>\n<meta name=\"description\" content=\"Finn unike og eksklusive kunstrelaterte produkter p\u00e5 Astrup Fearnley Museet sin Nettbutikk. Utforsk v\u00e5rt utvalg av kunstb\u00f8ker, plakater og mer.\" \/>\n<meta name=\"robots\" content=\"index, follow, max-snippet:-1, max-image-preview:large, max-video-preview:-1\" \/>\n<link rel=\"canonical\" href=\"https:\/\/www.afmuseet.no\/nettbutikk\/produkt\/leonard-richard-mellom-konstruksjon-og-sammenbrudd\/\" \/>\n<meta property=\"og:locale\" content=\"en_US\" \/>\n<meta property=\"og:type\" content=\"article\" \/>\n<meta property=\"og:title\" content=\"Leonard Rickhard: Mellom konstruksjon og sammenbrudd\" \/>\n<meta property=\"og:description\" content=\"Finn unike og eksklusive kunstrelaterte produkter p\u00e5 Astrup Fearnley Museet sin Nettbutikk. Utforsk v\u00e5rt utvalg av kunstb\u00f8ker, plakater og mer.\" \/>\n<meta property=\"og:url\" content=\"https:\/\/www.afmuseet.no\/nettbutikk\/produkt\/leonard-richard-mellom-konstruksjon-og-sammenbrudd\/\" \/>\n<meta property=\"og:site_name\" content=\"Astrup Fearnley Museet\" \/>\n<meta property=\"article:modified_time\" content=\"2026-04-27T06:02:20+00:00\" \/>\n<meta property=\"og:image\" content=\"https:\/\/www.afmuseet.no\/content\/uploads\/2025\/10\/Rasmusklubben-Host-2025_15-2-1-cover-forside-1.jpg\" \/>\n\t<meta property=\"og:image:width\" content=\"2000\" \/>\n\t<meta property=\"og:image:height\" content=\"2000\" \/>\n\t<meta property=\"og:image:type\" content=\"image\/jpeg\" \/>\n<meta name=\"twitter:card\" content=\"summary_large_image\" \/>\n<meta name=\"twitter:label1\" content=\"Est. reading time\" \/>\n\t<meta name=\"twitter:data1\" content=\"1 minute\" \/>\n<script type=\"application\/ld+json\" class=\"yoast-schema-graph\">{\"@context\":\"https:\/\/schema.org\",\"@graph\":[{\"@type\":\"WebPage\",\"@id\":\"https:\/\/www.afmuseet.no\/nettbutikk\/produkt\/leonard-richard-mellom-konstruksjon-og-sammenbrudd\/\",\"url\":\"https:\/\/www.afmuseet.no\/nettbutikk\/produkt\/leonard-richard-mellom-konstruksjon-og-sammenbrudd\/\",\"name\":\"Leonard Rickhard: Mellom konstruksjon og sammenbrudd &#8211; Astrup Fearnley Museet\",\"isPartOf\":{\"@id\":\"https:\/\/www.afmuseet.no\/nettbutikk\/#website\"},\"primaryImageOfPage\":{\"@id\":\"https:\/\/www.afmuseet.no\/nettbutikk\/produkt\/leonard-richard-mellom-konstruksjon-og-sammenbrudd\/#primaryimage\"},\"image\":{\"@id\":\"https:\/\/www.afmuseet.no\/nettbutikk\/produkt\/leonard-richard-mellom-konstruksjon-og-sammenbrudd\/#primaryimage\"},\"thumbnailUrl\":\"https:\/\/www.afmuseet.no\/content\/uploads\/2025\/10\/Rasmusklubben-Host-2025_15-2-1-cover-forside-1.jpg\",\"datePublished\":\"2025-10-27T08:45:15+00:00\",\"dateModified\":\"2026-04-27T06:02:20+00:00\",\"description\":\"Finn unike og eksklusive kunstrelaterte produkter p\u00e5 Astrup Fearnley Museet sin Nettbutikk. Utforsk v\u00e5rt utvalg av kunstb\u00f8ker, plakater og mer.\",\"breadcrumb\":{\"@id\":\"https:\/\/www.afmuseet.no\/nettbutikk\/produkt\/leonard-richard-mellom-konstruksjon-og-sammenbrudd\/#breadcrumb\"},\"inLanguage\":\"en-US\",\"potentialAction\":[{\"@type\":\"ReadAction\",\"target\":[\"https:\/\/www.afmuseet.no\/nettbutikk\/produkt\/leonard-richard-mellom-konstruksjon-og-sammenbrudd\/\"]}]},{\"@type\":\"ImageObject\",\"inLanguage\":\"en-US\",\"@id\":\"https:\/\/www.afmuseet.no\/nettbutikk\/produkt\/leonard-richard-mellom-konstruksjon-og-sammenbrudd\/#primaryimage\",\"url\":\"https:\/\/www.afmuseet.no\/content\/uploads\/2025\/10\/Rasmusklubben-Host-2025_15-2-1-cover-forside-1.jpg\",\"contentUrl\":\"https:\/\/www.afmuseet.no\/content\/uploads\/2025\/10\/Rasmusklubben-Host-2025_15-2-1-cover-forside-1.jpg\",\"width\":2000,\"height\":2000,\"caption\":\"Leonard Rickhard: Mellom konstruksjon og sammenbrudd\"},{\"@type\":\"BreadcrumbList\",\"@id\":\"https:\/\/www.afmuseet.no\/nettbutikk\/produkt\/leonard-richard-mellom-konstruksjon-og-sammenbrudd\/#breadcrumb\",\"itemListElement\":[{\"@type\":\"ListItem\",\"position\":1,\"name\":\"Hjem\",\"item\":\"https:\/\/www.afmuseet.no\/nettbutikk\/en\/\"},{\"@type\":\"ListItem\",\"position\":2,\"name\":\"Shop\",\"item\":\"https:\/\/www.afmuseet.no\/nettbutikk\/shop\/\"},{\"@type\":\"ListItem\",\"position\":3,\"name\":\"Leonard Rickhard: Mellom konstruksjon og sammenbrudd\"}]},{\"@type\":\"WebSite\",\"@id\":\"https:\/\/www.afmuseet.no\/nettbutikk\/#website\",\"url\":\"https:\/\/www.afmuseet.no\/nettbutikk\/\",\"name\":\"Astrup Fearnley Museet\",\"description\":\"\",\"potentialAction\":[{\"@type\":\"SearchAction\",\"target\":{\"@type\":\"EntryPoint\",\"urlTemplate\":\"https:\/\/www.afmuseet.no\/nettbutikk\/?s={search_term_string}\"},\"query-input\":{\"@type\":\"PropertyValueSpecification\",\"valueRequired\":true,\"valueName\":\"search_term_string\"}}],\"inLanguage\":\"en-US\"}]}<\/script>\n<!-- \/ Yoast SEO Premium plugin. -->","yoast_head_json":{"title":"Leonard Rickhard: Mellom konstruksjon og sammenbrudd &#8211; Astrup Fearnley Museet","description":"Finn unike og eksklusive kunstrelaterte produkter p\u00e5 Astrup Fearnley Museet sin Nettbutikk. Utforsk v\u00e5rt utvalg av kunstb\u00f8ker, plakater og mer.","robots":{"index":"index","follow":"follow","max-snippet":"max-snippet:-1","max-image-preview":"max-image-preview:large","max-video-preview":"max-video-preview:-1"},"canonical":"https:\/\/www.afmuseet.no\/nettbutikk\/produkt\/leonard-richard-mellom-konstruksjon-og-sammenbrudd\/","og_locale":"en_US","og_type":"article","og_title":"Leonard Rickhard: Mellom konstruksjon og sammenbrudd","og_description":"Finn unike og eksklusive kunstrelaterte produkter p\u00e5 Astrup Fearnley Museet sin Nettbutikk. Utforsk v\u00e5rt utvalg av kunstb\u00f8ker, plakater og mer.","og_url":"https:\/\/www.afmuseet.no\/nettbutikk\/produkt\/leonard-richard-mellom-konstruksjon-og-sammenbrudd\/","og_site_name":"Astrup Fearnley Museet","article_modified_time":"2026-04-27T06:02:20+00:00","og_image":[{"width":2000,"height":2000,"url":"https:\/\/www.afmuseet.no\/content\/uploads\/2025\/10\/Rasmusklubben-Host-2025_15-2-1-cover-forside-1.jpg","type":"image\/jpeg"}],"twitter_card":"summary_large_image","twitter_misc":{"Est. reading time":"1 minute"},"schema":{"@context":"https:\/\/schema.org","@graph":[{"@type":"WebPage","@id":"https:\/\/www.afmuseet.no\/nettbutikk\/produkt\/leonard-richard-mellom-konstruksjon-og-sammenbrudd\/","url":"https:\/\/www.afmuseet.no\/nettbutikk\/produkt\/leonard-richard-mellom-konstruksjon-og-sammenbrudd\/","name":"Leonard Rickhard: Mellom konstruksjon og sammenbrudd &#8211; Astrup Fearnley Museet","isPartOf":{"@id":"https:\/\/www.afmuseet.no\/nettbutikk\/#website"},"primaryImageOfPage":{"@id":"https:\/\/www.afmuseet.no\/nettbutikk\/produkt\/leonard-richard-mellom-konstruksjon-og-sammenbrudd\/#primaryimage"},"image":{"@id":"https:\/\/www.afmuseet.no\/nettbutikk\/produkt\/leonard-richard-mellom-konstruksjon-og-sammenbrudd\/#primaryimage"},"thumbnailUrl":"https:\/\/www.afmuseet.no\/content\/uploads\/2025\/10\/Rasmusklubben-Host-2025_15-2-1-cover-forside-1.jpg","datePublished":"2025-10-27T08:45:15+00:00","dateModified":"2026-04-27T06:02:20+00:00","description":"Finn unike og eksklusive kunstrelaterte produkter p\u00e5 Astrup Fearnley Museet sin Nettbutikk. Utforsk v\u00e5rt utvalg av kunstb\u00f8ker, plakater og mer.","breadcrumb":{"@id":"https:\/\/www.afmuseet.no\/nettbutikk\/produkt\/leonard-richard-mellom-konstruksjon-og-sammenbrudd\/#breadcrumb"},"inLanguage":"en-US","potentialAction":[{"@type":"ReadAction","target":["https:\/\/www.afmuseet.no\/nettbutikk\/produkt\/leonard-richard-mellom-konstruksjon-og-sammenbrudd\/"]}]},{"@type":"ImageObject","inLanguage":"en-US","@id":"https:\/\/www.afmuseet.no\/nettbutikk\/produkt\/leonard-richard-mellom-konstruksjon-og-sammenbrudd\/#primaryimage","url":"https:\/\/www.afmuseet.no\/content\/uploads\/2025\/10\/Rasmusklubben-Host-2025_15-2-1-cover-forside-1.jpg","contentUrl":"https:\/\/www.afmuseet.no\/content\/uploads\/2025\/10\/Rasmusklubben-Host-2025_15-2-1-cover-forside-1.jpg","width":2000,"height":2000,"caption":"Leonard Rickhard: Mellom konstruksjon og sammenbrudd"},{"@type":"BreadcrumbList","@id":"https:\/\/www.afmuseet.no\/nettbutikk\/produkt\/leonard-richard-mellom-konstruksjon-og-sammenbrudd\/#breadcrumb","itemListElement":[{"@type":"ListItem","position":1,"name":"Hjem","item":"https:\/\/www.afmuseet.no\/nettbutikk\/en\/"},{"@type":"ListItem","position":2,"name":"Shop","item":"https:\/\/www.afmuseet.no\/nettbutikk\/shop\/"},{"@type":"ListItem","position":3,"name":"Leonard Rickhard: Mellom konstruksjon og sammenbrudd"}]},{"@type":"WebSite","@id":"https:\/\/www.afmuseet.no\/nettbutikk\/#website","url":"https:\/\/www.afmuseet.no\/nettbutikk\/","name":"Astrup Fearnley Museet","description":"","potentialAction":[{"@type":"SearchAction","target":{"@type":"EntryPoint","urlTemplate":"https:\/\/www.afmuseet.no\/nettbutikk\/?s={search_term_string}"},"query-input":{"@type":"PropertyValueSpecification","valueRequired":true,"valueName":"search_term_string"}}],"inLanguage":"en-US"}]}},"acf":[],"lang":"nb","translations":{"nb":83144,"en":83132},"pll_sync_post":[],"_links":{"self":[{"href":"https:\/\/www.afmuseet.no\/nettbutikk\/wp-json\/wp\/v2\/product\/83144","targetHints":{"allow":["GET"]}}],"collection":[{"href":"https:\/\/www.afmuseet.no\/nettbutikk\/wp-json\/wp\/v2\/product"}],"about":[{"href":"https:\/\/www.afmuseet.no\/nettbutikk\/wp-json\/wp\/v2\/types\/product"}],"wp:featuredmedia":[{"embeddable":true,"href":"https:\/\/www.afmuseet.no\/nettbutikk\/wp-json\/wp\/v2\/media\/83197"}],"wp:attachment":[{"href":"https:\/\/www.afmuseet.no\/nettbutikk\/wp-json\/wp\/v2\/media?parent=83144"}],"wp:term":[{"taxonomy":"product_brand","embeddable":true,"href":"https:\/\/www.afmuseet.no\/nettbutikk\/wp-json\/wp\/v2\/product_brand?post=83144"},{"taxonomy":"product_cat","embeddable":true,"href":"https:\/\/www.afmuseet.no\/nettbutikk\/wp-json\/wp\/v2\/product_cat?post=83144"},{"taxonomy":"product_tag","embeddable":true,"href":"https:\/\/www.afmuseet.no\/nettbutikk\/wp-json\/wp\/v2\/product_tag?post=83144"}],"curies":[{"name":"wp","href":"https:\/\/api.w.org\/{rel}","templated":true}]}}