{"id":69522,"date":"2024-04-12T10:37:37","date_gmt":"2024-04-12T08:37:37","guid":{"rendered":"https:\/\/www.afmuseet.no\/nettbutikk\/?post_type=product&#038;p=69522"},"modified":"2025-04-29T10:57:23","modified_gmt":"2025-04-29T08:57:23","slug":"contemporary-blank-factory-yellow","status":"publish","type":"product","link":"https:\/\/www.afmuseet.no\/nettbutikk\/produkt\/contemporary-blank-factory-yellow\/","title":{"rendered":"(CON)TEMPORARY Blank &#8211; Factory yellow"},"content":{"rendered":"<p>(CON) TEMPORARY Blank er den ideelle notatboken for alle som setter pris p\u00e5 kvalitetsmaterialer og et gjennomtenkt design.<\/p>\n<p>Enten du bruker den til \u00e5 notere m\u00f8ter, skrive dagbok eller skissere kreative ideer, vil den s\u00f8rge for at notatene dine b\u00e5de beskyttes og presenteres p\u00e5 en elegant m\u00e5te.<\/p>\n<p>Innleggspapir: H\u00f8ykvalitetspapiret Munken Polar 130 gram, sikrer en behagelig skriveopplevelse med minimalt med blekkbl\u00f8dning.<br \/>\nEksklusivt deksel: G. F Smith Colorplan 350 gram gir et sofistikert og profesjonelt utseende. Dets luksuri\u00f8se og robuste materiale vil beskytte innholdet ditt med stil.<br \/>\nSolid binding: Tr\u00e5dbinding med \u00e5pen rygg gir en ekstra robust notatbok som t\u00e5ler daglig bruk og kan legges helt flatt for maksimal skrivekomfort.<\/p>\n<p>Legg denne elegante og praktiske notatboken til samlingen din og opplev forskjellen som kvalitetsmaterialer og godt design kan utgj\u00f8re. Perfekt som gave til deg selv eller noen du bryr deg om.<br \/>\nBestill n\u00e5 og f\u00e5 dine tanker og ideer ned p\u00e5 papiret med stil!<\/p>\n","protected":false},"excerpt":{"rendered":"<p>Elegant og H\u00f8ykvalitets Notatbok<\/p>\n<p>Oppdag den perfekte kombinasjonen av stil og funksjonalitet med v\u00e5r notatbok, designet for \u00e5 inspirere dine tanker og ideer.<\/p>\n<p>Format: 135 x 205 mm<br \/>\nSidetall: 96<br \/>\nInnmat papir: Munken Polar 130 gram<br \/>\nOmslag papir: G. F Smith, Colorplan 350 gram<br \/>\nInnbinding: Tr\u00e5dheftet, \u00e5pen rygg. Hvit tr\u00e5d, hvit kaldtlim.<\/p>\n","protected":false},"featured_media":69524,"template":"","meta":{"_acf_changed":false,"afm_hide_title":false,"_afm_post_new_title":"","afm_terms_sep_product_language":", ","afm_terms_sep_product_post_translations":", ","afm_terms_sep_product_product_brand":", ","afm_terms_sep_product_product_type":", ","afm_terms_sep_product_product_visibility":", ","afm_terms_sep_product_product_cat":", ","afm_terms_sep_product_product_tag":", ","afm_terms_sep_product_product_shipping_class":", ","afm_terms_sep_product_pos_product_visibility":", ","afm_terms_sep_product_pa_cindy-sherman-art-bag":", "},"product_brand":[],"product_cat":[281,292],"product_tag":[],"class_list":{"0":"post-69522","1":"product","2":"type-product","3":"status-publish","4":"has-post-thumbnail","6":"product_cat-exclusive-at-astrup-fearnley-museet","7":"product_cat-all-products","8":"product_shipping_class-div-product","10":"first","11":"instock","12":"taxable","13":"shipping-taxable","14":"purchasable","15":"product-type-simple"},"group_of_quantity":0,"min_quantity":0,"max_quantity":"","exclude_order_quantity_value_rules":"no","exclude_category_quantity_rules":"no","combine_variations":"no","yoast_head":"<!-- This site is optimized with the Yoast SEO Premium plugin v26.9 (Yoast SEO v26.9) - https:\/\/yoast.com\/product\/yoast-seo-premium-wordpress\/ -->\n<title>(CON)TEMPORARY Blank - Factory yellow &#8211; Astrup Fearnley Museet<\/title>\n<meta name=\"description\" content=\"Finn unike og eksklusive kunstrelaterte produkter p\u00e5 Astrup Fearnley Museet sin Nettbutikk. Utforsk v\u00e5rt utvalg av kunstb\u00f8ker, plakater og mer.\" \/>\n<meta name=\"robots\" content=\"index, follow, max-snippet:-1, max-image-preview:large, max-video-preview:-1\" \/>\n<link rel=\"canonical\" href=\"https:\/\/www.afmuseet.no\/nettbutikk\/produkt\/contemporary-blank-factory-yellow\/\" \/>\n<meta property=\"og:locale\" content=\"en_US\" \/>\n<meta property=\"og:type\" content=\"article\" \/>\n<meta property=\"og:title\" content=\"(CON)TEMPORARY Blank - Factory yellow\" \/>\n<meta property=\"og:description\" content=\"Finn unike og eksklusive kunstrelaterte produkter p\u00e5 Astrup Fearnley Museet sin Nettbutikk. Utforsk v\u00e5rt utvalg av kunstb\u00f8ker, plakater og mer.\" \/>\n<meta property=\"og:url\" content=\"https:\/\/www.afmuseet.no\/nettbutikk\/produkt\/contemporary-blank-factory-yellow\/\" \/>\n<meta property=\"og:site_name\" content=\"Astrup Fearnley Museet\" \/>\n<meta property=\"article:modified_time\" content=\"2025-04-29T08:57:23+00:00\" \/>\n<meta property=\"og:image\" content=\"https:\/\/www.afmuseet.no\/content\/uploads\/2024\/04\/Contemporary-Notatbok-kvadrat-1-scaled.jpg\" \/>\n\t<meta property=\"og:image:width\" content=\"2560\" \/>\n\t<meta property=\"og:image:height\" content=\"2560\" \/>\n\t<meta property=\"og:image:type\" content=\"image\/jpeg\" \/>\n<meta name=\"twitter:card\" content=\"summary_large_image\" \/>\n<meta name=\"twitter:label1\" content=\"Est. reading time\" \/>\n\t<meta name=\"twitter:data1\" content=\"1 minute\" \/>\n<script type=\"application\/ld+json\" class=\"yoast-schema-graph\">{\"@context\":\"https:\/\/schema.org\",\"@graph\":[{\"@type\":\"WebPage\",\"@id\":\"https:\/\/www.afmuseet.no\/nettbutikk\/produkt\/contemporary-blank-factory-yellow\/\",\"url\":\"https:\/\/www.afmuseet.no\/nettbutikk\/produkt\/contemporary-blank-factory-yellow\/\",\"name\":\"(CON)TEMPORARY Blank - Factory yellow &#8211; Astrup Fearnley Museet\",\"isPartOf\":{\"@id\":\"https:\/\/www.afmuseet.no\/nettbutikk\/#website\"},\"primaryImageOfPage\":{\"@id\":\"https:\/\/www.afmuseet.no\/nettbutikk\/produkt\/contemporary-blank-factory-yellow\/#primaryimage\"},\"image\":{\"@id\":\"https:\/\/www.afmuseet.no\/nettbutikk\/produkt\/contemporary-blank-factory-yellow\/#primaryimage\"},\"thumbnailUrl\":\"https:\/\/www.afmuseet.no\/content\/uploads\/2024\/04\/Contemporary-Notatbok-kvadrat-1-scaled.jpg\",\"datePublished\":\"2024-04-12T08:37:37+00:00\",\"dateModified\":\"2025-04-29T08:57:23+00:00\",\"description\":\"Finn unike og eksklusive kunstrelaterte produkter p\u00e5 Astrup Fearnley Museet sin Nettbutikk. Utforsk v\u00e5rt utvalg av kunstb\u00f8ker, plakater og mer.\",\"breadcrumb\":{\"@id\":\"https:\/\/www.afmuseet.no\/nettbutikk\/produkt\/contemporary-blank-factory-yellow\/#breadcrumb\"},\"inLanguage\":\"en-US\",\"potentialAction\":[{\"@type\":\"ReadAction\",\"target\":[\"https:\/\/www.afmuseet.no\/nettbutikk\/produkt\/contemporary-blank-factory-yellow\/\"]}]},{\"@type\":\"ImageObject\",\"inLanguage\":\"en-US\",\"@id\":\"https:\/\/www.afmuseet.no\/nettbutikk\/produkt\/contemporary-blank-factory-yellow\/#primaryimage\",\"url\":\"https:\/\/www.afmuseet.no\/content\/uploads\/2024\/04\/Contemporary-Notatbok-kvadrat-1-scaled.jpg\",\"contentUrl\":\"https:\/\/www.afmuseet.no\/content\/uploads\/2024\/04\/Contemporary-Notatbok-kvadrat-1-scaled.jpg\",\"width\":2560,\"height\":2560},{\"@type\":\"BreadcrumbList\",\"@id\":\"https:\/\/www.afmuseet.no\/nettbutikk\/produkt\/contemporary-blank-factory-yellow\/#breadcrumb\",\"itemListElement\":[{\"@type\":\"ListItem\",\"position\":1,\"name\":\"Hjem\",\"item\":\"https:\/\/www.afmuseet.no\/nettbutikk\/en\/\"},{\"@type\":\"ListItem\",\"position\":2,\"name\":\"Shop\",\"item\":\"https:\/\/www.afmuseet.no\/nettbutikk\/shop\/\"},{\"@type\":\"ListItem\",\"position\":3,\"name\":\"(CON)TEMPORARY Blank &#8211; Factory yellow\"}]},{\"@type\":\"WebSite\",\"@id\":\"https:\/\/www.afmuseet.no\/nettbutikk\/#website\",\"url\":\"https:\/\/www.afmuseet.no\/nettbutikk\/\",\"name\":\"Astrup Fearnley Museet\",\"description\":\"\",\"potentialAction\":[{\"@type\":\"SearchAction\",\"target\":{\"@type\":\"EntryPoint\",\"urlTemplate\":\"https:\/\/www.afmuseet.no\/nettbutikk\/?s={search_term_string}\"},\"query-input\":{\"@type\":\"PropertyValueSpecification\",\"valueRequired\":true,\"valueName\":\"search_term_string\"}}],\"inLanguage\":\"en-US\"}]}<\/script>\n<!-- \/ Yoast SEO Premium plugin. -->","yoast_head_json":{"title":"(CON)TEMPORARY Blank - Factory yellow &#8211; Astrup Fearnley Museet","description":"Finn unike og eksklusive kunstrelaterte produkter p\u00e5 Astrup Fearnley Museet sin Nettbutikk. Utforsk v\u00e5rt utvalg av kunstb\u00f8ker, plakater og mer.","robots":{"index":"index","follow":"follow","max-snippet":"max-snippet:-1","max-image-preview":"max-image-preview:large","max-video-preview":"max-video-preview:-1"},"canonical":"https:\/\/www.afmuseet.no\/nettbutikk\/produkt\/contemporary-blank-factory-yellow\/","og_locale":"en_US","og_type":"article","og_title":"(CON)TEMPORARY Blank - Factory yellow","og_description":"Finn unike og eksklusive kunstrelaterte produkter p\u00e5 Astrup Fearnley Museet sin Nettbutikk. Utforsk v\u00e5rt utvalg av kunstb\u00f8ker, plakater og mer.","og_url":"https:\/\/www.afmuseet.no\/nettbutikk\/produkt\/contemporary-blank-factory-yellow\/","og_site_name":"Astrup Fearnley Museet","article_modified_time":"2025-04-29T08:57:23+00:00","og_image":[{"width":2560,"height":2560,"url":"https:\/\/www.afmuseet.no\/content\/uploads\/2024\/04\/Contemporary-Notatbok-kvadrat-1-scaled.jpg","type":"image\/jpeg"}],"twitter_card":"summary_large_image","twitter_misc":{"Est. reading time":"1 minute"},"schema":{"@context":"https:\/\/schema.org","@graph":[{"@type":"WebPage","@id":"https:\/\/www.afmuseet.no\/nettbutikk\/produkt\/contemporary-blank-factory-yellow\/","url":"https:\/\/www.afmuseet.no\/nettbutikk\/produkt\/contemporary-blank-factory-yellow\/","name":"(CON)TEMPORARY Blank - Factory yellow &#8211; Astrup Fearnley Museet","isPartOf":{"@id":"https:\/\/www.afmuseet.no\/nettbutikk\/#website"},"primaryImageOfPage":{"@id":"https:\/\/www.afmuseet.no\/nettbutikk\/produkt\/contemporary-blank-factory-yellow\/#primaryimage"},"image":{"@id":"https:\/\/www.afmuseet.no\/nettbutikk\/produkt\/contemporary-blank-factory-yellow\/#primaryimage"},"thumbnailUrl":"https:\/\/www.afmuseet.no\/content\/uploads\/2024\/04\/Contemporary-Notatbok-kvadrat-1-scaled.jpg","datePublished":"2024-04-12T08:37:37+00:00","dateModified":"2025-04-29T08:57:23+00:00","description":"Finn unike og eksklusive kunstrelaterte produkter p\u00e5 Astrup Fearnley Museet sin Nettbutikk. Utforsk v\u00e5rt utvalg av kunstb\u00f8ker, plakater og mer.","breadcrumb":{"@id":"https:\/\/www.afmuseet.no\/nettbutikk\/produkt\/contemporary-blank-factory-yellow\/#breadcrumb"},"inLanguage":"en-US","potentialAction":[{"@type":"ReadAction","target":["https:\/\/www.afmuseet.no\/nettbutikk\/produkt\/contemporary-blank-factory-yellow\/"]}]},{"@type":"ImageObject","inLanguage":"en-US","@id":"https:\/\/www.afmuseet.no\/nettbutikk\/produkt\/contemporary-blank-factory-yellow\/#primaryimage","url":"https:\/\/www.afmuseet.no\/content\/uploads\/2024\/04\/Contemporary-Notatbok-kvadrat-1-scaled.jpg","contentUrl":"https:\/\/www.afmuseet.no\/content\/uploads\/2024\/04\/Contemporary-Notatbok-kvadrat-1-scaled.jpg","width":2560,"height":2560},{"@type":"BreadcrumbList","@id":"https:\/\/www.afmuseet.no\/nettbutikk\/produkt\/contemporary-blank-factory-yellow\/#breadcrumb","itemListElement":[{"@type":"ListItem","position":1,"name":"Hjem","item":"https:\/\/www.afmuseet.no\/nettbutikk\/en\/"},{"@type":"ListItem","position":2,"name":"Shop","item":"https:\/\/www.afmuseet.no\/nettbutikk\/shop\/"},{"@type":"ListItem","position":3,"name":"(CON)TEMPORARY Blank &#8211; Factory yellow"}]},{"@type":"WebSite","@id":"https:\/\/www.afmuseet.no\/nettbutikk\/#website","url":"https:\/\/www.afmuseet.no\/nettbutikk\/","name":"Astrup Fearnley Museet","description":"","potentialAction":[{"@type":"SearchAction","target":{"@type":"EntryPoint","urlTemplate":"https:\/\/www.afmuseet.no\/nettbutikk\/?s={search_term_string}"},"query-input":{"@type":"PropertyValueSpecification","valueRequired":true,"valueName":"search_term_string"}}],"inLanguage":"en-US"}]}},"acf":[],"lang":"nb","translations":{"nb":69522,"en":60873},"pll_sync_post":[],"_links":{"self":[{"href":"https:\/\/www.afmuseet.no\/nettbutikk\/wp-json\/wp\/v2\/product\/69522","targetHints":{"allow":["GET"]}}],"collection":[{"href":"https:\/\/www.afmuseet.no\/nettbutikk\/wp-json\/wp\/v2\/product"}],"about":[{"href":"https:\/\/www.afmuseet.no\/nettbutikk\/wp-json\/wp\/v2\/types\/product"}],"wp:featuredmedia":[{"embeddable":true,"href":"https:\/\/www.afmuseet.no\/nettbutikk\/wp-json\/wp\/v2\/media\/69524"}],"wp:attachment":[{"href":"https:\/\/www.afmuseet.no\/nettbutikk\/wp-json\/wp\/v2\/media?parent=69522"}],"wp:term":[{"taxonomy":"product_brand","embeddable":true,"href":"https:\/\/www.afmuseet.no\/nettbutikk\/wp-json\/wp\/v2\/product_brand?post=69522"},{"taxonomy":"product_cat","embeddable":true,"href":"https:\/\/www.afmuseet.no\/nettbutikk\/wp-json\/wp\/v2\/product_cat?post=69522"},{"taxonomy":"product_tag","embeddable":true,"href":"https:\/\/www.afmuseet.no\/nettbutikk\/wp-json\/wp\/v2\/product_tag?post=69522"}],"curies":[{"name":"wp","href":"https:\/\/api.w.org\/{rel}","templated":true}]}}