{"id":6654,"date":"2020-09-17T09:13:39","date_gmt":"2020-09-17T08:13:39","guid":{"rendered":"http:\/\/64.227.66.199\/?post_type=product&#038;p=6654"},"modified":"2026-01-24T09:15:10","modified_gmt":"2026-01-24T07:15:10","slug":"katalog-josh-kline-antibodies-2","status":"publish","type":"product","link":"https:\/\/www.afmuseet.no\/nettbutikk\/en\/product\/katalog-josh-kline-antibodies-2\/","title":{"rendered":"Josh Kline &#8211; Antibodies"},"content":{"rendered":"<p>About the artist:<\/p>\n<p>Josh Kline (b. 1979, Philadelphia, USA) lives and works in New York. His art has been exhibited internationally, including in solo exhibitions at Modern Art Oxford, Oxford, UK; Fondazione Sandretto Re Rebaudengo, Turin, Italy; Portland Art Museum, Portland, Oregon; Modern Art, London; and 47 Canal, New York. In 2019, his work was included in the 2019 Whitney Biennial; New Order: Art and Technology in the Twenty-First Century at the Museum of Modern Art, New York; and The Body Electric at Walker Art Center, Minneapolis. Kline\u2019s work is in the permanent collections of Astrup Fearnley Museet; Julia Stoschek Collection, Dusseldorf; Fondazione Sandretto Re Rebaudengo, Turin; and the Museum of Modern Art, The Whitney Museum, The Guggenheim in America, among others.<\/p>\n","protected":false},"excerpt":{"rendered":"<p>Josh Kline &#8211;<em> Antibodies<\/em>, is followed by a richly illustrated catalogue. It contains an introduction by director Solveig \u00d8vsteb\u00f8 and articles by curator Therese M\u00f6llenhoff, writer and art critic Domenick Ammirati and Lumi Tan, curator at The Kitchen in New York.<\/p>\n<p>Content:<br \/>\n<em>Foreword<\/em>\u00a0by Solveig \u00d8vsteb\u00f8<br \/>\n<em>Antibodies<\/em>\u00a0by Therese M\u00f6llenhoff<br \/>\n<em>After You<\/em>\u00a0by Lumi Tan<br \/>\n<em>The Communicating Object<\/em>\u00a0by Domenick Ammirati<\/p>\n<p>Language: English \/ Norwegian<br \/>\nNumber of pages: 256<br \/>\nEdition: 2000<br \/>\nISBN: 978-82-93654-17-9<\/p>\n","protected":false},"featured_media":23726,"template":"","meta":{"_acf_changed":false,"afm_hide_title":false,"_afm_post_new_title":"","afm_terms_sep_product_language":", ","afm_terms_sep_product_post_translations":", ","afm_terms_sep_product_product_brand":", ","afm_terms_sep_product_product_type":", ","afm_terms_sep_product_product_visibility":", ","afm_terms_sep_product_product_cat":", ","afm_terms_sep_product_product_tag":", ","afm_terms_sep_product_product_shipping_class":", ","afm_terms_sep_product_pos_product_visibility":", ","afm_terms_sep_product_pa_cindy-sherman-art-bag":", "},"product_brand":[],"product_cat":[172,92,111,95],"product_tag":[],"class_list":{"0":"post-6654","1":"product","2":"type-product","3":"status-publish","4":"has-post-thumbnail","6":"product_cat-3105-egne-kataloger","7":"product_cat-all-products","8":"product_cat-exhibition-catalogues-books","9":"product_cat-publications","10":"product_shipping_class-normal-katalog","12":"first","13":"instock","14":"purchasable","15":"product-type-simple"},"group_of_quantity":0,"min_quantity":0,"max_quantity":"","exclude_order_quantity_value_rules":"no","exclude_category_quantity_rules":"no","combine_variations":"no","yoast_head":"<!-- This site is optimized with the Yoast SEO Premium plugin v26.9 (Yoast SEO v26.9) - https:\/\/yoast.com\/product\/yoast-seo-premium-wordpress\/ -->\n<title>Josh Kline - Antibodies &#8211; Astrup Fearnley Museet<\/title>\n<meta name=\"description\" content=\"Exihibition catalogue John Kline - Antibodies is a a richly illustrated catalogue. Astrup Fearnley Museet in Oslo, Norway.\" \/>\n<meta name=\"robots\" content=\"index, follow, max-snippet:-1, max-image-preview:large, max-video-preview:-1\" \/>\n<link rel=\"canonical\" href=\"https:\/\/www.afmuseet.no\/nettbutikk\/en\/product\/katalog-josh-kline-antibodies-2\/\" \/>\n<meta property=\"og:locale\" content=\"en_US\" \/>\n<meta property=\"og:type\" content=\"article\" \/>\n<meta property=\"og:title\" content=\"Josh Kline - Antibodies\" \/>\n<meta property=\"og:description\" content=\"Exihibition catalogue John Kline - Antibodies is a a richly illustrated catalogue. Astrup Fearnley Museet in Oslo, Norway.\" \/>\n<meta property=\"og:url\" content=\"https:\/\/www.afmuseet.no\/nettbutikk\/en\/product\/katalog-josh-kline-antibodies-2\/\" \/>\n<meta property=\"og:site_name\" content=\"Astrup Fearnley Museet\" \/>\n<meta property=\"article:modified_time\" content=\"2026-01-24T07:15:10+00:00\" \/>\n<meta property=\"og:image\" content=\"https:\/\/www.afmuseet.no\/content\/uploads\/2020\/09\/Josh-Kline-katalog-Snip-SQUARE-1.jpg\" \/>\n\t<meta property=\"og:image:width\" content=\"844\" \/>\n\t<meta property=\"og:image:height\" content=\"844\" \/>\n\t<meta property=\"og:image:type\" content=\"image\/jpeg\" \/>\n<meta name=\"twitter:card\" content=\"summary_large_image\" \/>\n<meta name=\"twitter:label1\" content=\"Est. reading time\" \/>\n\t<meta name=\"twitter:data1\" content=\"1 minute\" \/>\n<script type=\"application\/ld+json\" class=\"yoast-schema-graph\">{\"@context\":\"https:\/\/schema.org\",\"@graph\":[{\"@type\":\"WebPage\",\"@id\":\"https:\/\/www.afmuseet.no\/nettbutikk\/en\/product\/katalog-josh-kline-antibodies-2\/\",\"url\":\"https:\/\/www.afmuseet.no\/nettbutikk\/en\/product\/katalog-josh-kline-antibodies-2\/\",\"name\":\"Josh Kline - Antibodies &#8211; Astrup Fearnley Museet\",\"isPartOf\":{\"@id\":\"https:\/\/www.afmuseet.no\/nettbutikk\/#website\"},\"primaryImageOfPage\":{\"@id\":\"https:\/\/www.afmuseet.no\/nettbutikk\/en\/product\/katalog-josh-kline-antibodies-2\/#primaryimage\"},\"image\":{\"@id\":\"https:\/\/www.afmuseet.no\/nettbutikk\/en\/product\/katalog-josh-kline-antibodies-2\/#primaryimage\"},\"thumbnailUrl\":\"https:\/\/www.afmuseet.no\/content\/uploads\/2020\/09\/Josh-Kline-katalog-Snip-SQUARE-1.jpg\",\"datePublished\":\"2020-09-17T08:13:39+00:00\",\"dateModified\":\"2026-01-24T07:15:10+00:00\",\"description\":\"Exihibition catalogue John Kline - Antibodies is a a richly illustrated catalogue. Astrup Fearnley Museet in Oslo, Norway.\",\"breadcrumb\":{\"@id\":\"https:\/\/www.afmuseet.no\/nettbutikk\/en\/product\/katalog-josh-kline-antibodies-2\/#breadcrumb\"},\"inLanguage\":\"en-US\",\"potentialAction\":[{\"@type\":\"ReadAction\",\"target\":[\"https:\/\/www.afmuseet.no\/nettbutikk\/en\/product\/katalog-josh-kline-antibodies-2\/\"]}]},{\"@type\":\"ImageObject\",\"inLanguage\":\"en-US\",\"@id\":\"https:\/\/www.afmuseet.no\/nettbutikk\/en\/product\/katalog-josh-kline-antibodies-2\/#primaryimage\",\"url\":\"https:\/\/www.afmuseet.no\/content\/uploads\/2020\/09\/Josh-Kline-katalog-Snip-SQUARE-1.jpg\",\"contentUrl\":\"https:\/\/www.afmuseet.no\/content\/uploads\/2020\/09\/Josh-Kline-katalog-Snip-SQUARE-1.jpg\",\"width\":844,\"height\":844},{\"@type\":\"BreadcrumbList\",\"@id\":\"https:\/\/www.afmuseet.no\/nettbutikk\/en\/product\/katalog-josh-kline-antibodies-2\/#breadcrumb\",\"itemListElement\":[{\"@type\":\"ListItem\",\"position\":1,\"name\":\"Hjem\",\"item\":\"https:\/\/www.afmuseet.no\/nettbutikk\/en\/\"},{\"@type\":\"ListItem\",\"position\":2,\"name\":\"Shop\",\"item\":\"https:\/\/www.afmuseet.no\/nettbutikk\/shop\/\"},{\"@type\":\"ListItem\",\"position\":3,\"name\":\"Josh Kline &#8211; Antibodies\"}]},{\"@type\":\"WebSite\",\"@id\":\"https:\/\/www.afmuseet.no\/nettbutikk\/#website\",\"url\":\"https:\/\/www.afmuseet.no\/nettbutikk\/\",\"name\":\"Astrup Fearnley Museet\",\"description\":\"\",\"potentialAction\":[{\"@type\":\"SearchAction\",\"target\":{\"@type\":\"EntryPoint\",\"urlTemplate\":\"https:\/\/www.afmuseet.no\/nettbutikk\/?s={search_term_string}\"},\"query-input\":{\"@type\":\"PropertyValueSpecification\",\"valueRequired\":true,\"valueName\":\"search_term_string\"}}],\"inLanguage\":\"en-US\"}]}<\/script>\n<!-- \/ Yoast SEO Premium plugin. -->","yoast_head_json":{"title":"Josh Kline - Antibodies &#8211; Astrup Fearnley Museet","description":"Exihibition catalogue John Kline - Antibodies is a a richly illustrated catalogue. Astrup Fearnley Museet in Oslo, Norway.","robots":{"index":"index","follow":"follow","max-snippet":"max-snippet:-1","max-image-preview":"max-image-preview:large","max-video-preview":"max-video-preview:-1"},"canonical":"https:\/\/www.afmuseet.no\/nettbutikk\/en\/product\/katalog-josh-kline-antibodies-2\/","og_locale":"en_US","og_type":"article","og_title":"Josh Kline - Antibodies","og_description":"Exihibition catalogue John Kline - Antibodies is a a richly illustrated catalogue. Astrup Fearnley Museet in Oslo, Norway.","og_url":"https:\/\/www.afmuseet.no\/nettbutikk\/en\/product\/katalog-josh-kline-antibodies-2\/","og_site_name":"Astrup Fearnley Museet","article_modified_time":"2026-01-24T07:15:10+00:00","og_image":[{"width":844,"height":844,"url":"https:\/\/www.afmuseet.no\/content\/uploads\/2020\/09\/Josh-Kline-katalog-Snip-SQUARE-1.jpg","type":"image\/jpeg"}],"twitter_card":"summary_large_image","twitter_misc":{"Est. reading time":"1 minute"},"schema":{"@context":"https:\/\/schema.org","@graph":[{"@type":"WebPage","@id":"https:\/\/www.afmuseet.no\/nettbutikk\/en\/product\/katalog-josh-kline-antibodies-2\/","url":"https:\/\/www.afmuseet.no\/nettbutikk\/en\/product\/katalog-josh-kline-antibodies-2\/","name":"Josh Kline - Antibodies &#8211; Astrup Fearnley Museet","isPartOf":{"@id":"https:\/\/www.afmuseet.no\/nettbutikk\/#website"},"primaryImageOfPage":{"@id":"https:\/\/www.afmuseet.no\/nettbutikk\/en\/product\/katalog-josh-kline-antibodies-2\/#primaryimage"},"image":{"@id":"https:\/\/www.afmuseet.no\/nettbutikk\/en\/product\/katalog-josh-kline-antibodies-2\/#primaryimage"},"thumbnailUrl":"https:\/\/www.afmuseet.no\/content\/uploads\/2020\/09\/Josh-Kline-katalog-Snip-SQUARE-1.jpg","datePublished":"2020-09-17T08:13:39+00:00","dateModified":"2026-01-24T07:15:10+00:00","description":"Exihibition catalogue John Kline - Antibodies is a a richly illustrated catalogue. Astrup Fearnley Museet in Oslo, Norway.","breadcrumb":{"@id":"https:\/\/www.afmuseet.no\/nettbutikk\/en\/product\/katalog-josh-kline-antibodies-2\/#breadcrumb"},"inLanguage":"en-US","potentialAction":[{"@type":"ReadAction","target":["https:\/\/www.afmuseet.no\/nettbutikk\/en\/product\/katalog-josh-kline-antibodies-2\/"]}]},{"@type":"ImageObject","inLanguage":"en-US","@id":"https:\/\/www.afmuseet.no\/nettbutikk\/en\/product\/katalog-josh-kline-antibodies-2\/#primaryimage","url":"https:\/\/www.afmuseet.no\/content\/uploads\/2020\/09\/Josh-Kline-katalog-Snip-SQUARE-1.jpg","contentUrl":"https:\/\/www.afmuseet.no\/content\/uploads\/2020\/09\/Josh-Kline-katalog-Snip-SQUARE-1.jpg","width":844,"height":844},{"@type":"BreadcrumbList","@id":"https:\/\/www.afmuseet.no\/nettbutikk\/en\/product\/katalog-josh-kline-antibodies-2\/#breadcrumb","itemListElement":[{"@type":"ListItem","position":1,"name":"Hjem","item":"https:\/\/www.afmuseet.no\/nettbutikk\/en\/"},{"@type":"ListItem","position":2,"name":"Shop","item":"https:\/\/www.afmuseet.no\/nettbutikk\/shop\/"},{"@type":"ListItem","position":3,"name":"Josh Kline &#8211; Antibodies"}]},{"@type":"WebSite","@id":"https:\/\/www.afmuseet.no\/nettbutikk\/#website","url":"https:\/\/www.afmuseet.no\/nettbutikk\/","name":"Astrup Fearnley Museet","description":"","potentialAction":[{"@type":"SearchAction","target":{"@type":"EntryPoint","urlTemplate":"https:\/\/www.afmuseet.no\/nettbutikk\/?s={search_term_string}"},"query-input":{"@type":"PropertyValueSpecification","valueRequired":true,"valueName":"search_term_string"}}],"inLanguage":"en-US"}]}},"acf":[],"lang":"en","translations":{"en":6654},"pll_sync_post":[],"_links":{"self":[{"href":"https:\/\/www.afmuseet.no\/nettbutikk\/wp-json\/wp\/v2\/product\/6654","targetHints":{"allow":["GET"]}}],"collection":[{"href":"https:\/\/www.afmuseet.no\/nettbutikk\/wp-json\/wp\/v2\/product"}],"about":[{"href":"https:\/\/www.afmuseet.no\/nettbutikk\/wp-json\/wp\/v2\/types\/product"}],"wp:featuredmedia":[{"embeddable":true,"href":"https:\/\/www.afmuseet.no\/nettbutikk\/wp-json\/wp\/v2\/media\/23726"}],"wp:attachment":[{"href":"https:\/\/www.afmuseet.no\/nettbutikk\/wp-json\/wp\/v2\/media?parent=6654"}],"wp:term":[{"taxonomy":"product_brand","embeddable":true,"href":"https:\/\/www.afmuseet.no\/nettbutikk\/wp-json\/wp\/v2\/product_brand?post=6654"},{"taxonomy":"product_cat","embeddable":true,"href":"https:\/\/www.afmuseet.no\/nettbutikk\/wp-json\/wp\/v2\/product_cat?post=6654"},{"taxonomy":"product_tag","embeddable":true,"href":"https:\/\/www.afmuseet.no\/nettbutikk\/wp-json\/wp\/v2\/product_tag?post=6654"}],"curies":[{"name":"wp","href":"https:\/\/api.w.org\/{rel}","templated":true}]}}