{"id":64572,"date":"2024-06-28T11:12:52","date_gmt":"2024-06-28T09:12:52","guid":{"rendered":"https:\/\/www.afmuseet.no\/nettbutikk\/?post_type=product&#038;p=64572"},"modified":"2024-08-11T10:35:45","modified_gmt":"2024-08-11T08:35:45","slug":"something-close-to-music","status":"publish","type":"product","link":"https:\/\/www.afmuseet.no\/nettbutikk\/en\/product\/something-close-to-music\/","title":{"rendered":"Something Close to Music"},"content":{"rendered":"<p>An intimate and unique collection of the work of John Ashbery\u2014a prolific poet and art critic\u2014pairing poetry and art writings with playlists of music from his personal library.<\/p>\n<p>This book places poetry by Ashbery (1927\u20132017), gathered from his later collections, in conversation with a selection of contemporaneous art writing. In addition, as Ashbery loved music and listened to it while writing, the \u201cplaylists\u201d here present samplings of music from these same years, culled from his own library of recordings. <\/p>\n<p>Ashbery\u2019s poetry is frequently described as ekphrastic, though, rather than writing a poem \u201cbased on\u201d or \u201cinspired\u201d by the content of an artwork or piece of music, he engages with how the experience of seeing it and the artistic strategies employed offer ways of thinking about it and through it. Many observations from Ashbery\u2019s art writing also provide keys to how we might read his poetry. Many recordings he listened to feature contemporary classical works that emphasize complex textures, disparate sounds, and disjunct phrases. Ashbery\u2019s poetry similarly plays with a diversity of poetic textures and sudden turns such that a reader might construct multiple narratives or pathways of meaning. He rarely offers linear stories or focuses on evocative descriptions of a scene or object. <\/p>\n<p>In exploring this ekphrastic book project, the reader is invited to discover how, for Ashbery, these three forms might illuminate and inform one another. In M\u00f3nica de la Torre\u2019s introduction, she explores the connection between the three muses of music, art, and poetry, and the ekphrastic experience of reading Ashbery.<\/p>\n","protected":false},"excerpt":{"rendered":"<p>Format: Pocket<br \/>\nUtgivelses\u00e5r: 2022<br \/>\nForlag: David Zwirner<br \/>\nSpr\u00e5k: Engelsk<br \/>\nAntall sider: 96<br \/>\nH\u00f8yde: 107 mm<br \/>\nBredde: 177 mm<br \/>\nLengde: 18 mm<br \/>\nVekt: 152 g<br \/>\nSerie: Ekphrasis<br \/>\nISBN: 9781644230701<\/p>\n","protected":false},"featured_media":0,"template":"","meta":{"_acf_changed":false,"afm_hide_title":false,"_afm_post_new_title":"","afm_terms_sep_product_language":", ","afm_terms_sep_product_post_translations":", ","afm_terms_sep_product_product_brand":", ","afm_terms_sep_product_product_type":", ","afm_terms_sep_product_product_visibility":", ","afm_terms_sep_product_product_cat":", ","afm_terms_sep_product_product_tag":", ","afm_terms_sep_product_product_shipping_class":", ","afm_terms_sep_product_pos_product_visibility":", ","afm_terms_sep_product_pa_cindy-sherman-art-bag":", "},"product_brand":[],"product_cat":[173,92],"product_tag":[],"class_list":{"0":"post-64572","1":"product","2":"type-product","3":"status-publish","5":"product_cat-3106-anskaffede-boker","6":"product_cat-all-products","7":"product_shipping_class-plakat","9":"first","10":"outofstock","11":"taxable","12":"shipping-taxable","13":"purchasable","14":"product-type-simple"},"group_of_quantity":0,"min_quantity":0,"max_quantity":"","exclude_order_quantity_value_rules":"no","exclude_category_quantity_rules":"no","combine_variations":"no","yoast_head":"<!-- This site is optimized with the Yoast SEO Premium plugin v26.9 (Yoast SEO v26.9) - https:\/\/yoast.com\/product\/yoast-seo-premium-wordpress\/ -->\n<title>Something Close to Music &#8211; Astrup Fearnley Museet<\/title>\n<meta name=\"description\" content=\"Finn unike og eksklusive kunstrelaterte produkter p\u00e5 Astrup Fearnley Museet sin Nettbutikk. Utforsk v\u00e5rt utvalg av kunstb\u00f8ker, plakater og mer.\" \/>\n<meta name=\"robots\" content=\"index, follow, max-snippet:-1, max-image-preview:large, max-video-preview:-1\" \/>\n<link rel=\"canonical\" href=\"https:\/\/www.afmuseet.no\/nettbutikk\/en\/product\/something-close-to-music\/\" \/>\n<meta property=\"og:locale\" content=\"en_US\" \/>\n<meta property=\"og:type\" content=\"article\" \/>\n<meta property=\"og:title\" content=\"Something Close to Music\" \/>\n<meta property=\"og:description\" content=\"Finn unike og eksklusive kunstrelaterte produkter p\u00e5 Astrup Fearnley Museet sin Nettbutikk. Utforsk v\u00e5rt utvalg av kunstb\u00f8ker, plakater og mer.\" \/>\n<meta property=\"og:url\" content=\"https:\/\/www.afmuseet.no\/nettbutikk\/en\/product\/something-close-to-music\/\" \/>\n<meta property=\"og:site_name\" content=\"Astrup Fearnley Museet\" \/>\n<meta property=\"article:modified_time\" content=\"2024-08-11T08:35:45+00:00\" \/>\n<meta name=\"twitter:card\" content=\"summary_large_image\" \/>\n<meta name=\"twitter:label1\" content=\"Est. reading time\" \/>\n\t<meta name=\"twitter:data1\" content=\"1 minute\" \/>\n<script type=\"application\/ld+json\" class=\"yoast-schema-graph\">{\"@context\":\"https:\/\/schema.org\",\"@graph\":[{\"@type\":\"WebPage\",\"@id\":\"https:\/\/www.afmuseet.no\/nettbutikk\/en\/product\/something-close-to-music\/\",\"url\":\"https:\/\/www.afmuseet.no\/nettbutikk\/en\/product\/something-close-to-music\/\",\"name\":\"Something Close to Music &#8211; Astrup Fearnley Museet\",\"isPartOf\":{\"@id\":\"https:\/\/www.afmuseet.no\/nettbutikk\/#website\"},\"datePublished\":\"2024-06-28T09:12:52+00:00\",\"dateModified\":\"2024-08-11T08:35:45+00:00\",\"description\":\"Finn unike og eksklusive kunstrelaterte produkter p\u00e5 Astrup Fearnley Museet sin Nettbutikk. Utforsk v\u00e5rt utvalg av kunstb\u00f8ker, plakater og mer.\",\"breadcrumb\":{\"@id\":\"https:\/\/www.afmuseet.no\/nettbutikk\/en\/product\/something-close-to-music\/#breadcrumb\"},\"inLanguage\":\"en-US\",\"potentialAction\":[{\"@type\":\"ReadAction\",\"target\":[\"https:\/\/www.afmuseet.no\/nettbutikk\/en\/product\/something-close-to-music\/\"]}]},{\"@type\":\"BreadcrumbList\",\"@id\":\"https:\/\/www.afmuseet.no\/nettbutikk\/en\/product\/something-close-to-music\/#breadcrumb\",\"itemListElement\":[{\"@type\":\"ListItem\",\"position\":1,\"name\":\"Hjem\",\"item\":\"https:\/\/www.afmuseet.no\/nettbutikk\/en\/\"},{\"@type\":\"ListItem\",\"position\":2,\"name\":\"Shop\",\"item\":\"https:\/\/www.afmuseet.no\/nettbutikk\/shop\/\"},{\"@type\":\"ListItem\",\"position\":3,\"name\":\"Something Close to Music\"}]},{\"@type\":\"WebSite\",\"@id\":\"https:\/\/www.afmuseet.no\/nettbutikk\/#website\",\"url\":\"https:\/\/www.afmuseet.no\/nettbutikk\/\",\"name\":\"Astrup Fearnley Museet\",\"description\":\"\",\"potentialAction\":[{\"@type\":\"SearchAction\",\"target\":{\"@type\":\"EntryPoint\",\"urlTemplate\":\"https:\/\/www.afmuseet.no\/nettbutikk\/?s={search_term_string}\"},\"query-input\":{\"@type\":\"PropertyValueSpecification\",\"valueRequired\":true,\"valueName\":\"search_term_string\"}}],\"inLanguage\":\"en-US\"}]}<\/script>\n<!-- \/ Yoast SEO Premium plugin. -->","yoast_head_json":{"title":"Something Close to Music &#8211; Astrup Fearnley Museet","description":"Finn unike og eksklusive kunstrelaterte produkter p\u00e5 Astrup Fearnley Museet sin Nettbutikk. Utforsk v\u00e5rt utvalg av kunstb\u00f8ker, plakater og mer.","robots":{"index":"index","follow":"follow","max-snippet":"max-snippet:-1","max-image-preview":"max-image-preview:large","max-video-preview":"max-video-preview:-1"},"canonical":"https:\/\/www.afmuseet.no\/nettbutikk\/en\/product\/something-close-to-music\/","og_locale":"en_US","og_type":"article","og_title":"Something Close to Music","og_description":"Finn unike og eksklusive kunstrelaterte produkter p\u00e5 Astrup Fearnley Museet sin Nettbutikk. Utforsk v\u00e5rt utvalg av kunstb\u00f8ker, plakater og mer.","og_url":"https:\/\/www.afmuseet.no\/nettbutikk\/en\/product\/something-close-to-music\/","og_site_name":"Astrup Fearnley Museet","article_modified_time":"2024-08-11T08:35:45+00:00","twitter_card":"summary_large_image","twitter_misc":{"Est. reading time":"1 minute"},"schema":{"@context":"https:\/\/schema.org","@graph":[{"@type":"WebPage","@id":"https:\/\/www.afmuseet.no\/nettbutikk\/en\/product\/something-close-to-music\/","url":"https:\/\/www.afmuseet.no\/nettbutikk\/en\/product\/something-close-to-music\/","name":"Something Close to Music &#8211; Astrup Fearnley Museet","isPartOf":{"@id":"https:\/\/www.afmuseet.no\/nettbutikk\/#website"},"datePublished":"2024-06-28T09:12:52+00:00","dateModified":"2024-08-11T08:35:45+00:00","description":"Finn unike og eksklusive kunstrelaterte produkter p\u00e5 Astrup Fearnley Museet sin Nettbutikk. Utforsk v\u00e5rt utvalg av kunstb\u00f8ker, plakater og mer.","breadcrumb":{"@id":"https:\/\/www.afmuseet.no\/nettbutikk\/en\/product\/something-close-to-music\/#breadcrumb"},"inLanguage":"en-US","potentialAction":[{"@type":"ReadAction","target":["https:\/\/www.afmuseet.no\/nettbutikk\/en\/product\/something-close-to-music\/"]}]},{"@type":"BreadcrumbList","@id":"https:\/\/www.afmuseet.no\/nettbutikk\/en\/product\/something-close-to-music\/#breadcrumb","itemListElement":[{"@type":"ListItem","position":1,"name":"Hjem","item":"https:\/\/www.afmuseet.no\/nettbutikk\/en\/"},{"@type":"ListItem","position":2,"name":"Shop","item":"https:\/\/www.afmuseet.no\/nettbutikk\/shop\/"},{"@type":"ListItem","position":3,"name":"Something Close to Music"}]},{"@type":"WebSite","@id":"https:\/\/www.afmuseet.no\/nettbutikk\/#website","url":"https:\/\/www.afmuseet.no\/nettbutikk\/","name":"Astrup Fearnley Museet","description":"","potentialAction":[{"@type":"SearchAction","target":{"@type":"EntryPoint","urlTemplate":"https:\/\/www.afmuseet.no\/nettbutikk\/?s={search_term_string}"},"query-input":{"@type":"PropertyValueSpecification","valueRequired":true,"valueName":"search_term_string"}}],"inLanguage":"en-US"}]}},"acf":[],"lang":"en","translations":{"en":64572},"pll_sync_post":[],"_links":{"self":[{"href":"https:\/\/www.afmuseet.no\/nettbutikk\/wp-json\/wp\/v2\/product\/64572","targetHints":{"allow":["GET"]}}],"collection":[{"href":"https:\/\/www.afmuseet.no\/nettbutikk\/wp-json\/wp\/v2\/product"}],"about":[{"href":"https:\/\/www.afmuseet.no\/nettbutikk\/wp-json\/wp\/v2\/types\/product"}],"wp:attachment":[{"href":"https:\/\/www.afmuseet.no\/nettbutikk\/wp-json\/wp\/v2\/media?parent=64572"}],"wp:term":[{"taxonomy":"product_brand","embeddable":true,"href":"https:\/\/www.afmuseet.no\/nettbutikk\/wp-json\/wp\/v2\/product_brand?post=64572"},{"taxonomy":"product_cat","embeddable":true,"href":"https:\/\/www.afmuseet.no\/nettbutikk\/wp-json\/wp\/v2\/product_cat?post=64572"},{"taxonomy":"product_tag","embeddable":true,"href":"https:\/\/www.afmuseet.no\/nettbutikk\/wp-json\/wp\/v2\/product_tag?post=64572"}],"curies":[{"name":"wp","href":"https:\/\/api.w.org\/{rel}","templated":true}]}}