{"id":63922,"date":"2024-06-13T13:45:02","date_gmt":"2024-06-13T11:45:02","guid":{"rendered":"https:\/\/www.afmuseet.no\/nettbutikk\/?post_type=product&#038;p=63922"},"modified":"2026-03-17T23:23:24","modified_gmt":"2026-03-17T21:23:24","slug":"art-bag-cauleen-smith","status":"publish","type":"product","link":"https:\/\/www.afmuseet.no\/nettbutikk\/produkt\/art-bag-cauleen-smith\/","title":{"rendered":"Art Bag Cauleen Smith"},"content":{"rendered":"","protected":false},"excerpt":{"rendered":"<p>Utstilling: <em>The Deep West Assembly<\/em><br \/>\nKunstner: Cauleen Smith<br \/>\nMateriale: Bomullskanvas<br \/>\nTeknikk: Digitaltrykk<br \/>\nSt\u00f8rrelse: 42 x 36 cm<br \/>\nH\u00e5ndtaksfall: 29 cm<br \/>\nBegrenset opplag<\/p>\n<p>\u00a9 Astrup Fearnley Museet<\/p>\n<p>&nbsp;<\/p>\n<p>Art Bag Cauleen Smith for utstillingen <em>The Deep West Assembley<\/em>, er en unik tote bag for enhver kunstelsker.<\/p>\n<p>Art Bag Cauleen Smith, kombinerer design med kunst. Denne tote bagen er laget av kvalitetsmaterialer som er n\u00f8ye utvalgt. Den er b\u00e5de funksjonell og estetisk tiltalende. Grafikken er digitaltrykket p\u00e5 slitesterkt bomullskanvas. Enkelt \u00e5 b\u00e6re uansett hvor du g\u00e5r. Enten du skal p\u00e5 jobb, trening eller en kunstutstilling, er denne art bagen perfekt for \u00e5 legge til stil og personlighet til antrekket ditt.<\/p>\n<p><strong>Som en forlengelse av de fleste utstillingene som vises p\u00e5 Astrup Fearnley Museet, produseres det solide tekstilvesker som er kjent som Art Bags. Tote bagene er et resultat av et tett samarbeid mellom kunstnere og Astrup Fearnley Museet. Eksklusivt tilgjengelig p\u00e5 Astrup Fearnley Museet i et begrenset opplag.<\/strong><\/p>\n","protected":false},"featured_media":63925,"template":"","meta":{"_acf_changed":false,"afm_hide_title":false,"_afm_post_new_title":"","afm_terms_sep_product_language":", ","afm_terms_sep_product_post_translations":", ","afm_terms_sep_product_product_brand":", ","afm_terms_sep_product_product_type":", ","afm_terms_sep_product_product_visibility":", ","afm_terms_sep_product_product_cat":", ","afm_terms_sep_product_product_tag":", ","afm_terms_sep_product_product_shipping_class":", ","afm_terms_sep_product_pos_product_visibility":", ","afm_terms_sep_product_pa_cindy-sherman-art-bag":", "},"product_brand":[],"product_cat":[284,317],"product_tag":[],"class_list":{"0":"post-63922","1":"product","2":"type-product","3":"status-publish","4":"has-post-thumbnail","6":"product_cat-3040-egenproduserte-artikler","7":"product_cat-art-bags","8":"product_shipping_class-art-bags","10":"first","11":"instock","12":"taxable","13":"shipping-taxable","14":"purchasable","15":"product-type-simple"},"group_of_quantity":0,"min_quantity":0,"max_quantity":"","exclude_order_quantity_value_rules":"no","exclude_category_quantity_rules":"no","combine_variations":"no","yoast_head":"<!-- This site is optimized with the Yoast SEO Premium plugin v26.9 (Yoast SEO v26.9) - https:\/\/yoast.com\/product\/yoast-seo-premium-wordpress\/ -->\n<title>Art Bag Cauleen Smith &#8211; Astrup Fearnley Museet<\/title>\n<meta name=\"description\" content=\"Finn unike og eksklusive kunstrelaterte produkter p\u00e5 Astrup Fearnley Museet sin Nettbutikk. Utforsk v\u00e5rt utvalg av kunstb\u00f8ker, plakater og mer.\" \/>\n<meta name=\"robots\" content=\"index, follow, max-snippet:-1, max-image-preview:large, max-video-preview:-1\" \/>\n<link rel=\"canonical\" href=\"https:\/\/www.afmuseet.no\/nettbutikk\/produkt\/art-bag-cauleen-smith\/\" \/>\n<meta property=\"og:locale\" content=\"en_US\" \/>\n<meta property=\"og:type\" content=\"article\" \/>\n<meta property=\"og:title\" content=\"Art Bag Cauleen Smith\" \/>\n<meta property=\"og:description\" content=\"Finn unike og eksklusive kunstrelaterte produkter p\u00e5 Astrup Fearnley Museet sin Nettbutikk. Utforsk v\u00e5rt utvalg av kunstb\u00f8ker, plakater og mer.\" \/>\n<meta property=\"og:url\" content=\"https:\/\/www.afmuseet.no\/nettbutikk\/produkt\/art-bag-cauleen-smith\/\" \/>\n<meta property=\"og:site_name\" content=\"Astrup Fearnley Museet\" \/>\n<meta property=\"article:modified_time\" content=\"2026-03-17T21:23:24+00:00\" \/>\n<meta property=\"og:image\" content=\"https:\/\/www.afmuseet.no\/content\/uploads\/2024\/06\/Art-Bag-Cauleen-Smith_ROSER-CLOSE-UP-scaled.jpg\" \/>\n\t<meta property=\"og:image:width\" content=\"2560\" \/>\n\t<meta property=\"og:image:height\" content=\"2560\" \/>\n\t<meta property=\"og:image:type\" content=\"image\/jpeg\" \/>\n<meta name=\"twitter:card\" content=\"summary_large_image\" \/>\n<meta name=\"twitter:label1\" content=\"Est. reading time\" \/>\n\t<meta name=\"twitter:data1\" content=\"1 minute\" \/>\n<script type=\"application\/ld+json\" class=\"yoast-schema-graph\">{\"@context\":\"https:\/\/schema.org\",\"@graph\":[{\"@type\":\"WebPage\",\"@id\":\"https:\/\/www.afmuseet.no\/nettbutikk\/produkt\/art-bag-cauleen-smith\/\",\"url\":\"https:\/\/www.afmuseet.no\/nettbutikk\/produkt\/art-bag-cauleen-smith\/\",\"name\":\"Art Bag Cauleen Smith &#8211; Astrup Fearnley Museet\",\"isPartOf\":{\"@id\":\"https:\/\/www.afmuseet.no\/nettbutikk\/#website\"},\"primaryImageOfPage\":{\"@id\":\"https:\/\/www.afmuseet.no\/nettbutikk\/produkt\/art-bag-cauleen-smith\/#primaryimage\"},\"image\":{\"@id\":\"https:\/\/www.afmuseet.no\/nettbutikk\/produkt\/art-bag-cauleen-smith\/#primaryimage\"},\"thumbnailUrl\":\"https:\/\/www.afmuseet.no\/content\/uploads\/2024\/06\/Art-Bag-Cauleen-Smith_ROSER-CLOSE-UP-scaled.jpg\",\"datePublished\":\"2024-06-13T11:45:02+00:00\",\"dateModified\":\"2026-03-17T21:23:24+00:00\",\"description\":\"Finn unike og eksklusive kunstrelaterte produkter p\u00e5 Astrup Fearnley Museet sin Nettbutikk. Utforsk v\u00e5rt utvalg av kunstb\u00f8ker, plakater og mer.\",\"breadcrumb\":{\"@id\":\"https:\/\/www.afmuseet.no\/nettbutikk\/produkt\/art-bag-cauleen-smith\/#breadcrumb\"},\"inLanguage\":\"en-US\",\"potentialAction\":[{\"@type\":\"ReadAction\",\"target\":[\"https:\/\/www.afmuseet.no\/nettbutikk\/produkt\/art-bag-cauleen-smith\/\"]}]},{\"@type\":\"ImageObject\",\"inLanguage\":\"en-US\",\"@id\":\"https:\/\/www.afmuseet.no\/nettbutikk\/produkt\/art-bag-cauleen-smith\/#primaryimage\",\"url\":\"https:\/\/www.afmuseet.no\/content\/uploads\/2024\/06\/Art-Bag-Cauleen-Smith_ROSER-CLOSE-UP-scaled.jpg\",\"contentUrl\":\"https:\/\/www.afmuseet.no\/content\/uploads\/2024\/06\/Art-Bag-Cauleen-Smith_ROSER-CLOSE-UP-scaled.jpg\",\"width\":2560,\"height\":2560},{\"@type\":\"BreadcrumbList\",\"@id\":\"https:\/\/www.afmuseet.no\/nettbutikk\/produkt\/art-bag-cauleen-smith\/#breadcrumb\",\"itemListElement\":[{\"@type\":\"ListItem\",\"position\":1,\"name\":\"Hjem\",\"item\":\"https:\/\/www.afmuseet.no\/nettbutikk\/en\/\"},{\"@type\":\"ListItem\",\"position\":2,\"name\":\"Shop\",\"item\":\"https:\/\/www.afmuseet.no\/nettbutikk\/shop\/\"},{\"@type\":\"ListItem\",\"position\":3,\"name\":\"Art Bag Cauleen Smith\"}]},{\"@type\":\"WebSite\",\"@id\":\"https:\/\/www.afmuseet.no\/nettbutikk\/#website\",\"url\":\"https:\/\/www.afmuseet.no\/nettbutikk\/\",\"name\":\"Astrup Fearnley Museet\",\"description\":\"\",\"potentialAction\":[{\"@type\":\"SearchAction\",\"target\":{\"@type\":\"EntryPoint\",\"urlTemplate\":\"https:\/\/www.afmuseet.no\/nettbutikk\/?s={search_term_string}\"},\"query-input\":{\"@type\":\"PropertyValueSpecification\",\"valueRequired\":true,\"valueName\":\"search_term_string\"}}],\"inLanguage\":\"en-US\"}]}<\/script>\n<!-- \/ Yoast SEO Premium plugin. -->","yoast_head_json":{"title":"Art Bag Cauleen Smith &#8211; Astrup Fearnley Museet","description":"Finn unike og eksklusive kunstrelaterte produkter p\u00e5 Astrup Fearnley Museet sin Nettbutikk. Utforsk v\u00e5rt utvalg av kunstb\u00f8ker, plakater og mer.","robots":{"index":"index","follow":"follow","max-snippet":"max-snippet:-1","max-image-preview":"max-image-preview:large","max-video-preview":"max-video-preview:-1"},"canonical":"https:\/\/www.afmuseet.no\/nettbutikk\/produkt\/art-bag-cauleen-smith\/","og_locale":"en_US","og_type":"article","og_title":"Art Bag Cauleen Smith","og_description":"Finn unike og eksklusive kunstrelaterte produkter p\u00e5 Astrup Fearnley Museet sin Nettbutikk. Utforsk v\u00e5rt utvalg av kunstb\u00f8ker, plakater og mer.","og_url":"https:\/\/www.afmuseet.no\/nettbutikk\/produkt\/art-bag-cauleen-smith\/","og_site_name":"Astrup Fearnley Museet","article_modified_time":"2026-03-17T21:23:24+00:00","og_image":[{"width":2560,"height":2560,"url":"https:\/\/www.afmuseet.no\/content\/uploads\/2024\/06\/Art-Bag-Cauleen-Smith_ROSER-CLOSE-UP-scaled.jpg","type":"image\/jpeg"}],"twitter_card":"summary_large_image","twitter_misc":{"Est. reading time":"1 minute"},"schema":{"@context":"https:\/\/schema.org","@graph":[{"@type":"WebPage","@id":"https:\/\/www.afmuseet.no\/nettbutikk\/produkt\/art-bag-cauleen-smith\/","url":"https:\/\/www.afmuseet.no\/nettbutikk\/produkt\/art-bag-cauleen-smith\/","name":"Art Bag Cauleen Smith &#8211; Astrup Fearnley Museet","isPartOf":{"@id":"https:\/\/www.afmuseet.no\/nettbutikk\/#website"},"primaryImageOfPage":{"@id":"https:\/\/www.afmuseet.no\/nettbutikk\/produkt\/art-bag-cauleen-smith\/#primaryimage"},"image":{"@id":"https:\/\/www.afmuseet.no\/nettbutikk\/produkt\/art-bag-cauleen-smith\/#primaryimage"},"thumbnailUrl":"https:\/\/www.afmuseet.no\/content\/uploads\/2024\/06\/Art-Bag-Cauleen-Smith_ROSER-CLOSE-UP-scaled.jpg","datePublished":"2024-06-13T11:45:02+00:00","dateModified":"2026-03-17T21:23:24+00:00","description":"Finn unike og eksklusive kunstrelaterte produkter p\u00e5 Astrup Fearnley Museet sin Nettbutikk. Utforsk v\u00e5rt utvalg av kunstb\u00f8ker, plakater og mer.","breadcrumb":{"@id":"https:\/\/www.afmuseet.no\/nettbutikk\/produkt\/art-bag-cauleen-smith\/#breadcrumb"},"inLanguage":"en-US","potentialAction":[{"@type":"ReadAction","target":["https:\/\/www.afmuseet.no\/nettbutikk\/produkt\/art-bag-cauleen-smith\/"]}]},{"@type":"ImageObject","inLanguage":"en-US","@id":"https:\/\/www.afmuseet.no\/nettbutikk\/produkt\/art-bag-cauleen-smith\/#primaryimage","url":"https:\/\/www.afmuseet.no\/content\/uploads\/2024\/06\/Art-Bag-Cauleen-Smith_ROSER-CLOSE-UP-scaled.jpg","contentUrl":"https:\/\/www.afmuseet.no\/content\/uploads\/2024\/06\/Art-Bag-Cauleen-Smith_ROSER-CLOSE-UP-scaled.jpg","width":2560,"height":2560},{"@type":"BreadcrumbList","@id":"https:\/\/www.afmuseet.no\/nettbutikk\/produkt\/art-bag-cauleen-smith\/#breadcrumb","itemListElement":[{"@type":"ListItem","position":1,"name":"Hjem","item":"https:\/\/www.afmuseet.no\/nettbutikk\/en\/"},{"@type":"ListItem","position":2,"name":"Shop","item":"https:\/\/www.afmuseet.no\/nettbutikk\/shop\/"},{"@type":"ListItem","position":3,"name":"Art Bag Cauleen Smith"}]},{"@type":"WebSite","@id":"https:\/\/www.afmuseet.no\/nettbutikk\/#website","url":"https:\/\/www.afmuseet.no\/nettbutikk\/","name":"Astrup Fearnley Museet","description":"","potentialAction":[{"@type":"SearchAction","target":{"@type":"EntryPoint","urlTemplate":"https:\/\/www.afmuseet.no\/nettbutikk\/?s={search_term_string}"},"query-input":{"@type":"PropertyValueSpecification","valueRequired":true,"valueName":"search_term_string"}}],"inLanguage":"en-US"}]}},"acf":[],"lang":"nb","translations":{"nb":63922,"en":63921},"pll_sync_post":[],"_links":{"self":[{"href":"https:\/\/www.afmuseet.no\/nettbutikk\/wp-json\/wp\/v2\/product\/63922","targetHints":{"allow":["GET"]}}],"collection":[{"href":"https:\/\/www.afmuseet.no\/nettbutikk\/wp-json\/wp\/v2\/product"}],"about":[{"href":"https:\/\/www.afmuseet.no\/nettbutikk\/wp-json\/wp\/v2\/types\/product"}],"wp:featuredmedia":[{"embeddable":true,"href":"https:\/\/www.afmuseet.no\/nettbutikk\/wp-json\/wp\/v2\/media\/63925"}],"wp:attachment":[{"href":"https:\/\/www.afmuseet.no\/nettbutikk\/wp-json\/wp\/v2\/media?parent=63922"}],"wp:term":[{"taxonomy":"product_brand","embeddable":true,"href":"https:\/\/www.afmuseet.no\/nettbutikk\/wp-json\/wp\/v2\/product_brand?post=63922"},{"taxonomy":"product_cat","embeddable":true,"href":"https:\/\/www.afmuseet.no\/nettbutikk\/wp-json\/wp\/v2\/product_cat?post=63922"},{"taxonomy":"product_tag","embeddable":true,"href":"https:\/\/www.afmuseet.no\/nettbutikk\/wp-json\/wp\/v2\/product_tag?post=63922"}],"curies":[{"name":"wp","href":"https:\/\/api.w.org\/{rel}","templated":true}]}}