{"id":57105,"date":"2024-02-14T10:54:09","date_gmt":"2024-02-14T08:54:09","guid":{"rendered":"https:\/\/www.afmuseet.no\/nettbutikk\/?post_type=product&#038;p=57105"},"modified":"2025-12-15T09:40:14","modified_gmt":"2025-12-15T07:40:14","slug":"oiseaux-real-and-imaginary-chromatic-inventory","status":"publish","type":"product","link":"https:\/\/www.afmuseet.no\/nettbutikk\/en\/product\/oiseaux-real-and-imaginary-chromatic-inventory\/","title":{"rendered":"Oiseaux &#8211; Real And Imaginary Chromatic Inventory"},"content":{"rendered":"<p>Oiseaux is an aviary of 200 drawings made by Jochen Gerner between February 2019 and September 2020. Each of these birds was drawn with pigmented Indian ink felt pens on small-format school notebooks from China and India, on which lines and squares of different sizes appear. <\/p>\n<p>The series constitutes a graphic experiment aimed at exploring the potential of the grid, the superimposition of lines and the association of a reduced number of colours in the creation of feathers. By mixing dreamed and real birds, Gerner questions the links between the imaginary and reality in our daily lives, and teaches us that the fantastic is often to be found in the reality of everyday life.<\/p>\n<p>The book includes a text in french written by the philosopher Emanuele Coccia.<\/p>\n<p>Author: Jochen Gerner<br \/>\nPublisher and imprint: Editions B42, 2021<br \/>\nLanguage: French<br \/>\nNumber of pages: 224, ills colour<br \/>\nWeight: 626g<br \/>\nHeight: 177mm<br \/>\nWidth: 243mm<br \/>\nSpine width: 25mm<br \/>\nISBN: 9782490077502<\/p>\n","protected":false},"excerpt":{"rendered":"<p>Oiseaux is an aviary of 200 drawings made by Jochen Gerner between February 2019 and September 2020. Each of these birds was drawn with pigmented Indian ink felt pens on small-format school notebooks from China and India, on which lines and squares of different sizes appear. <\/p>\n","protected":false},"featured_media":58731,"template":"","meta":{"_acf_changed":false,"afm_hide_title":false,"_afm_post_new_title":"","afm_terms_sep_product_language":", ","afm_terms_sep_product_post_translations":", ","afm_terms_sep_product_product_brand":", ","afm_terms_sep_product_product_type":", ","afm_terms_sep_product_product_visibility":", ","afm_terms_sep_product_product_cat":", ","afm_terms_sep_product_product_tag":", ","afm_terms_sep_product_product_shipping_class":", ","afm_terms_sep_product_pos_product_visibility":", ","afm_terms_sep_product_pa_cindy-sherman-art-bag":", "},"product_brand":[],"product_cat":[173,114],"product_tag":[],"class_list":{"0":"post-57105","1":"product","2":"type-product","3":"status-publish","4":"has-post-thumbnail","6":"product_cat-3106-anskaffede-boker","7":"product_cat-art-books","8":"product_shipping_class-div-product","10":"first","11":"instock","12":"taxable","13":"shipping-taxable","14":"purchasable","15":"product-type-simple"},"group_of_quantity":0,"min_quantity":0,"max_quantity":"","exclude_order_quantity_value_rules":"no","exclude_category_quantity_rules":"no","combine_variations":"no","yoast_head":"<!-- This site is optimized with the Yoast SEO Premium plugin v26.9 (Yoast SEO v26.9) - https:\/\/yoast.com\/product\/yoast-seo-premium-wordpress\/ -->\n<title>Oiseaux - Real And Imaginary Chromatic Inventory &#8211; Astrup Fearnley Museet<\/title>\n<meta name=\"description\" content=\"Finn unike og eksklusive kunstrelaterte produkter p\u00e5 Astrup Fearnley Museet sin Nettbutikk. Utforsk v\u00e5rt utvalg av kunstb\u00f8ker, plakater og mer.\" \/>\n<meta name=\"robots\" content=\"index, follow, max-snippet:-1, max-image-preview:large, max-video-preview:-1\" \/>\n<link rel=\"canonical\" href=\"https:\/\/www.afmuseet.no\/nettbutikk\/en\/product\/oiseaux-real-and-imaginary-chromatic-inventory\/\" \/>\n<meta property=\"og:locale\" content=\"en_US\" \/>\n<meta property=\"og:type\" content=\"article\" \/>\n<meta property=\"og:title\" content=\"Oiseaux - Real And Imaginary Chromatic Inventory\" \/>\n<meta property=\"og:description\" content=\"Finn unike og eksklusive kunstrelaterte produkter p\u00e5 Astrup Fearnley Museet sin Nettbutikk. Utforsk v\u00e5rt utvalg av kunstb\u00f8ker, plakater og mer.\" \/>\n<meta property=\"og:url\" content=\"https:\/\/www.afmuseet.no\/nettbutikk\/en\/product\/oiseaux-real-and-imaginary-chromatic-inventory\/\" \/>\n<meta property=\"og:site_name\" content=\"Astrup Fearnley Museet\" \/>\n<meta property=\"article:modified_time\" content=\"2025-12-15T07:40:14+00:00\" \/>\n<meta property=\"og:image\" content=\"https:\/\/www.afmuseet.no\/content\/uploads\/2024\/02\/b42-150-oiseaux-site_reedition_1-2-1024x683-2.jpg\" \/>\n\t<meta property=\"og:image:width\" content=\"683\" \/>\n\t<meta property=\"og:image:height\" content=\"683\" \/>\n\t<meta property=\"og:image:type\" content=\"image\/jpeg\" \/>\n<meta name=\"twitter:card\" content=\"summary_large_image\" \/>\n<meta name=\"twitter:label1\" content=\"Est. reading time\" \/>\n\t<meta name=\"twitter:data1\" content=\"1 minute\" \/>\n<script type=\"application\/ld+json\" class=\"yoast-schema-graph\">{\"@context\":\"https:\/\/schema.org\",\"@graph\":[{\"@type\":\"WebPage\",\"@id\":\"https:\/\/www.afmuseet.no\/nettbutikk\/en\/product\/oiseaux-real-and-imaginary-chromatic-inventory\/\",\"url\":\"https:\/\/www.afmuseet.no\/nettbutikk\/en\/product\/oiseaux-real-and-imaginary-chromatic-inventory\/\",\"name\":\"Oiseaux - Real And Imaginary Chromatic Inventory &#8211; Astrup Fearnley Museet\",\"isPartOf\":{\"@id\":\"https:\/\/www.afmuseet.no\/nettbutikk\/#website\"},\"primaryImageOfPage\":{\"@id\":\"https:\/\/www.afmuseet.no\/nettbutikk\/en\/product\/oiseaux-real-and-imaginary-chromatic-inventory\/#primaryimage\"},\"image\":{\"@id\":\"https:\/\/www.afmuseet.no\/nettbutikk\/en\/product\/oiseaux-real-and-imaginary-chromatic-inventory\/#primaryimage\"},\"thumbnailUrl\":\"https:\/\/www.afmuseet.no\/content\/uploads\/2024\/02\/b42-150-oiseaux-site_reedition_1-2-1024x683-2.jpg\",\"datePublished\":\"2024-02-14T08:54:09+00:00\",\"dateModified\":\"2025-12-15T07:40:14+00:00\",\"description\":\"Finn unike og eksklusive kunstrelaterte produkter p\u00e5 Astrup Fearnley Museet sin Nettbutikk. Utforsk v\u00e5rt utvalg av kunstb\u00f8ker, plakater og mer.\",\"breadcrumb\":{\"@id\":\"https:\/\/www.afmuseet.no\/nettbutikk\/en\/product\/oiseaux-real-and-imaginary-chromatic-inventory\/#breadcrumb\"},\"inLanguage\":\"en-US\",\"potentialAction\":[{\"@type\":\"ReadAction\",\"target\":[\"https:\/\/www.afmuseet.no\/nettbutikk\/en\/product\/oiseaux-real-and-imaginary-chromatic-inventory\/\"]}]},{\"@type\":\"ImageObject\",\"inLanguage\":\"en-US\",\"@id\":\"https:\/\/www.afmuseet.no\/nettbutikk\/en\/product\/oiseaux-real-and-imaginary-chromatic-inventory\/#primaryimage\",\"url\":\"https:\/\/www.afmuseet.no\/content\/uploads\/2024\/02\/b42-150-oiseaux-site_reedition_1-2-1024x683-2.jpg\",\"contentUrl\":\"https:\/\/www.afmuseet.no\/content\/uploads\/2024\/02\/b42-150-oiseaux-site_reedition_1-2-1024x683-2.jpg\",\"width\":683,\"height\":683},{\"@type\":\"BreadcrumbList\",\"@id\":\"https:\/\/www.afmuseet.no\/nettbutikk\/en\/product\/oiseaux-real-and-imaginary-chromatic-inventory\/#breadcrumb\",\"itemListElement\":[{\"@type\":\"ListItem\",\"position\":1,\"name\":\"Hjem\",\"item\":\"https:\/\/www.afmuseet.no\/nettbutikk\/en\/\"},{\"@type\":\"ListItem\",\"position\":2,\"name\":\"Shop\",\"item\":\"https:\/\/www.afmuseet.no\/nettbutikk\/shop\/\"},{\"@type\":\"ListItem\",\"position\":3,\"name\":\"Oiseaux &#8211; Real And Imaginary Chromatic Inventory\"}]},{\"@type\":\"WebSite\",\"@id\":\"https:\/\/www.afmuseet.no\/nettbutikk\/#website\",\"url\":\"https:\/\/www.afmuseet.no\/nettbutikk\/\",\"name\":\"Astrup Fearnley Museet\",\"description\":\"\",\"potentialAction\":[{\"@type\":\"SearchAction\",\"target\":{\"@type\":\"EntryPoint\",\"urlTemplate\":\"https:\/\/www.afmuseet.no\/nettbutikk\/?s={search_term_string}\"},\"query-input\":{\"@type\":\"PropertyValueSpecification\",\"valueRequired\":true,\"valueName\":\"search_term_string\"}}],\"inLanguage\":\"en-US\"}]}<\/script>\n<!-- \/ Yoast SEO Premium plugin. -->","yoast_head_json":{"title":"Oiseaux - Real And Imaginary Chromatic Inventory &#8211; Astrup Fearnley Museet","description":"Finn unike og eksklusive kunstrelaterte produkter p\u00e5 Astrup Fearnley Museet sin Nettbutikk. Utforsk v\u00e5rt utvalg av kunstb\u00f8ker, plakater og mer.","robots":{"index":"index","follow":"follow","max-snippet":"max-snippet:-1","max-image-preview":"max-image-preview:large","max-video-preview":"max-video-preview:-1"},"canonical":"https:\/\/www.afmuseet.no\/nettbutikk\/en\/product\/oiseaux-real-and-imaginary-chromatic-inventory\/","og_locale":"en_US","og_type":"article","og_title":"Oiseaux - Real And Imaginary Chromatic Inventory","og_description":"Finn unike og eksklusive kunstrelaterte produkter p\u00e5 Astrup Fearnley Museet sin Nettbutikk. Utforsk v\u00e5rt utvalg av kunstb\u00f8ker, plakater og mer.","og_url":"https:\/\/www.afmuseet.no\/nettbutikk\/en\/product\/oiseaux-real-and-imaginary-chromatic-inventory\/","og_site_name":"Astrup Fearnley Museet","article_modified_time":"2025-12-15T07:40:14+00:00","og_image":[{"width":683,"height":683,"url":"https:\/\/www.afmuseet.no\/content\/uploads\/2024\/02\/b42-150-oiseaux-site_reedition_1-2-1024x683-2.jpg","type":"image\/jpeg"}],"twitter_card":"summary_large_image","twitter_misc":{"Est. reading time":"1 minute"},"schema":{"@context":"https:\/\/schema.org","@graph":[{"@type":"WebPage","@id":"https:\/\/www.afmuseet.no\/nettbutikk\/en\/product\/oiseaux-real-and-imaginary-chromatic-inventory\/","url":"https:\/\/www.afmuseet.no\/nettbutikk\/en\/product\/oiseaux-real-and-imaginary-chromatic-inventory\/","name":"Oiseaux - Real And Imaginary Chromatic Inventory &#8211; Astrup Fearnley Museet","isPartOf":{"@id":"https:\/\/www.afmuseet.no\/nettbutikk\/#website"},"primaryImageOfPage":{"@id":"https:\/\/www.afmuseet.no\/nettbutikk\/en\/product\/oiseaux-real-and-imaginary-chromatic-inventory\/#primaryimage"},"image":{"@id":"https:\/\/www.afmuseet.no\/nettbutikk\/en\/product\/oiseaux-real-and-imaginary-chromatic-inventory\/#primaryimage"},"thumbnailUrl":"https:\/\/www.afmuseet.no\/content\/uploads\/2024\/02\/b42-150-oiseaux-site_reedition_1-2-1024x683-2.jpg","datePublished":"2024-02-14T08:54:09+00:00","dateModified":"2025-12-15T07:40:14+00:00","description":"Finn unike og eksklusive kunstrelaterte produkter p\u00e5 Astrup Fearnley Museet sin Nettbutikk. Utforsk v\u00e5rt utvalg av kunstb\u00f8ker, plakater og mer.","breadcrumb":{"@id":"https:\/\/www.afmuseet.no\/nettbutikk\/en\/product\/oiseaux-real-and-imaginary-chromatic-inventory\/#breadcrumb"},"inLanguage":"en-US","potentialAction":[{"@type":"ReadAction","target":["https:\/\/www.afmuseet.no\/nettbutikk\/en\/product\/oiseaux-real-and-imaginary-chromatic-inventory\/"]}]},{"@type":"ImageObject","inLanguage":"en-US","@id":"https:\/\/www.afmuseet.no\/nettbutikk\/en\/product\/oiseaux-real-and-imaginary-chromatic-inventory\/#primaryimage","url":"https:\/\/www.afmuseet.no\/content\/uploads\/2024\/02\/b42-150-oiseaux-site_reedition_1-2-1024x683-2.jpg","contentUrl":"https:\/\/www.afmuseet.no\/content\/uploads\/2024\/02\/b42-150-oiseaux-site_reedition_1-2-1024x683-2.jpg","width":683,"height":683},{"@type":"BreadcrumbList","@id":"https:\/\/www.afmuseet.no\/nettbutikk\/en\/product\/oiseaux-real-and-imaginary-chromatic-inventory\/#breadcrumb","itemListElement":[{"@type":"ListItem","position":1,"name":"Hjem","item":"https:\/\/www.afmuseet.no\/nettbutikk\/en\/"},{"@type":"ListItem","position":2,"name":"Shop","item":"https:\/\/www.afmuseet.no\/nettbutikk\/shop\/"},{"@type":"ListItem","position":3,"name":"Oiseaux &#8211; Real And Imaginary Chromatic Inventory"}]},{"@type":"WebSite","@id":"https:\/\/www.afmuseet.no\/nettbutikk\/#website","url":"https:\/\/www.afmuseet.no\/nettbutikk\/","name":"Astrup Fearnley Museet","description":"","potentialAction":[{"@type":"SearchAction","target":{"@type":"EntryPoint","urlTemplate":"https:\/\/www.afmuseet.no\/nettbutikk\/?s={search_term_string}"},"query-input":{"@type":"PropertyValueSpecification","valueRequired":true,"valueName":"search_term_string"}}],"inLanguage":"en-US"}]}},"acf":[],"lang":"en","translations":{"en":57105,"nb":58735},"pll_sync_post":[],"_links":{"self":[{"href":"https:\/\/www.afmuseet.no\/nettbutikk\/wp-json\/wp\/v2\/product\/57105","targetHints":{"allow":["GET"]}}],"collection":[{"href":"https:\/\/www.afmuseet.no\/nettbutikk\/wp-json\/wp\/v2\/product"}],"about":[{"href":"https:\/\/www.afmuseet.no\/nettbutikk\/wp-json\/wp\/v2\/types\/product"}],"wp:featuredmedia":[{"embeddable":true,"href":"https:\/\/www.afmuseet.no\/nettbutikk\/wp-json\/wp\/v2\/media\/58731"}],"wp:attachment":[{"href":"https:\/\/www.afmuseet.no\/nettbutikk\/wp-json\/wp\/v2\/media?parent=57105"}],"wp:term":[{"taxonomy":"product_brand","embeddable":true,"href":"https:\/\/www.afmuseet.no\/nettbutikk\/wp-json\/wp\/v2\/product_brand?post=57105"},{"taxonomy":"product_cat","embeddable":true,"href":"https:\/\/www.afmuseet.no\/nettbutikk\/wp-json\/wp\/v2\/product_cat?post=57105"},{"taxonomy":"product_tag","embeddable":true,"href":"https:\/\/www.afmuseet.no\/nettbutikk\/wp-json\/wp\/v2\/product_tag?post=57105"}],"curies":[{"name":"wp","href":"https:\/\/api.w.org\/{rel}","templated":true}]}}