{"id":55081,"date":"2024-01-25T10:51:52","date_gmt":"2024-01-25T08:51:52","guid":{"rendered":"https:\/\/www.afmuseet.no\/nettbutikk\/?post_type=product&#038;p=55081"},"modified":"2026-04-25T12:45:08","modified_gmt":"2026-04-25T10:45:08","slug":"poster-leonard-rickhard-stillheten-brytes-ved-daggry","status":"publish","type":"product","link":"https:\/\/www.afmuseet.no\/nettbutikk\/en\/product\/poster-leonard-rickhard-stillheten-brytes-ved-daggry\/","title":{"rendered":"Poster Leonard Rickhard &#8211; Stillheten brytes ved daggry (detalj) 2"},"content":{"rendered":"<p>This special edition poster is inspired by the artwork <em>Stillheten brytes ved daggry<\/em> (detail), 2014-2023, printed on a special art paper, in a limited run.<\/p>\n<p>Throughout a long artistic career, Leonard Rickhard has cultivated a distinctive, easily recognisable style\u2014a visual signature all of its own within recent Norwegian art history.<br \/>\nLeonard Rickhard (1945\u20132024) lived and worked in Arendal, Norway. He was educated at the National Academy of Applied Arts and the National Academy of Fine Arts (Oslo, Norway, 1966\u20131972). Earlier solo exhibitions include, among others, Trondheim Kunstmuseum (2020), ARoS (2016), Bomuldsfabriken Kunsthall (2012), Festspillutstillingen, Bergen Kunsthall (2009), S\u00f8rlandet Kunstmuseum (2005), Astrup Fearnley Museet (2001), and Lillehammer Kunstmuseum (1996).<\/p>\n","protected":false},"excerpt":{"rendered":"<p>Artist: Leonard Rickhard,<em>Stillheten brytes ved daggry<\/em> (detail), 2014-2023<br \/>\nExhibition: <em>Leonard Rickhard: Between Construction and Collapse<\/em><br \/>\nDimensions: 50 x 60 cm<br \/>\nPaper: 250g Galeri Art Matt<br \/>\nPhoto: Helle Holm<\/p>\n<p>\u00a9 Astrup Fearnley Museet 2024<\/p>\n","protected":false},"featured_media":55727,"template":"","meta":{"_acf_changed":false,"afm_hide_title":false,"_afm_post_new_title":"","afm_terms_sep_product_language":", ","afm_terms_sep_product_post_translations":", ","afm_terms_sep_product_product_brand":", ","afm_terms_sep_product_product_type":", ","afm_terms_sep_product_product_visibility":", ","afm_terms_sep_product_product_cat":", ","afm_terms_sep_product_product_tag":", ","afm_terms_sep_product_product_shipping_class":", ","afm_terms_sep_product_pos_product_visibility":", ","afm_terms_sep_product_pa_cindy-sherman-art-bag":", "},"product_brand":[],"product_cat":[170,92,96],"product_tag":[],"class_list":{"0":"post-55081","1":"product","2":"type-product","3":"status-publish","4":"has-post-thumbnail","6":"product_cat-3040-egenproduserte-artikler","7":"product_cat-all-products","8":"product_cat-posters","9":"product_shipping_class-plakat","11":"first","12":"instock","13":"taxable","14":"shipping-taxable","15":"purchasable","16":"product-type-simple"},"group_of_quantity":1,"min_quantity":1,"max_quantity":1,"exclude_order_quantity_value_rules":"no","exclude_category_quantity_rules":"no","combine_variations":"no","yoast_head":"<!-- This site is optimized with the Yoast SEO Premium plugin v26.9 (Yoast SEO v26.9) - https:\/\/yoast.com\/product\/yoast-seo-premium-wordpress\/ -->\n<title>Poster Leonard Rickhard - Stillheten brytes ved daggry (detalj) 2 &#8211; Astrup Fearnley Museet<\/title>\n<meta name=\"description\" content=\"Finn unike og eksklusive kunstrelaterte produkter p\u00e5 Astrup Fearnley Museet sin Nettbutikk. Utforsk v\u00e5rt utvalg av kunstb\u00f8ker, plakater og mer.\" \/>\n<meta name=\"robots\" content=\"index, follow, max-snippet:-1, max-image-preview:large, max-video-preview:-1\" \/>\n<link rel=\"canonical\" href=\"https:\/\/www.afmuseet.no\/nettbutikk\/en\/product\/poster-leonard-rickhard-stillheten-brytes-ved-daggry\/\" \/>\n<meta property=\"og:locale\" content=\"en_US\" \/>\n<meta property=\"og:type\" content=\"article\" \/>\n<meta property=\"og:title\" content=\"Poster Leonard Rickhard - Stillheten brytes ved daggry (detalj) 2\" \/>\n<meta property=\"og:description\" content=\"Finn unike og eksklusive kunstrelaterte produkter p\u00e5 Astrup Fearnley Museet sin Nettbutikk. Utforsk v\u00e5rt utvalg av kunstb\u00f8ker, plakater og mer.\" \/>\n<meta property=\"og:url\" content=\"https:\/\/www.afmuseet.no\/nettbutikk\/en\/product\/poster-leonard-rickhard-stillheten-brytes-ved-daggry\/\" \/>\n<meta property=\"og:site_name\" content=\"Astrup Fearnley Museet\" \/>\n<meta property=\"article:modified_time\" content=\"2026-04-25T10:45:08+00:00\" \/>\n<meta property=\"og:image\" content=\"https:\/\/www.afmuseet.no\/content\/uploads\/2024\/01\/Plakater_web-fil9.jpg\" \/>\n\t<meta property=\"og:image:width\" content=\"1458\" \/>\n\t<meta property=\"og:image:height\" content=\"1458\" \/>\n\t<meta property=\"og:image:type\" content=\"image\/jpeg\" \/>\n<meta name=\"twitter:card\" content=\"summary_large_image\" \/>\n<meta name=\"twitter:label1\" content=\"Est. reading time\" \/>\n\t<meta name=\"twitter:data1\" content=\"1 minute\" \/>\n<script type=\"application\/ld+json\" class=\"yoast-schema-graph\">{\"@context\":\"https:\/\/schema.org\",\"@graph\":[{\"@type\":\"WebPage\",\"@id\":\"https:\/\/www.afmuseet.no\/nettbutikk\/en\/product\/poster-leonard-rickhard-stillheten-brytes-ved-daggry\/\",\"url\":\"https:\/\/www.afmuseet.no\/nettbutikk\/en\/product\/poster-leonard-rickhard-stillheten-brytes-ved-daggry\/\",\"name\":\"Poster Leonard Rickhard - Stillheten brytes ved daggry (detalj) 2 &#8211; Astrup Fearnley Museet\",\"isPartOf\":{\"@id\":\"https:\/\/www.afmuseet.no\/nettbutikk\/#website\"},\"primaryImageOfPage\":{\"@id\":\"https:\/\/www.afmuseet.no\/nettbutikk\/en\/product\/poster-leonard-rickhard-stillheten-brytes-ved-daggry\/#primaryimage\"},\"image\":{\"@id\":\"https:\/\/www.afmuseet.no\/nettbutikk\/en\/product\/poster-leonard-rickhard-stillheten-brytes-ved-daggry\/#primaryimage\"},\"thumbnailUrl\":\"https:\/\/www.afmuseet.no\/content\/uploads\/2024\/01\/Plakater_web-fil9.jpg\",\"datePublished\":\"2024-01-25T08:51:52+00:00\",\"dateModified\":\"2026-04-25T10:45:08+00:00\",\"description\":\"Finn unike og eksklusive kunstrelaterte produkter p\u00e5 Astrup Fearnley Museet sin Nettbutikk. Utforsk v\u00e5rt utvalg av kunstb\u00f8ker, plakater og mer.\",\"breadcrumb\":{\"@id\":\"https:\/\/www.afmuseet.no\/nettbutikk\/en\/product\/poster-leonard-rickhard-stillheten-brytes-ved-daggry\/#breadcrumb\"},\"inLanguage\":\"en-US\",\"potentialAction\":[{\"@type\":\"ReadAction\",\"target\":[\"https:\/\/www.afmuseet.no\/nettbutikk\/en\/product\/poster-leonard-rickhard-stillheten-brytes-ved-daggry\/\"]}]},{\"@type\":\"ImageObject\",\"inLanguage\":\"en-US\",\"@id\":\"https:\/\/www.afmuseet.no\/nettbutikk\/en\/product\/poster-leonard-rickhard-stillheten-brytes-ved-daggry\/#primaryimage\",\"url\":\"https:\/\/www.afmuseet.no\/content\/uploads\/2024\/01\/Plakater_web-fil9.jpg\",\"contentUrl\":\"https:\/\/www.afmuseet.no\/content\/uploads\/2024\/01\/Plakater_web-fil9.jpg\",\"width\":1458,\"height\":1458},{\"@type\":\"BreadcrumbList\",\"@id\":\"https:\/\/www.afmuseet.no\/nettbutikk\/en\/product\/poster-leonard-rickhard-stillheten-brytes-ved-daggry\/#breadcrumb\",\"itemListElement\":[{\"@type\":\"ListItem\",\"position\":1,\"name\":\"Hjem\",\"item\":\"https:\/\/www.afmuseet.no\/nettbutikk\/en\/\"},{\"@type\":\"ListItem\",\"position\":2,\"name\":\"Shop\",\"item\":\"https:\/\/www.afmuseet.no\/nettbutikk\/shop\/\"},{\"@type\":\"ListItem\",\"position\":3,\"name\":\"Poster Leonard Rickhard &#8211; Stillheten brytes ved daggry (detalj) 2\"}]},{\"@type\":\"WebSite\",\"@id\":\"https:\/\/www.afmuseet.no\/nettbutikk\/#website\",\"url\":\"https:\/\/www.afmuseet.no\/nettbutikk\/\",\"name\":\"Astrup Fearnley Museet\",\"description\":\"\",\"potentialAction\":[{\"@type\":\"SearchAction\",\"target\":{\"@type\":\"EntryPoint\",\"urlTemplate\":\"https:\/\/www.afmuseet.no\/nettbutikk\/?s={search_term_string}\"},\"query-input\":{\"@type\":\"PropertyValueSpecification\",\"valueRequired\":true,\"valueName\":\"search_term_string\"}}],\"inLanguage\":\"en-US\"}]}<\/script>\n<!-- \/ Yoast SEO Premium plugin. -->","yoast_head_json":{"title":"Poster Leonard Rickhard - Stillheten brytes ved daggry (detalj) 2 &#8211; Astrup Fearnley Museet","description":"Finn unike og eksklusive kunstrelaterte produkter p\u00e5 Astrup Fearnley Museet sin Nettbutikk. Utforsk v\u00e5rt utvalg av kunstb\u00f8ker, plakater og mer.","robots":{"index":"index","follow":"follow","max-snippet":"max-snippet:-1","max-image-preview":"max-image-preview:large","max-video-preview":"max-video-preview:-1"},"canonical":"https:\/\/www.afmuseet.no\/nettbutikk\/en\/product\/poster-leonard-rickhard-stillheten-brytes-ved-daggry\/","og_locale":"en_US","og_type":"article","og_title":"Poster Leonard Rickhard - Stillheten brytes ved daggry (detalj) 2","og_description":"Finn unike og eksklusive kunstrelaterte produkter p\u00e5 Astrup Fearnley Museet sin Nettbutikk. Utforsk v\u00e5rt utvalg av kunstb\u00f8ker, plakater og mer.","og_url":"https:\/\/www.afmuseet.no\/nettbutikk\/en\/product\/poster-leonard-rickhard-stillheten-brytes-ved-daggry\/","og_site_name":"Astrup Fearnley Museet","article_modified_time":"2026-04-25T10:45:08+00:00","og_image":[{"width":1458,"height":1458,"url":"https:\/\/www.afmuseet.no\/content\/uploads\/2024\/01\/Plakater_web-fil9.jpg","type":"image\/jpeg"}],"twitter_card":"summary_large_image","twitter_misc":{"Est. reading time":"1 minute"},"schema":{"@context":"https:\/\/schema.org","@graph":[{"@type":"WebPage","@id":"https:\/\/www.afmuseet.no\/nettbutikk\/en\/product\/poster-leonard-rickhard-stillheten-brytes-ved-daggry\/","url":"https:\/\/www.afmuseet.no\/nettbutikk\/en\/product\/poster-leonard-rickhard-stillheten-brytes-ved-daggry\/","name":"Poster Leonard Rickhard - Stillheten brytes ved daggry (detalj) 2 &#8211; Astrup Fearnley Museet","isPartOf":{"@id":"https:\/\/www.afmuseet.no\/nettbutikk\/#website"},"primaryImageOfPage":{"@id":"https:\/\/www.afmuseet.no\/nettbutikk\/en\/product\/poster-leonard-rickhard-stillheten-brytes-ved-daggry\/#primaryimage"},"image":{"@id":"https:\/\/www.afmuseet.no\/nettbutikk\/en\/product\/poster-leonard-rickhard-stillheten-brytes-ved-daggry\/#primaryimage"},"thumbnailUrl":"https:\/\/www.afmuseet.no\/content\/uploads\/2024\/01\/Plakater_web-fil9.jpg","datePublished":"2024-01-25T08:51:52+00:00","dateModified":"2026-04-25T10:45:08+00:00","description":"Finn unike og eksklusive kunstrelaterte produkter p\u00e5 Astrup Fearnley Museet sin Nettbutikk. Utforsk v\u00e5rt utvalg av kunstb\u00f8ker, plakater og mer.","breadcrumb":{"@id":"https:\/\/www.afmuseet.no\/nettbutikk\/en\/product\/poster-leonard-rickhard-stillheten-brytes-ved-daggry\/#breadcrumb"},"inLanguage":"en-US","potentialAction":[{"@type":"ReadAction","target":["https:\/\/www.afmuseet.no\/nettbutikk\/en\/product\/poster-leonard-rickhard-stillheten-brytes-ved-daggry\/"]}]},{"@type":"ImageObject","inLanguage":"en-US","@id":"https:\/\/www.afmuseet.no\/nettbutikk\/en\/product\/poster-leonard-rickhard-stillheten-brytes-ved-daggry\/#primaryimage","url":"https:\/\/www.afmuseet.no\/content\/uploads\/2024\/01\/Plakater_web-fil9.jpg","contentUrl":"https:\/\/www.afmuseet.no\/content\/uploads\/2024\/01\/Plakater_web-fil9.jpg","width":1458,"height":1458},{"@type":"BreadcrumbList","@id":"https:\/\/www.afmuseet.no\/nettbutikk\/en\/product\/poster-leonard-rickhard-stillheten-brytes-ved-daggry\/#breadcrumb","itemListElement":[{"@type":"ListItem","position":1,"name":"Hjem","item":"https:\/\/www.afmuseet.no\/nettbutikk\/en\/"},{"@type":"ListItem","position":2,"name":"Shop","item":"https:\/\/www.afmuseet.no\/nettbutikk\/shop\/"},{"@type":"ListItem","position":3,"name":"Poster Leonard Rickhard &#8211; Stillheten brytes ved daggry (detalj) 2"}]},{"@type":"WebSite","@id":"https:\/\/www.afmuseet.no\/nettbutikk\/#website","url":"https:\/\/www.afmuseet.no\/nettbutikk\/","name":"Astrup Fearnley Museet","description":"","potentialAction":[{"@type":"SearchAction","target":{"@type":"EntryPoint","urlTemplate":"https:\/\/www.afmuseet.no\/nettbutikk\/?s={search_term_string}"},"query-input":{"@type":"PropertyValueSpecification","valueRequired":true,"valueName":"search_term_string"}}],"inLanguage":"en-US"}]}},"acf":[],"lang":"en","translations":{"en":55081,"nb":55761},"pll_sync_post":[],"_links":{"self":[{"href":"https:\/\/www.afmuseet.no\/nettbutikk\/wp-json\/wp\/v2\/product\/55081","targetHints":{"allow":["GET"]}}],"collection":[{"href":"https:\/\/www.afmuseet.no\/nettbutikk\/wp-json\/wp\/v2\/product"}],"about":[{"href":"https:\/\/www.afmuseet.no\/nettbutikk\/wp-json\/wp\/v2\/types\/product"}],"wp:featuredmedia":[{"embeddable":true,"href":"https:\/\/www.afmuseet.no\/nettbutikk\/wp-json\/wp\/v2\/media\/55727"}],"wp:attachment":[{"href":"https:\/\/www.afmuseet.no\/nettbutikk\/wp-json\/wp\/v2\/media?parent=55081"}],"wp:term":[{"taxonomy":"product_brand","embeddable":true,"href":"https:\/\/www.afmuseet.no\/nettbutikk\/wp-json\/wp\/v2\/product_brand?post=55081"},{"taxonomy":"product_cat","embeddable":true,"href":"https:\/\/www.afmuseet.no\/nettbutikk\/wp-json\/wp\/v2\/product_cat?post=55081"},{"taxonomy":"product_tag","embeddable":true,"href":"https:\/\/www.afmuseet.no\/nettbutikk\/wp-json\/wp\/v2\/product_tag?post=55081"}],"curies":[{"name":"wp","href":"https:\/\/api.w.org\/{rel}","templated":true}]}}