{"id":48436,"date":"2023-08-03T09:36:20","date_gmt":"2023-08-03T07:36:20","guid":{"rendered":"https:\/\/www.afmuseet.no\/nettbutikk\/?post_type=product&#038;p=48436"},"modified":"2025-02-27T17:00:12","modified_gmt":"2025-02-27T15:00:12","slug":"before-tomorrow-reflecting-on-the-astrup-fearnley-collection","status":"publish","type":"product","link":"https:\/\/www.afmuseet.no\/nettbutikk\/produkt\/before-tomorrow-reflecting-on-the-astrup-fearnley-collection\/","title":{"rendered":"Before Tomorrow &#8211; Reflecting on the Astrup Fearnley Collection"},"content":{"rendered":"<p>Astrup Fearnley Museet feirer sitt 30-\u00e5rsjubileum i 2023. Siden museet ble etablert av Hans Rasmus Astrup i 1993 har det spilt en sentral rolle i utviklingen av samtidskunsten i Norge og Norden. Denne milep\u00e6len markeres med utstillingen Before Tomorrow der over 100 verk fra Astrup Fearnley-samlingen fyller begge museumsbyggene.<\/p>\n<p>Denne rikt illustrerte boken dokumenterer kunstverkene som til sammen utgj\u00f8r den polyfone fortellingen samlet under tittelen Before Tomorrow. I tillegg inkluderer boken installasjonsfotografier fra Astrup Fearnley Museets utstillingshistorie, og viser hvordan samlingen har blitt presentert og vist p\u00e5 ulike stadier i l\u00f8pet av disse tretti \u00e5rene.<\/p>\n<p>Med en introduksjon av Solveig \u00d8vsteb\u00f8 og Martin Owen og et nytt essay av den Cape Town-baserte kritikeren Sean O\u2019Toole. Hans tekst bidrar med en inng\u00e5ende refleksjon omkring utvalgte verk i utstillingen, men fungerer ogs\u00e5 som en frittst\u00e5ende lesning av utstillingens tematisering av temporalitet, og av Astrup Fearnley Museets 30-\u00e5rige historie.<\/p>\n<p>Astrup Fearnley Museet, 2023<br \/>\nSpr\u00e5k: Engelsk<br \/>\nFormat: Paperback, 24 x 17 x 1 cm<br \/>\nSider: 144<br \/>\nISBN: 9788293654216<\/p>\n","protected":false},"excerpt":{"rendered":"<p>Denne katalogen er publisert i anledning utstillingen: Before Tomorrow &#8211; Astrup Fearnley Museet 30 Years.<\/p>\n","protected":false},"featured_media":49921,"template":"","meta":{"_acf_changed":false,"afm_hide_title":false,"_afm_post_new_title":"","afm_terms_sep_product_language":", ","afm_terms_sep_product_post_translations":", ","afm_terms_sep_product_product_brand":", ","afm_terms_sep_product_product_type":", ","afm_terms_sep_product_product_visibility":", ","afm_terms_sep_product_product_cat":", ","afm_terms_sep_product_product_tag":", ","afm_terms_sep_product_product_shipping_class":", ","afm_terms_sep_product_pos_product_visibility":", ","afm_terms_sep_product_pa_cindy-sherman-art-bag":", "},"product_brand":[],"product_cat":[383,292,387,385],"product_tag":[],"class_list":{"0":"post-48436","1":"product","2":"type-product","3":"status-publish","4":"has-post-thumbnail","6":"product_cat-3105-egne-kataloger","7":"product_cat-all-products","8":"product_cat-exhibition-catalogues-books","9":"product_cat-publications","10":"product_shipping_class-normal-katalog","12":"first","13":"outofstock","14":"taxable","15":"shipping-taxable","16":"purchasable","17":"product-type-simple"},"group_of_quantity":0,"min_quantity":0,"max_quantity":"","exclude_order_quantity_value_rules":"no","exclude_category_quantity_rules":"no","combine_variations":"no","yoast_head":"<!-- This site is optimized with the Yoast SEO Premium plugin v26.9 (Yoast SEO v26.9) - https:\/\/yoast.com\/product\/yoast-seo-premium-wordpress\/ -->\n<title>Before Tomorrow - Reflecting on the Astrup Fearnley Collection &#8211; Astrup Fearnley Museet<\/title>\n<meta name=\"description\" content=\"Finn unike og eksklusive kunstrelaterte produkter p\u00e5 Astrup Fearnley Museet sin Nettbutikk. Utforsk v\u00e5rt utvalg av kunstb\u00f8ker, plakater og mer.\" \/>\n<meta name=\"robots\" content=\"index, follow, max-snippet:-1, max-image-preview:large, max-video-preview:-1\" \/>\n<link rel=\"canonical\" href=\"https:\/\/www.afmuseet.no\/nettbutikk\/produkt\/before-tomorrow-reflecting-on-the-astrup-fearnley-collection\/\" \/>\n<meta property=\"og:locale\" content=\"en_US\" \/>\n<meta property=\"og:type\" content=\"article\" \/>\n<meta property=\"og:title\" content=\"Before Tomorrow - Reflecting on the Astrup Fearnley Collection\" \/>\n<meta property=\"og:description\" content=\"Finn unike og eksklusive kunstrelaterte produkter p\u00e5 Astrup Fearnley Museet sin Nettbutikk. Utforsk v\u00e5rt utvalg av kunstb\u00f8ker, plakater og mer.\" \/>\n<meta property=\"og:url\" content=\"https:\/\/www.afmuseet.no\/nettbutikk\/produkt\/before-tomorrow-reflecting-on-the-astrup-fearnley-collection\/\" \/>\n<meta property=\"og:site_name\" content=\"Astrup Fearnley Museet\" \/>\n<meta property=\"article:modified_time\" content=\"2025-02-27T15:00:12+00:00\" \/>\n<meta property=\"og:image\" content=\"https:\/\/www.afmuseet.no\/content\/uploads\/2023\/08\/Before-Tomorrow-Book_4-square-scaled.jpg\" \/>\n\t<meta property=\"og:image:width\" content=\"2560\" \/>\n\t<meta property=\"og:image:height\" content=\"2560\" \/>\n\t<meta property=\"og:image:type\" content=\"image\/jpeg\" \/>\n<meta name=\"twitter:card\" content=\"summary_large_image\" \/>\n<meta name=\"twitter:label1\" content=\"Est. reading time\" \/>\n\t<meta name=\"twitter:data1\" content=\"1 minute\" \/>\n<script type=\"application\/ld+json\" class=\"yoast-schema-graph\">{\"@context\":\"https:\/\/schema.org\",\"@graph\":[{\"@type\":\"WebPage\",\"@id\":\"https:\/\/www.afmuseet.no\/nettbutikk\/produkt\/before-tomorrow-reflecting-on-the-astrup-fearnley-collection\/\",\"url\":\"https:\/\/www.afmuseet.no\/nettbutikk\/produkt\/before-tomorrow-reflecting-on-the-astrup-fearnley-collection\/\",\"name\":\"Before Tomorrow - Reflecting on the Astrup Fearnley Collection &#8211; Astrup Fearnley Museet\",\"isPartOf\":{\"@id\":\"https:\/\/www.afmuseet.no\/nettbutikk\/#website\"},\"primaryImageOfPage\":{\"@id\":\"https:\/\/www.afmuseet.no\/nettbutikk\/produkt\/before-tomorrow-reflecting-on-the-astrup-fearnley-collection\/#primaryimage\"},\"image\":{\"@id\":\"https:\/\/www.afmuseet.no\/nettbutikk\/produkt\/before-tomorrow-reflecting-on-the-astrup-fearnley-collection\/#primaryimage\"},\"thumbnailUrl\":\"https:\/\/www.afmuseet.no\/content\/uploads\/2023\/08\/Before-Tomorrow-Book_4-square-scaled.jpg\",\"datePublished\":\"2023-08-03T07:36:20+00:00\",\"dateModified\":\"2025-02-27T15:00:12+00:00\",\"description\":\"Finn unike og eksklusive kunstrelaterte produkter p\u00e5 Astrup Fearnley Museet sin Nettbutikk. Utforsk v\u00e5rt utvalg av kunstb\u00f8ker, plakater og mer.\",\"breadcrumb\":{\"@id\":\"https:\/\/www.afmuseet.no\/nettbutikk\/produkt\/before-tomorrow-reflecting-on-the-astrup-fearnley-collection\/#breadcrumb\"},\"inLanguage\":\"en-US\",\"potentialAction\":[{\"@type\":\"ReadAction\",\"target\":[\"https:\/\/www.afmuseet.no\/nettbutikk\/produkt\/before-tomorrow-reflecting-on-the-astrup-fearnley-collection\/\"]}]},{\"@type\":\"ImageObject\",\"inLanguage\":\"en-US\",\"@id\":\"https:\/\/www.afmuseet.no\/nettbutikk\/produkt\/before-tomorrow-reflecting-on-the-astrup-fearnley-collection\/#primaryimage\",\"url\":\"https:\/\/www.afmuseet.no\/content\/uploads\/2023\/08\/Before-Tomorrow-Book_4-square-scaled.jpg\",\"contentUrl\":\"https:\/\/www.afmuseet.no\/content\/uploads\/2023\/08\/Before-Tomorrow-Book_4-square-scaled.jpg\",\"width\":2560,\"height\":2560},{\"@type\":\"BreadcrumbList\",\"@id\":\"https:\/\/www.afmuseet.no\/nettbutikk\/produkt\/before-tomorrow-reflecting-on-the-astrup-fearnley-collection\/#breadcrumb\",\"itemListElement\":[{\"@type\":\"ListItem\",\"position\":1,\"name\":\"Hjem\",\"item\":\"https:\/\/www.afmuseet.no\/nettbutikk\/en\/\"},{\"@type\":\"ListItem\",\"position\":2,\"name\":\"Shop\",\"item\":\"https:\/\/www.afmuseet.no\/nettbutikk\/shop\/\"},{\"@type\":\"ListItem\",\"position\":3,\"name\":\"Before Tomorrow &#8211; Reflecting on the Astrup Fearnley Collection\"}]},{\"@type\":\"WebSite\",\"@id\":\"https:\/\/www.afmuseet.no\/nettbutikk\/#website\",\"url\":\"https:\/\/www.afmuseet.no\/nettbutikk\/\",\"name\":\"Astrup Fearnley Museet\",\"description\":\"\",\"potentialAction\":[{\"@type\":\"SearchAction\",\"target\":{\"@type\":\"EntryPoint\",\"urlTemplate\":\"https:\/\/www.afmuseet.no\/nettbutikk\/?s={search_term_string}\"},\"query-input\":{\"@type\":\"PropertyValueSpecification\",\"valueRequired\":true,\"valueName\":\"search_term_string\"}}],\"inLanguage\":\"en-US\"}]}<\/script>\n<!-- \/ Yoast SEO Premium plugin. -->","yoast_head_json":{"title":"Before Tomorrow - Reflecting on the Astrup Fearnley Collection &#8211; Astrup Fearnley Museet","description":"Finn unike og eksklusive kunstrelaterte produkter p\u00e5 Astrup Fearnley Museet sin Nettbutikk. Utforsk v\u00e5rt utvalg av kunstb\u00f8ker, plakater og mer.","robots":{"index":"index","follow":"follow","max-snippet":"max-snippet:-1","max-image-preview":"max-image-preview:large","max-video-preview":"max-video-preview:-1"},"canonical":"https:\/\/www.afmuseet.no\/nettbutikk\/produkt\/before-tomorrow-reflecting-on-the-astrup-fearnley-collection\/","og_locale":"en_US","og_type":"article","og_title":"Before Tomorrow - Reflecting on the Astrup Fearnley Collection","og_description":"Finn unike og eksklusive kunstrelaterte produkter p\u00e5 Astrup Fearnley Museet sin Nettbutikk. Utforsk v\u00e5rt utvalg av kunstb\u00f8ker, plakater og mer.","og_url":"https:\/\/www.afmuseet.no\/nettbutikk\/produkt\/before-tomorrow-reflecting-on-the-astrup-fearnley-collection\/","og_site_name":"Astrup Fearnley Museet","article_modified_time":"2025-02-27T15:00:12+00:00","og_image":[{"width":2560,"height":2560,"url":"https:\/\/www.afmuseet.no\/content\/uploads\/2023\/08\/Before-Tomorrow-Book_4-square-scaled.jpg","type":"image\/jpeg"}],"twitter_card":"summary_large_image","twitter_misc":{"Est. reading time":"1 minute"},"schema":{"@context":"https:\/\/schema.org","@graph":[{"@type":"WebPage","@id":"https:\/\/www.afmuseet.no\/nettbutikk\/produkt\/before-tomorrow-reflecting-on-the-astrup-fearnley-collection\/","url":"https:\/\/www.afmuseet.no\/nettbutikk\/produkt\/before-tomorrow-reflecting-on-the-astrup-fearnley-collection\/","name":"Before Tomorrow - Reflecting on the Astrup Fearnley Collection &#8211; Astrup Fearnley Museet","isPartOf":{"@id":"https:\/\/www.afmuseet.no\/nettbutikk\/#website"},"primaryImageOfPage":{"@id":"https:\/\/www.afmuseet.no\/nettbutikk\/produkt\/before-tomorrow-reflecting-on-the-astrup-fearnley-collection\/#primaryimage"},"image":{"@id":"https:\/\/www.afmuseet.no\/nettbutikk\/produkt\/before-tomorrow-reflecting-on-the-astrup-fearnley-collection\/#primaryimage"},"thumbnailUrl":"https:\/\/www.afmuseet.no\/content\/uploads\/2023\/08\/Before-Tomorrow-Book_4-square-scaled.jpg","datePublished":"2023-08-03T07:36:20+00:00","dateModified":"2025-02-27T15:00:12+00:00","description":"Finn unike og eksklusive kunstrelaterte produkter p\u00e5 Astrup Fearnley Museet sin Nettbutikk. Utforsk v\u00e5rt utvalg av kunstb\u00f8ker, plakater og mer.","breadcrumb":{"@id":"https:\/\/www.afmuseet.no\/nettbutikk\/produkt\/before-tomorrow-reflecting-on-the-astrup-fearnley-collection\/#breadcrumb"},"inLanguage":"en-US","potentialAction":[{"@type":"ReadAction","target":["https:\/\/www.afmuseet.no\/nettbutikk\/produkt\/before-tomorrow-reflecting-on-the-astrup-fearnley-collection\/"]}]},{"@type":"ImageObject","inLanguage":"en-US","@id":"https:\/\/www.afmuseet.no\/nettbutikk\/produkt\/before-tomorrow-reflecting-on-the-astrup-fearnley-collection\/#primaryimage","url":"https:\/\/www.afmuseet.no\/content\/uploads\/2023\/08\/Before-Tomorrow-Book_4-square-scaled.jpg","contentUrl":"https:\/\/www.afmuseet.no\/content\/uploads\/2023\/08\/Before-Tomorrow-Book_4-square-scaled.jpg","width":2560,"height":2560},{"@type":"BreadcrumbList","@id":"https:\/\/www.afmuseet.no\/nettbutikk\/produkt\/before-tomorrow-reflecting-on-the-astrup-fearnley-collection\/#breadcrumb","itemListElement":[{"@type":"ListItem","position":1,"name":"Hjem","item":"https:\/\/www.afmuseet.no\/nettbutikk\/en\/"},{"@type":"ListItem","position":2,"name":"Shop","item":"https:\/\/www.afmuseet.no\/nettbutikk\/shop\/"},{"@type":"ListItem","position":3,"name":"Before Tomorrow &#8211; Reflecting on the Astrup Fearnley Collection"}]},{"@type":"WebSite","@id":"https:\/\/www.afmuseet.no\/nettbutikk\/#website","url":"https:\/\/www.afmuseet.no\/nettbutikk\/","name":"Astrup Fearnley Museet","description":"","potentialAction":[{"@type":"SearchAction","target":{"@type":"EntryPoint","urlTemplate":"https:\/\/www.afmuseet.no\/nettbutikk\/?s={search_term_string}"},"query-input":{"@type":"PropertyValueSpecification","valueRequired":true,"valueName":"search_term_string"}}],"inLanguage":"en-US"}]}},"acf":[],"lang":"nb","translations":{"nb":48436,"en":47626},"pll_sync_post":[],"_links":{"self":[{"href":"https:\/\/www.afmuseet.no\/nettbutikk\/wp-json\/wp\/v2\/product\/48436","targetHints":{"allow":["GET"]}}],"collection":[{"href":"https:\/\/www.afmuseet.no\/nettbutikk\/wp-json\/wp\/v2\/product"}],"about":[{"href":"https:\/\/www.afmuseet.no\/nettbutikk\/wp-json\/wp\/v2\/types\/product"}],"wp:featuredmedia":[{"embeddable":true,"href":"https:\/\/www.afmuseet.no\/nettbutikk\/wp-json\/wp\/v2\/media\/49921"}],"wp:attachment":[{"href":"https:\/\/www.afmuseet.no\/nettbutikk\/wp-json\/wp\/v2\/media?parent=48436"}],"wp:term":[{"taxonomy":"product_brand","embeddable":true,"href":"https:\/\/www.afmuseet.no\/nettbutikk\/wp-json\/wp\/v2\/product_brand?post=48436"},{"taxonomy":"product_cat","embeddable":true,"href":"https:\/\/www.afmuseet.no\/nettbutikk\/wp-json\/wp\/v2\/product_cat?post=48436"},{"taxonomy":"product_tag","embeddable":true,"href":"https:\/\/www.afmuseet.no\/nettbutikk\/wp-json\/wp\/v2\/product_tag?post=48436"}],"curies":[{"name":"wp","href":"https:\/\/api.w.org\/{rel}","templated":true}]}}