{"id":43721,"date":"2023-06-01T09:17:43","date_gmt":"2023-06-01T08:17:43","guid":{"rendered":"https:\/\/www.afmuseet.no\/nettbutikk\/?post_type=product&#038;p=43721"},"modified":"2026-04-10T09:02:57","modified_gmt":"2026-04-10T07:02:57","slug":"kara-walker-book-of-hours","status":"publish","type":"product","link":"https:\/\/www.afmuseet.no\/nettbutikk\/en\/product\/kara-walker-book-of-hours\/","title":{"rendered":"Kara Walker &#8211; Book of Hours"},"content":{"rendered":"<p>Over the course of 202-2021, during the pandemic, Kara Walker has produced series of drawings in the style of a medieval &#8216;Book of Hours&#8217;. Enigmatic images appear to traverse a range of time periods, from scenes of biblical and mythological origins, to images of historical violence, to others that suggest more recent political strife. The highly personal nature of these images capture Walker&#8217;s own response to the intersection of past and present as a way to understand our contemporary political moment. The book comes with a poster.<\/p>\n<p>Publisher Roma Publications<br \/>\nIsbn 9789464460070<br \/>\n144 p, ills colour &amp; bw, 21 x 26 cm, hb, English<\/p>\n","protected":false},"excerpt":{"rendered":"<p>Over the course of 202-2021, during the pandemic, Kara Walker has produced series of drawings in the style of a medieval &#8216;Book of Hours&#8217;. Enigmatic images appear to traverse a range of time periods, from scenes of biblical and mythological origins, to images of historical violence, to others that suggest more recent political strife. The [&hellip;]<\/p>\n","protected":false},"featured_media":51583,"template":"","meta":{"_acf_changed":false,"afm_hide_title":false,"_afm_post_new_title":"","afm_terms_sep_product_language":", ","afm_terms_sep_product_post_translations":", ","afm_terms_sep_product_product_brand":", ","afm_terms_sep_product_product_type":", ","afm_terms_sep_product_product_visibility":", ","afm_terms_sep_product_product_cat":", ","afm_terms_sep_product_product_tag":", ","afm_terms_sep_product_product_shipping_class":", ","afm_terms_sep_product_pos_product_visibility":", ","afm_terms_sep_product_pa_cindy-sherman-art-bag":", "},"product_brand":[],"product_cat":[173,92],"product_tag":[],"class_list":{"0":"post-43721","1":"product","2":"type-product","3":"status-publish","4":"has-post-thumbnail","6":"product_cat-3106-anskaffede-boker","7":"product_cat-all-products","9":"first","10":"instock","11":"taxable","12":"shipping-taxable","13":"purchasable","14":"product-type-simple"},"group_of_quantity":0,"min_quantity":0,"max_quantity":"","exclude_order_quantity_value_rules":"no","exclude_category_quantity_rules":"no","combine_variations":"no","yoast_head":"<!-- This site is optimized with the Yoast SEO Premium plugin v26.9 (Yoast SEO v26.9) - https:\/\/yoast.com\/product\/yoast-seo-premium-wordpress\/ -->\n<title>Kara Walker - Book of Hours &#8211; Astrup Fearnley Museet<\/title>\n<meta name=\"description\" content=\"Finn unike og eksklusive kunstrelaterte produkter p\u00e5 Astrup Fearnley Museet sin Nettbutikk. Utforsk v\u00e5rt utvalg av kunstb\u00f8ker, plakater og mer.\" \/>\n<meta name=\"robots\" content=\"index, follow, max-snippet:-1, max-image-preview:large, max-video-preview:-1\" \/>\n<link rel=\"canonical\" href=\"https:\/\/www.afmuseet.no\/nettbutikk\/en\/product\/kara-walker-book-of-hours\/\" \/>\n<meta property=\"og:locale\" content=\"en_US\" \/>\n<meta property=\"og:type\" content=\"article\" \/>\n<meta property=\"og:title\" content=\"Kara Walker - Book of Hours\" \/>\n<meta property=\"og:description\" content=\"Finn unike og eksklusive kunstrelaterte produkter p\u00e5 Astrup Fearnley Museet sin Nettbutikk. Utforsk v\u00e5rt utvalg av kunstb\u00f8ker, plakater og mer.\" \/>\n<meta property=\"og:url\" content=\"https:\/\/www.afmuseet.no\/nettbutikk\/en\/product\/kara-walker-book-of-hours\/\" \/>\n<meta property=\"og:site_name\" content=\"Astrup Fearnley Museet\" \/>\n<meta property=\"article:modified_time\" content=\"2026-04-10T07:02:57+00:00\" \/>\n<meta property=\"og:image\" content=\"https:\/\/www.afmuseet.no\/content\/uploads\/2023\/06\/pixelcut-export-4.jpg\" \/>\n\t<meta property=\"og:image:width\" content=\"1024\" \/>\n\t<meta property=\"og:image:height\" content=\"1024\" \/>\n\t<meta property=\"og:image:type\" content=\"image\/jpeg\" \/>\n<meta name=\"twitter:card\" content=\"summary_large_image\" \/>\n<meta name=\"twitter:label1\" content=\"Est. reading time\" \/>\n\t<meta name=\"twitter:data1\" content=\"1 minute\" \/>\n<script type=\"application\/ld+json\" class=\"yoast-schema-graph\">{\"@context\":\"https:\/\/schema.org\",\"@graph\":[{\"@type\":\"WebPage\",\"@id\":\"https:\/\/www.afmuseet.no\/nettbutikk\/en\/product\/kara-walker-book-of-hours\/\",\"url\":\"https:\/\/www.afmuseet.no\/nettbutikk\/en\/product\/kara-walker-book-of-hours\/\",\"name\":\"Kara Walker - Book of Hours &#8211; Astrup Fearnley Museet\",\"isPartOf\":{\"@id\":\"https:\/\/www.afmuseet.no\/nettbutikk\/#website\"},\"primaryImageOfPage\":{\"@id\":\"https:\/\/www.afmuseet.no\/nettbutikk\/en\/product\/kara-walker-book-of-hours\/#primaryimage\"},\"image\":{\"@id\":\"https:\/\/www.afmuseet.no\/nettbutikk\/en\/product\/kara-walker-book-of-hours\/#primaryimage\"},\"thumbnailUrl\":\"https:\/\/www.afmuseet.no\/content\/uploads\/2023\/06\/pixelcut-export-4.jpg\",\"datePublished\":\"2023-06-01T08:17:43+00:00\",\"dateModified\":\"2026-04-10T07:02:57+00:00\",\"description\":\"Finn unike og eksklusive kunstrelaterte produkter p\u00e5 Astrup Fearnley Museet sin Nettbutikk. Utforsk v\u00e5rt utvalg av kunstb\u00f8ker, plakater og mer.\",\"breadcrumb\":{\"@id\":\"https:\/\/www.afmuseet.no\/nettbutikk\/en\/product\/kara-walker-book-of-hours\/#breadcrumb\"},\"inLanguage\":\"en-US\",\"potentialAction\":[{\"@type\":\"ReadAction\",\"target\":[\"https:\/\/www.afmuseet.no\/nettbutikk\/en\/product\/kara-walker-book-of-hours\/\"]}]},{\"@type\":\"ImageObject\",\"inLanguage\":\"en-US\",\"@id\":\"https:\/\/www.afmuseet.no\/nettbutikk\/en\/product\/kara-walker-book-of-hours\/#primaryimage\",\"url\":\"https:\/\/www.afmuseet.no\/content\/uploads\/2023\/06\/pixelcut-export-4.jpg\",\"contentUrl\":\"https:\/\/www.afmuseet.no\/content\/uploads\/2023\/06\/pixelcut-export-4.jpg\",\"width\":2160,\"height\":2160},{\"@type\":\"BreadcrumbList\",\"@id\":\"https:\/\/www.afmuseet.no\/nettbutikk\/en\/product\/kara-walker-book-of-hours\/#breadcrumb\",\"itemListElement\":[{\"@type\":\"ListItem\",\"position\":1,\"name\":\"Hjem\",\"item\":\"https:\/\/www.afmuseet.no\/nettbutikk\/en\/\"},{\"@type\":\"ListItem\",\"position\":2,\"name\":\"Shop\",\"item\":\"https:\/\/www.afmuseet.no\/nettbutikk\/shop\/\"},{\"@type\":\"ListItem\",\"position\":3,\"name\":\"Kara Walker &#8211; Book of Hours\"}]},{\"@type\":\"WebSite\",\"@id\":\"https:\/\/www.afmuseet.no\/nettbutikk\/#website\",\"url\":\"https:\/\/www.afmuseet.no\/nettbutikk\/\",\"name\":\"Astrup Fearnley Museet\",\"description\":\"\",\"potentialAction\":[{\"@type\":\"SearchAction\",\"target\":{\"@type\":\"EntryPoint\",\"urlTemplate\":\"https:\/\/www.afmuseet.no\/nettbutikk\/?s={search_term_string}\"},\"query-input\":{\"@type\":\"PropertyValueSpecification\",\"valueRequired\":true,\"valueName\":\"search_term_string\"}}],\"inLanguage\":\"en-US\"}]}<\/script>\n<!-- \/ Yoast SEO Premium plugin. -->","yoast_head_json":{"title":"Kara Walker - Book of Hours &#8211; Astrup Fearnley Museet","description":"Finn unike og eksklusive kunstrelaterte produkter p\u00e5 Astrup Fearnley Museet sin Nettbutikk. Utforsk v\u00e5rt utvalg av kunstb\u00f8ker, plakater og mer.","robots":{"index":"index","follow":"follow","max-snippet":"max-snippet:-1","max-image-preview":"max-image-preview:large","max-video-preview":"max-video-preview:-1"},"canonical":"https:\/\/www.afmuseet.no\/nettbutikk\/en\/product\/kara-walker-book-of-hours\/","og_locale":"en_US","og_type":"article","og_title":"Kara Walker - Book of Hours","og_description":"Finn unike og eksklusive kunstrelaterte produkter p\u00e5 Astrup Fearnley Museet sin Nettbutikk. Utforsk v\u00e5rt utvalg av kunstb\u00f8ker, plakater og mer.","og_url":"https:\/\/www.afmuseet.no\/nettbutikk\/en\/product\/kara-walker-book-of-hours\/","og_site_name":"Astrup Fearnley Museet","article_modified_time":"2026-04-10T07:02:57+00:00","og_image":[{"url":"https:\/\/www.afmuseet.no\/content\/uploads\/2023\/06\/pixelcut-export-4.jpg","width":1024,"height":1024,"type":"image\/jpeg"}],"twitter_card":"summary_large_image","twitter_misc":{"Est. reading time":"1 minute"},"schema":{"@context":"https:\/\/schema.org","@graph":[{"@type":"WebPage","@id":"https:\/\/www.afmuseet.no\/nettbutikk\/en\/product\/kara-walker-book-of-hours\/","url":"https:\/\/www.afmuseet.no\/nettbutikk\/en\/product\/kara-walker-book-of-hours\/","name":"Kara Walker - Book of Hours &#8211; Astrup Fearnley Museet","isPartOf":{"@id":"https:\/\/www.afmuseet.no\/nettbutikk\/#website"},"primaryImageOfPage":{"@id":"https:\/\/www.afmuseet.no\/nettbutikk\/en\/product\/kara-walker-book-of-hours\/#primaryimage"},"image":{"@id":"https:\/\/www.afmuseet.no\/nettbutikk\/en\/product\/kara-walker-book-of-hours\/#primaryimage"},"thumbnailUrl":"https:\/\/www.afmuseet.no\/content\/uploads\/2023\/06\/pixelcut-export-4.jpg","datePublished":"2023-06-01T08:17:43+00:00","dateModified":"2026-04-10T07:02:57+00:00","description":"Finn unike og eksklusive kunstrelaterte produkter p\u00e5 Astrup Fearnley Museet sin Nettbutikk. Utforsk v\u00e5rt utvalg av kunstb\u00f8ker, plakater og mer.","breadcrumb":{"@id":"https:\/\/www.afmuseet.no\/nettbutikk\/en\/product\/kara-walker-book-of-hours\/#breadcrumb"},"inLanguage":"en-US","potentialAction":[{"@type":"ReadAction","target":["https:\/\/www.afmuseet.no\/nettbutikk\/en\/product\/kara-walker-book-of-hours\/"]}]},{"@type":"ImageObject","inLanguage":"en-US","@id":"https:\/\/www.afmuseet.no\/nettbutikk\/en\/product\/kara-walker-book-of-hours\/#primaryimage","url":"https:\/\/www.afmuseet.no\/content\/uploads\/2023\/06\/pixelcut-export-4.jpg","contentUrl":"https:\/\/www.afmuseet.no\/content\/uploads\/2023\/06\/pixelcut-export-4.jpg","width":2160,"height":2160},{"@type":"BreadcrumbList","@id":"https:\/\/www.afmuseet.no\/nettbutikk\/en\/product\/kara-walker-book-of-hours\/#breadcrumb","itemListElement":[{"@type":"ListItem","position":1,"name":"Hjem","item":"https:\/\/www.afmuseet.no\/nettbutikk\/en\/"},{"@type":"ListItem","position":2,"name":"Shop","item":"https:\/\/www.afmuseet.no\/nettbutikk\/shop\/"},{"@type":"ListItem","position":3,"name":"Kara Walker &#8211; Book of Hours"}]},{"@type":"WebSite","@id":"https:\/\/www.afmuseet.no\/nettbutikk\/#website","url":"https:\/\/www.afmuseet.no\/nettbutikk\/","name":"Astrup Fearnley Museet","description":"","potentialAction":[{"@type":"SearchAction","target":{"@type":"EntryPoint","urlTemplate":"https:\/\/www.afmuseet.no\/nettbutikk\/?s={search_term_string}"},"query-input":{"@type":"PropertyValueSpecification","valueRequired":true,"valueName":"search_term_string"}}],"inLanguage":"en-US"}]}},"acf":[],"lang":"en","translations":{"en":43721},"pll_sync_post":[],"_links":{"self":[{"href":"https:\/\/www.afmuseet.no\/nettbutikk\/wp-json\/wp\/v2\/product\/43721","targetHints":{"allow":["GET"]}}],"collection":[{"href":"https:\/\/www.afmuseet.no\/nettbutikk\/wp-json\/wp\/v2\/product"}],"about":[{"href":"https:\/\/www.afmuseet.no\/nettbutikk\/wp-json\/wp\/v2\/types\/product"}],"wp:featuredmedia":[{"embeddable":true,"href":"https:\/\/www.afmuseet.no\/nettbutikk\/wp-json\/wp\/v2\/media\/51583"}],"wp:attachment":[{"href":"https:\/\/www.afmuseet.no\/nettbutikk\/wp-json\/wp\/v2\/media?parent=43721"}],"wp:term":[{"taxonomy":"product_brand","embeddable":true,"href":"https:\/\/www.afmuseet.no\/nettbutikk\/wp-json\/wp\/v2\/product_brand?post=43721"},{"taxonomy":"product_cat","embeddable":true,"href":"https:\/\/www.afmuseet.no\/nettbutikk\/wp-json\/wp\/v2\/product_cat?post=43721"},{"taxonomy":"product_tag","embeddable":true,"href":"https:\/\/www.afmuseet.no\/nettbutikk\/wp-json\/wp\/v2\/product_tag?post=43721"}],"curies":[{"name":"wp","href":"https:\/\/api.w.org\/{rel}","templated":true}]}}