{"id":43031,"date":"2023-04-04T10:27:19","date_gmt":"2023-04-04T09:27:19","guid":{"rendered":"https:\/\/www.afmuseet.no\/nettbutikk\/?post_type=product&#038;p=43031"},"modified":"2023-11-17T10:25:57","modified_gmt":"2023-11-17T09:25:57","slug":"lp-julmud-tuqoos","status":"publish","type":"product","link":"https:\/\/www.afmuseet.no\/nettbutikk\/produkt\/lp-julmud-tuqoos\/","title":{"rendered":"LP Julmud &#8211; Tuqoos"},"content":{"rendered":"<p>Den Ramallah-baserte produsenten, vokalisten, musikeren og musikkforskeren forener sin samling av globalt sinnede samples og lyder med sine egne tunge komposisjoner som er fulle av kolossale beats, intrikate teksturer og fortryllende melodier.<\/p>\n<p><em>Tuqoos<\/em>, Julmuds debutalbum er et 15 spors prosjekt forankret i tunge beats som b\u00f8yer rom og tid for \u00e5 undergrave former for innhegning. Lydene har en nesten granul\u00e6r detaljert tekstur samtidig som de opprettholder en gripende rytmisk flyt via tette basslinjer og en bitter s\u00f8dme i melodiene, og visker ut linjene mellom \u00e5 henge p\u00e5 et gatehj\u00f8rne, p\u00e5 en protest eller i en klubb. Produsert i Ramallah \u2013 Palestina, presser Tuqoos opp mot ellers utilgjengelig rom, og motst\u00e5r forholdene til en kropp i fangst gjennom lyder som forvandles, sklir gjennom og skaper pauser i tider og rom som forblir opptatt.<\/p>\n<p>Utgitt 30. mars 2022<\/p>\n<p><a href=\"https:\/\/soundcloud.com\/julmud-1\/sets\/tuqoos\">Lytt til Julmud p\u00e5 Soundcloud!<\/a><\/p>\n<p>Alle spor produsert og spilt inn av Julmud<br \/>\nKunstverk av Ruanne Abou-Rahme &amp; Basel Abbas<br \/>\nTypografi + CGI av @moonistudio<br \/>\nMestret av Kelly Hibbert (Almachrome)<br \/>\nBilna\u2019es, 2022<\/p>\n<p>Alle rettigheter forbeholdt<\/p>\n","protected":false},"excerpt":{"rendered":"<p>Julmud er en tverrfaglig kunstner og musiker med base i Ramallah. Julmud er en n\u00f8kkelperson i byens lokale musikkscene og kanskje mest kjent for sitt arbeid som produsent, perkusjonist, keyboardist og vokalist.<\/p>\n","protected":false},"featured_media":43025,"template":"","meta":{"_acf_changed":false,"afm_hide_title":false,"_afm_post_new_title":"","afm_terms_sep_product_language":", ","afm_terms_sep_product_post_translations":", ","afm_terms_sep_product_product_brand":", ","afm_terms_sep_product_product_type":", ","afm_terms_sep_product_product_visibility":", ","afm_terms_sep_product_product_cat":", ","afm_terms_sep_product_product_tag":", ","afm_terms_sep_product_product_shipping_class":", ","afm_terms_sep_product_pos_product_visibility":", ","afm_terms_sep_product_pa_cindy-sherman-art-bag":", "},"product_brand":[],"product_cat":[487],"product_tag":[],"class_list":{"0":"post-43031","1":"product","2":"type-product","3":"status-publish","4":"has-post-thumbnail","6":"product_cat-3041-anskaffede-artikler","7":"product_shipping_class-div-product","9":"first","10":"outofstock","11":"taxable","12":"shipping-taxable","13":"purchasable","14":"product-type-simple"},"group_of_quantity":0,"min_quantity":0,"max_quantity":"","exclude_order_quantity_value_rules":"no","exclude_category_quantity_rules":"no","combine_variations":"no","yoast_head":"<!-- This site is optimized with the Yoast SEO Premium plugin v26.9 (Yoast SEO v26.9) - https:\/\/yoast.com\/product\/yoast-seo-premium-wordpress\/ -->\n<title>LP Julmud - Tuqoos &#8211; Astrup Fearnley Museet<\/title>\n<meta name=\"description\" content=\"Debutalbumet &quot;Tuqoos&quot; fra produsenten og musikeren Julmud fra Ramallah, en n\u00f8kkelperson i byens lokale musikkscene.\" \/>\n<meta name=\"robots\" content=\"index, follow, max-snippet:-1, max-image-preview:large, max-video-preview:-1\" \/>\n<link rel=\"canonical\" href=\"https:\/\/www.afmuseet.no\/nettbutikk\/produkt\/lp-julmud-tuqoos\/\" \/>\n<meta property=\"og:locale\" content=\"en_US\" \/>\n<meta property=\"og:type\" content=\"article\" \/>\n<meta property=\"og:title\" content=\"LP Julmud - Tuqoos\" \/>\n<meta property=\"og:description\" content=\"Debutalbumet &quot;Tuqoos&quot; fra produsenten og musikeren Julmud fra Ramallah, en n\u00f8kkelperson i byens lokale musikkscene.\" \/>\n<meta property=\"og:url\" content=\"https:\/\/www.afmuseet.no\/nettbutikk\/produkt\/lp-julmud-tuqoos\/\" \/>\n<meta property=\"og:site_name\" content=\"Astrup Fearnley Museet\" \/>\n<meta property=\"article:modified_time\" content=\"2023-11-17T09:25:57+00:00\" \/>\n<meta property=\"og:image\" content=\"https:\/\/www.afmuseet.no\/content\/uploads\/2023\/04\/Lp-2-square.jpg\" \/>\n\t<meta property=\"og:image:width\" content=\"2310\" \/>\n\t<meta property=\"og:image:height\" content=\"2310\" \/>\n\t<meta property=\"og:image:type\" content=\"image\/jpeg\" \/>\n<meta name=\"twitter:card\" content=\"summary_large_image\" \/>\n<meta name=\"twitter:label1\" content=\"Est. reading time\" \/>\n\t<meta name=\"twitter:data1\" content=\"1 minute\" \/>\n<script type=\"application\/ld+json\" class=\"yoast-schema-graph\">{\"@context\":\"https:\/\/schema.org\",\"@graph\":[{\"@type\":\"WebPage\",\"@id\":\"https:\/\/www.afmuseet.no\/nettbutikk\/produkt\/lp-julmud-tuqoos\/\",\"url\":\"https:\/\/www.afmuseet.no\/nettbutikk\/produkt\/lp-julmud-tuqoos\/\",\"name\":\"LP Julmud - Tuqoos &#8211; Astrup Fearnley Museet\",\"isPartOf\":{\"@id\":\"https:\/\/www.afmuseet.no\/nettbutikk\/#website\"},\"primaryImageOfPage\":{\"@id\":\"https:\/\/www.afmuseet.no\/nettbutikk\/produkt\/lp-julmud-tuqoos\/#primaryimage\"},\"image\":{\"@id\":\"https:\/\/www.afmuseet.no\/nettbutikk\/produkt\/lp-julmud-tuqoos\/#primaryimage\"},\"thumbnailUrl\":\"https:\/\/www.afmuseet.no\/content\/uploads\/2023\/04\/Lp-2-square.jpg\",\"datePublished\":\"2023-04-04T09:27:19+00:00\",\"dateModified\":\"2023-11-17T09:25:57+00:00\",\"description\":\"Debutalbumet \\\"Tuqoos\\\" fra produsenten og musikeren Julmud fra Ramallah, en n\u00f8kkelperson i byens lokale musikkscene.\",\"breadcrumb\":{\"@id\":\"https:\/\/www.afmuseet.no\/nettbutikk\/produkt\/lp-julmud-tuqoos\/#breadcrumb\"},\"inLanguage\":\"en-US\",\"potentialAction\":[{\"@type\":\"ReadAction\",\"target\":[\"https:\/\/www.afmuseet.no\/nettbutikk\/produkt\/lp-julmud-tuqoos\/\"]}]},{\"@type\":\"ImageObject\",\"inLanguage\":\"en-US\",\"@id\":\"https:\/\/www.afmuseet.no\/nettbutikk\/produkt\/lp-julmud-tuqoos\/#primaryimage\",\"url\":\"https:\/\/www.afmuseet.no\/content\/uploads\/2023\/04\/Lp-2-square.jpg\",\"contentUrl\":\"https:\/\/www.afmuseet.no\/content\/uploads\/2023\/04\/Lp-2-square.jpg\",\"width\":2310,\"height\":2310,\"caption\":\"LP \\\"Tuqoos\\\" by musician Julmud\"},{\"@type\":\"BreadcrumbList\",\"@id\":\"https:\/\/www.afmuseet.no\/nettbutikk\/produkt\/lp-julmud-tuqoos\/#breadcrumb\",\"itemListElement\":[{\"@type\":\"ListItem\",\"position\":1,\"name\":\"Hjem\",\"item\":\"https:\/\/www.afmuseet.no\/nettbutikk\/en\/\"},{\"@type\":\"ListItem\",\"position\":2,\"name\":\"Shop\",\"item\":\"https:\/\/www.afmuseet.no\/nettbutikk\/shop\/\"},{\"@type\":\"ListItem\",\"position\":3,\"name\":\"LP Julmud &#8211; Tuqoos\"}]},{\"@type\":\"WebSite\",\"@id\":\"https:\/\/www.afmuseet.no\/nettbutikk\/#website\",\"url\":\"https:\/\/www.afmuseet.no\/nettbutikk\/\",\"name\":\"Astrup Fearnley Museet\",\"description\":\"\",\"potentialAction\":[{\"@type\":\"SearchAction\",\"target\":{\"@type\":\"EntryPoint\",\"urlTemplate\":\"https:\/\/www.afmuseet.no\/nettbutikk\/?s={search_term_string}\"},\"query-input\":{\"@type\":\"PropertyValueSpecification\",\"valueRequired\":true,\"valueName\":\"search_term_string\"}}],\"inLanguage\":\"en-US\"}]}<\/script>\n<!-- \/ Yoast SEO Premium plugin. -->","yoast_head_json":{"title":"LP Julmud - Tuqoos &#8211; Astrup Fearnley Museet","description":"Debutalbumet \"Tuqoos\" fra produsenten og musikeren Julmud fra Ramallah, en n\u00f8kkelperson i byens lokale musikkscene.","robots":{"index":"index","follow":"follow","max-snippet":"max-snippet:-1","max-image-preview":"max-image-preview:large","max-video-preview":"max-video-preview:-1"},"canonical":"https:\/\/www.afmuseet.no\/nettbutikk\/produkt\/lp-julmud-tuqoos\/","og_locale":"en_US","og_type":"article","og_title":"LP Julmud - Tuqoos","og_description":"Debutalbumet \"Tuqoos\" fra produsenten og musikeren Julmud fra Ramallah, en n\u00f8kkelperson i byens lokale musikkscene.","og_url":"https:\/\/www.afmuseet.no\/nettbutikk\/produkt\/lp-julmud-tuqoos\/","og_site_name":"Astrup Fearnley Museet","article_modified_time":"2023-11-17T09:25:57+00:00","og_image":[{"width":2310,"height":2310,"url":"https:\/\/www.afmuseet.no\/content\/uploads\/2023\/04\/Lp-2-square.jpg","type":"image\/jpeg"}],"twitter_card":"summary_large_image","twitter_misc":{"Est. reading time":"1 minute"},"schema":{"@context":"https:\/\/schema.org","@graph":[{"@type":"WebPage","@id":"https:\/\/www.afmuseet.no\/nettbutikk\/produkt\/lp-julmud-tuqoos\/","url":"https:\/\/www.afmuseet.no\/nettbutikk\/produkt\/lp-julmud-tuqoos\/","name":"LP Julmud - Tuqoos &#8211; Astrup Fearnley Museet","isPartOf":{"@id":"https:\/\/www.afmuseet.no\/nettbutikk\/#website"},"primaryImageOfPage":{"@id":"https:\/\/www.afmuseet.no\/nettbutikk\/produkt\/lp-julmud-tuqoos\/#primaryimage"},"image":{"@id":"https:\/\/www.afmuseet.no\/nettbutikk\/produkt\/lp-julmud-tuqoos\/#primaryimage"},"thumbnailUrl":"https:\/\/www.afmuseet.no\/content\/uploads\/2023\/04\/Lp-2-square.jpg","datePublished":"2023-04-04T09:27:19+00:00","dateModified":"2023-11-17T09:25:57+00:00","description":"Debutalbumet \"Tuqoos\" fra produsenten og musikeren Julmud fra Ramallah, en n\u00f8kkelperson i byens lokale musikkscene.","breadcrumb":{"@id":"https:\/\/www.afmuseet.no\/nettbutikk\/produkt\/lp-julmud-tuqoos\/#breadcrumb"},"inLanguage":"en-US","potentialAction":[{"@type":"ReadAction","target":["https:\/\/www.afmuseet.no\/nettbutikk\/produkt\/lp-julmud-tuqoos\/"]}]},{"@type":"ImageObject","inLanguage":"en-US","@id":"https:\/\/www.afmuseet.no\/nettbutikk\/produkt\/lp-julmud-tuqoos\/#primaryimage","url":"https:\/\/www.afmuseet.no\/content\/uploads\/2023\/04\/Lp-2-square.jpg","contentUrl":"https:\/\/www.afmuseet.no\/content\/uploads\/2023\/04\/Lp-2-square.jpg","width":2310,"height":2310,"caption":"LP \"Tuqoos\" by musician Julmud"},{"@type":"BreadcrumbList","@id":"https:\/\/www.afmuseet.no\/nettbutikk\/produkt\/lp-julmud-tuqoos\/#breadcrumb","itemListElement":[{"@type":"ListItem","position":1,"name":"Hjem","item":"https:\/\/www.afmuseet.no\/nettbutikk\/en\/"},{"@type":"ListItem","position":2,"name":"Shop","item":"https:\/\/www.afmuseet.no\/nettbutikk\/shop\/"},{"@type":"ListItem","position":3,"name":"LP Julmud &#8211; Tuqoos"}]},{"@type":"WebSite","@id":"https:\/\/www.afmuseet.no\/nettbutikk\/#website","url":"https:\/\/www.afmuseet.no\/nettbutikk\/","name":"Astrup Fearnley Museet","description":"","potentialAction":[{"@type":"SearchAction","target":{"@type":"EntryPoint","urlTemplate":"https:\/\/www.afmuseet.no\/nettbutikk\/?s={search_term_string}"},"query-input":{"@type":"PropertyValueSpecification","valueRequired":true,"valueName":"search_term_string"}}],"inLanguage":"en-US"}]}},"acf":[],"lang":"nb","translations":{"nb":43031,"en":41875},"pll_sync_post":[],"_links":{"self":[{"href":"https:\/\/www.afmuseet.no\/nettbutikk\/wp-json\/wp\/v2\/product\/43031","targetHints":{"allow":["GET"]}}],"collection":[{"href":"https:\/\/www.afmuseet.no\/nettbutikk\/wp-json\/wp\/v2\/product"}],"about":[{"href":"https:\/\/www.afmuseet.no\/nettbutikk\/wp-json\/wp\/v2\/types\/product"}],"wp:featuredmedia":[{"embeddable":true,"href":"https:\/\/www.afmuseet.no\/nettbutikk\/wp-json\/wp\/v2\/media\/43025"}],"wp:attachment":[{"href":"https:\/\/www.afmuseet.no\/nettbutikk\/wp-json\/wp\/v2\/media?parent=43031"}],"wp:term":[{"taxonomy":"product_brand","embeddable":true,"href":"https:\/\/www.afmuseet.no\/nettbutikk\/wp-json\/wp\/v2\/product_brand?post=43031"},{"taxonomy":"product_cat","embeddable":true,"href":"https:\/\/www.afmuseet.no\/nettbutikk\/wp-json\/wp\/v2\/product_cat?post=43031"},{"taxonomy":"product_tag","embeddable":true,"href":"https:\/\/www.afmuseet.no\/nettbutikk\/wp-json\/wp\/v2\/product_tag?post=43031"}],"curies":[{"name":"wp","href":"https:\/\/api.w.org\/{rel}","templated":true}]}}