{"id":40537,"date":"2023-02-27T14:33:34","date_gmt":"2023-02-27T13:33:34","guid":{"rendered":"https:\/\/www.afmuseet.no\/nettbutikk\/?post_type=product&#038;p=40537"},"modified":"2024-01-02T16:21:33","modified_gmt":"2024-01-02T15:21:33","slug":"365-days-of-unicorns-how-to-draw-unicorns-and-friends-every-day-of-the-year","status":"publish","type":"product","link":"https:\/\/www.afmuseet.no\/nettbutikk\/en\/product\/365-days-of-unicorns-how-to-draw-unicorns-and-friends-every-day-of-the-year\/","title":{"rendered":"365 Days of Unicorns: How to Draw Unicorns and Friends Every Day of the Year"},"content":{"rendered":"<p>Draw adorable unicorn pictures for a whole year this fun book for the young and young at heart covers the widest range of unicorn designs ever 365 of them no less! In the magical universe all the animals can have wings, unicorn horns and sport rainbow colours. And where unicorns live there are kawaii objects, pretty landscapes and sweet treats to make life joyful. To communicate, unicorns write with cute letters, decorate their messages with pretty motifs and even have their own emoticons! This fantastic book features 365 step-by-step sequences showing exactly how to build up a huge range of unicorn-themed designs. starting with simple shapes and progressing to add details and finally colours. With an easy tutorial at the start of the book, each sequence is then entirely visual, with no complicated instructions to read. This adorable book will entertain endlessly and let you in to a rainbow-filled unicorn world every day of the year.<\/p>\n<p>AUTHOR: Clementine Derodit is a French illustrator whose passion for character design led her to work on colouring or stickers books for kids. In 2006 she became a full-time illustrator and since she works in her home studio creating animals, characters, patterns, and cute illustrations. Her illustrations have been used across a wide range of products, including picture books, activity books, puzzles, packaging, stamps, and enamel pins.<\/p>\n<p>Publisher: David &amp; Charles<br \/>\nLanguage: English<br \/>\nAuthor: Clementine Deroit<br \/>\nPaperback: 368 pages<br \/>\nDimensions: 168 x 260 mm<br \/>\nISBN: 9781446308844<\/p>\n","protected":false},"excerpt":{"rendered":"<p>Draw adorable unicorn pictures for a whole year this fun book for the young and young at heart covers the widest range of unicorn designs ever 365 of them no less! In the magical universe all the animals can have wings, unicorn horns and sport rainbow colours. And where unicorns live there are kawaii objects, [&hellip;]<\/p>\n","protected":false},"featured_media":40591,"template":"","meta":{"_acf_changed":false,"afm_hide_title":false,"_afm_post_new_title":"","afm_terms_sep_product_language":", ","afm_terms_sep_product_post_translations":", ","afm_terms_sep_product_product_brand":", ","afm_terms_sep_product_product_type":", ","afm_terms_sep_product_product_visibility":", ","afm_terms_sep_product_product_cat":", ","afm_terms_sep_product_product_tag":", ","afm_terms_sep_product_product_shipping_class":", ","afm_terms_sep_product_pos_product_visibility":", ","afm_terms_sep_product_pa_cindy-sherman-art-bag":", "},"product_brand":[],"product_cat":[173],"product_tag":[],"class_list":{"0":"post-40537","1":"product","2":"type-product","3":"status-publish","4":"has-post-thumbnail","6":"product_cat-3106-anskaffede-boker","8":"first","9":"outofstock","10":"taxable","11":"shipping-taxable","12":"purchasable","13":"product-type-simple"},"group_of_quantity":0,"min_quantity":0,"max_quantity":"","exclude_order_quantity_value_rules":"no","exclude_category_quantity_rules":"no","combine_variations":"no","yoast_head":"<!-- This site is optimized with the Yoast SEO Premium plugin v26.9 (Yoast SEO v26.9) - https:\/\/yoast.com\/product\/yoast-seo-premium-wordpress\/ -->\n<title>365 Days of Unicorns: How to Draw Unicorns and Friends Every Day of the Year &#8211; Astrup Fearnley Museet<\/title>\n<meta name=\"description\" content=\"Finn unike og eksklusive kunstrelaterte produkter p\u00e5 Astrup Fearnley Museet sin Nettbutikk. Utforsk v\u00e5rt utvalg av kunstb\u00f8ker, plakater og mer.\" \/>\n<meta name=\"robots\" content=\"index, follow, max-snippet:-1, max-image-preview:large, max-video-preview:-1\" \/>\n<link rel=\"canonical\" href=\"https:\/\/www.afmuseet.no\/nettbutikk\/en\/product\/365-days-of-unicorns-how-to-draw-unicorns-and-friends-every-day-of-the-year\/\" \/>\n<meta property=\"og:locale\" content=\"en_US\" \/>\n<meta property=\"og:type\" content=\"article\" \/>\n<meta property=\"og:title\" content=\"365 Days of Unicorns: How to Draw Unicorns and Friends Every Day of the Year\" \/>\n<meta property=\"og:description\" content=\"Finn unike og eksklusive kunstrelaterte produkter p\u00e5 Astrup Fearnley Museet sin Nettbutikk. Utforsk v\u00e5rt utvalg av kunstb\u00f8ker, plakater og mer.\" \/>\n<meta property=\"og:url\" content=\"https:\/\/www.afmuseet.no\/nettbutikk\/en\/product\/365-days-of-unicorns-how-to-draw-unicorns-and-friends-every-day-of-the-year\/\" \/>\n<meta property=\"og:site_name\" content=\"Astrup Fearnley Museet\" \/>\n<meta property=\"article:modified_time\" content=\"2024-01-02T15:21:33+00:00\" \/>\n<meta property=\"og:image\" content=\"https:\/\/www.afmuseet.no\/content\/uploads\/2023\/02\/IMG-1063-square-scaled.jpg\" \/>\n\t<meta property=\"og:image:width\" content=\"2560\" \/>\n\t<meta property=\"og:image:height\" content=\"2560\" \/>\n\t<meta property=\"og:image:type\" content=\"image\/jpeg\" \/>\n<meta name=\"twitter:card\" content=\"summary_large_image\" \/>\n<meta name=\"twitter:label1\" content=\"Est. reading time\" \/>\n\t<meta name=\"twitter:data1\" content=\"1 minute\" \/>\n<script type=\"application\/ld+json\" class=\"yoast-schema-graph\">{\"@context\":\"https:\/\/schema.org\",\"@graph\":[{\"@type\":\"WebPage\",\"@id\":\"https:\/\/www.afmuseet.no\/nettbutikk\/en\/product\/365-days-of-unicorns-how-to-draw-unicorns-and-friends-every-day-of-the-year\/\",\"url\":\"https:\/\/www.afmuseet.no\/nettbutikk\/en\/product\/365-days-of-unicorns-how-to-draw-unicorns-and-friends-every-day-of-the-year\/\",\"name\":\"365 Days of Unicorns: How to Draw Unicorns and Friends Every Day of the Year &#8211; Astrup Fearnley Museet\",\"isPartOf\":{\"@id\":\"https:\/\/www.afmuseet.no\/nettbutikk\/#website\"},\"primaryImageOfPage\":{\"@id\":\"https:\/\/www.afmuseet.no\/nettbutikk\/en\/product\/365-days-of-unicorns-how-to-draw-unicorns-and-friends-every-day-of-the-year\/#primaryimage\"},\"image\":{\"@id\":\"https:\/\/www.afmuseet.no\/nettbutikk\/en\/product\/365-days-of-unicorns-how-to-draw-unicorns-and-friends-every-day-of-the-year\/#primaryimage\"},\"thumbnailUrl\":\"https:\/\/www.afmuseet.no\/content\/uploads\/2023\/02\/IMG-1063-square-scaled.jpg\",\"datePublished\":\"2023-02-27T13:33:34+00:00\",\"dateModified\":\"2024-01-02T15:21:33+00:00\",\"description\":\"Finn unike og eksklusive kunstrelaterte produkter p\u00e5 Astrup Fearnley Museet sin Nettbutikk. Utforsk v\u00e5rt utvalg av kunstb\u00f8ker, plakater og mer.\",\"breadcrumb\":{\"@id\":\"https:\/\/www.afmuseet.no\/nettbutikk\/en\/product\/365-days-of-unicorns-how-to-draw-unicorns-and-friends-every-day-of-the-year\/#breadcrumb\"},\"inLanguage\":\"en-US\",\"potentialAction\":[{\"@type\":\"ReadAction\",\"target\":[\"https:\/\/www.afmuseet.no\/nettbutikk\/en\/product\/365-days-of-unicorns-how-to-draw-unicorns-and-friends-every-day-of-the-year\/\"]}]},{\"@type\":\"ImageObject\",\"inLanguage\":\"en-US\",\"@id\":\"https:\/\/www.afmuseet.no\/nettbutikk\/en\/product\/365-days-of-unicorns-how-to-draw-unicorns-and-friends-every-day-of-the-year\/#primaryimage\",\"url\":\"https:\/\/www.afmuseet.no\/content\/uploads\/2023\/02\/IMG-1063-square-scaled.jpg\",\"contentUrl\":\"https:\/\/www.afmuseet.no\/content\/uploads\/2023\/02\/IMG-1063-square-scaled.jpg\",\"width\":2560,\"height\":2560},{\"@type\":\"BreadcrumbList\",\"@id\":\"https:\/\/www.afmuseet.no\/nettbutikk\/en\/product\/365-days-of-unicorns-how-to-draw-unicorns-and-friends-every-day-of-the-year\/#breadcrumb\",\"itemListElement\":[{\"@type\":\"ListItem\",\"position\":1,\"name\":\"Hjem\",\"item\":\"https:\/\/www.afmuseet.no\/nettbutikk\/en\/\"},{\"@type\":\"ListItem\",\"position\":2,\"name\":\"Shop\",\"item\":\"https:\/\/www.afmuseet.no\/nettbutikk\/shop\/\"},{\"@type\":\"ListItem\",\"position\":3,\"name\":\"365 Days of Unicorns: How to Draw Unicorns and Friends Every Day of the Year\"}]},{\"@type\":\"WebSite\",\"@id\":\"https:\/\/www.afmuseet.no\/nettbutikk\/#website\",\"url\":\"https:\/\/www.afmuseet.no\/nettbutikk\/\",\"name\":\"Astrup Fearnley Museet\",\"description\":\"\",\"potentialAction\":[{\"@type\":\"SearchAction\",\"target\":{\"@type\":\"EntryPoint\",\"urlTemplate\":\"https:\/\/www.afmuseet.no\/nettbutikk\/?s={search_term_string}\"},\"query-input\":{\"@type\":\"PropertyValueSpecification\",\"valueRequired\":true,\"valueName\":\"search_term_string\"}}],\"inLanguage\":\"en-US\"}]}<\/script>\n<!-- \/ Yoast SEO Premium plugin. -->","yoast_head_json":{"title":"365 Days of Unicorns: How to Draw Unicorns and Friends Every Day of the Year &#8211; Astrup Fearnley Museet","description":"Finn unike og eksklusive kunstrelaterte produkter p\u00e5 Astrup Fearnley Museet sin Nettbutikk. Utforsk v\u00e5rt utvalg av kunstb\u00f8ker, plakater og mer.","robots":{"index":"index","follow":"follow","max-snippet":"max-snippet:-1","max-image-preview":"max-image-preview:large","max-video-preview":"max-video-preview:-1"},"canonical":"https:\/\/www.afmuseet.no\/nettbutikk\/en\/product\/365-days-of-unicorns-how-to-draw-unicorns-and-friends-every-day-of-the-year\/","og_locale":"en_US","og_type":"article","og_title":"365 Days of Unicorns: How to Draw Unicorns and Friends Every Day of the Year","og_description":"Finn unike og eksklusive kunstrelaterte produkter p\u00e5 Astrup Fearnley Museet sin Nettbutikk. Utforsk v\u00e5rt utvalg av kunstb\u00f8ker, plakater og mer.","og_url":"https:\/\/www.afmuseet.no\/nettbutikk\/en\/product\/365-days-of-unicorns-how-to-draw-unicorns-and-friends-every-day-of-the-year\/","og_site_name":"Astrup Fearnley Museet","article_modified_time":"2024-01-02T15:21:33+00:00","og_image":[{"width":2560,"height":2560,"url":"https:\/\/www.afmuseet.no\/content\/uploads\/2023\/02\/IMG-1063-square-scaled.jpg","type":"image\/jpeg"}],"twitter_card":"summary_large_image","twitter_misc":{"Est. reading time":"1 minute"},"schema":{"@context":"https:\/\/schema.org","@graph":[{"@type":"WebPage","@id":"https:\/\/www.afmuseet.no\/nettbutikk\/en\/product\/365-days-of-unicorns-how-to-draw-unicorns-and-friends-every-day-of-the-year\/","url":"https:\/\/www.afmuseet.no\/nettbutikk\/en\/product\/365-days-of-unicorns-how-to-draw-unicorns-and-friends-every-day-of-the-year\/","name":"365 Days of Unicorns: How to Draw Unicorns and Friends Every Day of the Year &#8211; Astrup Fearnley Museet","isPartOf":{"@id":"https:\/\/www.afmuseet.no\/nettbutikk\/#website"},"primaryImageOfPage":{"@id":"https:\/\/www.afmuseet.no\/nettbutikk\/en\/product\/365-days-of-unicorns-how-to-draw-unicorns-and-friends-every-day-of-the-year\/#primaryimage"},"image":{"@id":"https:\/\/www.afmuseet.no\/nettbutikk\/en\/product\/365-days-of-unicorns-how-to-draw-unicorns-and-friends-every-day-of-the-year\/#primaryimage"},"thumbnailUrl":"https:\/\/www.afmuseet.no\/content\/uploads\/2023\/02\/IMG-1063-square-scaled.jpg","datePublished":"2023-02-27T13:33:34+00:00","dateModified":"2024-01-02T15:21:33+00:00","description":"Finn unike og eksklusive kunstrelaterte produkter p\u00e5 Astrup Fearnley Museet sin Nettbutikk. Utforsk v\u00e5rt utvalg av kunstb\u00f8ker, plakater og mer.","breadcrumb":{"@id":"https:\/\/www.afmuseet.no\/nettbutikk\/en\/product\/365-days-of-unicorns-how-to-draw-unicorns-and-friends-every-day-of-the-year\/#breadcrumb"},"inLanguage":"en-US","potentialAction":[{"@type":"ReadAction","target":["https:\/\/www.afmuseet.no\/nettbutikk\/en\/product\/365-days-of-unicorns-how-to-draw-unicorns-and-friends-every-day-of-the-year\/"]}]},{"@type":"ImageObject","inLanguage":"en-US","@id":"https:\/\/www.afmuseet.no\/nettbutikk\/en\/product\/365-days-of-unicorns-how-to-draw-unicorns-and-friends-every-day-of-the-year\/#primaryimage","url":"https:\/\/www.afmuseet.no\/content\/uploads\/2023\/02\/IMG-1063-square-scaled.jpg","contentUrl":"https:\/\/www.afmuseet.no\/content\/uploads\/2023\/02\/IMG-1063-square-scaled.jpg","width":2560,"height":2560},{"@type":"BreadcrumbList","@id":"https:\/\/www.afmuseet.no\/nettbutikk\/en\/product\/365-days-of-unicorns-how-to-draw-unicorns-and-friends-every-day-of-the-year\/#breadcrumb","itemListElement":[{"@type":"ListItem","position":1,"name":"Hjem","item":"https:\/\/www.afmuseet.no\/nettbutikk\/en\/"},{"@type":"ListItem","position":2,"name":"Shop","item":"https:\/\/www.afmuseet.no\/nettbutikk\/shop\/"},{"@type":"ListItem","position":3,"name":"365 Days of Unicorns: How to Draw Unicorns and Friends Every Day of the Year"}]},{"@type":"WebSite","@id":"https:\/\/www.afmuseet.no\/nettbutikk\/#website","url":"https:\/\/www.afmuseet.no\/nettbutikk\/","name":"Astrup Fearnley Museet","description":"","potentialAction":[{"@type":"SearchAction","target":{"@type":"EntryPoint","urlTemplate":"https:\/\/www.afmuseet.no\/nettbutikk\/?s={search_term_string}"},"query-input":{"@type":"PropertyValueSpecification","valueRequired":true,"valueName":"search_term_string"}}],"inLanguage":"en-US"}]}},"acf":[],"lang":"en","translations":{"en":40537},"pll_sync_post":[],"_links":{"self":[{"href":"https:\/\/www.afmuseet.no\/nettbutikk\/wp-json\/wp\/v2\/product\/40537","targetHints":{"allow":["GET"]}}],"collection":[{"href":"https:\/\/www.afmuseet.no\/nettbutikk\/wp-json\/wp\/v2\/product"}],"about":[{"href":"https:\/\/www.afmuseet.no\/nettbutikk\/wp-json\/wp\/v2\/types\/product"}],"wp:featuredmedia":[{"embeddable":true,"href":"https:\/\/www.afmuseet.no\/nettbutikk\/wp-json\/wp\/v2\/media\/40591"}],"wp:attachment":[{"href":"https:\/\/www.afmuseet.no\/nettbutikk\/wp-json\/wp\/v2\/media?parent=40537"}],"wp:term":[{"taxonomy":"product_brand","embeddable":true,"href":"https:\/\/www.afmuseet.no\/nettbutikk\/wp-json\/wp\/v2\/product_brand?post=40537"},{"taxonomy":"product_cat","embeddable":true,"href":"https:\/\/www.afmuseet.no\/nettbutikk\/wp-json\/wp\/v2\/product_cat?post=40537"},{"taxonomy":"product_tag","embeddable":true,"href":"https:\/\/www.afmuseet.no\/nettbutikk\/wp-json\/wp\/v2\/product_tag?post=40537"}],"curies":[{"name":"wp","href":"https:\/\/api.w.org\/{rel}","templated":true}]}}