{"id":40319,"date":"2023-02-21T11:11:31","date_gmt":"2023-02-21T10:11:31","guid":{"rendered":"https:\/\/www.afmuseet.no\/nettbutikk\/?post_type=product&#038;p=40319"},"modified":"2023-07-14T14:26:56","modified_gmt":"2023-07-14T13:26:56","slug":"frida-kahlo-the-story-of-her-life","status":"publish","type":"product","link":"https:\/\/www.afmuseet.no\/nettbutikk\/en\/product\/frida-kahlo-the-story-of-her-life\/","title":{"rendered":"Frida: The Story of Her Life"},"content":{"rendered":"<p>In this illustrated &#8220;biography&#8221;, Vanna Vinci captures the spirit of Kahlo\u2019s world in boldly colored, minutely detailed illustrations. Blending facts and history with dreamlike and surreal sequences, Vinci creates an intimate portrayal of an artist who incorporated her life experiences into her art. Burning love and crushing loss, incredible joy and deep despair\u2014these were all part of Kahlo\u2019s life and part of the paintings that are some of the most celebrated art of all time. Filled with images that populated Kahlo\u2019s work\u2014monkeys and parrots, traditional clothing and lush gardens\u2014Vinci imbues her text and drawings with an artist\u2019s perception and sensitivity. The result is an evocative, fittingly passionate tribute to a legendary figure.<\/p>\n<p>Publisher: \u200ePrestel; Illustrated edition, 2017<br \/>\nAuthor: Vanna Vinci<br \/>\nLanguage: \u200eEnglish<br \/>\nHardcover: \u200e160 pages<br \/>\nISBN: 978-3791383880<br \/>\nItem Weight: 1.75 pounds<br \/>\nDimensions: 8.13 x 0.78 x 10.44 inches<\/p>\n","protected":false},"excerpt":{"rendered":"<p>This brilliant graphic novel artfully depicts the life and passions of Frida Kahlo, one of the 20th century\u2019s most enigmatic artists. The perfect subject for a graphic novel, Frida Kahlo\u2019s brief life was dramatic and romantic, tragic and painful.<\/p>\n","protected":false},"featured_media":40432,"template":"","meta":{"_acf_changed":false,"afm_hide_title":false,"_afm_post_new_title":"","afm_terms_sep_product_language":", ","afm_terms_sep_product_post_translations":", ","afm_terms_sep_product_product_brand":", ","afm_terms_sep_product_product_type":", ","afm_terms_sep_product_product_visibility":", ","afm_terms_sep_product_product_cat":", ","afm_terms_sep_product_product_tag":", ","afm_terms_sep_product_product_shipping_class":", ","afm_terms_sep_product_pos_product_visibility":", ","afm_terms_sep_product_pa_cindy-sherman-art-bag":", "},"product_brand":[],"product_cat":[173,114,95],"product_tag":[],"class_list":{"0":"post-40319","1":"product","2":"type-product","3":"status-publish","4":"has-post-thumbnail","6":"product_cat-3106-anskaffede-boker","7":"product_cat-art-books","8":"product_cat-publications","9":"product_shipping_class-div-product","11":"first","12":"outofstock","13":"taxable","14":"shipping-taxable","15":"purchasable","16":"product-type-simple"},"group_of_quantity":0,"min_quantity":0,"max_quantity":"","exclude_order_quantity_value_rules":"no","exclude_category_quantity_rules":"no","combine_variations":"no","yoast_head":"<!-- This site is optimized with the Yoast SEO Premium plugin v26.9 (Yoast SEO v26.9) - https:\/\/yoast.com\/product\/yoast-seo-premium-wordpress\/ -->\n<title>Frida: The Story of Her Life &#8211; Astrup Fearnley Museet<\/title>\n<meta name=\"description\" content=\"Finn unike og eksklusive kunstrelaterte produkter p\u00e5 Astrup Fearnley Museet sin Nettbutikk. Utforsk v\u00e5rt utvalg av kunstb\u00f8ker, plakater og mer.\" \/>\n<meta name=\"robots\" content=\"index, follow, max-snippet:-1, max-image-preview:large, max-video-preview:-1\" \/>\n<link rel=\"canonical\" href=\"https:\/\/www.afmuseet.no\/nettbutikk\/en\/product\/frida-kahlo-the-story-of-her-life\/\" \/>\n<meta property=\"og:locale\" content=\"en_US\" \/>\n<meta property=\"og:type\" content=\"article\" \/>\n<meta property=\"og:title\" content=\"Frida: The Story of Her Life\" \/>\n<meta property=\"og:description\" content=\"Finn unike og eksklusive kunstrelaterte produkter p\u00e5 Astrup Fearnley Museet sin Nettbutikk. Utforsk v\u00e5rt utvalg av kunstb\u00f8ker, plakater og mer.\" \/>\n<meta property=\"og:url\" content=\"https:\/\/www.afmuseet.no\/nettbutikk\/en\/product\/frida-kahlo-the-story-of-her-life\/\" \/>\n<meta property=\"og:site_name\" content=\"Astrup Fearnley Museet\" \/>\n<meta property=\"article:modified_time\" content=\"2023-07-14T13:26:56+00:00\" \/>\n<meta property=\"og:image\" content=\"https:\/\/www.afmuseet.no\/content\/uploads\/2023\/02\/Frida-The-Story-of-Her-Life-minsket.jpg\" \/>\n\t<meta property=\"og:image:width\" content=\"1590\" \/>\n\t<meta property=\"og:image:height\" content=\"1590\" \/>\n\t<meta property=\"og:image:type\" content=\"image\/jpeg\" \/>\n<meta name=\"twitter:card\" content=\"summary_large_image\" \/>\n<meta name=\"twitter:label1\" content=\"Est. reading time\" \/>\n\t<meta name=\"twitter:data1\" content=\"1 minute\" \/>\n<script type=\"application\/ld+json\" class=\"yoast-schema-graph\">{\"@context\":\"https:\/\/schema.org\",\"@graph\":[{\"@type\":\"WebPage\",\"@id\":\"https:\/\/www.afmuseet.no\/nettbutikk\/en\/product\/frida-kahlo-the-story-of-her-life\/\",\"url\":\"https:\/\/www.afmuseet.no\/nettbutikk\/en\/product\/frida-kahlo-the-story-of-her-life\/\",\"name\":\"Frida: The Story of Her Life &#8211; Astrup Fearnley Museet\",\"isPartOf\":{\"@id\":\"https:\/\/www.afmuseet.no\/nettbutikk\/#website\"},\"primaryImageOfPage\":{\"@id\":\"https:\/\/www.afmuseet.no\/nettbutikk\/en\/product\/frida-kahlo-the-story-of-her-life\/#primaryimage\"},\"image\":{\"@id\":\"https:\/\/www.afmuseet.no\/nettbutikk\/en\/product\/frida-kahlo-the-story-of-her-life\/#primaryimage\"},\"thumbnailUrl\":\"https:\/\/www.afmuseet.no\/content\/uploads\/2023\/02\/Frida-The-Story-of-Her-Life-minsket.jpg\",\"datePublished\":\"2023-02-21T10:11:31+00:00\",\"dateModified\":\"2023-07-14T13:26:56+00:00\",\"description\":\"Finn unike og eksklusive kunstrelaterte produkter p\u00e5 Astrup Fearnley Museet sin Nettbutikk. Utforsk v\u00e5rt utvalg av kunstb\u00f8ker, plakater og mer.\",\"breadcrumb\":{\"@id\":\"https:\/\/www.afmuseet.no\/nettbutikk\/en\/product\/frida-kahlo-the-story-of-her-life\/#breadcrumb\"},\"inLanguage\":\"en-US\",\"potentialAction\":[{\"@type\":\"ReadAction\",\"target\":[\"https:\/\/www.afmuseet.no\/nettbutikk\/en\/product\/frida-kahlo-the-story-of-her-life\/\"]}]},{\"@type\":\"ImageObject\",\"inLanguage\":\"en-US\",\"@id\":\"https:\/\/www.afmuseet.no\/nettbutikk\/en\/product\/frida-kahlo-the-story-of-her-life\/#primaryimage\",\"url\":\"https:\/\/www.afmuseet.no\/content\/uploads\/2023\/02\/Frida-The-Story-of-Her-Life-minsket.jpg\",\"contentUrl\":\"https:\/\/www.afmuseet.no\/content\/uploads\/2023\/02\/Frida-The-Story-of-Her-Life-minsket.jpg\",\"width\":1590,\"height\":1590},{\"@type\":\"BreadcrumbList\",\"@id\":\"https:\/\/www.afmuseet.no\/nettbutikk\/en\/product\/frida-kahlo-the-story-of-her-life\/#breadcrumb\",\"itemListElement\":[{\"@type\":\"ListItem\",\"position\":1,\"name\":\"Hjem\",\"item\":\"https:\/\/www.afmuseet.no\/nettbutikk\/en\/\"},{\"@type\":\"ListItem\",\"position\":2,\"name\":\"Shop\",\"item\":\"https:\/\/www.afmuseet.no\/nettbutikk\/shop\/\"},{\"@type\":\"ListItem\",\"position\":3,\"name\":\"Frida: The Story of Her Life\"}]},{\"@type\":\"WebSite\",\"@id\":\"https:\/\/www.afmuseet.no\/nettbutikk\/#website\",\"url\":\"https:\/\/www.afmuseet.no\/nettbutikk\/\",\"name\":\"Astrup Fearnley Museet\",\"description\":\"\",\"potentialAction\":[{\"@type\":\"SearchAction\",\"target\":{\"@type\":\"EntryPoint\",\"urlTemplate\":\"https:\/\/www.afmuseet.no\/nettbutikk\/?s={search_term_string}\"},\"query-input\":{\"@type\":\"PropertyValueSpecification\",\"valueRequired\":true,\"valueName\":\"search_term_string\"}}],\"inLanguage\":\"en-US\"}]}<\/script>\n<!-- \/ Yoast SEO Premium plugin. -->","yoast_head_json":{"title":"Frida: The Story of Her Life &#8211; Astrup Fearnley Museet","description":"Finn unike og eksklusive kunstrelaterte produkter p\u00e5 Astrup Fearnley Museet sin Nettbutikk. Utforsk v\u00e5rt utvalg av kunstb\u00f8ker, plakater og mer.","robots":{"index":"index","follow":"follow","max-snippet":"max-snippet:-1","max-image-preview":"max-image-preview:large","max-video-preview":"max-video-preview:-1"},"canonical":"https:\/\/www.afmuseet.no\/nettbutikk\/en\/product\/frida-kahlo-the-story-of-her-life\/","og_locale":"en_US","og_type":"article","og_title":"Frida: The Story of Her Life","og_description":"Finn unike og eksklusive kunstrelaterte produkter p\u00e5 Astrup Fearnley Museet sin Nettbutikk. Utforsk v\u00e5rt utvalg av kunstb\u00f8ker, plakater og mer.","og_url":"https:\/\/www.afmuseet.no\/nettbutikk\/en\/product\/frida-kahlo-the-story-of-her-life\/","og_site_name":"Astrup Fearnley Museet","article_modified_time":"2023-07-14T13:26:56+00:00","og_image":[{"width":1590,"height":1590,"url":"https:\/\/www.afmuseet.no\/content\/uploads\/2023\/02\/Frida-The-Story-of-Her-Life-minsket.jpg","type":"image\/jpeg"}],"twitter_card":"summary_large_image","twitter_misc":{"Est. reading time":"1 minute"},"schema":{"@context":"https:\/\/schema.org","@graph":[{"@type":"WebPage","@id":"https:\/\/www.afmuseet.no\/nettbutikk\/en\/product\/frida-kahlo-the-story-of-her-life\/","url":"https:\/\/www.afmuseet.no\/nettbutikk\/en\/product\/frida-kahlo-the-story-of-her-life\/","name":"Frida: The Story of Her Life &#8211; Astrup Fearnley Museet","isPartOf":{"@id":"https:\/\/www.afmuseet.no\/nettbutikk\/#website"},"primaryImageOfPage":{"@id":"https:\/\/www.afmuseet.no\/nettbutikk\/en\/product\/frida-kahlo-the-story-of-her-life\/#primaryimage"},"image":{"@id":"https:\/\/www.afmuseet.no\/nettbutikk\/en\/product\/frida-kahlo-the-story-of-her-life\/#primaryimage"},"thumbnailUrl":"https:\/\/www.afmuseet.no\/content\/uploads\/2023\/02\/Frida-The-Story-of-Her-Life-minsket.jpg","datePublished":"2023-02-21T10:11:31+00:00","dateModified":"2023-07-14T13:26:56+00:00","description":"Finn unike og eksklusive kunstrelaterte produkter p\u00e5 Astrup Fearnley Museet sin Nettbutikk. Utforsk v\u00e5rt utvalg av kunstb\u00f8ker, plakater og mer.","breadcrumb":{"@id":"https:\/\/www.afmuseet.no\/nettbutikk\/en\/product\/frida-kahlo-the-story-of-her-life\/#breadcrumb"},"inLanguage":"en-US","potentialAction":[{"@type":"ReadAction","target":["https:\/\/www.afmuseet.no\/nettbutikk\/en\/product\/frida-kahlo-the-story-of-her-life\/"]}]},{"@type":"ImageObject","inLanguage":"en-US","@id":"https:\/\/www.afmuseet.no\/nettbutikk\/en\/product\/frida-kahlo-the-story-of-her-life\/#primaryimage","url":"https:\/\/www.afmuseet.no\/content\/uploads\/2023\/02\/Frida-The-Story-of-Her-Life-minsket.jpg","contentUrl":"https:\/\/www.afmuseet.no\/content\/uploads\/2023\/02\/Frida-The-Story-of-Her-Life-minsket.jpg","width":1590,"height":1590},{"@type":"BreadcrumbList","@id":"https:\/\/www.afmuseet.no\/nettbutikk\/en\/product\/frida-kahlo-the-story-of-her-life\/#breadcrumb","itemListElement":[{"@type":"ListItem","position":1,"name":"Hjem","item":"https:\/\/www.afmuseet.no\/nettbutikk\/en\/"},{"@type":"ListItem","position":2,"name":"Shop","item":"https:\/\/www.afmuseet.no\/nettbutikk\/shop\/"},{"@type":"ListItem","position":3,"name":"Frida: The Story of Her Life"}]},{"@type":"WebSite","@id":"https:\/\/www.afmuseet.no\/nettbutikk\/#website","url":"https:\/\/www.afmuseet.no\/nettbutikk\/","name":"Astrup Fearnley Museet","description":"","potentialAction":[{"@type":"SearchAction","target":{"@type":"EntryPoint","urlTemplate":"https:\/\/www.afmuseet.no\/nettbutikk\/?s={search_term_string}"},"query-input":{"@type":"PropertyValueSpecification","valueRequired":true,"valueName":"search_term_string"}}],"inLanguage":"en-US"}]}},"acf":[],"lang":"en","translations":{"en":40319,"nb":40451},"pll_sync_post":[],"_links":{"self":[{"href":"https:\/\/www.afmuseet.no\/nettbutikk\/wp-json\/wp\/v2\/product\/40319","targetHints":{"allow":["GET"]}}],"collection":[{"href":"https:\/\/www.afmuseet.no\/nettbutikk\/wp-json\/wp\/v2\/product"}],"about":[{"href":"https:\/\/www.afmuseet.no\/nettbutikk\/wp-json\/wp\/v2\/types\/product"}],"wp:featuredmedia":[{"embeddable":true,"href":"https:\/\/www.afmuseet.no\/nettbutikk\/wp-json\/wp\/v2\/media\/40432"}],"wp:attachment":[{"href":"https:\/\/www.afmuseet.no\/nettbutikk\/wp-json\/wp\/v2\/media?parent=40319"}],"wp:term":[{"taxonomy":"product_brand","embeddable":true,"href":"https:\/\/www.afmuseet.no\/nettbutikk\/wp-json\/wp\/v2\/product_brand?post=40319"},{"taxonomy":"product_cat","embeddable":true,"href":"https:\/\/www.afmuseet.no\/nettbutikk\/wp-json\/wp\/v2\/product_cat?post=40319"},{"taxonomy":"product_tag","embeddable":true,"href":"https:\/\/www.afmuseet.no\/nettbutikk\/wp-json\/wp\/v2\/product_tag?post=40319"}],"curies":[{"name":"wp","href":"https:\/\/api.w.org\/{rel}","templated":true}]}}