{"id":39840,"date":"2023-02-09T16:37:19","date_gmt":"2023-02-09T15:37:19","guid":{"rendered":"https:\/\/www.afmuseet.no\/nettbutikk\/?post_type=product&#038;p=39840"},"modified":"2024-01-02T16:32:57","modified_gmt":"2024-01-02T15:32:57","slug":"art-is-life-jerry-saltz","status":"publish","type":"product","link":"https:\/\/www.afmuseet.no\/nettbutikk\/en\/product\/art-is-life-jerry-saltz\/","title":{"rendered":"Art is Life: Icons and Iconoclasts, Visionaries and Vigilantes, and Flashes of Hope in the Night"},"content":{"rendered":"<p>Now, in <em>Art Is Life<\/em>, Jerry Saltz draws on two decades of work to offer a real-time survey of contemporary art as a barometer of our times. Chronicling a period punctuated by dramatic turning points\u2014from the cultural reset of 9\/11 to the rolling social crises of today\u2014Saltz traces how visionary artists have both documented and challenged the culture. Art Is Life offers Saltz\u2019s eye-opening appraisals of trailblazers like Kara Walker, David Wojnarowicz, Hilma af Klint, and Jasper Johns; provocateurs like Jeff Koons, Richard Prince, and Marina Abramovi\u0107; and visionaries like Jackson Pollock, Bill Traylor, and Willem de Kooning. Saltz celebrates landmarks like the Obama portraits by Kehinde Wiley and Amy Sherald, writes searchingly about disturbing moments such as the Ankara gallery assassination, and offers surprising takes on figures from Thomas Kinkade to Kim Kardashian. And he shares stories of his own haunted childhood, his time as a \u201cfailed artist,\u201d and his epiphanies upon beholding work by Botticelli, Delacroix, and the cave painters of Niaux.<\/p>\n<p>With his signature blend of candor and conviction, Jerry Saltz argues in Art Is Life for the importance of the fearless artist\u2014reminding us that art is a kind of channeled voice of human experience, a necessary window onto our times. The result is an openhearted and irresistibly readable appraisal by one of our most important cultural observers.<\/p>\n<p>Format: 368 pages, Hardcover<br \/>\nPublished: 2022 by Octopus Publishing Group<br \/>\nISBN: 9780593086490<br \/>\nLanguage: English<br \/>\nSize: 240 x 156<\/p>\n","protected":false},"excerpt":{"rendered":"<p>From the Pulitzer Prize winner and bestselling author of<em> How to Be an Artist<\/em>: a deliciously readable survey of the art world in turbulent times.<\/p>\n<p>Jerry Saltz is one of our most-watched writers about art and artists, and a passionate champion of the importance of art in our shared cultural life. Since the 1990s he has been an indispensable cultural voice: witty and provocative, he has attracted contemporary readers to fine art as few critics have. An early champion of forgotten and overlooked women artists, he has also celebrated the pioneering work of African American, LGBTQ+, and other long-marginalized creators. Sotheby\u2019s Institute of Art has called him, simply, \u201cthe art critic.\u201d<\/p>\n","protected":false},"featured_media":40577,"template":"","meta":{"_acf_changed":false,"afm_hide_title":false,"_afm_post_new_title":"","afm_terms_sep_product_language":", ","afm_terms_sep_product_post_translations":", ","afm_terms_sep_product_product_brand":", ","afm_terms_sep_product_product_type":", ","afm_terms_sep_product_product_visibility":", ","afm_terms_sep_product_product_cat":", ","afm_terms_sep_product_product_tag":", ","afm_terms_sep_product_product_shipping_class":", ","afm_terms_sep_product_pos_product_visibility":", ","afm_terms_sep_product_pa_cindy-sherman-art-bag":", "},"product_brand":[],"product_cat":[173],"product_tag":[],"class_list":{"0":"post-39840","1":"product","2":"type-product","3":"status-publish","4":"has-post-thumbnail","6":"product_cat-3106-anskaffede-boker","8":"first","9":"outofstock","10":"taxable","11":"shipping-taxable","12":"purchasable","13":"product-type-simple"},"group_of_quantity":0,"min_quantity":0,"max_quantity":"","exclude_order_quantity_value_rules":"no","exclude_category_quantity_rules":"no","combine_variations":"no","yoast_head":"<!-- This site is optimized with the Yoast SEO Premium plugin v26.9 (Yoast SEO v26.9) - https:\/\/yoast.com\/product\/yoast-seo-premium-wordpress\/ -->\n<title>Art is Life: Icons and Iconoclasts, Visionaries and Vigilantes, and Flashes of Hope in the Night &#8211; Astrup Fearnley Museet<\/title>\n<meta name=\"description\" content=\"Finn unike og eksklusive kunstrelaterte produkter p\u00e5 Astrup Fearnley Museet sin Nettbutikk. Utforsk v\u00e5rt utvalg av kunstb\u00f8ker, plakater og mer.\" \/>\n<meta name=\"robots\" content=\"index, follow, max-snippet:-1, max-image-preview:large, max-video-preview:-1\" \/>\n<link rel=\"canonical\" href=\"https:\/\/www.afmuseet.no\/nettbutikk\/en\/product\/art-is-life-jerry-saltz\/\" \/>\n<meta property=\"og:locale\" content=\"en_US\" \/>\n<meta property=\"og:type\" content=\"article\" \/>\n<meta property=\"og:title\" content=\"Art is Life: Icons and Iconoclasts, Visionaries and Vigilantes, and Flashes of Hope in the Night\" \/>\n<meta property=\"og:description\" content=\"Finn unike og eksklusive kunstrelaterte produkter p\u00e5 Astrup Fearnley Museet sin Nettbutikk. Utforsk v\u00e5rt utvalg av kunstb\u00f8ker, plakater og mer.\" \/>\n<meta property=\"og:url\" content=\"https:\/\/www.afmuseet.no\/nettbutikk\/en\/product\/art-is-life-jerry-saltz\/\" \/>\n<meta property=\"og:site_name\" content=\"Astrup Fearnley Museet\" \/>\n<meta property=\"article:modified_time\" content=\"2024-01-02T15:32:57+00:00\" \/>\n<meta property=\"og:image\" content=\"https:\/\/www.afmuseet.no\/content\/uploads\/2023\/02\/1-scaled.jpg\" \/>\n\t<meta property=\"og:image:width\" content=\"2560\" \/>\n\t<meta property=\"og:image:height\" content=\"2560\" \/>\n\t<meta property=\"og:image:type\" content=\"image\/jpeg\" \/>\n<meta name=\"twitter:card\" content=\"summary_large_image\" \/>\n<meta name=\"twitter:label1\" content=\"Est. reading time\" \/>\n\t<meta name=\"twitter:data1\" content=\"1 minute\" \/>\n<script type=\"application\/ld+json\" class=\"yoast-schema-graph\">{\"@context\":\"https:\/\/schema.org\",\"@graph\":[{\"@type\":\"WebPage\",\"@id\":\"https:\/\/www.afmuseet.no\/nettbutikk\/en\/product\/art-is-life-jerry-saltz\/\",\"url\":\"https:\/\/www.afmuseet.no\/nettbutikk\/en\/product\/art-is-life-jerry-saltz\/\",\"name\":\"Art is Life: Icons and Iconoclasts, Visionaries and Vigilantes, and Flashes of Hope in the Night &#8211; Astrup Fearnley Museet\",\"isPartOf\":{\"@id\":\"https:\/\/www.afmuseet.no\/nettbutikk\/#website\"},\"primaryImageOfPage\":{\"@id\":\"https:\/\/www.afmuseet.no\/nettbutikk\/en\/product\/art-is-life-jerry-saltz\/#primaryimage\"},\"image\":{\"@id\":\"https:\/\/www.afmuseet.no\/nettbutikk\/en\/product\/art-is-life-jerry-saltz\/#primaryimage\"},\"thumbnailUrl\":\"https:\/\/www.afmuseet.no\/content\/uploads\/2023\/02\/1-scaled.jpg\",\"datePublished\":\"2023-02-09T15:37:19+00:00\",\"dateModified\":\"2024-01-02T15:32:57+00:00\",\"description\":\"Finn unike og eksklusive kunstrelaterte produkter p\u00e5 Astrup Fearnley Museet sin Nettbutikk. Utforsk v\u00e5rt utvalg av kunstb\u00f8ker, plakater og mer.\",\"breadcrumb\":{\"@id\":\"https:\/\/www.afmuseet.no\/nettbutikk\/en\/product\/art-is-life-jerry-saltz\/#breadcrumb\"},\"inLanguage\":\"en-US\",\"potentialAction\":[{\"@type\":\"ReadAction\",\"target\":[\"https:\/\/www.afmuseet.no\/nettbutikk\/en\/product\/art-is-life-jerry-saltz\/\"]}]},{\"@type\":\"ImageObject\",\"inLanguage\":\"en-US\",\"@id\":\"https:\/\/www.afmuseet.no\/nettbutikk\/en\/product\/art-is-life-jerry-saltz\/#primaryimage\",\"url\":\"https:\/\/www.afmuseet.no\/content\/uploads\/2023\/02\/1-scaled.jpg\",\"contentUrl\":\"https:\/\/www.afmuseet.no\/content\/uploads\/2023\/02\/1-scaled.jpg\",\"width\":2560,\"height\":2560},{\"@type\":\"BreadcrumbList\",\"@id\":\"https:\/\/www.afmuseet.no\/nettbutikk\/en\/product\/art-is-life-jerry-saltz\/#breadcrumb\",\"itemListElement\":[{\"@type\":\"ListItem\",\"position\":1,\"name\":\"Hjem\",\"item\":\"https:\/\/www.afmuseet.no\/nettbutikk\/en\/\"},{\"@type\":\"ListItem\",\"position\":2,\"name\":\"Shop\",\"item\":\"https:\/\/www.afmuseet.no\/nettbutikk\/shop\/\"},{\"@type\":\"ListItem\",\"position\":3,\"name\":\"Art is Life: Icons and Iconoclasts, Visionaries and Vigilantes, and Flashes of Hope in the Night\"}]},{\"@type\":\"WebSite\",\"@id\":\"https:\/\/www.afmuseet.no\/nettbutikk\/#website\",\"url\":\"https:\/\/www.afmuseet.no\/nettbutikk\/\",\"name\":\"Astrup Fearnley Museet\",\"description\":\"\",\"potentialAction\":[{\"@type\":\"SearchAction\",\"target\":{\"@type\":\"EntryPoint\",\"urlTemplate\":\"https:\/\/www.afmuseet.no\/nettbutikk\/?s={search_term_string}\"},\"query-input\":{\"@type\":\"PropertyValueSpecification\",\"valueRequired\":true,\"valueName\":\"search_term_string\"}}],\"inLanguage\":\"en-US\"}]}<\/script>\n<!-- \/ Yoast SEO Premium plugin. -->","yoast_head_json":{"title":"Art is Life: Icons and Iconoclasts, Visionaries and Vigilantes, and Flashes of Hope in the Night &#8211; Astrup Fearnley Museet","description":"Finn unike og eksklusive kunstrelaterte produkter p\u00e5 Astrup Fearnley Museet sin Nettbutikk. Utforsk v\u00e5rt utvalg av kunstb\u00f8ker, plakater og mer.","robots":{"index":"index","follow":"follow","max-snippet":"max-snippet:-1","max-image-preview":"max-image-preview:large","max-video-preview":"max-video-preview:-1"},"canonical":"https:\/\/www.afmuseet.no\/nettbutikk\/en\/product\/art-is-life-jerry-saltz\/","og_locale":"en_US","og_type":"article","og_title":"Art is Life: Icons and Iconoclasts, Visionaries and Vigilantes, and Flashes of Hope in the Night","og_description":"Finn unike og eksklusive kunstrelaterte produkter p\u00e5 Astrup Fearnley Museet sin Nettbutikk. Utforsk v\u00e5rt utvalg av kunstb\u00f8ker, plakater og mer.","og_url":"https:\/\/www.afmuseet.no\/nettbutikk\/en\/product\/art-is-life-jerry-saltz\/","og_site_name":"Astrup Fearnley Museet","article_modified_time":"2024-01-02T15:32:57+00:00","og_image":[{"width":2560,"height":2560,"url":"https:\/\/www.afmuseet.no\/content\/uploads\/2023\/02\/1-scaled.jpg","type":"image\/jpeg"}],"twitter_card":"summary_large_image","twitter_misc":{"Est. reading time":"1 minute"},"schema":{"@context":"https:\/\/schema.org","@graph":[{"@type":"WebPage","@id":"https:\/\/www.afmuseet.no\/nettbutikk\/en\/product\/art-is-life-jerry-saltz\/","url":"https:\/\/www.afmuseet.no\/nettbutikk\/en\/product\/art-is-life-jerry-saltz\/","name":"Art is Life: Icons and Iconoclasts, Visionaries and Vigilantes, and Flashes of Hope in the Night &#8211; Astrup Fearnley Museet","isPartOf":{"@id":"https:\/\/www.afmuseet.no\/nettbutikk\/#website"},"primaryImageOfPage":{"@id":"https:\/\/www.afmuseet.no\/nettbutikk\/en\/product\/art-is-life-jerry-saltz\/#primaryimage"},"image":{"@id":"https:\/\/www.afmuseet.no\/nettbutikk\/en\/product\/art-is-life-jerry-saltz\/#primaryimage"},"thumbnailUrl":"https:\/\/www.afmuseet.no\/content\/uploads\/2023\/02\/1-scaled.jpg","datePublished":"2023-02-09T15:37:19+00:00","dateModified":"2024-01-02T15:32:57+00:00","description":"Finn unike og eksklusive kunstrelaterte produkter p\u00e5 Astrup Fearnley Museet sin Nettbutikk. Utforsk v\u00e5rt utvalg av kunstb\u00f8ker, plakater og mer.","breadcrumb":{"@id":"https:\/\/www.afmuseet.no\/nettbutikk\/en\/product\/art-is-life-jerry-saltz\/#breadcrumb"},"inLanguage":"en-US","potentialAction":[{"@type":"ReadAction","target":["https:\/\/www.afmuseet.no\/nettbutikk\/en\/product\/art-is-life-jerry-saltz\/"]}]},{"@type":"ImageObject","inLanguage":"en-US","@id":"https:\/\/www.afmuseet.no\/nettbutikk\/en\/product\/art-is-life-jerry-saltz\/#primaryimage","url":"https:\/\/www.afmuseet.no\/content\/uploads\/2023\/02\/1-scaled.jpg","contentUrl":"https:\/\/www.afmuseet.no\/content\/uploads\/2023\/02\/1-scaled.jpg","width":2560,"height":2560},{"@type":"BreadcrumbList","@id":"https:\/\/www.afmuseet.no\/nettbutikk\/en\/product\/art-is-life-jerry-saltz\/#breadcrumb","itemListElement":[{"@type":"ListItem","position":1,"name":"Hjem","item":"https:\/\/www.afmuseet.no\/nettbutikk\/en\/"},{"@type":"ListItem","position":2,"name":"Shop","item":"https:\/\/www.afmuseet.no\/nettbutikk\/shop\/"},{"@type":"ListItem","position":3,"name":"Art is Life: Icons and Iconoclasts, Visionaries and Vigilantes, and Flashes of Hope in the Night"}]},{"@type":"WebSite","@id":"https:\/\/www.afmuseet.no\/nettbutikk\/#website","url":"https:\/\/www.afmuseet.no\/nettbutikk\/","name":"Astrup Fearnley Museet","description":"","potentialAction":[{"@type":"SearchAction","target":{"@type":"EntryPoint","urlTemplate":"https:\/\/www.afmuseet.no\/nettbutikk\/?s={search_term_string}"},"query-input":{"@type":"PropertyValueSpecification","valueRequired":true,"valueName":"search_term_string"}}],"inLanguage":"en-US"}]}},"acf":[],"lang":"en","translations":{"en":39840},"pll_sync_post":[],"_links":{"self":[{"href":"https:\/\/www.afmuseet.no\/nettbutikk\/wp-json\/wp\/v2\/product\/39840","targetHints":{"allow":["GET"]}}],"collection":[{"href":"https:\/\/www.afmuseet.no\/nettbutikk\/wp-json\/wp\/v2\/product"}],"about":[{"href":"https:\/\/www.afmuseet.no\/nettbutikk\/wp-json\/wp\/v2\/types\/product"}],"wp:featuredmedia":[{"embeddable":true,"href":"https:\/\/www.afmuseet.no\/nettbutikk\/wp-json\/wp\/v2\/media\/40577"}],"wp:attachment":[{"href":"https:\/\/www.afmuseet.no\/nettbutikk\/wp-json\/wp\/v2\/media?parent=39840"}],"wp:term":[{"taxonomy":"product_brand","embeddable":true,"href":"https:\/\/www.afmuseet.no\/nettbutikk\/wp-json\/wp\/v2\/product_brand?post=39840"},{"taxonomy":"product_cat","embeddable":true,"href":"https:\/\/www.afmuseet.no\/nettbutikk\/wp-json\/wp\/v2\/product_cat?post=39840"},{"taxonomy":"product_tag","embeddable":true,"href":"https:\/\/www.afmuseet.no\/nettbutikk\/wp-json\/wp\/v2\/product_tag?post=39840"}],"curies":[{"name":"wp","href":"https:\/\/api.w.org\/{rel}","templated":true}]}}