{"id":39593,"date":"2023-02-02T10:43:04","date_gmt":"2023-02-02T09:43:04","guid":{"rendered":"https:\/\/www.afmuseet.no\/nettbutikk\/?post_type=product&#038;p=39593"},"modified":"2023-07-14T14:28:30","modified_gmt":"2023-07-14T13:28:30","slug":"look-at-this-if-you-love-great-art-100-essential-artworks-that-really-matter","status":"publish","type":"product","link":"https:\/\/www.afmuseet.no\/nettbutikk\/en\/product\/look-at-this-if-you-love-great-art-100-essential-artworks-that-really-matter\/","title":{"rendered":"Look At This If you Love Great Art"},"content":{"rendered":"<p>Art writer Chlo\u00eb Ashby talks you through the pieces that resonate with her, revealing the fascinating stories behind them and offering her considered take on why each work should be regarded as a pinnacle of artistic endeavour. With entries curated to offer a unique juxtaposition of styles, mediums and schools of art, expect a contemporary take on classic artworks, where titans of art history cross paths with under-appreciated examples from outside the traditional canon, and where rebellious visionaries blaze trails that still influence today\u2019s cutting-edge artists.<\/p>\n<p>Covering all the most important genres of art \u2013Abstraction, Pop Art, Surrealism, Renaissance art, Impressionism and more \u2013 this engaging summary only deals with artworks that really matter and the reasons why you have to see them.<\/p>\n<p>Publisher: The Ivy Press, 2021<br \/>\nAuthor: Chlo\u00eb Ashby<br \/>\nLanguage: English<br \/>\nFormat: Hardback &#8211; 224 pages<br \/>\nDimensions: 165 x 225 x 22.86mm &#8211;  680.39g<br \/>\nIllustrations note: 100 colour photos<br \/>\nISBN: 9780711256064<\/p>\n","protected":false},"excerpt":{"rendered":"<p>Look At This If You Love Great Art is a must read for anyone with a passion for exceptional art. Featuring 100 of the best artworks ever produced, inside is a collection of insightful summaries on just what it is that makes each one so vital.<\/p>\n","protected":false},"featured_media":39790,"template":"","meta":{"_acf_changed":false,"afm_hide_title":false,"_afm_post_new_title":"","afm_terms_sep_product_language":", ","afm_terms_sep_product_post_translations":", ","afm_terms_sep_product_product_brand":", ","afm_terms_sep_product_product_type":", ","afm_terms_sep_product_product_visibility":", ","afm_terms_sep_product_product_cat":", ","afm_terms_sep_product_product_tag":", ","afm_terms_sep_product_product_shipping_class":", ","afm_terms_sep_product_pos_product_visibility":", ","afm_terms_sep_product_pa_cindy-sherman-art-bag":", "},"product_brand":[],"product_cat":[173,114,95],"product_tag":[],"class_list":{"0":"post-39593","1":"product","2":"type-product","3":"status-publish","4":"has-post-thumbnail","6":"product_cat-3106-anskaffede-boker","7":"product_cat-art-books","8":"product_cat-publications","9":"product_shipping_class-div-product","11":"first","12":"outofstock","13":"taxable","14":"shipping-taxable","15":"purchasable","16":"product-type-simple"},"group_of_quantity":0,"min_quantity":0,"max_quantity":"","exclude_order_quantity_value_rules":"no","exclude_category_quantity_rules":"no","combine_variations":"no","yoast_head":"<!-- This site is optimized with the Yoast SEO Premium plugin v26.9 (Yoast SEO v26.9) - https:\/\/yoast.com\/product\/yoast-seo-premium-wordpress\/ -->\n<title>Look At This If you Love Great Art &#8211; Astrup Fearnley Museet<\/title>\n<meta name=\"description\" content=\"Finn unike og eksklusive kunstrelaterte produkter p\u00e5 Astrup Fearnley Museet sin Nettbutikk. Utforsk v\u00e5rt utvalg av kunstb\u00f8ker, plakater og mer.\" \/>\n<meta name=\"robots\" content=\"index, follow, max-snippet:-1, max-image-preview:large, max-video-preview:-1\" \/>\n<link rel=\"canonical\" href=\"https:\/\/www.afmuseet.no\/nettbutikk\/en\/product\/look-at-this-if-you-love-great-art-100-essential-artworks-that-really-matter\/\" \/>\n<meta property=\"og:locale\" content=\"en_US\" \/>\n<meta property=\"og:type\" content=\"article\" \/>\n<meta property=\"og:title\" content=\"Look At This If you Love Great Art\" \/>\n<meta property=\"og:description\" content=\"Finn unike og eksklusive kunstrelaterte produkter p\u00e5 Astrup Fearnley Museet sin Nettbutikk. Utforsk v\u00e5rt utvalg av kunstb\u00f8ker, plakater og mer.\" \/>\n<meta property=\"og:url\" content=\"https:\/\/www.afmuseet.no\/nettbutikk\/en\/product\/look-at-this-if-you-love-great-art-100-essential-artworks-that-really-matter\/\" \/>\n<meta property=\"og:site_name\" content=\"Astrup Fearnley Museet\" \/>\n<meta property=\"article:modified_time\" content=\"2023-07-14T13:28:30+00:00\" \/>\n<meta property=\"og:image\" content=\"https:\/\/www.afmuseet.no\/content\/uploads\/2023\/02\/Look-at-this-if-you-love-great-art.jpg\" \/>\n\t<meta property=\"og:image:width\" content=\"1379\" \/>\n\t<meta property=\"og:image:height\" content=\"1379\" \/>\n\t<meta property=\"og:image:type\" content=\"image\/jpeg\" \/>\n<meta name=\"twitter:card\" content=\"summary_large_image\" \/>\n<meta name=\"twitter:label1\" content=\"Est. reading time\" \/>\n\t<meta name=\"twitter:data1\" content=\"1 minute\" \/>\n<script type=\"application\/ld+json\" class=\"yoast-schema-graph\">{\"@context\":\"https:\/\/schema.org\",\"@graph\":[{\"@type\":\"WebPage\",\"@id\":\"https:\/\/www.afmuseet.no\/nettbutikk\/en\/product\/look-at-this-if-you-love-great-art-100-essential-artworks-that-really-matter\/\",\"url\":\"https:\/\/www.afmuseet.no\/nettbutikk\/en\/product\/look-at-this-if-you-love-great-art-100-essential-artworks-that-really-matter\/\",\"name\":\"Look At This If you Love Great Art &#8211; Astrup Fearnley Museet\",\"isPartOf\":{\"@id\":\"https:\/\/www.afmuseet.no\/nettbutikk\/#website\"},\"primaryImageOfPage\":{\"@id\":\"https:\/\/www.afmuseet.no\/nettbutikk\/en\/product\/look-at-this-if-you-love-great-art-100-essential-artworks-that-really-matter\/#primaryimage\"},\"image\":{\"@id\":\"https:\/\/www.afmuseet.no\/nettbutikk\/en\/product\/look-at-this-if-you-love-great-art-100-essential-artworks-that-really-matter\/#primaryimage\"},\"thumbnailUrl\":\"https:\/\/www.afmuseet.no\/content\/uploads\/2023\/02\/Look-at-this-if-you-love-great-art.jpg\",\"datePublished\":\"2023-02-02T09:43:04+00:00\",\"dateModified\":\"2023-07-14T13:28:30+00:00\",\"description\":\"Finn unike og eksklusive kunstrelaterte produkter p\u00e5 Astrup Fearnley Museet sin Nettbutikk. Utforsk v\u00e5rt utvalg av kunstb\u00f8ker, plakater og mer.\",\"breadcrumb\":{\"@id\":\"https:\/\/www.afmuseet.no\/nettbutikk\/en\/product\/look-at-this-if-you-love-great-art-100-essential-artworks-that-really-matter\/#breadcrumb\"},\"inLanguage\":\"en-US\",\"potentialAction\":[{\"@type\":\"ReadAction\",\"target\":[\"https:\/\/www.afmuseet.no\/nettbutikk\/en\/product\/look-at-this-if-you-love-great-art-100-essential-artworks-that-really-matter\/\"]}]},{\"@type\":\"ImageObject\",\"inLanguage\":\"en-US\",\"@id\":\"https:\/\/www.afmuseet.no\/nettbutikk\/en\/product\/look-at-this-if-you-love-great-art-100-essential-artworks-that-really-matter\/#primaryimage\",\"url\":\"https:\/\/www.afmuseet.no\/content\/uploads\/2023\/02\/Look-at-this-if-you-love-great-art.jpg\",\"contentUrl\":\"https:\/\/www.afmuseet.no\/content\/uploads\/2023\/02\/Look-at-this-if-you-love-great-art.jpg\",\"width\":1379,\"height\":1379},{\"@type\":\"BreadcrumbList\",\"@id\":\"https:\/\/www.afmuseet.no\/nettbutikk\/en\/product\/look-at-this-if-you-love-great-art-100-essential-artworks-that-really-matter\/#breadcrumb\",\"itemListElement\":[{\"@type\":\"ListItem\",\"position\":1,\"name\":\"Hjem\",\"item\":\"https:\/\/www.afmuseet.no\/nettbutikk\/en\/\"},{\"@type\":\"ListItem\",\"position\":2,\"name\":\"Shop\",\"item\":\"https:\/\/www.afmuseet.no\/nettbutikk\/shop\/\"},{\"@type\":\"ListItem\",\"position\":3,\"name\":\"Look At This If you Love Great Art\"}]},{\"@type\":\"WebSite\",\"@id\":\"https:\/\/www.afmuseet.no\/nettbutikk\/#website\",\"url\":\"https:\/\/www.afmuseet.no\/nettbutikk\/\",\"name\":\"Astrup Fearnley Museet\",\"description\":\"\",\"potentialAction\":[{\"@type\":\"SearchAction\",\"target\":{\"@type\":\"EntryPoint\",\"urlTemplate\":\"https:\/\/www.afmuseet.no\/nettbutikk\/?s={search_term_string}\"},\"query-input\":{\"@type\":\"PropertyValueSpecification\",\"valueRequired\":true,\"valueName\":\"search_term_string\"}}],\"inLanguage\":\"en-US\"}]}<\/script>\n<!-- \/ Yoast SEO Premium plugin. -->","yoast_head_json":{"title":"Look At This If you Love Great Art &#8211; Astrup Fearnley Museet","description":"Finn unike og eksklusive kunstrelaterte produkter p\u00e5 Astrup Fearnley Museet sin Nettbutikk. Utforsk v\u00e5rt utvalg av kunstb\u00f8ker, plakater og mer.","robots":{"index":"index","follow":"follow","max-snippet":"max-snippet:-1","max-image-preview":"max-image-preview:large","max-video-preview":"max-video-preview:-1"},"canonical":"https:\/\/www.afmuseet.no\/nettbutikk\/en\/product\/look-at-this-if-you-love-great-art-100-essential-artworks-that-really-matter\/","og_locale":"en_US","og_type":"article","og_title":"Look At This If you Love Great Art","og_description":"Finn unike og eksklusive kunstrelaterte produkter p\u00e5 Astrup Fearnley Museet sin Nettbutikk. Utforsk v\u00e5rt utvalg av kunstb\u00f8ker, plakater og mer.","og_url":"https:\/\/www.afmuseet.no\/nettbutikk\/en\/product\/look-at-this-if-you-love-great-art-100-essential-artworks-that-really-matter\/","og_site_name":"Astrup Fearnley Museet","article_modified_time":"2023-07-14T13:28:30+00:00","og_image":[{"width":1379,"height":1379,"url":"https:\/\/www.afmuseet.no\/content\/uploads\/2023\/02\/Look-at-this-if-you-love-great-art.jpg","type":"image\/jpeg"}],"twitter_card":"summary_large_image","twitter_misc":{"Est. reading time":"1 minute"},"schema":{"@context":"https:\/\/schema.org","@graph":[{"@type":"WebPage","@id":"https:\/\/www.afmuseet.no\/nettbutikk\/en\/product\/look-at-this-if-you-love-great-art-100-essential-artworks-that-really-matter\/","url":"https:\/\/www.afmuseet.no\/nettbutikk\/en\/product\/look-at-this-if-you-love-great-art-100-essential-artworks-that-really-matter\/","name":"Look At This If you Love Great Art &#8211; Astrup Fearnley Museet","isPartOf":{"@id":"https:\/\/www.afmuseet.no\/nettbutikk\/#website"},"primaryImageOfPage":{"@id":"https:\/\/www.afmuseet.no\/nettbutikk\/en\/product\/look-at-this-if-you-love-great-art-100-essential-artworks-that-really-matter\/#primaryimage"},"image":{"@id":"https:\/\/www.afmuseet.no\/nettbutikk\/en\/product\/look-at-this-if-you-love-great-art-100-essential-artworks-that-really-matter\/#primaryimage"},"thumbnailUrl":"https:\/\/www.afmuseet.no\/content\/uploads\/2023\/02\/Look-at-this-if-you-love-great-art.jpg","datePublished":"2023-02-02T09:43:04+00:00","dateModified":"2023-07-14T13:28:30+00:00","description":"Finn unike og eksklusive kunstrelaterte produkter p\u00e5 Astrup Fearnley Museet sin Nettbutikk. Utforsk v\u00e5rt utvalg av kunstb\u00f8ker, plakater og mer.","breadcrumb":{"@id":"https:\/\/www.afmuseet.no\/nettbutikk\/en\/product\/look-at-this-if-you-love-great-art-100-essential-artworks-that-really-matter\/#breadcrumb"},"inLanguage":"en-US","potentialAction":[{"@type":"ReadAction","target":["https:\/\/www.afmuseet.no\/nettbutikk\/en\/product\/look-at-this-if-you-love-great-art-100-essential-artworks-that-really-matter\/"]}]},{"@type":"ImageObject","inLanguage":"en-US","@id":"https:\/\/www.afmuseet.no\/nettbutikk\/en\/product\/look-at-this-if-you-love-great-art-100-essential-artworks-that-really-matter\/#primaryimage","url":"https:\/\/www.afmuseet.no\/content\/uploads\/2023\/02\/Look-at-this-if-you-love-great-art.jpg","contentUrl":"https:\/\/www.afmuseet.no\/content\/uploads\/2023\/02\/Look-at-this-if-you-love-great-art.jpg","width":1379,"height":1379},{"@type":"BreadcrumbList","@id":"https:\/\/www.afmuseet.no\/nettbutikk\/en\/product\/look-at-this-if-you-love-great-art-100-essential-artworks-that-really-matter\/#breadcrumb","itemListElement":[{"@type":"ListItem","position":1,"name":"Hjem","item":"https:\/\/www.afmuseet.no\/nettbutikk\/en\/"},{"@type":"ListItem","position":2,"name":"Shop","item":"https:\/\/www.afmuseet.no\/nettbutikk\/shop\/"},{"@type":"ListItem","position":3,"name":"Look At This If you Love Great Art"}]},{"@type":"WebSite","@id":"https:\/\/www.afmuseet.no\/nettbutikk\/#website","url":"https:\/\/www.afmuseet.no\/nettbutikk\/","name":"Astrup Fearnley Museet","description":"","potentialAction":[{"@type":"SearchAction","target":{"@type":"EntryPoint","urlTemplate":"https:\/\/www.afmuseet.no\/nettbutikk\/?s={search_term_string}"},"query-input":{"@type":"PropertyValueSpecification","valueRequired":true,"valueName":"search_term_string"}}],"inLanguage":"en-US"}]}},"acf":[],"lang":"en","translations":{"en":39593,"nb":39791},"pll_sync_post":[],"_links":{"self":[{"href":"https:\/\/www.afmuseet.no\/nettbutikk\/wp-json\/wp\/v2\/product\/39593","targetHints":{"allow":["GET"]}}],"collection":[{"href":"https:\/\/www.afmuseet.no\/nettbutikk\/wp-json\/wp\/v2\/product"}],"about":[{"href":"https:\/\/www.afmuseet.no\/nettbutikk\/wp-json\/wp\/v2\/types\/product"}],"wp:featuredmedia":[{"embeddable":true,"href":"https:\/\/www.afmuseet.no\/nettbutikk\/wp-json\/wp\/v2\/media\/39790"}],"wp:attachment":[{"href":"https:\/\/www.afmuseet.no\/nettbutikk\/wp-json\/wp\/v2\/media?parent=39593"}],"wp:term":[{"taxonomy":"product_brand","embeddable":true,"href":"https:\/\/www.afmuseet.no\/nettbutikk\/wp-json\/wp\/v2\/product_brand?post=39593"},{"taxonomy":"product_cat","embeddable":true,"href":"https:\/\/www.afmuseet.no\/nettbutikk\/wp-json\/wp\/v2\/product_cat?post=39593"},{"taxonomy":"product_tag","embeddable":true,"href":"https:\/\/www.afmuseet.no\/nettbutikk\/wp-json\/wp\/v2\/product_tag?post=39593"}],"curies":[{"name":"wp","href":"https:\/\/api.w.org\/{rel}","templated":true}]}}