{"id":39278,"date":"2022-03-09T16:48:10","date_gmt":"2022-03-09T15:48:10","guid":{"rendered":"https:\/\/www.afmuseet.no\/nettbutikk\/?post_type=product&#038;p=39278"},"modified":"2023-02-25T16:48:07","modified_gmt":"2023-02-25T15:48:07","slug":"why-have-there-been-no-great-women-artists","status":"publish","type":"product","link":"https:\/\/www.afmuseet.no\/nettbutikk\/produkt\/why-have-there-been-no-great-women-artists\/","title":{"rendered":"Why Have There Been No Great Women Artists?"},"content":{"rendered":"<p>Med enest\u00e5ende innsikt og oppsiktsvekkende vidd avsl\u00f8rte Nochlin aksepten av et hvitt mannlig synspunkt i kunsthistorisk tenkning som ikke bare en moralsk fiasko, men en intellektuell. Frihet, slik hun ser det, krever at kvinner risikerer \u00e5 fullstendig rive kunstverdenens institusjoner, og gjenoppbygge dem p\u00e5 nytt \u2013 med andre ord, for \u00e5 hoppe ut i det ukjente. I denne frittst\u00e5ende jubileumsutgaven er Nochlins essay publisert sammen med omvurderingen, &#8220;Thirty Years After&#8221;. \u00abThirty Years After\u00bb er skrevet i en tid med blomstrende feministisk teori, s\u00e5 vel som queer-teori, rase- og postkoloniale studier, og er en sl\u00e5ende refleksjon over fremveksten av en helt ny kanon. Med referanse til Joan Mitchell, Louise Bourgeois, Cindy Sherman og mange flere, diagnostiserer Nochlin tilstanden til kvinner og kunst med uovertruffen presisjon og ivrig. \u2018Hvorfor har det ikke v\u00e6rt noen store kvinnelige kunstnere?\u2019 har blitt et slagord og samlingsrop som gir gjenklang p\u00e5 tvers av kultur og samfunn; Dior adopterte det til og med i 2018-kolleksjonene deres. <\/p>\n<p>P\u00e5 2020-tallet, i en tid da \u00abvisse patriarkalske verdier gj\u00f8r comeback\u00bb, kunne ikke Nochlins budskap v\u00e6rt mer presserende: som hun selv sa det i 2015, \u00abdet er fortsatt en lang vei \u00e5 g\u00e5\u00bb. <\/p>\n<p>Forfatter: Linda Nochlin<br \/>\nIntroduksjon av Catherine Grant<br \/>\nUtgiver: Thames &amp; Hudson Ltd, 2021<br \/>\nSpr\u00e5k Engelsk<br \/>\nFormat: Innbundet &#8211; 210 gr &#8211; 176 x 110 x 15 mm<br \/>\nAntall sider: 112 \u2013 14 illustrasjoner<br \/>\nISBN: 9780500023846<\/p>\n","protected":false},"excerpt":{"rendered":"<p>Linda Nochlins banebrytende essay om kvinnelige kunstnere er allment anerkjent som det f\u00f8rste virkelige fors\u00f8ket p\u00e5 en feministisk kunsthistorie. Nochlin nektet \u00e5 h\u00e5ndtere sp\u00f8rsm\u00e5let om hvorfor det ikke hadde v\u00e6rt noen &#8220;store kvinnelige artister&#8221; p\u00e5 egne, korrupte, premisser. I stedet demonterte hun selve konseptet &#8220;storhet&#8221;, og avsl\u00f8rte de grunnleggende antakelsene som hadde sentrert et mannlig kodet &#8220;geni&#8221; i studiet av kunst. <\/p>\n","protected":false},"featured_media":27599,"template":"","meta":{"_acf_changed":false,"afm_hide_title":false,"_afm_post_new_title":"","afm_terms_sep_product_language":", ","afm_terms_sep_product_post_translations":", ","afm_terms_sep_product_product_brand":", ","afm_terms_sep_product_product_type":", ","afm_terms_sep_product_product_visibility":", ","afm_terms_sep_product_product_cat":", ","afm_terms_sep_product_product_tag":", ","afm_terms_sep_product_product_shipping_class":", ","afm_terms_sep_product_pos_product_visibility":", ","afm_terms_sep_product_pa_cindy-sherman-art-bag":", "},"product_brand":[],"product_cat":[564,385],"product_tag":[],"class_list":{"0":"post-39278","1":"product","2":"type-product","3":"status-publish","4":"has-post-thumbnail","6":"product_cat-3106-anskaffede-boker","7":"product_cat-publications","8":"product_shipping_class-div-product","10":"first","11":"outofstock","12":"taxable","13":"shipping-taxable","14":"purchasable","15":"product-type-simple"},"group_of_quantity":0,"min_quantity":0,"max_quantity":"","exclude_order_quantity_value_rules":"no","exclude_category_quantity_rules":"no","combine_variations":"no","yoast_head":"<!-- This site is optimized with the Yoast SEO Premium plugin v26.9 (Yoast SEO v26.9) - https:\/\/yoast.com\/product\/yoast-seo-premium-wordpress\/ -->\n<title>Why Have There Been No Great Women Artists? &#8211; Astrup Fearnley Museet<\/title>\n<meta name=\"description\" content=\"Finn unike og eksklusive kunstrelaterte produkter p\u00e5 Astrup Fearnley Museet sin Nettbutikk. Utforsk v\u00e5rt utvalg av kunstb\u00f8ker, plakater og mer.\" \/>\n<meta name=\"robots\" content=\"index, follow, max-snippet:-1, max-image-preview:large, max-video-preview:-1\" \/>\n<link rel=\"canonical\" href=\"https:\/\/www.afmuseet.no\/nettbutikk\/produkt\/why-have-there-been-no-great-women-artists\/\" \/>\n<meta property=\"og:locale\" content=\"en_US\" \/>\n<meta property=\"og:type\" content=\"article\" \/>\n<meta property=\"og:title\" content=\"Why Have There Been No Great Women Artists?\" \/>\n<meta property=\"og:description\" content=\"Finn unike og eksklusive kunstrelaterte produkter p\u00e5 Astrup Fearnley Museet sin Nettbutikk. Utforsk v\u00e5rt utvalg av kunstb\u00f8ker, plakater og mer.\" \/>\n<meta property=\"og:url\" content=\"https:\/\/www.afmuseet.no\/nettbutikk\/produkt\/why-have-there-been-no-great-women-artists\/\" \/>\n<meta property=\"og:site_name\" content=\"Astrup Fearnley Museet\" \/>\n<meta property=\"article:modified_time\" content=\"2023-02-25T15:48:07+00:00\" \/>\n<meta property=\"og:image\" content=\"https:\/\/www.afmuseet.no\/content\/uploads\/2022\/03\/Picture1-square.jpg\" \/>\n\t<meta property=\"og:image:width\" content=\"861\" \/>\n\t<meta property=\"og:image:height\" content=\"860\" \/>\n\t<meta property=\"og:image:type\" content=\"image\/jpeg\" \/>\n<meta name=\"twitter:card\" content=\"summary_large_image\" \/>\n<meta name=\"twitter:label1\" content=\"Est. reading time\" \/>\n\t<meta name=\"twitter:data1\" content=\"1 minute\" \/>\n<script type=\"application\/ld+json\" class=\"yoast-schema-graph\">{\"@context\":\"https:\/\/schema.org\",\"@graph\":[{\"@type\":\"WebPage\",\"@id\":\"https:\/\/www.afmuseet.no\/nettbutikk\/produkt\/why-have-there-been-no-great-women-artists\/\",\"url\":\"https:\/\/www.afmuseet.no\/nettbutikk\/produkt\/why-have-there-been-no-great-women-artists\/\",\"name\":\"Why Have There Been No Great Women Artists? &#8211; Astrup Fearnley Museet\",\"isPartOf\":{\"@id\":\"https:\/\/www.afmuseet.no\/nettbutikk\/#website\"},\"primaryImageOfPage\":{\"@id\":\"https:\/\/www.afmuseet.no\/nettbutikk\/produkt\/why-have-there-been-no-great-women-artists\/#primaryimage\"},\"image\":{\"@id\":\"https:\/\/www.afmuseet.no\/nettbutikk\/produkt\/why-have-there-been-no-great-women-artists\/#primaryimage\"},\"thumbnailUrl\":\"https:\/\/www.afmuseet.no\/content\/uploads\/2022\/03\/Picture1-square.jpg\",\"datePublished\":\"2022-03-09T15:48:10+00:00\",\"dateModified\":\"2023-02-25T15:48:07+00:00\",\"description\":\"Finn unike og eksklusive kunstrelaterte produkter p\u00e5 Astrup Fearnley Museet sin Nettbutikk. Utforsk v\u00e5rt utvalg av kunstb\u00f8ker, plakater og mer.\",\"breadcrumb\":{\"@id\":\"https:\/\/www.afmuseet.no\/nettbutikk\/produkt\/why-have-there-been-no-great-women-artists\/#breadcrumb\"},\"inLanguage\":\"en-US\",\"potentialAction\":[{\"@type\":\"ReadAction\",\"target\":[\"https:\/\/www.afmuseet.no\/nettbutikk\/produkt\/why-have-there-been-no-great-women-artists\/\"]}]},{\"@type\":\"ImageObject\",\"inLanguage\":\"en-US\",\"@id\":\"https:\/\/www.afmuseet.no\/nettbutikk\/produkt\/why-have-there-been-no-great-women-artists\/#primaryimage\",\"url\":\"https:\/\/www.afmuseet.no\/content\/uploads\/2022\/03\/Picture1-square.jpg\",\"contentUrl\":\"https:\/\/www.afmuseet.no\/content\/uploads\/2022\/03\/Picture1-square.jpg\",\"width\":861,\"height\":860},{\"@type\":\"BreadcrumbList\",\"@id\":\"https:\/\/www.afmuseet.no\/nettbutikk\/produkt\/why-have-there-been-no-great-women-artists\/#breadcrumb\",\"itemListElement\":[{\"@type\":\"ListItem\",\"position\":1,\"name\":\"Hjem\",\"item\":\"https:\/\/www.afmuseet.no\/nettbutikk\/en\/\"},{\"@type\":\"ListItem\",\"position\":2,\"name\":\"Shop\",\"item\":\"https:\/\/www.afmuseet.no\/nettbutikk\/shop\/\"},{\"@type\":\"ListItem\",\"position\":3,\"name\":\"Why Have There Been No Great Women Artists?\"}]},{\"@type\":\"WebSite\",\"@id\":\"https:\/\/www.afmuseet.no\/nettbutikk\/#website\",\"url\":\"https:\/\/www.afmuseet.no\/nettbutikk\/\",\"name\":\"Astrup Fearnley Museet\",\"description\":\"\",\"potentialAction\":[{\"@type\":\"SearchAction\",\"target\":{\"@type\":\"EntryPoint\",\"urlTemplate\":\"https:\/\/www.afmuseet.no\/nettbutikk\/?s={search_term_string}\"},\"query-input\":{\"@type\":\"PropertyValueSpecification\",\"valueRequired\":true,\"valueName\":\"search_term_string\"}}],\"inLanguage\":\"en-US\"}]}<\/script>\n<!-- \/ Yoast SEO Premium plugin. -->","yoast_head_json":{"title":"Why Have There Been No Great Women Artists? &#8211; Astrup Fearnley Museet","description":"Finn unike og eksklusive kunstrelaterte produkter p\u00e5 Astrup Fearnley Museet sin Nettbutikk. Utforsk v\u00e5rt utvalg av kunstb\u00f8ker, plakater og mer.","robots":{"index":"index","follow":"follow","max-snippet":"max-snippet:-1","max-image-preview":"max-image-preview:large","max-video-preview":"max-video-preview:-1"},"canonical":"https:\/\/www.afmuseet.no\/nettbutikk\/produkt\/why-have-there-been-no-great-women-artists\/","og_locale":"en_US","og_type":"article","og_title":"Why Have There Been No Great Women Artists?","og_description":"Finn unike og eksklusive kunstrelaterte produkter p\u00e5 Astrup Fearnley Museet sin Nettbutikk. Utforsk v\u00e5rt utvalg av kunstb\u00f8ker, plakater og mer.","og_url":"https:\/\/www.afmuseet.no\/nettbutikk\/produkt\/why-have-there-been-no-great-women-artists\/","og_site_name":"Astrup Fearnley Museet","article_modified_time":"2023-02-25T15:48:07+00:00","og_image":[{"width":861,"height":860,"url":"https:\/\/www.afmuseet.no\/content\/uploads\/2022\/03\/Picture1-square.jpg","type":"image\/jpeg"}],"twitter_card":"summary_large_image","twitter_misc":{"Est. reading time":"1 minute"},"schema":{"@context":"https:\/\/schema.org","@graph":[{"@type":"WebPage","@id":"https:\/\/www.afmuseet.no\/nettbutikk\/produkt\/why-have-there-been-no-great-women-artists\/","url":"https:\/\/www.afmuseet.no\/nettbutikk\/produkt\/why-have-there-been-no-great-women-artists\/","name":"Why Have There Been No Great Women Artists? &#8211; Astrup Fearnley Museet","isPartOf":{"@id":"https:\/\/www.afmuseet.no\/nettbutikk\/#website"},"primaryImageOfPage":{"@id":"https:\/\/www.afmuseet.no\/nettbutikk\/produkt\/why-have-there-been-no-great-women-artists\/#primaryimage"},"image":{"@id":"https:\/\/www.afmuseet.no\/nettbutikk\/produkt\/why-have-there-been-no-great-women-artists\/#primaryimage"},"thumbnailUrl":"https:\/\/www.afmuseet.no\/content\/uploads\/2022\/03\/Picture1-square.jpg","datePublished":"2022-03-09T15:48:10+00:00","dateModified":"2023-02-25T15:48:07+00:00","description":"Finn unike og eksklusive kunstrelaterte produkter p\u00e5 Astrup Fearnley Museet sin Nettbutikk. Utforsk v\u00e5rt utvalg av kunstb\u00f8ker, plakater og mer.","breadcrumb":{"@id":"https:\/\/www.afmuseet.no\/nettbutikk\/produkt\/why-have-there-been-no-great-women-artists\/#breadcrumb"},"inLanguage":"en-US","potentialAction":[{"@type":"ReadAction","target":["https:\/\/www.afmuseet.no\/nettbutikk\/produkt\/why-have-there-been-no-great-women-artists\/"]}]},{"@type":"ImageObject","inLanguage":"en-US","@id":"https:\/\/www.afmuseet.no\/nettbutikk\/produkt\/why-have-there-been-no-great-women-artists\/#primaryimage","url":"https:\/\/www.afmuseet.no\/content\/uploads\/2022\/03\/Picture1-square.jpg","contentUrl":"https:\/\/www.afmuseet.no\/content\/uploads\/2022\/03\/Picture1-square.jpg","width":861,"height":860},{"@type":"BreadcrumbList","@id":"https:\/\/www.afmuseet.no\/nettbutikk\/produkt\/why-have-there-been-no-great-women-artists\/#breadcrumb","itemListElement":[{"@type":"ListItem","position":1,"name":"Hjem","item":"https:\/\/www.afmuseet.no\/nettbutikk\/en\/"},{"@type":"ListItem","position":2,"name":"Shop","item":"https:\/\/www.afmuseet.no\/nettbutikk\/shop\/"},{"@type":"ListItem","position":3,"name":"Why Have There Been No Great Women Artists?"}]},{"@type":"WebSite","@id":"https:\/\/www.afmuseet.no\/nettbutikk\/#website","url":"https:\/\/www.afmuseet.no\/nettbutikk\/","name":"Astrup Fearnley Museet","description":"","potentialAction":[{"@type":"SearchAction","target":{"@type":"EntryPoint","urlTemplate":"https:\/\/www.afmuseet.no\/nettbutikk\/?s={search_term_string}"},"query-input":{"@type":"PropertyValueSpecification","valueRequired":true,"valueName":"search_term_string"}}],"inLanguage":"en-US"}]}},"acf":[],"lang":"nb","translations":{"nb":39278,"en":26646},"pll_sync_post":[],"_links":{"self":[{"href":"https:\/\/www.afmuseet.no\/nettbutikk\/wp-json\/wp\/v2\/product\/39278","targetHints":{"allow":["GET"]}}],"collection":[{"href":"https:\/\/www.afmuseet.no\/nettbutikk\/wp-json\/wp\/v2\/product"}],"about":[{"href":"https:\/\/www.afmuseet.no\/nettbutikk\/wp-json\/wp\/v2\/types\/product"}],"wp:featuredmedia":[{"embeddable":true,"href":"https:\/\/www.afmuseet.no\/nettbutikk\/wp-json\/wp\/v2\/media\/27599"}],"wp:attachment":[{"href":"https:\/\/www.afmuseet.no\/nettbutikk\/wp-json\/wp\/v2\/media?parent=39278"}],"wp:term":[{"taxonomy":"product_brand","embeddable":true,"href":"https:\/\/www.afmuseet.no\/nettbutikk\/wp-json\/wp\/v2\/product_brand?post=39278"},{"taxonomy":"product_cat","embeddable":true,"href":"https:\/\/www.afmuseet.no\/nettbutikk\/wp-json\/wp\/v2\/product_cat?post=39278"},{"taxonomy":"product_tag","embeddable":true,"href":"https:\/\/www.afmuseet.no\/nettbutikk\/wp-json\/wp\/v2\/product_tag?post=39278"}],"curies":[{"name":"wp","href":"https:\/\/api.w.org\/{rel}","templated":true}]}}