{"id":38663,"date":"2023-01-05T13:34:51","date_gmt":"2023-01-05T12:34:51","guid":{"rendered":"https:\/\/www.afmuseet.no\/nettbutikk\/?post_type=product&#038;p=38663"},"modified":"2025-11-20T17:08:55","modified_gmt":"2025-11-20T15:08:55","slug":"rachel-harrison-sitting-in-a-room","status":"publish","type":"product","link":"https:\/\/www.afmuseet.no\/nettbutikk\/produkt\/rachel-harrison-sitting-in-a-room\/","title":{"rendered":"Rachel Harrison: Sitting in a Room"},"content":{"rendered":"<p>Den amerikanske kunstneren Rachel Harrison arbeider innenfor et bredt spekter av kunstneriske uttrykk \u2013 b\u00e5de skulptur, tegning, fotografi og installasjon. Harrisons lagdelte og fleksible m\u00e5te \u00e5 jobbe p\u00e5 gj\u00f8r at hun unng\u00e5r faste kategoriseringer. Det abstrakte uttrykket gjennomsyres av et mangfold av referanser som ofte f\u00e5r en skurrende, komisk effekt n\u00e5r det strengt formale kombineres med en mer rampete bruk av elementer fra omverdenen.<\/p>\n<p>\u00abDenne boka inneholder flere ulike lag med observasjoner (f\u00f8rst kunstnerens, s\u00e5 skribentenes og deretter leserens). Rekkef\u00f8lgen er klar, men i motsetning til Harrisons flersjiktetde tegninger vil de ulike lagene kanskje til slutt smelte sammen til en ny helhet, som i sin tur vil v\u00e6re i konstant bevegelse. Harrisons kunstverk legger b\u00e5de kulturelle tegn, kunsthistorien og selve rommet frem for granskning, samtidig som de flater ut hierarkier gjennom et demokratiserende vekselspill mellom utsiling og oppsamling. I denne prosessen henter Harrison flere elementer fra \u2018museumsverdenen\u2019, men hun bruker ogs\u00e5 materiale fra \u2018den virkelige verden\u2019 \u2013 at det finnes et skille mellom de to er lett nok \u00e5 fastsl\u00e5, samtidig som man aldri klarer \u00e5 si n\u00f8yaktig hvor det g\u00e5r. Hierarki, demokrati: To fenomener som opptrer i mange omr\u00e5der av livene v\u00e5re i dag, og som begge er hjems\u00f8kt av ubehag og s\u00e5rbarhet. I Duane Hansons skulptur, som Harrison har hentet inn i sin sf\u00e6re, ligger det et magasin p\u00e5 gulvet med tittelen CULTURE AND LIFE. Hvordan skal man forst\u00e5 dagens forhold mellom kultur og liv? Ved \u00e5 bruke tid med Harrisons arbeider, rom for rom, finner vi kanskje v\u00e5re egne m\u00e5ter \u00e5 n\u00e6rme oss sp\u00f8rsm\u00e5let p\u00e5 \u2013 enten vi gj\u00f8r det p\u00e5 Astrup Fearnley Museet eller hjemme med denne boka i fanget \u2013 sittende i et rom.\u00bb<br \/>\n\u2013  Solveig \u00d8vsteb\u00f8, fra introduksjonen<\/p>\n<p>Tekster: Negar Azimi, Anne Dressen, Lars Bang Larsen, Solveig \u00d8vsteb\u00f8<br \/>\nRedakt\u00f8rer: Rachel Harrison, Solveig \u00d8vsteb\u00f8<br \/>\nDesign: Joseph Logan<br \/>\nUtgitt av Astrup Fearnley Museet, Oslo, og Gregory R. Miller &amp; Co, New York, 2023<br \/>\nInnbundet: 231 sider<br \/>\nDimensjon: 31 x 23 x 2 cm &#8211; 1,5 Kg<br \/>\nISBN: 978-82-93654-20-9<\/p>\n","protected":false},"excerpt":{"rendered":"<p>Denne boken er utgitt i forbindelse med Rachel Harrisons utstilling Sitting in a Room som vises p\u00e5 Astrup Fearnley Museet i perioden 30.09.22 \u2013 12.02.23. Boken inneholder installasjonsfoto fra utstillingen, detaljert billedmateriale av arbeidene og tekster av Negar Azimi, Anne Dressen, Lars Bang Larsen og Solveig \u00d8vsteb\u00f8. Designet av Joseph Logan.<\/p>\n","protected":false},"featured_media":38624,"template":"","meta":{"_acf_changed":false,"afm_hide_title":false,"_afm_post_new_title":"","afm_terms_sep_product_language":", ","afm_terms_sep_product_post_translations":", ","afm_terms_sep_product_product_brand":", ","afm_terms_sep_product_product_type":", ","afm_terms_sep_product_product_visibility":", ","afm_terms_sep_product_product_cat":", ","afm_terms_sep_product_product_tag":", ","afm_terms_sep_product_product_shipping_class":", ","afm_terms_sep_product_pos_product_visibility":", ","afm_terms_sep_product_pa_cindy-sherman-art-bag":", "},"product_brand":[],"product_cat":[383,387,385],"product_tag":[],"class_list":{"0":"post-38663","1":"product","2":"type-product","3":"status-publish","4":"has-post-thumbnail","6":"product_cat-3105-egne-kataloger","7":"product_cat-exhibition-catalogues-books","8":"product_cat-publications","9":"product_shipping_class-normal-katalog","11":"first","12":"instock","13":"purchasable","14":"product-type-simple"},"group_of_quantity":0,"min_quantity":0,"max_quantity":"","exclude_order_quantity_value_rules":"no","exclude_category_quantity_rules":"no","combine_variations":"no","yoast_head":"<!-- This site is optimized with the Yoast SEO Premium plugin v26.9 (Yoast SEO v26.9) - https:\/\/yoast.com\/product\/yoast-seo-premium-wordpress\/ -->\n<title>Rachel Harrison: Sitting in a Room &#8211; Astrup Fearnley Museet<\/title>\n<meta name=\"description\" content=\"Finn unike og eksklusive kunstrelaterte produkter p\u00e5 Astrup Fearnley Museet sin Nettbutikk. Utforsk v\u00e5rt utvalg av kunstb\u00f8ker, plakater og mer.\" \/>\n<meta name=\"robots\" content=\"index, follow, max-snippet:-1, max-image-preview:large, max-video-preview:-1\" \/>\n<link rel=\"canonical\" href=\"https:\/\/www.afmuseet.no\/nettbutikk\/produkt\/rachel-harrison-sitting-in-a-room\/\" \/>\n<meta property=\"og:locale\" content=\"en_US\" \/>\n<meta property=\"og:type\" content=\"article\" \/>\n<meta property=\"og:title\" content=\"Rachel Harrison: Sitting in a Room\" \/>\n<meta property=\"og:description\" content=\"Finn unike og eksklusive kunstrelaterte produkter p\u00e5 Astrup Fearnley Museet sin Nettbutikk. Utforsk v\u00e5rt utvalg av kunstb\u00f8ker, plakater og mer.\" \/>\n<meta property=\"og:url\" content=\"https:\/\/www.afmuseet.no\/nettbutikk\/produkt\/rachel-harrison-sitting-in-a-room\/\" \/>\n<meta property=\"og:site_name\" content=\"Astrup Fearnley Museet\" \/>\n<meta property=\"article:modified_time\" content=\"2025-11-20T15:08:55+00:00\" \/>\n<meta property=\"og:image\" content=\"https:\/\/www.afmuseet.no\/content\/uploads\/2023\/01\/Rachel-Harrison-Bok_42-SQUARE-scaled.jpg\" \/>\n\t<meta property=\"og:image:width\" content=\"2560\" \/>\n\t<meta property=\"og:image:height\" content=\"2560\" \/>\n\t<meta property=\"og:image:type\" content=\"image\/jpeg\" \/>\n<meta name=\"twitter:card\" content=\"summary_large_image\" \/>\n<meta name=\"twitter:label1\" content=\"Est. reading time\" \/>\n\t<meta name=\"twitter:data1\" content=\"2 minutes\" \/>\n<script type=\"application\/ld+json\" class=\"yoast-schema-graph\">{\"@context\":\"https:\/\/schema.org\",\"@graph\":[{\"@type\":\"WebPage\",\"@id\":\"https:\/\/www.afmuseet.no\/nettbutikk\/produkt\/rachel-harrison-sitting-in-a-room\/\",\"url\":\"https:\/\/www.afmuseet.no\/nettbutikk\/produkt\/rachel-harrison-sitting-in-a-room\/\",\"name\":\"Rachel Harrison: Sitting in a Room &#8211; Astrup Fearnley Museet\",\"isPartOf\":{\"@id\":\"https:\/\/www.afmuseet.no\/nettbutikk\/#website\"},\"primaryImageOfPage\":{\"@id\":\"https:\/\/www.afmuseet.no\/nettbutikk\/produkt\/rachel-harrison-sitting-in-a-room\/#primaryimage\"},\"image\":{\"@id\":\"https:\/\/www.afmuseet.no\/nettbutikk\/produkt\/rachel-harrison-sitting-in-a-room\/#primaryimage\"},\"thumbnailUrl\":\"https:\/\/www.afmuseet.no\/content\/uploads\/2023\/01\/Rachel-Harrison-Bok_42-SQUARE-scaled.jpg\",\"datePublished\":\"2023-01-05T12:34:51+00:00\",\"dateModified\":\"2025-11-20T15:08:55+00:00\",\"description\":\"Finn unike og eksklusive kunstrelaterte produkter p\u00e5 Astrup Fearnley Museet sin Nettbutikk. Utforsk v\u00e5rt utvalg av kunstb\u00f8ker, plakater og mer.\",\"breadcrumb\":{\"@id\":\"https:\/\/www.afmuseet.no\/nettbutikk\/produkt\/rachel-harrison-sitting-in-a-room\/#breadcrumb\"},\"inLanguage\":\"en-US\",\"potentialAction\":[{\"@type\":\"ReadAction\",\"target\":[\"https:\/\/www.afmuseet.no\/nettbutikk\/produkt\/rachel-harrison-sitting-in-a-room\/\"]}]},{\"@type\":\"ImageObject\",\"inLanguage\":\"en-US\",\"@id\":\"https:\/\/www.afmuseet.no\/nettbutikk\/produkt\/rachel-harrison-sitting-in-a-room\/#primaryimage\",\"url\":\"https:\/\/www.afmuseet.no\/content\/uploads\/2023\/01\/Rachel-Harrison-Bok_42-SQUARE-scaled.jpg\",\"contentUrl\":\"https:\/\/www.afmuseet.no\/content\/uploads\/2023\/01\/Rachel-Harrison-Bok_42-SQUARE-scaled.jpg\",\"width\":2560,\"height\":2560},{\"@type\":\"BreadcrumbList\",\"@id\":\"https:\/\/www.afmuseet.no\/nettbutikk\/produkt\/rachel-harrison-sitting-in-a-room\/#breadcrumb\",\"itemListElement\":[{\"@type\":\"ListItem\",\"position\":1,\"name\":\"Hjem\",\"item\":\"https:\/\/www.afmuseet.no\/nettbutikk\/en\/\"},{\"@type\":\"ListItem\",\"position\":2,\"name\":\"Shop\",\"item\":\"https:\/\/www.afmuseet.no\/nettbutikk\/shop\/\"},{\"@type\":\"ListItem\",\"position\":3,\"name\":\"Rachel Harrison: Sitting in a Room\"}]},{\"@type\":\"WebSite\",\"@id\":\"https:\/\/www.afmuseet.no\/nettbutikk\/#website\",\"url\":\"https:\/\/www.afmuseet.no\/nettbutikk\/\",\"name\":\"Astrup Fearnley Museet\",\"description\":\"\",\"potentialAction\":[{\"@type\":\"SearchAction\",\"target\":{\"@type\":\"EntryPoint\",\"urlTemplate\":\"https:\/\/www.afmuseet.no\/nettbutikk\/?s={search_term_string}\"},\"query-input\":{\"@type\":\"PropertyValueSpecification\",\"valueRequired\":true,\"valueName\":\"search_term_string\"}}],\"inLanguage\":\"en-US\"}]}<\/script>\n<!-- \/ Yoast SEO Premium plugin. -->","yoast_head_json":{"title":"Rachel Harrison: Sitting in a Room &#8211; Astrup Fearnley Museet","description":"Finn unike og eksklusive kunstrelaterte produkter p\u00e5 Astrup Fearnley Museet sin Nettbutikk. Utforsk v\u00e5rt utvalg av kunstb\u00f8ker, plakater og mer.","robots":{"index":"index","follow":"follow","max-snippet":"max-snippet:-1","max-image-preview":"max-image-preview:large","max-video-preview":"max-video-preview:-1"},"canonical":"https:\/\/www.afmuseet.no\/nettbutikk\/produkt\/rachel-harrison-sitting-in-a-room\/","og_locale":"en_US","og_type":"article","og_title":"Rachel Harrison: Sitting in a Room","og_description":"Finn unike og eksklusive kunstrelaterte produkter p\u00e5 Astrup Fearnley Museet sin Nettbutikk. Utforsk v\u00e5rt utvalg av kunstb\u00f8ker, plakater og mer.","og_url":"https:\/\/www.afmuseet.no\/nettbutikk\/produkt\/rachel-harrison-sitting-in-a-room\/","og_site_name":"Astrup Fearnley Museet","article_modified_time":"2025-11-20T15:08:55+00:00","og_image":[{"width":2560,"height":2560,"url":"https:\/\/www.afmuseet.no\/content\/uploads\/2023\/01\/Rachel-Harrison-Bok_42-SQUARE-scaled.jpg","type":"image\/jpeg"}],"twitter_card":"summary_large_image","twitter_misc":{"Est. reading time":"2 minutes"},"schema":{"@context":"https:\/\/schema.org","@graph":[{"@type":"WebPage","@id":"https:\/\/www.afmuseet.no\/nettbutikk\/produkt\/rachel-harrison-sitting-in-a-room\/","url":"https:\/\/www.afmuseet.no\/nettbutikk\/produkt\/rachel-harrison-sitting-in-a-room\/","name":"Rachel Harrison: Sitting in a Room &#8211; Astrup Fearnley Museet","isPartOf":{"@id":"https:\/\/www.afmuseet.no\/nettbutikk\/#website"},"primaryImageOfPage":{"@id":"https:\/\/www.afmuseet.no\/nettbutikk\/produkt\/rachel-harrison-sitting-in-a-room\/#primaryimage"},"image":{"@id":"https:\/\/www.afmuseet.no\/nettbutikk\/produkt\/rachel-harrison-sitting-in-a-room\/#primaryimage"},"thumbnailUrl":"https:\/\/www.afmuseet.no\/content\/uploads\/2023\/01\/Rachel-Harrison-Bok_42-SQUARE-scaled.jpg","datePublished":"2023-01-05T12:34:51+00:00","dateModified":"2025-11-20T15:08:55+00:00","description":"Finn unike og eksklusive kunstrelaterte produkter p\u00e5 Astrup Fearnley Museet sin Nettbutikk. Utforsk v\u00e5rt utvalg av kunstb\u00f8ker, plakater og mer.","breadcrumb":{"@id":"https:\/\/www.afmuseet.no\/nettbutikk\/produkt\/rachel-harrison-sitting-in-a-room\/#breadcrumb"},"inLanguage":"en-US","potentialAction":[{"@type":"ReadAction","target":["https:\/\/www.afmuseet.no\/nettbutikk\/produkt\/rachel-harrison-sitting-in-a-room\/"]}]},{"@type":"ImageObject","inLanguage":"en-US","@id":"https:\/\/www.afmuseet.no\/nettbutikk\/produkt\/rachel-harrison-sitting-in-a-room\/#primaryimage","url":"https:\/\/www.afmuseet.no\/content\/uploads\/2023\/01\/Rachel-Harrison-Bok_42-SQUARE-scaled.jpg","contentUrl":"https:\/\/www.afmuseet.no\/content\/uploads\/2023\/01\/Rachel-Harrison-Bok_42-SQUARE-scaled.jpg","width":2560,"height":2560},{"@type":"BreadcrumbList","@id":"https:\/\/www.afmuseet.no\/nettbutikk\/produkt\/rachel-harrison-sitting-in-a-room\/#breadcrumb","itemListElement":[{"@type":"ListItem","position":1,"name":"Hjem","item":"https:\/\/www.afmuseet.no\/nettbutikk\/en\/"},{"@type":"ListItem","position":2,"name":"Shop","item":"https:\/\/www.afmuseet.no\/nettbutikk\/shop\/"},{"@type":"ListItem","position":3,"name":"Rachel Harrison: Sitting in a Room"}]},{"@type":"WebSite","@id":"https:\/\/www.afmuseet.no\/nettbutikk\/#website","url":"https:\/\/www.afmuseet.no\/nettbutikk\/","name":"Astrup Fearnley Museet","description":"","potentialAction":[{"@type":"SearchAction","target":{"@type":"EntryPoint","urlTemplate":"https:\/\/www.afmuseet.no\/nettbutikk\/?s={search_term_string}"},"query-input":{"@type":"PropertyValueSpecification","valueRequired":true,"valueName":"search_term_string"}}],"inLanguage":"en-US"}]}},"acf":[],"lang":"nb","translations":{"nb":38663,"en":38617},"pll_sync_post":[],"_links":{"self":[{"href":"https:\/\/www.afmuseet.no\/nettbutikk\/wp-json\/wp\/v2\/product\/38663","targetHints":{"allow":["GET"]}}],"collection":[{"href":"https:\/\/www.afmuseet.no\/nettbutikk\/wp-json\/wp\/v2\/product"}],"about":[{"href":"https:\/\/www.afmuseet.no\/nettbutikk\/wp-json\/wp\/v2\/types\/product"}],"wp:featuredmedia":[{"embeddable":true,"href":"https:\/\/www.afmuseet.no\/nettbutikk\/wp-json\/wp\/v2\/media\/38624"}],"wp:attachment":[{"href":"https:\/\/www.afmuseet.no\/nettbutikk\/wp-json\/wp\/v2\/media?parent=38663"}],"wp:term":[{"taxonomy":"product_brand","embeddable":true,"href":"https:\/\/www.afmuseet.no\/nettbutikk\/wp-json\/wp\/v2\/product_brand?post=38663"},{"taxonomy":"product_cat","embeddable":true,"href":"https:\/\/www.afmuseet.no\/nettbutikk\/wp-json\/wp\/v2\/product_cat?post=38663"},{"taxonomy":"product_tag","embeddable":true,"href":"https:\/\/www.afmuseet.no\/nettbutikk\/wp-json\/wp\/v2\/product_tag?post=38663"}],"curies":[{"name":"wp","href":"https:\/\/api.w.org\/{rel}","templated":true}]}}