{"id":38075,"date":"2022-12-12T11:03:32","date_gmt":"2022-12-12T10:03:32","guid":{"rendered":"https:\/\/www.afmuseet.no\/nettbutikk\/?post_type=product&#038;p=38075"},"modified":"2024-06-04T09:52:06","modified_gmt":"2024-06-04T08:52:06","slug":"studioroof-ornaments-flying-pegasus-set-of-2","status":"publish","type":"product","link":"https:\/\/www.afmuseet.no\/nettbutikk\/en\/product\/studioroof-ornaments-flying-pegasus-set-of-2\/","title":{"rendered":"StudioROOF &#8211; Ornaments, Flying Pegasus set of 2"},"content":{"rendered":"<p>Add magic to your tree with these fun and festive decorations!<\/p>\n<p>3D object to build, comes flatpacked;<br \/>\nMade of recycled cardboard and printed with vegetable inks;<br \/>\nDimensions when built up: 14.4\u00d76.8\u00d714.3 cm \/ 5.7\u00d72.7\u00d75.6\u2033 ;<br \/>\n2 sheet of cardboard 10.5\u00d729.7 cm with 20 pieces to pop out and assemble;<br \/>\nAssembly instructions can be found on the inside of the packaging.<\/p>\n","protected":false},"excerpt":{"rendered":"<p>Add magic to your tree with these fun and festive decorations! 3D object to build, comes flatpacked; Made of recycled cardboard and printed with vegetable inks; Dimensions when built up: 14.4\u00d76.8\u00d714.3 cm \/ 5.7\u00d72.7\u00d75.6\u2033 ; 2 sheet of cardboard 10.5\u00d729.7 cm with 20 pieces to pop out and assemble; Assembly instructions can be found on [&hellip;]<\/p>\n","protected":false},"featured_media":38171,"template":"","meta":{"_acf_changed":false,"afm_hide_title":false,"_afm_post_new_title":"","afm_terms_sep_product_language":", ","afm_terms_sep_product_post_translations":", ","afm_terms_sep_product_product_brand":", ","afm_terms_sep_product_product_type":", ","afm_terms_sep_product_product_visibility":", ","afm_terms_sep_product_product_cat":", ","afm_terms_sep_product_product_tag":", ","afm_terms_sep_product_product_shipping_class":", ","afm_terms_sep_product_pos_product_visibility":", ","afm_terms_sep_product_pa_cindy-sherman-art-bag":", "},"product_brand":[],"product_cat":[171],"product_tag":[],"class_list":{"0":"post-38075","1":"product","2":"type-product","3":"status-publish","4":"has-post-thumbnail","6":"product_cat-3041-anskaffede-artikler","8":"first","9":"outofstock","10":"taxable","11":"shipping-taxable","12":"purchasable","13":"product-type-simple"},"group_of_quantity":0,"min_quantity":0,"max_quantity":"","exclude_order_quantity_value_rules":"no","exclude_category_quantity_rules":"no","combine_variations":"no","yoast_head":"<!-- This site is optimized with the Yoast SEO Premium plugin v26.9 (Yoast SEO v26.9) - https:\/\/yoast.com\/product\/yoast-seo-premium-wordpress\/ -->\n<title>StudioROOF - Ornaments, Flying Pegasus set of 2 &#8211; Astrup Fearnley Museet<\/title>\n<meta name=\"description\" content=\"Finn unike og eksklusive kunstrelaterte produkter p\u00e5 Astrup Fearnley Museet sin Nettbutikk. Utforsk v\u00e5rt utvalg av kunstb\u00f8ker, plakater og mer.\" \/>\n<meta name=\"robots\" content=\"index, follow, max-snippet:-1, max-image-preview:large, max-video-preview:-1\" \/>\n<link rel=\"canonical\" href=\"https:\/\/www.afmuseet.no\/nettbutikk\/en\/product\/studioroof-ornaments-flying-pegasus-set-of-2\/\" \/>\n<meta property=\"og:locale\" content=\"en_US\" \/>\n<meta property=\"og:type\" content=\"article\" \/>\n<meta property=\"og:title\" content=\"StudioROOF - Ornaments, Flying Pegasus set of 2\" \/>\n<meta property=\"og:description\" content=\"Finn unike og eksklusive kunstrelaterte produkter p\u00e5 Astrup Fearnley Museet sin Nettbutikk. Utforsk v\u00e5rt utvalg av kunstb\u00f8ker, plakater og mer.\" \/>\n<meta property=\"og:url\" content=\"https:\/\/www.afmuseet.no\/nettbutikk\/en\/product\/studioroof-ornaments-flying-pegasus-set-of-2\/\" \/>\n<meta property=\"og:site_name\" content=\"Astrup Fearnley Museet\" \/>\n<meta property=\"article:modified_time\" content=\"2024-06-04T08:52:06+00:00\" \/>\n<meta property=\"og:image\" content=\"https:\/\/www.afmuseet.no\/content\/uploads\/2022\/12\/FLYING-PEGASUS-SET-OF-2-ALL-TOGETHER_PRODUCT-PICTURE-2-Square.jpg\" \/>\n\t<meta property=\"og:image:width\" content=\"1213\" \/>\n\t<meta property=\"og:image:height\" content=\"1213\" \/>\n\t<meta property=\"og:image:type\" content=\"image\/jpeg\" \/>\n<meta name=\"twitter:card\" content=\"summary_large_image\" \/>\n<script type=\"application\/ld+json\" class=\"yoast-schema-graph\">{\"@context\":\"https:\/\/schema.org\",\"@graph\":[{\"@type\":\"WebPage\",\"@id\":\"https:\/\/www.afmuseet.no\/nettbutikk\/en\/product\/studioroof-ornaments-flying-pegasus-set-of-2\/\",\"url\":\"https:\/\/www.afmuseet.no\/nettbutikk\/en\/product\/studioroof-ornaments-flying-pegasus-set-of-2\/\",\"name\":\"StudioROOF - Ornaments, Flying Pegasus set of 2 &#8211; Astrup Fearnley Museet\",\"isPartOf\":{\"@id\":\"https:\/\/www.afmuseet.no\/nettbutikk\/#website\"},\"primaryImageOfPage\":{\"@id\":\"https:\/\/www.afmuseet.no\/nettbutikk\/en\/product\/studioroof-ornaments-flying-pegasus-set-of-2\/#primaryimage\"},\"image\":{\"@id\":\"https:\/\/www.afmuseet.no\/nettbutikk\/en\/product\/studioroof-ornaments-flying-pegasus-set-of-2\/#primaryimage\"},\"thumbnailUrl\":\"https:\/\/www.afmuseet.no\/content\/uploads\/2022\/12\/FLYING-PEGASUS-SET-OF-2-ALL-TOGETHER_PRODUCT-PICTURE-2-Square.jpg\",\"datePublished\":\"2022-12-12T10:03:32+00:00\",\"dateModified\":\"2024-06-04T08:52:06+00:00\",\"description\":\"Finn unike og eksklusive kunstrelaterte produkter p\u00e5 Astrup Fearnley Museet sin Nettbutikk. Utforsk v\u00e5rt utvalg av kunstb\u00f8ker, plakater og mer.\",\"breadcrumb\":{\"@id\":\"https:\/\/www.afmuseet.no\/nettbutikk\/en\/product\/studioroof-ornaments-flying-pegasus-set-of-2\/#breadcrumb\"},\"inLanguage\":\"en-US\",\"potentialAction\":[{\"@type\":\"ReadAction\",\"target\":[\"https:\/\/www.afmuseet.no\/nettbutikk\/en\/product\/studioroof-ornaments-flying-pegasus-set-of-2\/\"]}]},{\"@type\":\"ImageObject\",\"inLanguage\":\"en-US\",\"@id\":\"https:\/\/www.afmuseet.no\/nettbutikk\/en\/product\/studioroof-ornaments-flying-pegasus-set-of-2\/#primaryimage\",\"url\":\"https:\/\/www.afmuseet.no\/content\/uploads\/2022\/12\/FLYING-PEGASUS-SET-OF-2-ALL-TOGETHER_PRODUCT-PICTURE-2-Square.jpg\",\"contentUrl\":\"https:\/\/www.afmuseet.no\/content\/uploads\/2022\/12\/FLYING-PEGASUS-SET-OF-2-ALL-TOGETHER_PRODUCT-PICTURE-2-Square.jpg\",\"width\":1213,\"height\":1213},{\"@type\":\"BreadcrumbList\",\"@id\":\"https:\/\/www.afmuseet.no\/nettbutikk\/en\/product\/studioroof-ornaments-flying-pegasus-set-of-2\/#breadcrumb\",\"itemListElement\":[{\"@type\":\"ListItem\",\"position\":1,\"name\":\"Hjem\",\"item\":\"https:\/\/www.afmuseet.no\/nettbutikk\/en\/\"},{\"@type\":\"ListItem\",\"position\":2,\"name\":\"Shop\",\"item\":\"https:\/\/www.afmuseet.no\/nettbutikk\/shop\/\"},{\"@type\":\"ListItem\",\"position\":3,\"name\":\"StudioROOF &#8211; Ornaments, Flying Pegasus set of 2\"}]},{\"@type\":\"WebSite\",\"@id\":\"https:\/\/www.afmuseet.no\/nettbutikk\/#website\",\"url\":\"https:\/\/www.afmuseet.no\/nettbutikk\/\",\"name\":\"Astrup Fearnley Museet\",\"description\":\"\",\"potentialAction\":[{\"@type\":\"SearchAction\",\"target\":{\"@type\":\"EntryPoint\",\"urlTemplate\":\"https:\/\/www.afmuseet.no\/nettbutikk\/?s={search_term_string}\"},\"query-input\":{\"@type\":\"PropertyValueSpecification\",\"valueRequired\":true,\"valueName\":\"search_term_string\"}}],\"inLanguage\":\"en-US\"}]}<\/script>\n<!-- \/ Yoast SEO Premium plugin. -->","yoast_head_json":{"title":"StudioROOF - Ornaments, Flying Pegasus set of 2 &#8211; Astrup Fearnley Museet","description":"Finn unike og eksklusive kunstrelaterte produkter p\u00e5 Astrup Fearnley Museet sin Nettbutikk. Utforsk v\u00e5rt utvalg av kunstb\u00f8ker, plakater og mer.","robots":{"index":"index","follow":"follow","max-snippet":"max-snippet:-1","max-image-preview":"max-image-preview:large","max-video-preview":"max-video-preview:-1"},"canonical":"https:\/\/www.afmuseet.no\/nettbutikk\/en\/product\/studioroof-ornaments-flying-pegasus-set-of-2\/","og_locale":"en_US","og_type":"article","og_title":"StudioROOF - Ornaments, Flying Pegasus set of 2","og_description":"Finn unike og eksklusive kunstrelaterte produkter p\u00e5 Astrup Fearnley Museet sin Nettbutikk. Utforsk v\u00e5rt utvalg av kunstb\u00f8ker, plakater og mer.","og_url":"https:\/\/www.afmuseet.no\/nettbutikk\/en\/product\/studioroof-ornaments-flying-pegasus-set-of-2\/","og_site_name":"Astrup Fearnley Museet","article_modified_time":"2024-06-04T08:52:06+00:00","og_image":[{"width":1213,"height":1213,"url":"https:\/\/www.afmuseet.no\/content\/uploads\/2022\/12\/FLYING-PEGASUS-SET-OF-2-ALL-TOGETHER_PRODUCT-PICTURE-2-Square.jpg","type":"image\/jpeg"}],"twitter_card":"summary_large_image","schema":{"@context":"https:\/\/schema.org","@graph":[{"@type":"WebPage","@id":"https:\/\/www.afmuseet.no\/nettbutikk\/en\/product\/studioroof-ornaments-flying-pegasus-set-of-2\/","url":"https:\/\/www.afmuseet.no\/nettbutikk\/en\/product\/studioroof-ornaments-flying-pegasus-set-of-2\/","name":"StudioROOF - Ornaments, Flying Pegasus set of 2 &#8211; Astrup Fearnley Museet","isPartOf":{"@id":"https:\/\/www.afmuseet.no\/nettbutikk\/#website"},"primaryImageOfPage":{"@id":"https:\/\/www.afmuseet.no\/nettbutikk\/en\/product\/studioroof-ornaments-flying-pegasus-set-of-2\/#primaryimage"},"image":{"@id":"https:\/\/www.afmuseet.no\/nettbutikk\/en\/product\/studioroof-ornaments-flying-pegasus-set-of-2\/#primaryimage"},"thumbnailUrl":"https:\/\/www.afmuseet.no\/content\/uploads\/2022\/12\/FLYING-PEGASUS-SET-OF-2-ALL-TOGETHER_PRODUCT-PICTURE-2-Square.jpg","datePublished":"2022-12-12T10:03:32+00:00","dateModified":"2024-06-04T08:52:06+00:00","description":"Finn unike og eksklusive kunstrelaterte produkter p\u00e5 Astrup Fearnley Museet sin Nettbutikk. Utforsk v\u00e5rt utvalg av kunstb\u00f8ker, plakater og mer.","breadcrumb":{"@id":"https:\/\/www.afmuseet.no\/nettbutikk\/en\/product\/studioroof-ornaments-flying-pegasus-set-of-2\/#breadcrumb"},"inLanguage":"en-US","potentialAction":[{"@type":"ReadAction","target":["https:\/\/www.afmuseet.no\/nettbutikk\/en\/product\/studioroof-ornaments-flying-pegasus-set-of-2\/"]}]},{"@type":"ImageObject","inLanguage":"en-US","@id":"https:\/\/www.afmuseet.no\/nettbutikk\/en\/product\/studioroof-ornaments-flying-pegasus-set-of-2\/#primaryimage","url":"https:\/\/www.afmuseet.no\/content\/uploads\/2022\/12\/FLYING-PEGASUS-SET-OF-2-ALL-TOGETHER_PRODUCT-PICTURE-2-Square.jpg","contentUrl":"https:\/\/www.afmuseet.no\/content\/uploads\/2022\/12\/FLYING-PEGASUS-SET-OF-2-ALL-TOGETHER_PRODUCT-PICTURE-2-Square.jpg","width":1213,"height":1213},{"@type":"BreadcrumbList","@id":"https:\/\/www.afmuseet.no\/nettbutikk\/en\/product\/studioroof-ornaments-flying-pegasus-set-of-2\/#breadcrumb","itemListElement":[{"@type":"ListItem","position":1,"name":"Hjem","item":"https:\/\/www.afmuseet.no\/nettbutikk\/en\/"},{"@type":"ListItem","position":2,"name":"Shop","item":"https:\/\/www.afmuseet.no\/nettbutikk\/shop\/"},{"@type":"ListItem","position":3,"name":"StudioROOF &#8211; Ornaments, Flying Pegasus set of 2"}]},{"@type":"WebSite","@id":"https:\/\/www.afmuseet.no\/nettbutikk\/#website","url":"https:\/\/www.afmuseet.no\/nettbutikk\/","name":"Astrup Fearnley Museet","description":"","potentialAction":[{"@type":"SearchAction","target":{"@type":"EntryPoint","urlTemplate":"https:\/\/www.afmuseet.no\/nettbutikk\/?s={search_term_string}"},"query-input":{"@type":"PropertyValueSpecification","valueRequired":true,"valueName":"search_term_string"}}],"inLanguage":"en-US"}]}},"acf":[],"lang":"en","translations":{"en":38075},"pll_sync_post":[],"_links":{"self":[{"href":"https:\/\/www.afmuseet.no\/nettbutikk\/wp-json\/wp\/v2\/product\/38075","targetHints":{"allow":["GET"]}}],"collection":[{"href":"https:\/\/www.afmuseet.no\/nettbutikk\/wp-json\/wp\/v2\/product"}],"about":[{"href":"https:\/\/www.afmuseet.no\/nettbutikk\/wp-json\/wp\/v2\/types\/product"}],"wp:featuredmedia":[{"embeddable":true,"href":"https:\/\/www.afmuseet.no\/nettbutikk\/wp-json\/wp\/v2\/media\/38171"}],"wp:attachment":[{"href":"https:\/\/www.afmuseet.no\/nettbutikk\/wp-json\/wp\/v2\/media?parent=38075"}],"wp:term":[{"taxonomy":"product_brand","embeddable":true,"href":"https:\/\/www.afmuseet.no\/nettbutikk\/wp-json\/wp\/v2\/product_brand?post=38075"},{"taxonomy":"product_cat","embeddable":true,"href":"https:\/\/www.afmuseet.no\/nettbutikk\/wp-json\/wp\/v2\/product_cat?post=38075"},{"taxonomy":"product_tag","embeddable":true,"href":"https:\/\/www.afmuseet.no\/nettbutikk\/wp-json\/wp\/v2\/product_tag?post=38075"}],"curies":[{"name":"wp","href":"https:\/\/api.w.org\/{rel}","templated":true}]}}