{"id":35188,"date":"2022-08-19T15:44:37","date_gmt":"2022-08-19T14:44:37","guid":{"rendered":"https:\/\/www.afmuseet.no\/nettbutikk\/?post_type=product&#038;p=35188"},"modified":"2023-12-27T17:34:02","modified_gmt":"2023-12-27T16:34:02","slug":"a-world-history-of-women-photographers","status":"publish","type":"product","link":"https:\/\/www.afmuseet.no\/nettbutikk\/produkt\/a-world-history-of-women-photographers\/","title":{"rendered":"A World History of Women Photographers"},"content":{"rendered":"<p>Et praktfullt illustrert verk av arbeidet til 300 kvinnelige fotografer fra hele verden, fra oppfinnelsen av mediet til begynnelsen av det 21. \u00e5rhundre.<\/p>\n<p>Som i mange felt av kunsthistorien, har kvinnelige fotografers arbeid ofte blitt oversett, og f\u00e5 av navnene deres er n\u00e5 allment anerkjent. Kvinner var imidlertid tett involvert i alle store fotografiske bevegelser p\u00e5 1800- og 1900-tallet, og har brukt kameraet som et ekstraordin\u00e6rt verkt\u00f8y for frigj\u00f8ring og eksperimentering. Dette er kunstnere som aldri sluttet \u00e5 dokumentere, stille sp\u00f8rsm\u00e5l ved og transformere verden, bryte ned sosiale grenser, utfordre kj\u00f8nnsroller og uttrykke sin fantasi og seksualitet.<\/p>\n<p>For \u00e5 fange mangfoldet i disse globale verkene, har Luce Lebart og Marie Robert invitert 160 internasjonale kvinnelige forfattere til \u00e5 bidra til denne boken, som er et dristig og vakkert illustrert manifest samt et uvurderlig referanseverk.<\/p>\n<p>Luce Lebart (redakt\u00f8r), Marie Robert (redakt\u00f8r)<br \/>\nSpr\u00e5k: Engelsk<br \/>\nFormat: Innbundet<br \/>\nSt\u00f8rrelse: 29,6 x 26 x 5,2 cm.<br \/>\nVekt: 2982 g.<br \/>\nOmfang: 504 s<br \/>\nUtgiver: Thames and Hudson Ltd, 2022<br \/>\nISBN: 9780500025413<\/p>\n","protected":false},"excerpt":{"rendered":"<p>Et praktfullt illustrert verk av arbeidet til 300 kvinnelige fotografer fra hele verden, fra oppfinnelsen av mediet til begynnelsen av det 21. \u00e5rhundre. Som i mange felt av kunsthistorien, har kvinnelige fotografers arbeid ofte blitt oversett, og f\u00e5 av navnene deres er n\u00e5 allment anerkjent. Kvinner var imidlertid tett involvert i alle store fotografiske bevegelser [&hellip;]<\/p>\n","protected":false},"featured_media":45881,"template":"","meta":{"_acf_changed":false,"afm_hide_title":false,"_afm_post_new_title":"","afm_terms_sep_product_language":", ","afm_terms_sep_product_post_translations":", ","afm_terms_sep_product_product_brand":", ","afm_terms_sep_product_product_type":", ","afm_terms_sep_product_product_visibility":", ","afm_terms_sep_product_product_cat":", ","afm_terms_sep_product_product_tag":", ","afm_terms_sep_product_product_shipping_class":", ","afm_terms_sep_product_pos_product_visibility":", ","afm_terms_sep_product_pa_cindy-sherman-art-bag":", "},"product_brand":[],"product_cat":[564,385],"product_tag":[],"class_list":{"0":"post-35188","1":"product","2":"type-product","3":"status-publish","4":"has-post-thumbnail","6":"product_cat-3106-anskaffede-boker","7":"product_cat-publications","8":"product_shipping_class-div-product","10":"first","11":"outofstock","12":"purchasable","13":"product-type-simple"},"group_of_quantity":0,"min_quantity":0,"max_quantity":"","exclude_order_quantity_value_rules":"no","exclude_category_quantity_rules":"no","combine_variations":"no","yoast_head":"<!-- This site is optimized with the Yoast SEO Premium plugin v26.9 (Yoast SEO v26.9) - https:\/\/yoast.com\/product\/yoast-seo-premium-wordpress\/ -->\n<title>A World History of Women Photographers &#8211; Astrup Fearnley Museet<\/title>\n<meta name=\"description\" content=\"Finn unike og eksklusive kunstrelaterte produkter p\u00e5 Astrup Fearnley Museet sin Nettbutikk. Utforsk v\u00e5rt utvalg av kunstb\u00f8ker, plakater og mer.\" \/>\n<meta name=\"robots\" content=\"index, follow, max-snippet:-1, max-image-preview:large, max-video-preview:-1\" \/>\n<link rel=\"canonical\" href=\"https:\/\/www.afmuseet.no\/nettbutikk\/produkt\/a-world-history-of-women-photographers\/\" \/>\n<meta property=\"og:locale\" content=\"en_US\" \/>\n<meta property=\"og:type\" content=\"article\" \/>\n<meta property=\"og:title\" content=\"A World History of Women Photographers\" \/>\n<meta property=\"og:description\" content=\"Finn unike og eksklusive kunstrelaterte produkter p\u00e5 Astrup Fearnley Museet sin Nettbutikk. Utforsk v\u00e5rt utvalg av kunstb\u00f8ker, plakater og mer.\" \/>\n<meta property=\"og:url\" content=\"https:\/\/www.afmuseet.no\/nettbutikk\/produkt\/a-world-history-of-women-photographers\/\" \/>\n<meta property=\"og:site_name\" content=\"Astrup Fearnley Museet\" \/>\n<meta property=\"article:modified_time\" content=\"2023-12-27T16:34:02+00:00\" \/>\n<meta property=\"og:image\" content=\"https:\/\/www.afmuseet.no\/content\/uploads\/2023\/07\/DTky7mkCEeq9Twaykh0CYA-QiOHjTJ4Ee2dlC1-uY9tTA.jpeg\" \/>\n\t<meta property=\"og:image:width\" content=\"2048\" \/>\n\t<meta property=\"og:image:height\" content=\"2048\" \/>\n\t<meta property=\"og:image:type\" content=\"image\/jpeg\" \/>\n<meta name=\"twitter:card\" content=\"summary_large_image\" \/>\n<meta name=\"twitter:label1\" content=\"Est. reading time\" \/>\n\t<meta name=\"twitter:data1\" content=\"1 minute\" \/>\n<script type=\"application\/ld+json\" class=\"yoast-schema-graph\">{\"@context\":\"https:\/\/schema.org\",\"@graph\":[{\"@type\":\"WebPage\",\"@id\":\"https:\/\/www.afmuseet.no\/nettbutikk\/produkt\/a-world-history-of-women-photographers\/\",\"url\":\"https:\/\/www.afmuseet.no\/nettbutikk\/produkt\/a-world-history-of-women-photographers\/\",\"name\":\"A World History of Women Photographers &#8211; Astrup Fearnley Museet\",\"isPartOf\":{\"@id\":\"https:\/\/www.afmuseet.no\/nettbutikk\/#website\"},\"primaryImageOfPage\":{\"@id\":\"https:\/\/www.afmuseet.no\/nettbutikk\/produkt\/a-world-history-of-women-photographers\/#primaryimage\"},\"image\":{\"@id\":\"https:\/\/www.afmuseet.no\/nettbutikk\/produkt\/a-world-history-of-women-photographers\/#primaryimage\"},\"thumbnailUrl\":\"https:\/\/www.afmuseet.no\/content\/uploads\/2023\/07\/DTky7mkCEeq9Twaykh0CYA-QiOHjTJ4Ee2dlC1-uY9tTA.jpeg\",\"datePublished\":\"2022-08-19T14:44:37+00:00\",\"dateModified\":\"2023-12-27T16:34:02+00:00\",\"description\":\"Finn unike og eksklusive kunstrelaterte produkter p\u00e5 Astrup Fearnley Museet sin Nettbutikk. Utforsk v\u00e5rt utvalg av kunstb\u00f8ker, plakater og mer.\",\"breadcrumb\":{\"@id\":\"https:\/\/www.afmuseet.no\/nettbutikk\/produkt\/a-world-history-of-women-photographers\/#breadcrumb\"},\"inLanguage\":\"en-US\",\"potentialAction\":[{\"@type\":\"ReadAction\",\"target\":[\"https:\/\/www.afmuseet.no\/nettbutikk\/produkt\/a-world-history-of-women-photographers\/\"]}]},{\"@type\":\"ImageObject\",\"inLanguage\":\"en-US\",\"@id\":\"https:\/\/www.afmuseet.no\/nettbutikk\/produkt\/a-world-history-of-women-photographers\/#primaryimage\",\"url\":\"https:\/\/www.afmuseet.no\/content\/uploads\/2023\/07\/DTky7mkCEeq9Twaykh0CYA-QiOHjTJ4Ee2dlC1-uY9tTA.jpeg\",\"contentUrl\":\"https:\/\/www.afmuseet.no\/content\/uploads\/2023\/07\/DTky7mkCEeq9Twaykh0CYA-QiOHjTJ4Ee2dlC1-uY9tTA.jpeg\",\"width\":2048,\"height\":2048},{\"@type\":\"BreadcrumbList\",\"@id\":\"https:\/\/www.afmuseet.no\/nettbutikk\/produkt\/a-world-history-of-women-photographers\/#breadcrumb\",\"itemListElement\":[{\"@type\":\"ListItem\",\"position\":1,\"name\":\"Hjem\",\"item\":\"https:\/\/www.afmuseet.no\/nettbutikk\/en\/\"},{\"@type\":\"ListItem\",\"position\":2,\"name\":\"Shop\",\"item\":\"https:\/\/www.afmuseet.no\/nettbutikk\/shop\/\"},{\"@type\":\"ListItem\",\"position\":3,\"name\":\"A World History of Women Photographers\"}]},{\"@type\":\"WebSite\",\"@id\":\"https:\/\/www.afmuseet.no\/nettbutikk\/#website\",\"url\":\"https:\/\/www.afmuseet.no\/nettbutikk\/\",\"name\":\"Astrup Fearnley Museet\",\"description\":\"\",\"potentialAction\":[{\"@type\":\"SearchAction\",\"target\":{\"@type\":\"EntryPoint\",\"urlTemplate\":\"https:\/\/www.afmuseet.no\/nettbutikk\/?s={search_term_string}\"},\"query-input\":{\"@type\":\"PropertyValueSpecification\",\"valueRequired\":true,\"valueName\":\"search_term_string\"}}],\"inLanguage\":\"en-US\"}]}<\/script>\n<!-- \/ Yoast SEO Premium plugin. -->","yoast_head_json":{"title":"A World History of Women Photographers &#8211; Astrup Fearnley Museet","description":"Finn unike og eksklusive kunstrelaterte produkter p\u00e5 Astrup Fearnley Museet sin Nettbutikk. Utforsk v\u00e5rt utvalg av kunstb\u00f8ker, plakater og mer.","robots":{"index":"index","follow":"follow","max-snippet":"max-snippet:-1","max-image-preview":"max-image-preview:large","max-video-preview":"max-video-preview:-1"},"canonical":"https:\/\/www.afmuseet.no\/nettbutikk\/produkt\/a-world-history-of-women-photographers\/","og_locale":"en_US","og_type":"article","og_title":"A World History of Women Photographers","og_description":"Finn unike og eksklusive kunstrelaterte produkter p\u00e5 Astrup Fearnley Museet sin Nettbutikk. Utforsk v\u00e5rt utvalg av kunstb\u00f8ker, plakater og mer.","og_url":"https:\/\/www.afmuseet.no\/nettbutikk\/produkt\/a-world-history-of-women-photographers\/","og_site_name":"Astrup Fearnley Museet","article_modified_time":"2023-12-27T16:34:02+00:00","og_image":[{"width":2048,"height":2048,"url":"https:\/\/www.afmuseet.no\/content\/uploads\/2023\/07\/DTky7mkCEeq9Twaykh0CYA-QiOHjTJ4Ee2dlC1-uY9tTA.jpeg","type":"image\/jpeg"}],"twitter_card":"summary_large_image","twitter_misc":{"Est. reading time":"1 minute"},"schema":{"@context":"https:\/\/schema.org","@graph":[{"@type":"WebPage","@id":"https:\/\/www.afmuseet.no\/nettbutikk\/produkt\/a-world-history-of-women-photographers\/","url":"https:\/\/www.afmuseet.no\/nettbutikk\/produkt\/a-world-history-of-women-photographers\/","name":"A World History of Women Photographers &#8211; Astrup Fearnley Museet","isPartOf":{"@id":"https:\/\/www.afmuseet.no\/nettbutikk\/#website"},"primaryImageOfPage":{"@id":"https:\/\/www.afmuseet.no\/nettbutikk\/produkt\/a-world-history-of-women-photographers\/#primaryimage"},"image":{"@id":"https:\/\/www.afmuseet.no\/nettbutikk\/produkt\/a-world-history-of-women-photographers\/#primaryimage"},"thumbnailUrl":"https:\/\/www.afmuseet.no\/content\/uploads\/2023\/07\/DTky7mkCEeq9Twaykh0CYA-QiOHjTJ4Ee2dlC1-uY9tTA.jpeg","datePublished":"2022-08-19T14:44:37+00:00","dateModified":"2023-12-27T16:34:02+00:00","description":"Finn unike og eksklusive kunstrelaterte produkter p\u00e5 Astrup Fearnley Museet sin Nettbutikk. Utforsk v\u00e5rt utvalg av kunstb\u00f8ker, plakater og mer.","breadcrumb":{"@id":"https:\/\/www.afmuseet.no\/nettbutikk\/produkt\/a-world-history-of-women-photographers\/#breadcrumb"},"inLanguage":"en-US","potentialAction":[{"@type":"ReadAction","target":["https:\/\/www.afmuseet.no\/nettbutikk\/produkt\/a-world-history-of-women-photographers\/"]}]},{"@type":"ImageObject","inLanguage":"en-US","@id":"https:\/\/www.afmuseet.no\/nettbutikk\/produkt\/a-world-history-of-women-photographers\/#primaryimage","url":"https:\/\/www.afmuseet.no\/content\/uploads\/2023\/07\/DTky7mkCEeq9Twaykh0CYA-QiOHjTJ4Ee2dlC1-uY9tTA.jpeg","contentUrl":"https:\/\/www.afmuseet.no\/content\/uploads\/2023\/07\/DTky7mkCEeq9Twaykh0CYA-QiOHjTJ4Ee2dlC1-uY9tTA.jpeg","width":2048,"height":2048},{"@type":"BreadcrumbList","@id":"https:\/\/www.afmuseet.no\/nettbutikk\/produkt\/a-world-history-of-women-photographers\/#breadcrumb","itemListElement":[{"@type":"ListItem","position":1,"name":"Hjem","item":"https:\/\/www.afmuseet.no\/nettbutikk\/en\/"},{"@type":"ListItem","position":2,"name":"Shop","item":"https:\/\/www.afmuseet.no\/nettbutikk\/shop\/"},{"@type":"ListItem","position":3,"name":"A World History of Women Photographers"}]},{"@type":"WebSite","@id":"https:\/\/www.afmuseet.no\/nettbutikk\/#website","url":"https:\/\/www.afmuseet.no\/nettbutikk\/","name":"Astrup Fearnley Museet","description":"","potentialAction":[{"@type":"SearchAction","target":{"@type":"EntryPoint","urlTemplate":"https:\/\/www.afmuseet.no\/nettbutikk\/?s={search_term_string}"},"query-input":{"@type":"PropertyValueSpecification","valueRequired":true,"valueName":"search_term_string"}}],"inLanguage":"en-US"}]}},"acf":[],"lang":"nb","translations":{"nb":35188,"en":33835},"pll_sync_post":[],"_links":{"self":[{"href":"https:\/\/www.afmuseet.no\/nettbutikk\/wp-json\/wp\/v2\/product\/35188","targetHints":{"allow":["GET"]}}],"collection":[{"href":"https:\/\/www.afmuseet.no\/nettbutikk\/wp-json\/wp\/v2\/product"}],"about":[{"href":"https:\/\/www.afmuseet.no\/nettbutikk\/wp-json\/wp\/v2\/types\/product"}],"wp:featuredmedia":[{"embeddable":true,"href":"https:\/\/www.afmuseet.no\/nettbutikk\/wp-json\/wp\/v2\/media\/45881"}],"wp:attachment":[{"href":"https:\/\/www.afmuseet.no\/nettbutikk\/wp-json\/wp\/v2\/media?parent=35188"}],"wp:term":[{"taxonomy":"product_brand","embeddable":true,"href":"https:\/\/www.afmuseet.no\/nettbutikk\/wp-json\/wp\/v2\/product_brand?post=35188"},{"taxonomy":"product_cat","embeddable":true,"href":"https:\/\/www.afmuseet.no\/nettbutikk\/wp-json\/wp\/v2\/product_cat?post=35188"},{"taxonomy":"product_tag","embeddable":true,"href":"https:\/\/www.afmuseet.no\/nettbutikk\/wp-json\/wp\/v2\/product_tag?post=35188"}],"curies":[{"name":"wp","href":"https:\/\/api.w.org\/{rel}","templated":true}]}}