{"id":34974,"date":"2022-07-06T08:25:43","date_gmt":"2022-07-06T07:25:43","guid":{"rendered":"https:\/\/www.afmuseet.no\/nettbutikk\/?post_type=product&#038;p=34974"},"modified":"2023-04-09T15:07:11","modified_gmt":"2023-04-09T14:07:11","slug":"studio-roof-gronn-oyenstikker","status":"publish","type":"product","link":"https:\/\/www.afmuseet.no\/nettbutikk\/produkt\/studio-roof-gronn-oyenstikker\/","title":{"rendered":"Studio ROOF &#8211; Gr\u00f8nn \u00d8yenstikker"},"content":{"rendered":"<p>De har noe mystisk over seg, disse grasi\u00f8se insektene med sine eksepsjonelt fargede vinger. Som om de nettopp har fl\u00f8yet inn fra en eventyrverden.<br \/>\nDragende over vannet gir \u00f8yenstikkeren en danseforestilling. Vingene ser ut til \u00e5 v\u00e6re laget av farget glass.<\/p>\n<p>Produktinformasjon:<br \/>\n3D-objekt \u00e5 bygge, kommer flatpakket.<br \/>\nLaget av resirkulert papp og trykket med vegetabilsk blekk.<br \/>\nM\u00e5l ved oppbygging: 47 x 8 x 36 cm.<br \/>\n2 x A4-ark med 24 deler til \u00e5 sprette ut og sette sammen.<br \/>\nMonteringsanvisning finner du p\u00e5 innsiden av emballasjen.<\/p>\n","protected":false},"excerpt":{"rendered":"<p>De har noe mystisk over seg, disse grasi\u00f8se insektene med sine eksepsjonelt fargede vinger. Som om de nettopp har fl\u00f8yet inn fra en eventyrverden. Dragende over vannet gir \u00f8yenstikkeren en danseforestilling. Vingene ser ut til \u00e5 v\u00e6re laget av farget glass. Produktinformasjon: 3D-objekt \u00e5 bygge, kommer flatpakket. Laget av resirkulert papp og trykket med vegetabilsk [&hellip;]<\/p>\n","protected":false},"featured_media":33073,"template":"","meta":{"_acf_changed":false,"afm_hide_title":false,"_afm_post_new_title":"","afm_terms_sep_product_language":", ","afm_terms_sep_product_post_translations":", ","afm_terms_sep_product_product_brand":", ","afm_terms_sep_product_product_type":", ","afm_terms_sep_product_product_visibility":", ","afm_terms_sep_product_product_cat":", ","afm_terms_sep_product_product_tag":", ","afm_terms_sep_product_product_shipping_class":", ","afm_terms_sep_product_pos_product_visibility":", ","afm_terms_sep_product_pa_cindy-sherman-art-bag":", "},"product_brand":[],"product_cat":[487,292],"product_tag":[],"class_list":{"0":"post-34974","1":"product","2":"type-product","3":"status-publish","4":"has-post-thumbnail","6":"product_cat-3041-anskaffede-artikler","7":"product_cat-all-products","8":"product_shipping_class-div-product","10":"first","11":"outofstock","12":"taxable","13":"shipping-taxable","14":"purchasable","15":"product-type-simple"},"group_of_quantity":0,"min_quantity":0,"max_quantity":"","exclude_order_quantity_value_rules":"no","exclude_category_quantity_rules":"no","combine_variations":"no","yoast_head":"<!-- This site is optimized with the Yoast SEO Premium plugin v26.9 (Yoast SEO v26.9) - https:\/\/yoast.com\/product\/yoast-seo-premium-wordpress\/ -->\n<title>Studio ROOF - Gr\u00f8nn \u00d8yenstikker &#8211; Astrup Fearnley Museet<\/title>\n<meta name=\"description\" content=\"Finn unike og eksklusive kunstrelaterte produkter p\u00e5 Astrup Fearnley Museet sin Nettbutikk. Utforsk v\u00e5rt utvalg av kunstb\u00f8ker, plakater og mer.\" \/>\n<meta name=\"robots\" content=\"index, follow, max-snippet:-1, max-image-preview:large, max-video-preview:-1\" \/>\n<link rel=\"canonical\" href=\"https:\/\/www.afmuseet.no\/nettbutikk\/produkt\/studio-roof-gronn-oyenstikker\/\" \/>\n<meta property=\"og:locale\" content=\"en_US\" \/>\n<meta property=\"og:type\" content=\"article\" \/>\n<meta property=\"og:title\" content=\"Studio ROOF - Gr\u00f8nn \u00d8yenstikker\" \/>\n<meta property=\"og:description\" content=\"Finn unike og eksklusive kunstrelaterte produkter p\u00e5 Astrup Fearnley Museet sin Nettbutikk. Utforsk v\u00e5rt utvalg av kunstb\u00f8ker, plakater og mer.\" \/>\n<meta property=\"og:url\" content=\"https:\/\/www.afmuseet.no\/nettbutikk\/produkt\/studio-roof-gronn-oyenstikker\/\" \/>\n<meta property=\"og:site_name\" content=\"Astrup Fearnley Museet\" \/>\n<meta property=\"article:modified_time\" content=\"2023-04-09T14:07:11+00:00\" \/>\n<meta property=\"og:image\" content=\"https:\/\/www.afmuseet.no\/content\/uploads\/2022\/07\/dragonflies-new-square.jpg\" \/>\n\t<meta property=\"og:image:width\" content=\"1212\" \/>\n\t<meta property=\"og:image:height\" content=\"1213\" \/>\n\t<meta property=\"og:image:type\" content=\"image\/jpeg\" \/>\n<meta name=\"twitter:card\" content=\"summary_large_image\" \/>\n<script type=\"application\/ld+json\" class=\"yoast-schema-graph\">{\"@context\":\"https:\/\/schema.org\",\"@graph\":[{\"@type\":\"WebPage\",\"@id\":\"https:\/\/www.afmuseet.no\/nettbutikk\/produkt\/studio-roof-gronn-oyenstikker\/\",\"url\":\"https:\/\/www.afmuseet.no\/nettbutikk\/produkt\/studio-roof-gronn-oyenstikker\/\",\"name\":\"Studio ROOF - Gr\u00f8nn \u00d8yenstikker &#8211; Astrup Fearnley Museet\",\"isPartOf\":{\"@id\":\"https:\/\/www.afmuseet.no\/nettbutikk\/#website\"},\"primaryImageOfPage\":{\"@id\":\"https:\/\/www.afmuseet.no\/nettbutikk\/produkt\/studio-roof-gronn-oyenstikker\/#primaryimage\"},\"image\":{\"@id\":\"https:\/\/www.afmuseet.no\/nettbutikk\/produkt\/studio-roof-gronn-oyenstikker\/#primaryimage\"},\"thumbnailUrl\":\"https:\/\/www.afmuseet.no\/content\/uploads\/2022\/07\/dragonflies-new-square.jpg\",\"datePublished\":\"2022-07-06T07:25:43+00:00\",\"dateModified\":\"2023-04-09T14:07:11+00:00\",\"description\":\"Finn unike og eksklusive kunstrelaterte produkter p\u00e5 Astrup Fearnley Museet sin Nettbutikk. Utforsk v\u00e5rt utvalg av kunstb\u00f8ker, plakater og mer.\",\"breadcrumb\":{\"@id\":\"https:\/\/www.afmuseet.no\/nettbutikk\/produkt\/studio-roof-gronn-oyenstikker\/#breadcrumb\"},\"inLanguage\":\"en-US\",\"potentialAction\":[{\"@type\":\"ReadAction\",\"target\":[\"https:\/\/www.afmuseet.no\/nettbutikk\/produkt\/studio-roof-gronn-oyenstikker\/\"]}]},{\"@type\":\"ImageObject\",\"inLanguage\":\"en-US\",\"@id\":\"https:\/\/www.afmuseet.no\/nettbutikk\/produkt\/studio-roof-gronn-oyenstikker\/#primaryimage\",\"url\":\"https:\/\/www.afmuseet.no\/content\/uploads\/2022\/07\/dragonflies-new-square.jpg\",\"contentUrl\":\"https:\/\/www.afmuseet.no\/content\/uploads\/2022\/07\/dragonflies-new-square.jpg\",\"width\":1212,\"height\":1213},{\"@type\":\"BreadcrumbList\",\"@id\":\"https:\/\/www.afmuseet.no\/nettbutikk\/produkt\/studio-roof-gronn-oyenstikker\/#breadcrumb\",\"itemListElement\":[{\"@type\":\"ListItem\",\"position\":1,\"name\":\"Hjem\",\"item\":\"https:\/\/www.afmuseet.no\/nettbutikk\/en\/\"},{\"@type\":\"ListItem\",\"position\":2,\"name\":\"Shop\",\"item\":\"https:\/\/www.afmuseet.no\/nettbutikk\/shop\/\"},{\"@type\":\"ListItem\",\"position\":3,\"name\":\"Studio ROOF &#8211; Gr\u00f8nn \u00d8yenstikker\"}]},{\"@type\":\"WebSite\",\"@id\":\"https:\/\/www.afmuseet.no\/nettbutikk\/#website\",\"url\":\"https:\/\/www.afmuseet.no\/nettbutikk\/\",\"name\":\"Astrup Fearnley Museet\",\"description\":\"\",\"potentialAction\":[{\"@type\":\"SearchAction\",\"target\":{\"@type\":\"EntryPoint\",\"urlTemplate\":\"https:\/\/www.afmuseet.no\/nettbutikk\/?s={search_term_string}\"},\"query-input\":{\"@type\":\"PropertyValueSpecification\",\"valueRequired\":true,\"valueName\":\"search_term_string\"}}],\"inLanguage\":\"en-US\"}]}<\/script>\n<!-- \/ Yoast SEO Premium plugin. -->","yoast_head_json":{"title":"Studio ROOF - Gr\u00f8nn \u00d8yenstikker &#8211; Astrup Fearnley Museet","description":"Finn unike og eksklusive kunstrelaterte produkter p\u00e5 Astrup Fearnley Museet sin Nettbutikk. Utforsk v\u00e5rt utvalg av kunstb\u00f8ker, plakater og mer.","robots":{"index":"index","follow":"follow","max-snippet":"max-snippet:-1","max-image-preview":"max-image-preview:large","max-video-preview":"max-video-preview:-1"},"canonical":"https:\/\/www.afmuseet.no\/nettbutikk\/produkt\/studio-roof-gronn-oyenstikker\/","og_locale":"en_US","og_type":"article","og_title":"Studio ROOF - Gr\u00f8nn \u00d8yenstikker","og_description":"Finn unike og eksklusive kunstrelaterte produkter p\u00e5 Astrup Fearnley Museet sin Nettbutikk. Utforsk v\u00e5rt utvalg av kunstb\u00f8ker, plakater og mer.","og_url":"https:\/\/www.afmuseet.no\/nettbutikk\/produkt\/studio-roof-gronn-oyenstikker\/","og_site_name":"Astrup Fearnley Museet","article_modified_time":"2023-04-09T14:07:11+00:00","og_image":[{"width":1212,"height":1213,"url":"https:\/\/www.afmuseet.no\/content\/uploads\/2022\/07\/dragonflies-new-square.jpg","type":"image\/jpeg"}],"twitter_card":"summary_large_image","schema":{"@context":"https:\/\/schema.org","@graph":[{"@type":"WebPage","@id":"https:\/\/www.afmuseet.no\/nettbutikk\/produkt\/studio-roof-gronn-oyenstikker\/","url":"https:\/\/www.afmuseet.no\/nettbutikk\/produkt\/studio-roof-gronn-oyenstikker\/","name":"Studio ROOF - Gr\u00f8nn \u00d8yenstikker &#8211; Astrup Fearnley Museet","isPartOf":{"@id":"https:\/\/www.afmuseet.no\/nettbutikk\/#website"},"primaryImageOfPage":{"@id":"https:\/\/www.afmuseet.no\/nettbutikk\/produkt\/studio-roof-gronn-oyenstikker\/#primaryimage"},"image":{"@id":"https:\/\/www.afmuseet.no\/nettbutikk\/produkt\/studio-roof-gronn-oyenstikker\/#primaryimage"},"thumbnailUrl":"https:\/\/www.afmuseet.no\/content\/uploads\/2022\/07\/dragonflies-new-square.jpg","datePublished":"2022-07-06T07:25:43+00:00","dateModified":"2023-04-09T14:07:11+00:00","description":"Finn unike og eksklusive kunstrelaterte produkter p\u00e5 Astrup Fearnley Museet sin Nettbutikk. Utforsk v\u00e5rt utvalg av kunstb\u00f8ker, plakater og mer.","breadcrumb":{"@id":"https:\/\/www.afmuseet.no\/nettbutikk\/produkt\/studio-roof-gronn-oyenstikker\/#breadcrumb"},"inLanguage":"en-US","potentialAction":[{"@type":"ReadAction","target":["https:\/\/www.afmuseet.no\/nettbutikk\/produkt\/studio-roof-gronn-oyenstikker\/"]}]},{"@type":"ImageObject","inLanguage":"en-US","@id":"https:\/\/www.afmuseet.no\/nettbutikk\/produkt\/studio-roof-gronn-oyenstikker\/#primaryimage","url":"https:\/\/www.afmuseet.no\/content\/uploads\/2022\/07\/dragonflies-new-square.jpg","contentUrl":"https:\/\/www.afmuseet.no\/content\/uploads\/2022\/07\/dragonflies-new-square.jpg","width":1212,"height":1213},{"@type":"BreadcrumbList","@id":"https:\/\/www.afmuseet.no\/nettbutikk\/produkt\/studio-roof-gronn-oyenstikker\/#breadcrumb","itemListElement":[{"@type":"ListItem","position":1,"name":"Hjem","item":"https:\/\/www.afmuseet.no\/nettbutikk\/en\/"},{"@type":"ListItem","position":2,"name":"Shop","item":"https:\/\/www.afmuseet.no\/nettbutikk\/shop\/"},{"@type":"ListItem","position":3,"name":"Studio ROOF &#8211; Gr\u00f8nn \u00d8yenstikker"}]},{"@type":"WebSite","@id":"https:\/\/www.afmuseet.no\/nettbutikk\/#website","url":"https:\/\/www.afmuseet.no\/nettbutikk\/","name":"Astrup Fearnley Museet","description":"","potentialAction":[{"@type":"SearchAction","target":{"@type":"EntryPoint","urlTemplate":"https:\/\/www.afmuseet.no\/nettbutikk\/?s={search_term_string}"},"query-input":{"@type":"PropertyValueSpecification","valueRequired":true,"valueName":"search_term_string"}}],"inLanguage":"en-US"}]}},"acf":[],"lang":"nb","translations":{"nb":34974,"en":31115},"pll_sync_post":[],"_links":{"self":[{"href":"https:\/\/www.afmuseet.no\/nettbutikk\/wp-json\/wp\/v2\/product\/34974","targetHints":{"allow":["GET"]}}],"collection":[{"href":"https:\/\/www.afmuseet.no\/nettbutikk\/wp-json\/wp\/v2\/product"}],"about":[{"href":"https:\/\/www.afmuseet.no\/nettbutikk\/wp-json\/wp\/v2\/types\/product"}],"wp:featuredmedia":[{"embeddable":true,"href":"https:\/\/www.afmuseet.no\/nettbutikk\/wp-json\/wp\/v2\/media\/33073"}],"wp:attachment":[{"href":"https:\/\/www.afmuseet.no\/nettbutikk\/wp-json\/wp\/v2\/media?parent=34974"}],"wp:term":[{"taxonomy":"product_brand","embeddable":true,"href":"https:\/\/www.afmuseet.no\/nettbutikk\/wp-json\/wp\/v2\/product_brand?post=34974"},{"taxonomy":"product_cat","embeddable":true,"href":"https:\/\/www.afmuseet.no\/nettbutikk\/wp-json\/wp\/v2\/product_cat?post=34974"},{"taxonomy":"product_tag","embeddable":true,"href":"https:\/\/www.afmuseet.no\/nettbutikk\/wp-json\/wp\/v2\/product_tag?post=34974"}],"curies":[{"name":"wp","href":"https:\/\/api.w.org\/{rel}","templated":true}]}}