{"id":33803,"date":"2022-08-19T13:23:36","date_gmt":"2022-08-19T12:23:36","guid":{"rendered":"https:\/\/www.afmuseet.no\/nettbutikk\/?post_type=product&#038;p=33803"},"modified":"2024-01-03T11:23:56","modified_gmt":"2024-01-03T10:23:56","slug":"the-colour-bible-the-definitive-guide-to-colour-in-art-and-design","status":"publish","type":"product","link":"https:\/\/www.afmuseet.no\/nettbutikk\/en\/product\/the-colour-bible-the-definitive-guide-to-colour-in-art-and-design\/","title":{"rendered":"The Colour Bible &#8211; The definitive guide to colour in art and design"},"content":{"rendered":"<p>An essential source for graphic designers, artists, interior designers, fashion designers, illustrators and creatives of any kind who work with colour.<\/p>\n<p>Colour is intrinsic to the human experience; it guides us with subconscious visual cues throughout our lives. Get it right in your design or art and you can enhance mood and atmosphere, and create a desired psychological or even physiological effect. The Colour Bible is a contemporary handbook for navigating this fascinating world of colour. It dives into 100 profiles of significant colours and tracks them through their genesis, historical usage in art and design, and contemporary connotations and uses.<\/p>\n<p>&#8211; A potted history of each colour<br \/>\n&#8211; Key colour associations from around the world<br \/>\n&#8211; Contemporary connotations and brand design<br \/>\n&#8211; Practical advice on how to use and combine colours in your work<\/p>\n<p>Publisher: Ilex &#8211; 2021<br \/>\nAuthor: Laura Perryman<br \/>\nBinding: Hardcover<br \/>\nLanguage: English<br \/>\nPages: 320<br \/>\nFormat: 20 x 16 cm<br \/>\nISBN: 9781781577844<\/p>\n","protected":false},"excerpt":{"rendered":"<p>An essential source for graphic designers, artists, interior designers, fashion designers, illustrators and creatives of any kind who work with colour.<br \/>\nColour is intrinsic to the human experience; it guides us with subconscious visual cues throughout our lives. Get it right in your design or art and you can enhance mood and atmosphere, and create a desired psychological or even physiological effect. The Colour Bible is a contemporary handbook for navigating this fascinating world of colour. It dives into 100 profiles of significant colours and tracks them through their genesis, historical usage in art and design, and contemporary connotations and uses.<\/p>\n<p>&#8211; A potted history of each colour<br \/>\n&#8211; Key colour associations from around the world<br \/>\n&#8211; Contemporary connotations and brand design<br \/>\n&#8211; Practical advice on how to use and combine colours in your work<\/p>\n<p>Publisher: Ilex &#8211; 2021<br \/>\nBinding: Hardcover<br \/>\nLanguage: English<br \/>\nPages: 320<br \/>\nFormat: 20 x 16 cm<br \/>\nISBN: 9781781577844<\/p>\n","protected":false},"featured_media":45864,"template":"","meta":{"_acf_changed":false,"afm_hide_title":false,"_afm_post_new_title":"","afm_terms_sep_product_language":", ","afm_terms_sep_product_post_translations":", ","afm_terms_sep_product_product_brand":", ","afm_terms_sep_product_product_type":", ","afm_terms_sep_product_product_visibility":", ","afm_terms_sep_product_product_cat":", ","afm_terms_sep_product_product_tag":", ","afm_terms_sep_product_product_shipping_class":", ","afm_terms_sep_product_pos_product_visibility":", ","afm_terms_sep_product_pa_cindy-sherman-art-bag":", "},"product_brand":[],"product_cat":[173,95],"product_tag":[],"class_list":{"0":"post-33803","1":"product","2":"type-product","3":"status-publish","4":"has-post-thumbnail","6":"product_cat-3106-anskaffede-boker","7":"product_cat-publications","9":"first","10":"outofstock","11":"purchasable","12":"product-type-simple"},"group_of_quantity":0,"min_quantity":0,"max_quantity":"","exclude_order_quantity_value_rules":"no","exclude_category_quantity_rules":"no","combine_variations":"no","yoast_head":"<!-- This site is optimized with the Yoast SEO Premium plugin v26.9 (Yoast SEO v26.9) - https:\/\/yoast.com\/product\/yoast-seo-premium-wordpress\/ -->\n<title>The Colour Bible - The definitive guide to colour in art and design &#8211; Astrup Fearnley Museet<\/title>\n<meta name=\"description\" content=\"Finn unike og eksklusive kunstrelaterte produkter p\u00e5 Astrup Fearnley Museet sin Nettbutikk. Utforsk v\u00e5rt utvalg av kunstb\u00f8ker, plakater og mer.\" \/>\n<meta name=\"robots\" content=\"index, follow, max-snippet:-1, max-image-preview:large, max-video-preview:-1\" \/>\n<link rel=\"canonical\" href=\"https:\/\/www.afmuseet.no\/nettbutikk\/en\/product\/the-colour-bible-the-definitive-guide-to-colour-in-art-and-design\/\" \/>\n<meta property=\"og:locale\" content=\"en_US\" \/>\n<meta property=\"og:type\" content=\"article\" \/>\n<meta property=\"og:title\" content=\"The Colour Bible - The definitive guide to colour in art and design\" \/>\n<meta property=\"og:description\" content=\"Finn unike og eksklusive kunstrelaterte produkter p\u00e5 Astrup Fearnley Museet sin Nettbutikk. Utforsk v\u00e5rt utvalg av kunstb\u00f8ker, plakater og mer.\" \/>\n<meta property=\"og:url\" content=\"https:\/\/www.afmuseet.no\/nettbutikk\/en\/product\/the-colour-bible-the-definitive-guide-to-colour-in-art-and-design\/\" \/>\n<meta property=\"og:site_name\" content=\"Astrup Fearnley Museet\" \/>\n<meta property=\"article:modified_time\" content=\"2024-01-03T10:23:56+00:00\" \/>\n<meta property=\"og:image\" content=\"https:\/\/www.afmuseet.no\/content\/uploads\/2023\/07\/DTky7mkCEeq9Twaykh0CYA-WFsdjVLHEe2j5tijbEtSOA.jpeg\" \/>\n\t<meta property=\"og:image:width\" content=\"2560\" \/>\n\t<meta property=\"og:image:height\" content=\"2560\" \/>\n\t<meta property=\"og:image:type\" content=\"image\/jpeg\" \/>\n<meta name=\"twitter:card\" content=\"summary_large_image\" \/>\n<meta name=\"twitter:label1\" content=\"Est. reading time\" \/>\n\t<meta name=\"twitter:data1\" content=\"1 minute\" \/>\n<script type=\"application\/ld+json\" class=\"yoast-schema-graph\">{\"@context\":\"https:\/\/schema.org\",\"@graph\":[{\"@type\":\"WebPage\",\"@id\":\"https:\/\/www.afmuseet.no\/nettbutikk\/en\/product\/the-colour-bible-the-definitive-guide-to-colour-in-art-and-design\/\",\"url\":\"https:\/\/www.afmuseet.no\/nettbutikk\/en\/product\/the-colour-bible-the-definitive-guide-to-colour-in-art-and-design\/\",\"name\":\"The Colour Bible - The definitive guide to colour in art and design &#8211; Astrup Fearnley Museet\",\"isPartOf\":{\"@id\":\"https:\/\/www.afmuseet.no\/nettbutikk\/#website\"},\"primaryImageOfPage\":{\"@id\":\"https:\/\/www.afmuseet.no\/nettbutikk\/en\/product\/the-colour-bible-the-definitive-guide-to-colour-in-art-and-design\/#primaryimage\"},\"image\":{\"@id\":\"https:\/\/www.afmuseet.no\/nettbutikk\/en\/product\/the-colour-bible-the-definitive-guide-to-colour-in-art-and-design\/#primaryimage\"},\"thumbnailUrl\":\"https:\/\/www.afmuseet.no\/content\/uploads\/2023\/07\/DTky7mkCEeq9Twaykh0CYA-WFsdjVLHEe2j5tijbEtSOA.jpeg\",\"datePublished\":\"2022-08-19T12:23:36+00:00\",\"dateModified\":\"2024-01-03T10:23:56+00:00\",\"description\":\"Finn unike og eksklusive kunstrelaterte produkter p\u00e5 Astrup Fearnley Museet sin Nettbutikk. Utforsk v\u00e5rt utvalg av kunstb\u00f8ker, plakater og mer.\",\"breadcrumb\":{\"@id\":\"https:\/\/www.afmuseet.no\/nettbutikk\/en\/product\/the-colour-bible-the-definitive-guide-to-colour-in-art-and-design\/#breadcrumb\"},\"inLanguage\":\"en-US\",\"potentialAction\":[{\"@type\":\"ReadAction\",\"target\":[\"https:\/\/www.afmuseet.no\/nettbutikk\/en\/product\/the-colour-bible-the-definitive-guide-to-colour-in-art-and-design\/\"]}]},{\"@type\":\"ImageObject\",\"inLanguage\":\"en-US\",\"@id\":\"https:\/\/www.afmuseet.no\/nettbutikk\/en\/product\/the-colour-bible-the-definitive-guide-to-colour-in-art-and-design\/#primaryimage\",\"url\":\"https:\/\/www.afmuseet.no\/content\/uploads\/2023\/07\/DTky7mkCEeq9Twaykh0CYA-WFsdjVLHEe2j5tijbEtSOA.jpeg\",\"contentUrl\":\"https:\/\/www.afmuseet.no\/content\/uploads\/2023\/07\/DTky7mkCEeq9Twaykh0CYA-WFsdjVLHEe2j5tijbEtSOA.jpeg\",\"width\":2560,\"height\":2560},{\"@type\":\"BreadcrumbList\",\"@id\":\"https:\/\/www.afmuseet.no\/nettbutikk\/en\/product\/the-colour-bible-the-definitive-guide-to-colour-in-art-and-design\/#breadcrumb\",\"itemListElement\":[{\"@type\":\"ListItem\",\"position\":1,\"name\":\"Hjem\",\"item\":\"https:\/\/www.afmuseet.no\/nettbutikk\/en\/\"},{\"@type\":\"ListItem\",\"position\":2,\"name\":\"Shop\",\"item\":\"https:\/\/www.afmuseet.no\/nettbutikk\/shop\/\"},{\"@type\":\"ListItem\",\"position\":3,\"name\":\"The Colour Bible &#8211; The definitive guide to colour in art and design\"}]},{\"@type\":\"WebSite\",\"@id\":\"https:\/\/www.afmuseet.no\/nettbutikk\/#website\",\"url\":\"https:\/\/www.afmuseet.no\/nettbutikk\/\",\"name\":\"Astrup Fearnley Museet\",\"description\":\"\",\"potentialAction\":[{\"@type\":\"SearchAction\",\"target\":{\"@type\":\"EntryPoint\",\"urlTemplate\":\"https:\/\/www.afmuseet.no\/nettbutikk\/?s={search_term_string}\"},\"query-input\":{\"@type\":\"PropertyValueSpecification\",\"valueRequired\":true,\"valueName\":\"search_term_string\"}}],\"inLanguage\":\"en-US\"}]}<\/script>\n<!-- \/ Yoast SEO Premium plugin. -->","yoast_head_json":{"title":"The Colour Bible - The definitive guide to colour in art and design &#8211; Astrup Fearnley Museet","description":"Finn unike og eksklusive kunstrelaterte produkter p\u00e5 Astrup Fearnley Museet sin Nettbutikk. Utforsk v\u00e5rt utvalg av kunstb\u00f8ker, plakater og mer.","robots":{"index":"index","follow":"follow","max-snippet":"max-snippet:-1","max-image-preview":"max-image-preview:large","max-video-preview":"max-video-preview:-1"},"canonical":"https:\/\/www.afmuseet.no\/nettbutikk\/en\/product\/the-colour-bible-the-definitive-guide-to-colour-in-art-and-design\/","og_locale":"en_US","og_type":"article","og_title":"The Colour Bible - The definitive guide to colour in art and design","og_description":"Finn unike og eksklusive kunstrelaterte produkter p\u00e5 Astrup Fearnley Museet sin Nettbutikk. Utforsk v\u00e5rt utvalg av kunstb\u00f8ker, plakater og mer.","og_url":"https:\/\/www.afmuseet.no\/nettbutikk\/en\/product\/the-colour-bible-the-definitive-guide-to-colour-in-art-and-design\/","og_site_name":"Astrup Fearnley Museet","article_modified_time":"2024-01-03T10:23:56+00:00","og_image":[{"width":2560,"height":2560,"url":"https:\/\/www.afmuseet.no\/content\/uploads\/2023\/07\/DTky7mkCEeq9Twaykh0CYA-WFsdjVLHEe2j5tijbEtSOA.jpeg","type":"image\/jpeg"}],"twitter_card":"summary_large_image","twitter_misc":{"Est. reading time":"1 minute"},"schema":{"@context":"https:\/\/schema.org","@graph":[{"@type":"WebPage","@id":"https:\/\/www.afmuseet.no\/nettbutikk\/en\/product\/the-colour-bible-the-definitive-guide-to-colour-in-art-and-design\/","url":"https:\/\/www.afmuseet.no\/nettbutikk\/en\/product\/the-colour-bible-the-definitive-guide-to-colour-in-art-and-design\/","name":"The Colour Bible - The definitive guide to colour in art and design &#8211; Astrup Fearnley Museet","isPartOf":{"@id":"https:\/\/www.afmuseet.no\/nettbutikk\/#website"},"primaryImageOfPage":{"@id":"https:\/\/www.afmuseet.no\/nettbutikk\/en\/product\/the-colour-bible-the-definitive-guide-to-colour-in-art-and-design\/#primaryimage"},"image":{"@id":"https:\/\/www.afmuseet.no\/nettbutikk\/en\/product\/the-colour-bible-the-definitive-guide-to-colour-in-art-and-design\/#primaryimage"},"thumbnailUrl":"https:\/\/www.afmuseet.no\/content\/uploads\/2023\/07\/DTky7mkCEeq9Twaykh0CYA-WFsdjVLHEe2j5tijbEtSOA.jpeg","datePublished":"2022-08-19T12:23:36+00:00","dateModified":"2024-01-03T10:23:56+00:00","description":"Finn unike og eksklusive kunstrelaterte produkter p\u00e5 Astrup Fearnley Museet sin Nettbutikk. Utforsk v\u00e5rt utvalg av kunstb\u00f8ker, plakater og mer.","breadcrumb":{"@id":"https:\/\/www.afmuseet.no\/nettbutikk\/en\/product\/the-colour-bible-the-definitive-guide-to-colour-in-art-and-design\/#breadcrumb"},"inLanguage":"en-US","potentialAction":[{"@type":"ReadAction","target":["https:\/\/www.afmuseet.no\/nettbutikk\/en\/product\/the-colour-bible-the-definitive-guide-to-colour-in-art-and-design\/"]}]},{"@type":"ImageObject","inLanguage":"en-US","@id":"https:\/\/www.afmuseet.no\/nettbutikk\/en\/product\/the-colour-bible-the-definitive-guide-to-colour-in-art-and-design\/#primaryimage","url":"https:\/\/www.afmuseet.no\/content\/uploads\/2023\/07\/DTky7mkCEeq9Twaykh0CYA-WFsdjVLHEe2j5tijbEtSOA.jpeg","contentUrl":"https:\/\/www.afmuseet.no\/content\/uploads\/2023\/07\/DTky7mkCEeq9Twaykh0CYA-WFsdjVLHEe2j5tijbEtSOA.jpeg","width":2560,"height":2560},{"@type":"BreadcrumbList","@id":"https:\/\/www.afmuseet.no\/nettbutikk\/en\/product\/the-colour-bible-the-definitive-guide-to-colour-in-art-and-design\/#breadcrumb","itemListElement":[{"@type":"ListItem","position":1,"name":"Hjem","item":"https:\/\/www.afmuseet.no\/nettbutikk\/en\/"},{"@type":"ListItem","position":2,"name":"Shop","item":"https:\/\/www.afmuseet.no\/nettbutikk\/shop\/"},{"@type":"ListItem","position":3,"name":"The Colour Bible &#8211; The definitive guide to colour in art and design"}]},{"@type":"WebSite","@id":"https:\/\/www.afmuseet.no\/nettbutikk\/#website","url":"https:\/\/www.afmuseet.no\/nettbutikk\/","name":"Astrup Fearnley Museet","description":"","potentialAction":[{"@type":"SearchAction","target":{"@type":"EntryPoint","urlTemplate":"https:\/\/www.afmuseet.no\/nettbutikk\/?s={search_term_string}"},"query-input":{"@type":"PropertyValueSpecification","valueRequired":true,"valueName":"search_term_string"}}],"inLanguage":"en-US"}]}},"acf":[],"lang":"en","translations":{"en":33803,"nb":36534},"pll_sync_post":[],"_links":{"self":[{"href":"https:\/\/www.afmuseet.no\/nettbutikk\/wp-json\/wp\/v2\/product\/33803","targetHints":{"allow":["GET"]}}],"collection":[{"href":"https:\/\/www.afmuseet.no\/nettbutikk\/wp-json\/wp\/v2\/product"}],"about":[{"href":"https:\/\/www.afmuseet.no\/nettbutikk\/wp-json\/wp\/v2\/types\/product"}],"wp:featuredmedia":[{"embeddable":true,"href":"https:\/\/www.afmuseet.no\/nettbutikk\/wp-json\/wp\/v2\/media\/45864"}],"wp:attachment":[{"href":"https:\/\/www.afmuseet.no\/nettbutikk\/wp-json\/wp\/v2\/media?parent=33803"}],"wp:term":[{"taxonomy":"product_brand","embeddable":true,"href":"https:\/\/www.afmuseet.no\/nettbutikk\/wp-json\/wp\/v2\/product_brand?post=33803"},{"taxonomy":"product_cat","embeddable":true,"href":"https:\/\/www.afmuseet.no\/nettbutikk\/wp-json\/wp\/v2\/product_cat?post=33803"},{"taxonomy":"product_tag","embeddable":true,"href":"https:\/\/www.afmuseet.no\/nettbutikk\/wp-json\/wp\/v2\/product_tag?post=33803"}],"curies":[{"name":"wp","href":"https:\/\/api.w.org\/{rel}","templated":true}]}}