{"id":33535,"date":"2022-08-09T14:32:20","date_gmt":"2022-08-09T12:32:20","guid":{"rendered":"https:\/\/www.afmuseet.no\/nettbutikk\/?post_type=product&#038;p=33535"},"modified":"2025-08-19T09:39:17","modified_gmt":"2025-08-19T07:39:17","slug":"wolfgang-tillmans-four-books-40th-anniversary","status":"publish","type":"product","link":"https:\/\/www.afmuseet.no\/nettbutikk\/produkt\/wolfgang-tillmans-four-books-40th-anniversary\/","title":{"rendered":"Wolfgang Tillmans &#8211; Four books &#8211; 40th Anniversary"},"content":{"rendered":"<p>Som knapt noen annen kunstner i sin generasjon, har Wolfgang Tillmans formet v\u00e5r oppfatning av verden. Fra tidlige portretter av vennene hans til stilleben, reisebilder, aktbilder, landskaps- og himmelfotografier, til hans abstrakte arbeid, har Tillmans skapt en mengde ikoniske verk i sitt umiskjennelige visuelle spr\u00e5k, og \u00e5pnet nye veier og muligheter for b\u00e5de fotografi og samtidskunst. I 2000 var han den f\u00f8rste fotografen og den f\u00f8rste ikke-britiske personen som mottok den anerkjente Turner-prisen.<\/p>\n<p>Hans f\u00f8rste bind for TASCHEN (1995) viser den unge generasjonen p\u00e5 1990-tallet, som Tillmans selv var en del av, i klubber, p\u00e5 Gay Pride, p\u00e5 motearrangementer og i hverdagen. Hans tette, realistiske fotografier fremmaner konkrete utopier om fellesskap og samfunn og er ogs\u00e5 viktige dokumenter for deres tid. Med oppf\u00f8lgingsvolumet Burg (1998) beriker Tillmans motivet sitt med nok en rekke vakre, n\u00e5 ikoniske fotografier. I truth study center (2005) kondenserer bildene hans til enda mer subtile komposisjoner og st\u00e5r n\u00e5 sammen med fullstendig abstrakte verk. Til slutt dokumenterer Neue Welt (2012) Wolfgang Tillmans&#8217; reiser rundt om i verden: fra London til Tierra del Fuego, India, Papua Ny-Guinea, Saudi-Arabia og Sentral-Afrika f\u00f8lger vi hans alltid nysgjerrige blikk for virkelighetene p\u00e5 planeten v\u00e5r, for sosiale situasjoner med mennesker og markeder, teknologi og arkitektur, og sist men ikke minst, natur og astronomi. For dette bindet brukte kunstneren for f\u00f8rste gang de nye mulighetene til digital fotografering. Dette muliggjorde en tetthet av informasjon og skarphet som knapt ble sett p\u00e5 fotografier f\u00f8r da.<\/p>\n<p>Denne 40-\u00e5rs jubileumspublikasjonen fra TASCHEN kombinerer det beste av de fire b\u00f8kene i ett bind. Wolfgang Tillmans har selv satt sammen denne utgaven, delvis redesignet den, lagt til noen nyere arbeider og skrevet et nytt forord. Ved \u00e5 bla gjennom denne samlingen av bilder, som strekker seg over tre ti\u00e5r, er det utallige \u00f8yeblikk \u00e5 glede seg over, \u00f8yeblikk som holdes ikke bare i v\u00e5rt kollektive minne, men ogs\u00e5 i v\u00e5re individuelle.<\/p>\n<p>Format: Innbundet &#8211; 560 sider<br \/>\nDimensjoner: 156 x 217 x 43,18 mm &#8211; 1346 g<br \/>\nUtgiver: Taschen GmbH<br \/>\nSpr\u00e5k: Engelsk<br \/>\nISBN: 9783836582537<\/p>\n","protected":false},"excerpt":{"rendered":"<p>Som knapt noen annen kunstner i sin generasjon, har Wolfgang Tillmans formet v\u00e5r oppfatning av verden. Fra tidlige portretter av vennene hans til stilleben, reisebilder, aktbilder, landskaps- og himmelfotografier, til hans abstrakte arbeid, har Tillmans skapt en mengde ikoniske verk i sitt umiskjennelige visuelle spr\u00e5k, og \u00e5pnet nye veier og muligheter for b\u00e5de fotografi og [&hellip;]<\/p>\n","protected":false},"featured_media":33529,"template":"","meta":{"_acf_changed":false,"afm_hide_title":false,"_afm_post_new_title":"","afm_terms_sep_product_language":", ","afm_terms_sep_product_post_translations":", ","afm_terms_sep_product_product_brand":", ","afm_terms_sep_product_product_type":", ","afm_terms_sep_product_product_visibility":", ","afm_terms_sep_product_product_cat":", ","afm_terms_sep_product_product_tag":", ","afm_terms_sep_product_product_shipping_class":", ","afm_terms_sep_product_pos_product_visibility":", ","afm_terms_sep_product_pa_cindy-sherman-art-bag":", "},"product_brand":[],"product_cat":[564,292],"product_tag":[],"class_list":{"0":"post-33535","1":"product","2":"type-product","3":"status-publish","4":"has-post-thumbnail","6":"product_cat-3106-anskaffede-boker","7":"product_cat-all-products","8":"product_shipping_class-div-product","10":"first","11":"instock","12":"taxable","13":"shipping-taxable","14":"purchasable","15":"product-type-simple"},"group_of_quantity":0,"min_quantity":0,"max_quantity":"","exclude_order_quantity_value_rules":"no","exclude_category_quantity_rules":"no","combine_variations":"no","yoast_head":"<!-- This site is optimized with the Yoast SEO Premium plugin v26.9 (Yoast SEO v26.9) - https:\/\/yoast.com\/product\/yoast-seo-premium-wordpress\/ -->\n<title>Wolfgang Tillmans - Four books - 40th Anniversary &#8211; Astrup Fearnley Museet<\/title>\n<meta name=\"description\" content=\"Finn unike og eksklusive kunstrelaterte produkter p\u00e5 Astrup Fearnley Museet sin Nettbutikk. Utforsk v\u00e5rt utvalg av kunstb\u00f8ker, plakater og mer.\" \/>\n<meta name=\"robots\" content=\"index, follow, max-snippet:-1, max-image-preview:large, max-video-preview:-1\" \/>\n<link rel=\"canonical\" href=\"https:\/\/www.afmuseet.no\/nettbutikk\/produkt\/wolfgang-tillmans-four-books-40th-anniversary\/\" \/>\n<meta property=\"og:locale\" content=\"en_US\" \/>\n<meta property=\"og:type\" content=\"article\" \/>\n<meta property=\"og:title\" content=\"Wolfgang Tillmans - Four books - 40th Anniversary\" \/>\n<meta property=\"og:description\" content=\"Finn unike og eksklusive kunstrelaterte produkter p\u00e5 Astrup Fearnley Museet sin Nettbutikk. Utforsk v\u00e5rt utvalg av kunstb\u00f8ker, plakater og mer.\" \/>\n<meta property=\"og:url\" content=\"https:\/\/www.afmuseet.no\/nettbutikk\/produkt\/wolfgang-tillmans-four-books-40th-anniversary\/\" \/>\n<meta property=\"og:site_name\" content=\"Astrup Fearnley Museet\" \/>\n<meta property=\"article:modified_time\" content=\"2025-08-19T07:39:17+00:00\" \/>\n<meta property=\"og:image\" content=\"https:\/\/www.afmuseet.no\/content\/uploads\/2022\/08\/Cover-snip-storre-square.jpg\" \/>\n\t<meta property=\"og:image:width\" content=\"873\" \/>\n\t<meta property=\"og:image:height\" content=\"868\" \/>\n\t<meta property=\"og:image:type\" content=\"image\/jpeg\" \/>\n<meta name=\"twitter:card\" content=\"summary_large_image\" \/>\n<meta name=\"twitter:label1\" content=\"Est. reading time\" \/>\n\t<meta name=\"twitter:data1\" content=\"2 minutes\" \/>\n<script type=\"application\/ld+json\" class=\"yoast-schema-graph\">{\"@context\":\"https:\/\/schema.org\",\"@graph\":[{\"@type\":\"WebPage\",\"@id\":\"https:\/\/www.afmuseet.no\/nettbutikk\/produkt\/wolfgang-tillmans-four-books-40th-anniversary\/\",\"url\":\"https:\/\/www.afmuseet.no\/nettbutikk\/produkt\/wolfgang-tillmans-four-books-40th-anniversary\/\",\"name\":\"Wolfgang Tillmans - Four books - 40th Anniversary &#8211; Astrup Fearnley Museet\",\"isPartOf\":{\"@id\":\"https:\/\/www.afmuseet.no\/nettbutikk\/#website\"},\"primaryImageOfPage\":{\"@id\":\"https:\/\/www.afmuseet.no\/nettbutikk\/produkt\/wolfgang-tillmans-four-books-40th-anniversary\/#primaryimage\"},\"image\":{\"@id\":\"https:\/\/www.afmuseet.no\/nettbutikk\/produkt\/wolfgang-tillmans-four-books-40th-anniversary\/#primaryimage\"},\"thumbnailUrl\":\"https:\/\/www.afmuseet.no\/content\/uploads\/2022\/08\/Cover-snip-storre-square.jpg\",\"datePublished\":\"2022-08-09T12:32:20+00:00\",\"dateModified\":\"2025-08-19T07:39:17+00:00\",\"description\":\"Finn unike og eksklusive kunstrelaterte produkter p\u00e5 Astrup Fearnley Museet sin Nettbutikk. Utforsk v\u00e5rt utvalg av kunstb\u00f8ker, plakater og mer.\",\"breadcrumb\":{\"@id\":\"https:\/\/www.afmuseet.no\/nettbutikk\/produkt\/wolfgang-tillmans-four-books-40th-anniversary\/#breadcrumb\"},\"inLanguage\":\"en-US\",\"potentialAction\":[{\"@type\":\"ReadAction\",\"target\":[\"https:\/\/www.afmuseet.no\/nettbutikk\/produkt\/wolfgang-tillmans-four-books-40th-anniversary\/\"]}]},{\"@type\":\"ImageObject\",\"inLanguage\":\"en-US\",\"@id\":\"https:\/\/www.afmuseet.no\/nettbutikk\/produkt\/wolfgang-tillmans-four-books-40th-anniversary\/#primaryimage\",\"url\":\"https:\/\/www.afmuseet.no\/content\/uploads\/2022\/08\/Cover-snip-storre-square.jpg\",\"contentUrl\":\"https:\/\/www.afmuseet.no\/content\/uploads\/2022\/08\/Cover-snip-storre-square.jpg\",\"width\":873,\"height\":868},{\"@type\":\"BreadcrumbList\",\"@id\":\"https:\/\/www.afmuseet.no\/nettbutikk\/produkt\/wolfgang-tillmans-four-books-40th-anniversary\/#breadcrumb\",\"itemListElement\":[{\"@type\":\"ListItem\",\"position\":1,\"name\":\"Hjem\",\"item\":\"https:\/\/www.afmuseet.no\/nettbutikk\/en\/\"},{\"@type\":\"ListItem\",\"position\":2,\"name\":\"Shop\",\"item\":\"https:\/\/www.afmuseet.no\/nettbutikk\/shop\/\"},{\"@type\":\"ListItem\",\"position\":3,\"name\":\"Wolfgang Tillmans &#8211; Four books &#8211; 40th Anniversary\"}]},{\"@type\":\"WebSite\",\"@id\":\"https:\/\/www.afmuseet.no\/nettbutikk\/#website\",\"url\":\"https:\/\/www.afmuseet.no\/nettbutikk\/\",\"name\":\"Astrup Fearnley Museet\",\"description\":\"\",\"potentialAction\":[{\"@type\":\"SearchAction\",\"target\":{\"@type\":\"EntryPoint\",\"urlTemplate\":\"https:\/\/www.afmuseet.no\/nettbutikk\/?s={search_term_string}\"},\"query-input\":{\"@type\":\"PropertyValueSpecification\",\"valueRequired\":true,\"valueName\":\"search_term_string\"}}],\"inLanguage\":\"en-US\"}]}<\/script>\n<!-- \/ Yoast SEO Premium plugin. -->","yoast_head_json":{"title":"Wolfgang Tillmans - Four books - 40th Anniversary &#8211; Astrup Fearnley Museet","description":"Finn unike og eksklusive kunstrelaterte produkter p\u00e5 Astrup Fearnley Museet sin Nettbutikk. Utforsk v\u00e5rt utvalg av kunstb\u00f8ker, plakater og mer.","robots":{"index":"index","follow":"follow","max-snippet":"max-snippet:-1","max-image-preview":"max-image-preview:large","max-video-preview":"max-video-preview:-1"},"canonical":"https:\/\/www.afmuseet.no\/nettbutikk\/produkt\/wolfgang-tillmans-four-books-40th-anniversary\/","og_locale":"en_US","og_type":"article","og_title":"Wolfgang Tillmans - Four books - 40th Anniversary","og_description":"Finn unike og eksklusive kunstrelaterte produkter p\u00e5 Astrup Fearnley Museet sin Nettbutikk. Utforsk v\u00e5rt utvalg av kunstb\u00f8ker, plakater og mer.","og_url":"https:\/\/www.afmuseet.no\/nettbutikk\/produkt\/wolfgang-tillmans-four-books-40th-anniversary\/","og_site_name":"Astrup Fearnley Museet","article_modified_time":"2025-08-19T07:39:17+00:00","og_image":[{"width":873,"height":868,"url":"https:\/\/www.afmuseet.no\/content\/uploads\/2022\/08\/Cover-snip-storre-square.jpg","type":"image\/jpeg"}],"twitter_card":"summary_large_image","twitter_misc":{"Est. reading time":"2 minutes"},"schema":{"@context":"https:\/\/schema.org","@graph":[{"@type":"WebPage","@id":"https:\/\/www.afmuseet.no\/nettbutikk\/produkt\/wolfgang-tillmans-four-books-40th-anniversary\/","url":"https:\/\/www.afmuseet.no\/nettbutikk\/produkt\/wolfgang-tillmans-four-books-40th-anniversary\/","name":"Wolfgang Tillmans - Four books - 40th Anniversary &#8211; Astrup Fearnley Museet","isPartOf":{"@id":"https:\/\/www.afmuseet.no\/nettbutikk\/#website"},"primaryImageOfPage":{"@id":"https:\/\/www.afmuseet.no\/nettbutikk\/produkt\/wolfgang-tillmans-four-books-40th-anniversary\/#primaryimage"},"image":{"@id":"https:\/\/www.afmuseet.no\/nettbutikk\/produkt\/wolfgang-tillmans-four-books-40th-anniversary\/#primaryimage"},"thumbnailUrl":"https:\/\/www.afmuseet.no\/content\/uploads\/2022\/08\/Cover-snip-storre-square.jpg","datePublished":"2022-08-09T12:32:20+00:00","dateModified":"2025-08-19T07:39:17+00:00","description":"Finn unike og eksklusive kunstrelaterte produkter p\u00e5 Astrup Fearnley Museet sin Nettbutikk. Utforsk v\u00e5rt utvalg av kunstb\u00f8ker, plakater og mer.","breadcrumb":{"@id":"https:\/\/www.afmuseet.no\/nettbutikk\/produkt\/wolfgang-tillmans-four-books-40th-anniversary\/#breadcrumb"},"inLanguage":"en-US","potentialAction":[{"@type":"ReadAction","target":["https:\/\/www.afmuseet.no\/nettbutikk\/produkt\/wolfgang-tillmans-four-books-40th-anniversary\/"]}]},{"@type":"ImageObject","inLanguage":"en-US","@id":"https:\/\/www.afmuseet.no\/nettbutikk\/produkt\/wolfgang-tillmans-four-books-40th-anniversary\/#primaryimage","url":"https:\/\/www.afmuseet.no\/content\/uploads\/2022\/08\/Cover-snip-storre-square.jpg","contentUrl":"https:\/\/www.afmuseet.no\/content\/uploads\/2022\/08\/Cover-snip-storre-square.jpg","width":873,"height":868},{"@type":"BreadcrumbList","@id":"https:\/\/www.afmuseet.no\/nettbutikk\/produkt\/wolfgang-tillmans-four-books-40th-anniversary\/#breadcrumb","itemListElement":[{"@type":"ListItem","position":1,"name":"Hjem","item":"https:\/\/www.afmuseet.no\/nettbutikk\/en\/"},{"@type":"ListItem","position":2,"name":"Shop","item":"https:\/\/www.afmuseet.no\/nettbutikk\/shop\/"},{"@type":"ListItem","position":3,"name":"Wolfgang Tillmans &#8211; Four books &#8211; 40th Anniversary"}]},{"@type":"WebSite","@id":"https:\/\/www.afmuseet.no\/nettbutikk\/#website","url":"https:\/\/www.afmuseet.no\/nettbutikk\/","name":"Astrup Fearnley Museet","description":"","potentialAction":[{"@type":"SearchAction","target":{"@type":"EntryPoint","urlTemplate":"https:\/\/www.afmuseet.no\/nettbutikk\/?s={search_term_string}"},"query-input":{"@type":"PropertyValueSpecification","valueRequired":true,"valueName":"search_term_string"}}],"inLanguage":"en-US"}]}},"acf":[],"lang":"nb","translations":{"nb":33535,"en":33147},"pll_sync_post":[],"_links":{"self":[{"href":"https:\/\/www.afmuseet.no\/nettbutikk\/wp-json\/wp\/v2\/product\/33535","targetHints":{"allow":["GET"]}}],"collection":[{"href":"https:\/\/www.afmuseet.no\/nettbutikk\/wp-json\/wp\/v2\/product"}],"about":[{"href":"https:\/\/www.afmuseet.no\/nettbutikk\/wp-json\/wp\/v2\/types\/product"}],"wp:featuredmedia":[{"embeddable":true,"href":"https:\/\/www.afmuseet.no\/nettbutikk\/wp-json\/wp\/v2\/media\/33529"}],"wp:attachment":[{"href":"https:\/\/www.afmuseet.no\/nettbutikk\/wp-json\/wp\/v2\/media?parent=33535"}],"wp:term":[{"taxonomy":"product_brand","embeddable":true,"href":"https:\/\/www.afmuseet.no\/nettbutikk\/wp-json\/wp\/v2\/product_brand?post=33535"},{"taxonomy":"product_cat","embeddable":true,"href":"https:\/\/www.afmuseet.no\/nettbutikk\/wp-json\/wp\/v2\/product_cat?post=33535"},{"taxonomy":"product_tag","embeddable":true,"href":"https:\/\/www.afmuseet.no\/nettbutikk\/wp-json\/wp\/v2\/product_tag?post=33535"}],"curies":[{"name":"wp","href":"https:\/\/api.w.org\/{rel}","templated":true}]}}