{"id":3001,"date":"2020-08-05T07:39:09","date_gmt":"2020-08-05T06:39:09","guid":{"rendered":"http:\/\/64.227.66.199\/product\/andy-warhol-by-andy-warhol-inkl-long-days-journey-into-the\/"},"modified":"2026-02-22T09:40:07","modified_gmt":"2026-02-22T07:40:07","slug":"andy-warhol-by-andy-warhol-inkl-long-days-journey-into-the","status":"publish","type":"product","link":"https:\/\/www.afmuseet.no\/nettbutikk\/en\/product\/andy-warhol-by-andy-warhol-inkl-long-days-journey-into-the\/","title":{"rendered":"Andy Warhol by Andy Warhol"},"content":{"rendered":"","protected":false},"excerpt":{"rendered":"<p>Catalogue published in conjunction with the exhibition <em>Andy Warhol by Andy Warhol<\/em> (09.13. \u2013 12.14.2008).<\/p>\n<p>The exhibition contained 44 masterpieces from 1962 &#8211; 84, some of which had not been exhibited for many years. In addition, the audience could experience one of Andy Warhol\u2019s sculptural installations <em>Silver Clouds<\/em>, 4 wallpapers, 11 of Warhol\u2019s films and two TV-shows.<\/p>\n<p>Andy Warhol\u2019s great masterpieces revolutionised the notion of art and transformed how we understand the practice of art marking. Andy Warhol, often referred to as an \u2018artist in third person,\u2019 encapsulated the consumer society of his time by integrating the leading images, hopes and aspirations of post-war into his art. He did so with such authority and conviction that his art, his persona, became a brand in its own right, much like the objects and ideas he depicted.<\/p>\n<p>As the title, Andy Warhol by Andy Warhol insinuates, the visitors were encouraged to reflect upon Warhol\u2019s personal involvement with his art and his subject-matter. The intention with this exhibition was to exceed well-rehearsed clich\u00e9s about Andy Warhol and rather emphasise the ambition, subjectivity and consciousness of Andy as a person. By placing the artist in the centre, not only as an icon and an \u2018artist in third person\u2019, one could get to know a person with extreme commitment to the times in which he lived.<\/p>\n<p>As a guide to this adventure the museum published, together with Skira, this extended catalogue with important articles by prominent scholars and writers.<\/p>\n<p>Introduction by Gunnar B. Kvaran and articles by Graham Bader, Rachel Baum, Judith Benhamou-Huet, Glenn O\u2019Brien, David Carrier, Jane Daggett Dillenberger, Steven Watson, Aram Saroyan, Svein Inge S\u00e6ther and an interview with Gerard Malanga.<\/p>\n<p>Curators: Gunnar B. Kvaran, Hanne Beate Ueland and Grete \u00c5rbu.<\/p>\n<p>&nbsp;<\/p>\n","protected":false},"featured_media":42439,"template":"","meta":{"_acf_changed":false,"afm_hide_title":false,"_afm_post_new_title":"","afm_terms_sep_product_language":", ","afm_terms_sep_product_post_translations":", ","afm_terms_sep_product_product_brand":", ","afm_terms_sep_product_product_type":", ","afm_terms_sep_product_product_visibility":", ","afm_terms_sep_product_product_cat":", ","afm_terms_sep_product_product_tag":", ","afm_terms_sep_product_product_shipping_class":", ","afm_terms_sep_product_pos_product_visibility":", ","afm_terms_sep_product_pa_cindy-sherman-art-bag":", "},"product_brand":[],"product_cat":[172,92,111,95],"product_tag":[],"class_list":{"0":"post-3001","1":"product","2":"type-product","3":"status-publish","4":"has-post-thumbnail","6":"product_cat-3105-egne-kataloger","7":"product_cat-all-products","8":"product_cat-exhibition-catalogues-books","9":"product_cat-publications","10":"product_shipping_class-div-product","12":"first","13":"outofstock","14":"purchasable","15":"product-type-simple"},"group_of_quantity":0,"min_quantity":0,"max_quantity":"","exclude_order_quantity_value_rules":"no","exclude_category_quantity_rules":"no","combine_variations":"no","yoast_head":"<!-- This site is optimized with the Yoast SEO Premium plugin v26.9 (Yoast SEO v26.9) - https:\/\/yoast.com\/product\/yoast-seo-premium-wordpress\/ -->\n<title>Andy Warhol by Andy Warhol &#8211; Astrup Fearnley Museet<\/title>\n<meta name=\"description\" content=\"Finn unike og eksklusive kunstrelaterte produkter p\u00e5 Astrup Fearnley Museet sin Nettbutikk. Utforsk v\u00e5rt utvalg av kunstb\u00f8ker, plakater og mer.\" \/>\n<meta name=\"robots\" content=\"index, follow, max-snippet:-1, max-image-preview:large, max-video-preview:-1\" \/>\n<link rel=\"canonical\" href=\"https:\/\/www.afmuseet.no\/nettbutikk\/en\/product\/andy-warhol-by-andy-warhol-inkl-long-days-journey-into-the\/\" \/>\n<meta property=\"og:locale\" content=\"en_US\" \/>\n<meta property=\"og:type\" content=\"article\" \/>\n<meta property=\"og:title\" content=\"Andy Warhol by Andy Warhol\" \/>\n<meta property=\"og:description\" content=\"Finn unike og eksklusive kunstrelaterte produkter p\u00e5 Astrup Fearnley Museet sin Nettbutikk. Utforsk v\u00e5rt utvalg av kunstb\u00f8ker, plakater og mer.\" \/>\n<meta property=\"og:url\" content=\"https:\/\/www.afmuseet.no\/nettbutikk\/en\/product\/andy-warhol-by-andy-warhol-inkl-long-days-journey-into-the\/\" \/>\n<meta property=\"og:site_name\" content=\"Astrup Fearnley Museet\" \/>\n<meta property=\"article:modified_time\" content=\"2026-02-22T07:40:07+00:00\" \/>\n<meta property=\"og:image\" content=\"https:\/\/www.afmuseet.no\/content\/uploads\/2020\/08\/pixelcut-Warhol.png\" \/>\n\t<meta property=\"og:image:width\" content=\"1024\" \/>\n\t<meta property=\"og:image:height\" content=\"1024\" \/>\n\t<meta property=\"og:image:type\" content=\"image\/png\" \/>\n<meta name=\"twitter:card\" content=\"summary_large_image\" \/>\n<script type=\"application\/ld+json\" class=\"yoast-schema-graph\">{\"@context\":\"https:\/\/schema.org\",\"@graph\":[{\"@type\":\"WebPage\",\"@id\":\"https:\/\/www.afmuseet.no\/nettbutikk\/en\/product\/andy-warhol-by-andy-warhol-inkl-long-days-journey-into-the\/\",\"url\":\"https:\/\/www.afmuseet.no\/nettbutikk\/en\/product\/andy-warhol-by-andy-warhol-inkl-long-days-journey-into-the\/\",\"name\":\"Andy Warhol by Andy Warhol &#8211; Astrup Fearnley Museet\",\"isPartOf\":{\"@id\":\"https:\/\/www.afmuseet.no\/nettbutikk\/#website\"},\"primaryImageOfPage\":{\"@id\":\"https:\/\/www.afmuseet.no\/nettbutikk\/en\/product\/andy-warhol-by-andy-warhol-inkl-long-days-journey-into-the\/#primaryimage\"},\"image\":{\"@id\":\"https:\/\/www.afmuseet.no\/nettbutikk\/en\/product\/andy-warhol-by-andy-warhol-inkl-long-days-journey-into-the\/#primaryimage\"},\"thumbnailUrl\":\"https:\/\/www.afmuseet.no\/content\/uploads\/2020\/08\/pixelcut-Warhol.png\",\"datePublished\":\"2020-08-05T06:39:09+00:00\",\"dateModified\":\"2026-02-22T07:40:07+00:00\",\"description\":\"Finn unike og eksklusive kunstrelaterte produkter p\u00e5 Astrup Fearnley Museet sin Nettbutikk. Utforsk v\u00e5rt utvalg av kunstb\u00f8ker, plakater og mer.\",\"breadcrumb\":{\"@id\":\"https:\/\/www.afmuseet.no\/nettbutikk\/en\/product\/andy-warhol-by-andy-warhol-inkl-long-days-journey-into-the\/#breadcrumb\"},\"inLanguage\":\"en-US\",\"potentialAction\":[{\"@type\":\"ReadAction\",\"target\":[\"https:\/\/www.afmuseet.no\/nettbutikk\/en\/product\/andy-warhol-by-andy-warhol-inkl-long-days-journey-into-the\/\"]}]},{\"@type\":\"ImageObject\",\"inLanguage\":\"en-US\",\"@id\":\"https:\/\/www.afmuseet.no\/nettbutikk\/en\/product\/andy-warhol-by-andy-warhol-inkl-long-days-journey-into-the\/#primaryimage\",\"url\":\"https:\/\/www.afmuseet.no\/content\/uploads\/2020\/08\/pixelcut-Warhol.png\",\"contentUrl\":\"https:\/\/www.afmuseet.no\/content\/uploads\/2020\/08\/pixelcut-Warhol.png\",\"width\":2160,\"height\":2160},{\"@type\":\"BreadcrumbList\",\"@id\":\"https:\/\/www.afmuseet.no\/nettbutikk\/en\/product\/andy-warhol-by-andy-warhol-inkl-long-days-journey-into-the\/#breadcrumb\",\"itemListElement\":[{\"@type\":\"ListItem\",\"position\":1,\"name\":\"Hjem\",\"item\":\"https:\/\/www.afmuseet.no\/nettbutikk\/en\/\"},{\"@type\":\"ListItem\",\"position\":2,\"name\":\"Shop\",\"item\":\"https:\/\/www.afmuseet.no\/nettbutikk\/shop\/\"},{\"@type\":\"ListItem\",\"position\":3,\"name\":\"Andy Warhol by Andy Warhol\"}]},{\"@type\":\"WebSite\",\"@id\":\"https:\/\/www.afmuseet.no\/nettbutikk\/#website\",\"url\":\"https:\/\/www.afmuseet.no\/nettbutikk\/\",\"name\":\"Astrup Fearnley Museet\",\"description\":\"\",\"potentialAction\":[{\"@type\":\"SearchAction\",\"target\":{\"@type\":\"EntryPoint\",\"urlTemplate\":\"https:\/\/www.afmuseet.no\/nettbutikk\/?s={search_term_string}\"},\"query-input\":{\"@type\":\"PropertyValueSpecification\",\"valueRequired\":true,\"valueName\":\"search_term_string\"}}],\"inLanguage\":\"en-US\"}]}<\/script>\n<!-- \/ Yoast SEO Premium plugin. -->","yoast_head_json":{"title":"Andy Warhol by Andy Warhol &#8211; Astrup Fearnley Museet","description":"Finn unike og eksklusive kunstrelaterte produkter p\u00e5 Astrup Fearnley Museet sin Nettbutikk. Utforsk v\u00e5rt utvalg av kunstb\u00f8ker, plakater og mer.","robots":{"index":"index","follow":"follow","max-snippet":"max-snippet:-1","max-image-preview":"max-image-preview:large","max-video-preview":"max-video-preview:-1"},"canonical":"https:\/\/www.afmuseet.no\/nettbutikk\/en\/product\/andy-warhol-by-andy-warhol-inkl-long-days-journey-into-the\/","og_locale":"en_US","og_type":"article","og_title":"Andy Warhol by Andy Warhol","og_description":"Finn unike og eksklusive kunstrelaterte produkter p\u00e5 Astrup Fearnley Museet sin Nettbutikk. Utforsk v\u00e5rt utvalg av kunstb\u00f8ker, plakater og mer.","og_url":"https:\/\/www.afmuseet.no\/nettbutikk\/en\/product\/andy-warhol-by-andy-warhol-inkl-long-days-journey-into-the\/","og_site_name":"Astrup Fearnley Museet","article_modified_time":"2026-02-22T07:40:07+00:00","og_image":[{"url":"https:\/\/www.afmuseet.no\/content\/uploads\/2020\/08\/pixelcut-Warhol.png","width":1024,"height":1024,"type":"image\/png"}],"twitter_card":"summary_large_image","schema":{"@context":"https:\/\/schema.org","@graph":[{"@type":"WebPage","@id":"https:\/\/www.afmuseet.no\/nettbutikk\/en\/product\/andy-warhol-by-andy-warhol-inkl-long-days-journey-into-the\/","url":"https:\/\/www.afmuseet.no\/nettbutikk\/en\/product\/andy-warhol-by-andy-warhol-inkl-long-days-journey-into-the\/","name":"Andy Warhol by Andy Warhol &#8211; Astrup Fearnley Museet","isPartOf":{"@id":"https:\/\/www.afmuseet.no\/nettbutikk\/#website"},"primaryImageOfPage":{"@id":"https:\/\/www.afmuseet.no\/nettbutikk\/en\/product\/andy-warhol-by-andy-warhol-inkl-long-days-journey-into-the\/#primaryimage"},"image":{"@id":"https:\/\/www.afmuseet.no\/nettbutikk\/en\/product\/andy-warhol-by-andy-warhol-inkl-long-days-journey-into-the\/#primaryimage"},"thumbnailUrl":"https:\/\/www.afmuseet.no\/content\/uploads\/2020\/08\/pixelcut-Warhol.png","datePublished":"2020-08-05T06:39:09+00:00","dateModified":"2026-02-22T07:40:07+00:00","description":"Finn unike og eksklusive kunstrelaterte produkter p\u00e5 Astrup Fearnley Museet sin Nettbutikk. Utforsk v\u00e5rt utvalg av kunstb\u00f8ker, plakater og mer.","breadcrumb":{"@id":"https:\/\/www.afmuseet.no\/nettbutikk\/en\/product\/andy-warhol-by-andy-warhol-inkl-long-days-journey-into-the\/#breadcrumb"},"inLanguage":"en-US","potentialAction":[{"@type":"ReadAction","target":["https:\/\/www.afmuseet.no\/nettbutikk\/en\/product\/andy-warhol-by-andy-warhol-inkl-long-days-journey-into-the\/"]}]},{"@type":"ImageObject","inLanguage":"en-US","@id":"https:\/\/www.afmuseet.no\/nettbutikk\/en\/product\/andy-warhol-by-andy-warhol-inkl-long-days-journey-into-the\/#primaryimage","url":"https:\/\/www.afmuseet.no\/content\/uploads\/2020\/08\/pixelcut-Warhol.png","contentUrl":"https:\/\/www.afmuseet.no\/content\/uploads\/2020\/08\/pixelcut-Warhol.png","width":2160,"height":2160},{"@type":"BreadcrumbList","@id":"https:\/\/www.afmuseet.no\/nettbutikk\/en\/product\/andy-warhol-by-andy-warhol-inkl-long-days-journey-into-the\/#breadcrumb","itemListElement":[{"@type":"ListItem","position":1,"name":"Hjem","item":"https:\/\/www.afmuseet.no\/nettbutikk\/en\/"},{"@type":"ListItem","position":2,"name":"Shop","item":"https:\/\/www.afmuseet.no\/nettbutikk\/shop\/"},{"@type":"ListItem","position":3,"name":"Andy Warhol by Andy Warhol"}]},{"@type":"WebSite","@id":"https:\/\/www.afmuseet.no\/nettbutikk\/#website","url":"https:\/\/www.afmuseet.no\/nettbutikk\/","name":"Astrup Fearnley Museet","description":"","potentialAction":[{"@type":"SearchAction","target":{"@type":"EntryPoint","urlTemplate":"https:\/\/www.afmuseet.no\/nettbutikk\/?s={search_term_string}"},"query-input":{"@type":"PropertyValueSpecification","valueRequired":true,"valueName":"search_term_string"}}],"inLanguage":"en-US"}]}},"acf":[],"lang":"en","translations":{"en":3001,"nb":8383},"pll_sync_post":[],"_links":{"self":[{"href":"https:\/\/www.afmuseet.no\/nettbutikk\/wp-json\/wp\/v2\/product\/3001","targetHints":{"allow":["GET"]}}],"collection":[{"href":"https:\/\/www.afmuseet.no\/nettbutikk\/wp-json\/wp\/v2\/product"}],"about":[{"href":"https:\/\/www.afmuseet.no\/nettbutikk\/wp-json\/wp\/v2\/types\/product"}],"wp:featuredmedia":[{"embeddable":true,"href":"https:\/\/www.afmuseet.no\/nettbutikk\/wp-json\/wp\/v2\/media\/42439"}],"wp:attachment":[{"href":"https:\/\/www.afmuseet.no\/nettbutikk\/wp-json\/wp\/v2\/media?parent=3001"}],"wp:term":[{"taxonomy":"product_brand","embeddable":true,"href":"https:\/\/www.afmuseet.no\/nettbutikk\/wp-json\/wp\/v2\/product_brand?post=3001"},{"taxonomy":"product_cat","embeddable":true,"href":"https:\/\/www.afmuseet.no\/nettbutikk\/wp-json\/wp\/v2\/product_cat?post=3001"},{"taxonomy":"product_tag","embeddable":true,"href":"https:\/\/www.afmuseet.no\/nettbutikk\/wp-json\/wp\/v2\/product_tag?post=3001"}],"curies":[{"name":"wp","href":"https:\/\/api.w.org\/{rel}","templated":true}]}}