{"id":26642,"date":"2021-09-22T13:47:36","date_gmt":"2021-09-22T12:47:36","guid":{"rendered":"https:\/\/www.afmuseet.no\/nettbutikk\/?post_type=product&#038;p=26642"},"modified":"2022-06-11T14:55:31","modified_gmt":"2022-06-11T13:55:31","slug":"women-art-and-society","status":"publish","type":"product","link":"https:\/\/www.afmuseet.no\/nettbutikk\/produkt\/women-art-and-society\/","title":{"rendered":"Women, Art and Society"},"content":{"rendered":"<p>Whitney Chadwicks annerkjente forskning utfordrer den tradisjonelle oppfatningen om at dyktige kvinnelige kunstnere forekommer unntaksvis ved at de &#8220;overskrider&#8221; sitt eget kj\u00f8nn ved \u00e5 produsere gode kunstneriske arbeider. Samtidig retter hun fokus mot mange kvinners bidrag til den visuelle kulturen som har blitt oversett siden middelalderen. Boken Women, Art and Society utfordrer ikke kun den vestlige kanon som omhandler kvinnelige kunstnere, men ogs\u00e5 p\u00e5 hvilke m\u00e5ter kunst produsert av kvinner ble tolket og marginalisert som en direkte f\u00f8lge av deres kj\u00f8nn. Chadwicks diskusjoner handler ikke kun om feminisme, men ogs\u00e5 n\u00e6rt knyttede temaer som etnisitet, klasse og seksualitet. <\/p>\n<p>Forfatter: Whitney Chadwick<br \/>\nSpr\u00e5k: Engelsk<br \/>\nVekt: 1220 gram<br \/>\nUtgitt: 2020- 08-27<br \/>\nForlag: Thames and Hudson<br \/>\nAntall sider: 600<\/p>\n","protected":false},"excerpt":{"rendered":"<p>Whitney Chadwicks annerkjente forskning utfordrer den tradisjonelle oppfatningen om at dyktige kvinnelige kunstnere forekommer unntaksvis ved at de &#8220;overskrider&#8221; sitt eget kj\u00f8nn ved \u00e5 produsere gode kunstneriske arbeider. <\/p>\n","protected":false},"featured_media":26636,"template":"","meta":{"_acf_changed":false,"afm_hide_title":false,"_afm_post_new_title":"","afm_terms_sep_product_language":", ","afm_terms_sep_product_post_translations":", ","afm_terms_sep_product_product_brand":", ","afm_terms_sep_product_product_type":", ","afm_terms_sep_product_product_visibility":", ","afm_terms_sep_product_product_cat":", ","afm_terms_sep_product_product_tag":", ","afm_terms_sep_product_product_shipping_class":", ","afm_terms_sep_product_pos_product_visibility":", ","afm_terms_sep_product_pa_cindy-sherman-art-bag":", "},"product_brand":[],"product_cat":[564,292,385],"product_tag":[],"class_list":{"0":"post-26642","1":"product","2":"type-product","3":"status-publish","4":"has-post-thumbnail","6":"product_cat-3106-anskaffede-boker","7":"product_cat-all-products","8":"product_cat-publications","10":"first","11":"outofstock","12":"purchasable","13":"product-type-simple"},"group_of_quantity":0,"min_quantity":0,"max_quantity":"","exclude_order_quantity_value_rules":"no","exclude_category_quantity_rules":"no","combine_variations":"no","yoast_head":"<!-- This site is optimized with the Yoast SEO Premium plugin v26.9 (Yoast SEO v26.9) - https:\/\/yoast.com\/product\/yoast-seo-premium-wordpress\/ -->\n<title>Women, Art and Society &#8211; Astrup Fearnley Museet<\/title>\n<meta name=\"description\" content=\"Finn unike og eksklusive kunstrelaterte produkter p\u00e5 Astrup Fearnley Museet sin Nettbutikk. Utforsk v\u00e5rt utvalg av kunstb\u00f8ker, plakater og mer.\" \/>\n<meta name=\"robots\" content=\"index, follow, max-snippet:-1, max-image-preview:large, max-video-preview:-1\" \/>\n<link rel=\"canonical\" href=\"https:\/\/www.afmuseet.no\/nettbutikk\/produkt\/women-art-and-society\/\" \/>\n<meta property=\"og:locale\" content=\"en_US\" \/>\n<meta property=\"og:type\" content=\"article\" \/>\n<meta property=\"og:title\" content=\"Women, Art and Society\" \/>\n<meta property=\"og:description\" content=\"Finn unike og eksklusive kunstrelaterte produkter p\u00e5 Astrup Fearnley Museet sin Nettbutikk. Utforsk v\u00e5rt utvalg av kunstb\u00f8ker, plakater og mer.\" \/>\n<meta property=\"og:url\" content=\"https:\/\/www.afmuseet.no\/nettbutikk\/produkt\/women-art-and-society\/\" \/>\n<meta property=\"og:site_name\" content=\"Astrup Fearnley Museet\" \/>\n<meta property=\"article:modified_time\" content=\"2022-06-11T13:55:31+00:00\" \/>\n<meta property=\"og:image\" content=\"https:\/\/www.afmuseet.no\/content\/uploads\/2021\/09\/Cover-fra-iphone-scaled.jpg\" \/>\n\t<meta property=\"og:image:width\" content=\"2168\" \/>\n\t<meta property=\"og:image:height\" content=\"2560\" \/>\n\t<meta property=\"og:image:type\" content=\"image\/jpeg\" \/>\n<meta name=\"twitter:card\" content=\"summary_large_image\" \/>\n<meta name=\"twitter:label1\" content=\"Est. reading time\" \/>\n\t<meta name=\"twitter:data1\" content=\"1 minute\" \/>\n<script type=\"application\/ld+json\" class=\"yoast-schema-graph\">{\"@context\":\"https:\/\/schema.org\",\"@graph\":[{\"@type\":\"WebPage\",\"@id\":\"https:\/\/www.afmuseet.no\/nettbutikk\/produkt\/women-art-and-society\/\",\"url\":\"https:\/\/www.afmuseet.no\/nettbutikk\/produkt\/women-art-and-society\/\",\"name\":\"Women, Art and Society &#8211; Astrup Fearnley Museet\",\"isPartOf\":{\"@id\":\"https:\/\/www.afmuseet.no\/nettbutikk\/#website\"},\"primaryImageOfPage\":{\"@id\":\"https:\/\/www.afmuseet.no\/nettbutikk\/produkt\/women-art-and-society\/#primaryimage\"},\"image\":{\"@id\":\"https:\/\/www.afmuseet.no\/nettbutikk\/produkt\/women-art-and-society\/#primaryimage\"},\"thumbnailUrl\":\"https:\/\/www.afmuseet.no\/content\/uploads\/2021\/09\/Cover-fra-iphone-scaled.jpg\",\"datePublished\":\"2021-09-22T12:47:36+00:00\",\"dateModified\":\"2022-06-11T13:55:31+00:00\",\"description\":\"Finn unike og eksklusive kunstrelaterte produkter p\u00e5 Astrup Fearnley Museet sin Nettbutikk. Utforsk v\u00e5rt utvalg av kunstb\u00f8ker, plakater og mer.\",\"breadcrumb\":{\"@id\":\"https:\/\/www.afmuseet.no\/nettbutikk\/produkt\/women-art-and-society\/#breadcrumb\"},\"inLanguage\":\"en-US\",\"potentialAction\":[{\"@type\":\"ReadAction\",\"target\":[\"https:\/\/www.afmuseet.no\/nettbutikk\/produkt\/women-art-and-society\/\"]}]},{\"@type\":\"ImageObject\",\"inLanguage\":\"en-US\",\"@id\":\"https:\/\/www.afmuseet.no\/nettbutikk\/produkt\/women-art-and-society\/#primaryimage\",\"url\":\"https:\/\/www.afmuseet.no\/content\/uploads\/2021\/09\/Cover-fra-iphone-scaled.jpg\",\"contentUrl\":\"https:\/\/www.afmuseet.no\/content\/uploads\/2021\/09\/Cover-fra-iphone-scaled.jpg\",\"width\":2168,\"height\":2560},{\"@type\":\"BreadcrumbList\",\"@id\":\"https:\/\/www.afmuseet.no\/nettbutikk\/produkt\/women-art-and-society\/#breadcrumb\",\"itemListElement\":[{\"@type\":\"ListItem\",\"position\":1,\"name\":\"Hjem\",\"item\":\"https:\/\/www.afmuseet.no\/nettbutikk\/en\/\"},{\"@type\":\"ListItem\",\"position\":2,\"name\":\"Shop\",\"item\":\"https:\/\/www.afmuseet.no\/nettbutikk\/shop\/\"},{\"@type\":\"ListItem\",\"position\":3,\"name\":\"Women, Art and Society\"}]},{\"@type\":\"WebSite\",\"@id\":\"https:\/\/www.afmuseet.no\/nettbutikk\/#website\",\"url\":\"https:\/\/www.afmuseet.no\/nettbutikk\/\",\"name\":\"Astrup Fearnley Museet\",\"description\":\"\",\"potentialAction\":[{\"@type\":\"SearchAction\",\"target\":{\"@type\":\"EntryPoint\",\"urlTemplate\":\"https:\/\/www.afmuseet.no\/nettbutikk\/?s={search_term_string}\"},\"query-input\":{\"@type\":\"PropertyValueSpecification\",\"valueRequired\":true,\"valueName\":\"search_term_string\"}}],\"inLanguage\":\"en-US\"}]}<\/script>\n<!-- \/ Yoast SEO Premium plugin. -->","yoast_head_json":{"title":"Women, Art and Society &#8211; Astrup Fearnley Museet","description":"Finn unike og eksklusive kunstrelaterte produkter p\u00e5 Astrup Fearnley Museet sin Nettbutikk. Utforsk v\u00e5rt utvalg av kunstb\u00f8ker, plakater og mer.","robots":{"index":"index","follow":"follow","max-snippet":"max-snippet:-1","max-image-preview":"max-image-preview:large","max-video-preview":"max-video-preview:-1"},"canonical":"https:\/\/www.afmuseet.no\/nettbutikk\/produkt\/women-art-and-society\/","og_locale":"en_US","og_type":"article","og_title":"Women, Art and Society","og_description":"Finn unike og eksklusive kunstrelaterte produkter p\u00e5 Astrup Fearnley Museet sin Nettbutikk. Utforsk v\u00e5rt utvalg av kunstb\u00f8ker, plakater og mer.","og_url":"https:\/\/www.afmuseet.no\/nettbutikk\/produkt\/women-art-and-society\/","og_site_name":"Astrup Fearnley Museet","article_modified_time":"2022-06-11T13:55:31+00:00","og_image":[{"width":2168,"height":2560,"url":"https:\/\/www.afmuseet.no\/content\/uploads\/2021\/09\/Cover-fra-iphone-scaled.jpg","type":"image\/jpeg"}],"twitter_card":"summary_large_image","twitter_misc":{"Est. reading time":"1 minute"},"schema":{"@context":"https:\/\/schema.org","@graph":[{"@type":"WebPage","@id":"https:\/\/www.afmuseet.no\/nettbutikk\/produkt\/women-art-and-society\/","url":"https:\/\/www.afmuseet.no\/nettbutikk\/produkt\/women-art-and-society\/","name":"Women, Art and Society &#8211; Astrup Fearnley Museet","isPartOf":{"@id":"https:\/\/www.afmuseet.no\/nettbutikk\/#website"},"primaryImageOfPage":{"@id":"https:\/\/www.afmuseet.no\/nettbutikk\/produkt\/women-art-and-society\/#primaryimage"},"image":{"@id":"https:\/\/www.afmuseet.no\/nettbutikk\/produkt\/women-art-and-society\/#primaryimage"},"thumbnailUrl":"https:\/\/www.afmuseet.no\/content\/uploads\/2021\/09\/Cover-fra-iphone-scaled.jpg","datePublished":"2021-09-22T12:47:36+00:00","dateModified":"2022-06-11T13:55:31+00:00","description":"Finn unike og eksklusive kunstrelaterte produkter p\u00e5 Astrup Fearnley Museet sin Nettbutikk. Utforsk v\u00e5rt utvalg av kunstb\u00f8ker, plakater og mer.","breadcrumb":{"@id":"https:\/\/www.afmuseet.no\/nettbutikk\/produkt\/women-art-and-society\/#breadcrumb"},"inLanguage":"en-US","potentialAction":[{"@type":"ReadAction","target":["https:\/\/www.afmuseet.no\/nettbutikk\/produkt\/women-art-and-society\/"]}]},{"@type":"ImageObject","inLanguage":"en-US","@id":"https:\/\/www.afmuseet.no\/nettbutikk\/produkt\/women-art-and-society\/#primaryimage","url":"https:\/\/www.afmuseet.no\/content\/uploads\/2021\/09\/Cover-fra-iphone-scaled.jpg","contentUrl":"https:\/\/www.afmuseet.no\/content\/uploads\/2021\/09\/Cover-fra-iphone-scaled.jpg","width":2168,"height":2560},{"@type":"BreadcrumbList","@id":"https:\/\/www.afmuseet.no\/nettbutikk\/produkt\/women-art-and-society\/#breadcrumb","itemListElement":[{"@type":"ListItem","position":1,"name":"Hjem","item":"https:\/\/www.afmuseet.no\/nettbutikk\/en\/"},{"@type":"ListItem","position":2,"name":"Shop","item":"https:\/\/www.afmuseet.no\/nettbutikk\/shop\/"},{"@type":"ListItem","position":3,"name":"Women, Art and Society"}]},{"@type":"WebSite","@id":"https:\/\/www.afmuseet.no\/nettbutikk\/#website","url":"https:\/\/www.afmuseet.no\/nettbutikk\/","name":"Astrup Fearnley Museet","description":"","potentialAction":[{"@type":"SearchAction","target":{"@type":"EntryPoint","urlTemplate":"https:\/\/www.afmuseet.no\/nettbutikk\/?s={search_term_string}"},"query-input":{"@type":"PropertyValueSpecification","valueRequired":true,"valueName":"search_term_string"}}],"inLanguage":"en-US"}]}},"acf":[],"lang":"nb","translations":{"nb":26642,"en":20686},"pll_sync_post":[],"_links":{"self":[{"href":"https:\/\/www.afmuseet.no\/nettbutikk\/wp-json\/wp\/v2\/product\/26642","targetHints":{"allow":["GET"]}}],"collection":[{"href":"https:\/\/www.afmuseet.no\/nettbutikk\/wp-json\/wp\/v2\/product"}],"about":[{"href":"https:\/\/www.afmuseet.no\/nettbutikk\/wp-json\/wp\/v2\/types\/product"}],"wp:featuredmedia":[{"embeddable":true,"href":"https:\/\/www.afmuseet.no\/nettbutikk\/wp-json\/wp\/v2\/media\/26636"}],"wp:attachment":[{"href":"https:\/\/www.afmuseet.no\/nettbutikk\/wp-json\/wp\/v2\/media?parent=26642"}],"wp:term":[{"taxonomy":"product_brand","embeddable":true,"href":"https:\/\/www.afmuseet.no\/nettbutikk\/wp-json\/wp\/v2\/product_brand?post=26642"},{"taxonomy":"product_cat","embeddable":true,"href":"https:\/\/www.afmuseet.no\/nettbutikk\/wp-json\/wp\/v2\/product_cat?post=26642"},{"taxonomy":"product_tag","embeddable":true,"href":"https:\/\/www.afmuseet.no\/nettbutikk\/wp-json\/wp\/v2\/product_tag?post=26642"}],"curies":[{"name":"wp","href":"https:\/\/api.w.org\/{rel}","templated":true}]}}