{"id":26616,"date":"2022-01-17T10:15:11","date_gmt":"2022-01-17T09:15:11","guid":{"rendered":"https:\/\/www.afmuseet.no\/nettbutikk\/?post_type=product&#038;p=26616"},"modified":"2024-11-07T14:06:11","modified_gmt":"2024-11-07T12:06:11","slug":"glitch-feminism","status":"publish","type":"product","link":"https:\/\/www.afmuseet.no\/nettbutikk\/produkt\/glitch-feminism\/","title":{"rendered":"Glitch Feminism"},"content":{"rendered":"<p>Skillet mellom den digitale og den virkelige verden eksisterer ikke lenger. Vi er tilkoblet hele tiden. Hvordan finner vi ut hvem vi er i denne digitale tiden? Hvor skaper vi rom for \u00e5 utforske v\u00e5r identitet? Hvordan kan vi komme sammen i solidaritet?<\/p>\n<p>En \u201cglitch\u201d blir normalt sett p\u00e5 som en feil, et defekt overlegg, men, som Legacy Russell viser, kan frigj\u00f8ring finnes i skillet mellom kj\u00f8nn, teknologi og kropp. \u201cGlitchen\u201d gir oss en mulighet til \u00e5 prestere og transformere oss selv i et uendelig utvalg av identiteter. I Glitch Feminism stiller Russell en rekke radikale krav gjennom memoarer, kunst og kritisk teori, s\u00e5 vel som arbeidet til samtidskunstnere \u2013 inkludert Juliana Huxtable, Sondra Perry, boychild, Victoria Sin og Kia LaBeija.<br \/>\nBetimelig og provoserende viser Glitch Feminism hvordan feilen kan v\u00e6re en revolusjon.<\/p>\n<p>En New York Times bestselgende kunstbok i 2020<br \/>\nForfatter: Legacy Russel<br \/>\nFormat: Pocketbok, 192 sider<br \/>\nDimensjoner: 111 x 178 x 15,24 mm, 136,08 g<br \/>\nPubliseringsdato: 29. september 2020<br \/>\nUtgiver: Verso Books<br \/>\nSpr\u00e5k: Engelsk<br \/>\nISBN: 9781786632661<\/p>\n","protected":false},"excerpt":{"rendered":"<p><em>Glitch Feminism<\/em> er et manifest: denne korte, brosjyre-lignende boken er strukturert rundt en serie p\u00e5 12 uttalelser som erkl\u00e6rer hva &#8220;glitch&#8221; er eller gj\u00f8r, og hevder i prosessen en ny og distinkt type feminisme.<\/p>\n","protected":false},"featured_media":26608,"template":"","meta":{"_acf_changed":false,"afm_hide_title":false,"_afm_post_new_title":"","afm_terms_sep_product_language":", ","afm_terms_sep_product_post_translations":", ","afm_terms_sep_product_product_brand":", ","afm_terms_sep_product_product_type":", ","afm_terms_sep_product_product_visibility":", ","afm_terms_sep_product_product_cat":", ","afm_terms_sep_product_product_tag":", ","afm_terms_sep_product_product_shipping_class":", ","afm_terms_sep_product_pos_product_visibility":", ","afm_terms_sep_product_pa_cindy-sherman-art-bag":", "},"product_brand":[],"product_cat":[564],"product_tag":[],"class_list":{"0":"post-26616","1":"product","2":"type-product","3":"status-publish","4":"has-post-thumbnail","6":"product_cat-3106-anskaffede-boker","7":"product_shipping_class-div-product","9":"first","10":"instock","11":"purchasable","12":"product-type-simple"},"group_of_quantity":0,"min_quantity":0,"max_quantity":"","exclude_order_quantity_value_rules":"no","exclude_category_quantity_rules":"no","combine_variations":"no","yoast_head":"<!-- This site is optimized with the Yoast SEO Premium plugin v26.9 (Yoast SEO v26.9) - https:\/\/yoast.com\/product\/yoast-seo-premium-wordpress\/ -->\n<title>Glitch Feminism &#8211; Astrup Fearnley Museet<\/title>\n<meta name=\"description\" content=\"Legacy Russell shows, liberation can be found within the fissures between gender, technology, and the body.\" \/>\n<meta name=\"robots\" content=\"index, follow, max-snippet:-1, max-image-preview:large, max-video-preview:-1\" \/>\n<link rel=\"canonical\" href=\"https:\/\/www.afmuseet.no\/nettbutikk\/produkt\/glitch-feminism\/\" \/>\n<meta property=\"og:locale\" content=\"en_US\" \/>\n<meta property=\"og:type\" content=\"article\" \/>\n<meta property=\"og:title\" content=\"Glitch Feminism\" \/>\n<meta property=\"og:description\" content=\"Legacy Russell shows, liberation can be found within the fissures between gender, technology, and the body.\" \/>\n<meta property=\"og:url\" content=\"https:\/\/www.afmuseet.no\/nettbutikk\/produkt\/glitch-feminism\/\" \/>\n<meta property=\"og:site_name\" content=\"Astrup Fearnley Museet\" \/>\n<meta property=\"article:modified_time\" content=\"2024-11-07T12:06:11+00:00\" \/>\n<meta property=\"og:image\" content=\"https:\/\/www.afmuseet.no\/content\/uploads\/2022\/01\/Cover-mot-himmel-scaled.jpg\" \/>\n\t<meta property=\"og:image:width\" content=\"2560\" \/>\n\t<meta property=\"og:image:height\" content=\"2560\" \/>\n\t<meta property=\"og:image:type\" content=\"image\/jpeg\" \/>\n<meta name=\"twitter:card\" content=\"summary_large_image\" \/>\n<meta name=\"twitter:label1\" content=\"Est. reading time\" \/>\n\t<meta name=\"twitter:data1\" content=\"1 minute\" \/>\n<script type=\"application\/ld+json\" class=\"yoast-schema-graph\">{\"@context\":\"https:\/\/schema.org\",\"@graph\":[{\"@type\":\"WebPage\",\"@id\":\"https:\/\/www.afmuseet.no\/nettbutikk\/produkt\/glitch-feminism\/\",\"url\":\"https:\/\/www.afmuseet.no\/nettbutikk\/produkt\/glitch-feminism\/\",\"name\":\"Glitch Feminism &#8211; Astrup Fearnley Museet\",\"isPartOf\":{\"@id\":\"https:\/\/www.afmuseet.no\/nettbutikk\/#website\"},\"primaryImageOfPage\":{\"@id\":\"https:\/\/www.afmuseet.no\/nettbutikk\/produkt\/glitch-feminism\/#primaryimage\"},\"image\":{\"@id\":\"https:\/\/www.afmuseet.no\/nettbutikk\/produkt\/glitch-feminism\/#primaryimage\"},\"thumbnailUrl\":\"https:\/\/www.afmuseet.no\/content\/uploads\/2022\/01\/Cover-mot-himmel-scaled.jpg\",\"datePublished\":\"2022-01-17T09:15:11+00:00\",\"dateModified\":\"2024-11-07T12:06:11+00:00\",\"description\":\"Legacy Russell shows, liberation can be found within the fissures between gender, technology, and the body.\",\"breadcrumb\":{\"@id\":\"https:\/\/www.afmuseet.no\/nettbutikk\/produkt\/glitch-feminism\/#breadcrumb\"},\"inLanguage\":\"en-US\",\"potentialAction\":[{\"@type\":\"ReadAction\",\"target\":[\"https:\/\/www.afmuseet.no\/nettbutikk\/produkt\/glitch-feminism\/\"]}]},{\"@type\":\"ImageObject\",\"inLanguage\":\"en-US\",\"@id\":\"https:\/\/www.afmuseet.no\/nettbutikk\/produkt\/glitch-feminism\/#primaryimage\",\"url\":\"https:\/\/www.afmuseet.no\/content\/uploads\/2022\/01\/Cover-mot-himmel-scaled.jpg\",\"contentUrl\":\"https:\/\/www.afmuseet.no\/content\/uploads\/2022\/01\/Cover-mot-himmel-scaled.jpg\",\"width\":2560,\"height\":2560,\"caption\":\"A hand is holding the book Glitch Feminism up to the sky\"},{\"@type\":\"BreadcrumbList\",\"@id\":\"https:\/\/www.afmuseet.no\/nettbutikk\/produkt\/glitch-feminism\/#breadcrumb\",\"itemListElement\":[{\"@type\":\"ListItem\",\"position\":1,\"name\":\"Hjem\",\"item\":\"https:\/\/www.afmuseet.no\/nettbutikk\/en\/\"},{\"@type\":\"ListItem\",\"position\":2,\"name\":\"Shop\",\"item\":\"https:\/\/www.afmuseet.no\/nettbutikk\/shop\/\"},{\"@type\":\"ListItem\",\"position\":3,\"name\":\"Glitch Feminism\"}]},{\"@type\":\"WebSite\",\"@id\":\"https:\/\/www.afmuseet.no\/nettbutikk\/#website\",\"url\":\"https:\/\/www.afmuseet.no\/nettbutikk\/\",\"name\":\"Astrup Fearnley Museet\",\"description\":\"\",\"potentialAction\":[{\"@type\":\"SearchAction\",\"target\":{\"@type\":\"EntryPoint\",\"urlTemplate\":\"https:\/\/www.afmuseet.no\/nettbutikk\/?s={search_term_string}\"},\"query-input\":{\"@type\":\"PropertyValueSpecification\",\"valueRequired\":true,\"valueName\":\"search_term_string\"}}],\"inLanguage\":\"en-US\"}]}<\/script>\n<!-- \/ Yoast SEO Premium plugin. -->","yoast_head_json":{"title":"Glitch Feminism &#8211; Astrup Fearnley Museet","description":"Legacy Russell shows, liberation can be found within the fissures between gender, technology, and the body.","robots":{"index":"index","follow":"follow","max-snippet":"max-snippet:-1","max-image-preview":"max-image-preview:large","max-video-preview":"max-video-preview:-1"},"canonical":"https:\/\/www.afmuseet.no\/nettbutikk\/produkt\/glitch-feminism\/","og_locale":"en_US","og_type":"article","og_title":"Glitch Feminism","og_description":"Legacy Russell shows, liberation can be found within the fissures between gender, technology, and the body.","og_url":"https:\/\/www.afmuseet.no\/nettbutikk\/produkt\/glitch-feminism\/","og_site_name":"Astrup Fearnley Museet","article_modified_time":"2024-11-07T12:06:11+00:00","og_image":[{"width":2560,"height":2560,"url":"https:\/\/www.afmuseet.no\/content\/uploads\/2022\/01\/Cover-mot-himmel-scaled.jpg","type":"image\/jpeg"}],"twitter_card":"summary_large_image","twitter_misc":{"Est. reading time":"1 minute"},"schema":{"@context":"https:\/\/schema.org","@graph":[{"@type":"WebPage","@id":"https:\/\/www.afmuseet.no\/nettbutikk\/produkt\/glitch-feminism\/","url":"https:\/\/www.afmuseet.no\/nettbutikk\/produkt\/glitch-feminism\/","name":"Glitch Feminism &#8211; Astrup Fearnley Museet","isPartOf":{"@id":"https:\/\/www.afmuseet.no\/nettbutikk\/#website"},"primaryImageOfPage":{"@id":"https:\/\/www.afmuseet.no\/nettbutikk\/produkt\/glitch-feminism\/#primaryimage"},"image":{"@id":"https:\/\/www.afmuseet.no\/nettbutikk\/produkt\/glitch-feminism\/#primaryimage"},"thumbnailUrl":"https:\/\/www.afmuseet.no\/content\/uploads\/2022\/01\/Cover-mot-himmel-scaled.jpg","datePublished":"2022-01-17T09:15:11+00:00","dateModified":"2024-11-07T12:06:11+00:00","description":"Legacy Russell shows, liberation can be found within the fissures between gender, technology, and the body.","breadcrumb":{"@id":"https:\/\/www.afmuseet.no\/nettbutikk\/produkt\/glitch-feminism\/#breadcrumb"},"inLanguage":"en-US","potentialAction":[{"@type":"ReadAction","target":["https:\/\/www.afmuseet.no\/nettbutikk\/produkt\/glitch-feminism\/"]}]},{"@type":"ImageObject","inLanguage":"en-US","@id":"https:\/\/www.afmuseet.no\/nettbutikk\/produkt\/glitch-feminism\/#primaryimage","url":"https:\/\/www.afmuseet.no\/content\/uploads\/2022\/01\/Cover-mot-himmel-scaled.jpg","contentUrl":"https:\/\/www.afmuseet.no\/content\/uploads\/2022\/01\/Cover-mot-himmel-scaled.jpg","width":2560,"height":2560,"caption":"A hand is holding the book Glitch Feminism up to the sky"},{"@type":"BreadcrumbList","@id":"https:\/\/www.afmuseet.no\/nettbutikk\/produkt\/glitch-feminism\/#breadcrumb","itemListElement":[{"@type":"ListItem","position":1,"name":"Hjem","item":"https:\/\/www.afmuseet.no\/nettbutikk\/en\/"},{"@type":"ListItem","position":2,"name":"Shop","item":"https:\/\/www.afmuseet.no\/nettbutikk\/shop\/"},{"@type":"ListItem","position":3,"name":"Glitch Feminism"}]},{"@type":"WebSite","@id":"https:\/\/www.afmuseet.no\/nettbutikk\/#website","url":"https:\/\/www.afmuseet.no\/nettbutikk\/","name":"Astrup Fearnley Museet","description":"","potentialAction":[{"@type":"SearchAction","target":{"@type":"EntryPoint","urlTemplate":"https:\/\/www.afmuseet.no\/nettbutikk\/?s={search_term_string}"},"query-input":{"@type":"PropertyValueSpecification","valueRequired":true,"valueName":"search_term_string"}}],"inLanguage":"en-US"}]}},"acf":[],"lang":"nb","translations":{"nb":26616},"pll_sync_post":[],"_links":{"self":[{"href":"https:\/\/www.afmuseet.no\/nettbutikk\/wp-json\/wp\/v2\/product\/26616","targetHints":{"allow":["GET"]}}],"collection":[{"href":"https:\/\/www.afmuseet.no\/nettbutikk\/wp-json\/wp\/v2\/product"}],"about":[{"href":"https:\/\/www.afmuseet.no\/nettbutikk\/wp-json\/wp\/v2\/types\/product"}],"wp:featuredmedia":[{"embeddable":true,"href":"https:\/\/www.afmuseet.no\/nettbutikk\/wp-json\/wp\/v2\/media\/26608"}],"wp:attachment":[{"href":"https:\/\/www.afmuseet.no\/nettbutikk\/wp-json\/wp\/v2\/media?parent=26616"}],"wp:term":[{"taxonomy":"product_brand","embeddable":true,"href":"https:\/\/www.afmuseet.no\/nettbutikk\/wp-json\/wp\/v2\/product_brand?post=26616"},{"taxonomy":"product_cat","embeddable":true,"href":"https:\/\/www.afmuseet.no\/nettbutikk\/wp-json\/wp\/v2\/product_cat?post=26616"},{"taxonomy":"product_tag","embeddable":true,"href":"https:\/\/www.afmuseet.no\/nettbutikk\/wp-json\/wp\/v2\/product_tag?post=26616"}],"curies":[{"name":"wp","href":"https:\/\/api.w.org\/{rel}","templated":true}]}}