{"id":26592,"date":"2020-08-05T07:32:07","date_gmt":"2020-08-05T05:32:07","guid":{"rendered":"https:\/\/www.afmuseet.no\/nettbutikk\/?post_type=product&#038;p=26592"},"modified":"2024-04-15T12:06:19","modified_gmt":"2024-04-15T11:06:19","slug":"women-artists","status":"publish","type":"product","link":"https:\/\/www.afmuseet.no\/nettbutikk\/produkt\/women-artists\/","title":{"rendered":"Women Artists"},"content":{"rendered":"<p>I 1971, i et essay som n\u00e5 har blitt en av hj\u00f8rnesteinene i feministisk kunsthistorie, stilte Linda Nochlin sp\u00f8rsm\u00e5let: &#8220;Hvorfor har det ikke v\u00e6rt noen store kvinnelige kunstnere?&#8221;. Siden 1970-tallet, som et resultat av denne typen bevisstgj\u00f8ring, har den feministiske diskursen rundt kunst utviklet seg, og har i st\u00f8rre grad adressert former for aktivisme, ideen om en feministisk estetikk, kvinnekroppen, seksualitet og representasjon. Omformingen av kvinnelige bidrag til kunsthistorien p\u00e5g\u00e5r fortsatt, og dette nye tillegget til Art Essentials-serien trekker oppmerksomheten mot noen av dens n\u00f8kkeldimensjoner.<\/p>\n<p>Med fokus p\u00e5 femti forskjellige kvinnelige kunstnere fra Artemisia Gentileschi, Judy Chicago, Ana Mendieta og Guerilla Girls til Barbara Kruger, Cindy Sherman og Mona Hatoum, utstyrer denne boken leserne med en forst\u00e5else for feministisk kunst, samt en verdsettelse av dens mest viktige figurer. Dette siste tilskuddet til Art Essentials-serien dokumenterer kvinnelige kunstnere i kontekst for \u00e5 gi leserne en rik forst\u00e5else av sentrale kvinnelige kunstnere fra barokken til i dag.<\/p>\n<p>Forfatter: Flavia Frigeri<br \/>\nFormat: Pocketbok, 176 sider<br \/>\nDimensjoner: 138 x 216 x 17,78 mm, 400g<br \/>\nUtgiver: Thames &amp; Hudson Ltd<br \/>\nSpr\u00e5k: Engelsk<br \/>\nIllustrasjoner: 80<br \/>\nISBN: 9780500294352<\/p>\n","protected":false},"excerpt":{"rendered":"<p>Denne boken er en kronologisk introduksjon av kvinnelige kunstnere gjennom historien, og gir en rik forst\u00e5else av sentrale kvinnelige kunstnere fra barokken til i dag.<\/p>\n","protected":false},"featured_media":26585,"template":"","meta":{"_acf_changed":false,"afm_hide_title":false,"_afm_post_new_title":"","afm_terms_sep_product_language":", ","afm_terms_sep_product_post_translations":", ","afm_terms_sep_product_product_brand":", ","afm_terms_sep_product_product_type":", ","afm_terms_sep_product_product_visibility":", ","afm_terms_sep_product_product_cat":", ","afm_terms_sep_product_product_tag":", ","afm_terms_sep_product_product_shipping_class":", ","afm_terms_sep_product_pos_product_visibility":", ","afm_terms_sep_product_pa_cindy-sherman-art-bag":", "},"product_brand":[],"product_cat":[564,292],"product_tag":[],"class_list":{"0":"post-26592","1":"product","2":"type-product","3":"status-publish","4":"has-post-thumbnail","6":"product_cat-3106-anskaffede-boker","7":"product_cat-all-products","8":"product_shipping_class-div-product","10":"first","11":"instock","12":"taxable","13":"shipping-taxable","14":"purchasable","15":"product-type-simple"},"group_of_quantity":0,"min_quantity":0,"max_quantity":"","exclude_order_quantity_value_rules":"no","exclude_category_quantity_rules":"no","combine_variations":"no","yoast_head":"<!-- This site is optimized with the Yoast SEO Premium plugin v26.9 (Yoast SEO v26.9) - https:\/\/yoast.com\/product\/yoast-seo-premium-wordpress\/ -->\n<title>Women Artists &#8211; Astrup Fearnley Museet<\/title>\n<meta name=\"description\" content=\"feminist art history, Linda Nochlin Art Essentials series feminist aesthetic, the female body, sexuality consciousness-raising\" \/>\n<meta name=\"robots\" content=\"index, follow, max-snippet:-1, max-image-preview:large, max-video-preview:-1\" \/>\n<link rel=\"canonical\" href=\"https:\/\/www.afmuseet.no\/nettbutikk\/produkt\/women-artists\/\" \/>\n<meta property=\"og:locale\" content=\"en_US\" \/>\n<meta property=\"og:type\" content=\"article\" \/>\n<meta property=\"og:title\" content=\"Women Artists\" \/>\n<meta property=\"og:description\" content=\"feminist art history, Linda Nochlin Art Essentials series feminist aesthetic, the female body, sexuality consciousness-raising\" \/>\n<meta property=\"og:url\" content=\"https:\/\/www.afmuseet.no\/nettbutikk\/produkt\/women-artists\/\" \/>\n<meta property=\"og:site_name\" content=\"Astrup Fearnley Museet\" \/>\n<meta property=\"article:modified_time\" content=\"2024-04-15T11:06:19+00:00\" \/>\n<meta property=\"og:image\" content=\"https:\/\/www.afmuseet.no\/content\/uploads\/2020\/08\/Cover.webp\" \/>\n\t<meta property=\"og:image:width\" content=\"608\" \/>\n\t<meta property=\"og:image:height\" content=\"608\" \/>\n\t<meta property=\"og:image:type\" content=\"image\/webp\" \/>\n<meta name=\"twitter:card\" content=\"summary_large_image\" \/>\n<meta name=\"twitter:label1\" content=\"Est. reading time\" \/>\n\t<meta name=\"twitter:data1\" content=\"1 minute\" \/>\n<script type=\"application\/ld+json\" class=\"yoast-schema-graph\">{\"@context\":\"https:\/\/schema.org\",\"@graph\":[{\"@type\":\"WebPage\",\"@id\":\"https:\/\/www.afmuseet.no\/nettbutikk\/produkt\/women-artists\/\",\"url\":\"https:\/\/www.afmuseet.no\/nettbutikk\/produkt\/women-artists\/\",\"name\":\"Women Artists &#8211; Astrup Fearnley Museet\",\"isPartOf\":{\"@id\":\"https:\/\/www.afmuseet.no\/nettbutikk\/#website\"},\"primaryImageOfPage\":{\"@id\":\"https:\/\/www.afmuseet.no\/nettbutikk\/produkt\/women-artists\/#primaryimage\"},\"image\":{\"@id\":\"https:\/\/www.afmuseet.no\/nettbutikk\/produkt\/women-artists\/#primaryimage\"},\"thumbnailUrl\":\"https:\/\/www.afmuseet.no\/content\/uploads\/2020\/08\/Cover.webp\",\"datePublished\":\"2020-08-05T05:32:07+00:00\",\"dateModified\":\"2024-04-15T11:06:19+00:00\",\"description\":\"feminist art history, Linda Nochlin Art Essentials series feminist aesthetic, the female body, sexuality consciousness-raising\",\"breadcrumb\":{\"@id\":\"https:\/\/www.afmuseet.no\/nettbutikk\/produkt\/women-artists\/#breadcrumb\"},\"inLanguage\":\"en-US\",\"potentialAction\":[{\"@type\":\"ReadAction\",\"target\":[\"https:\/\/www.afmuseet.no\/nettbutikk\/produkt\/women-artists\/\"]}]},{\"@type\":\"ImageObject\",\"inLanguage\":\"en-US\",\"@id\":\"https:\/\/www.afmuseet.no\/nettbutikk\/produkt\/women-artists\/#primaryimage\",\"url\":\"https:\/\/www.afmuseet.no\/content\/uploads\/2020\/08\/Cover.webp\",\"contentUrl\":\"https:\/\/www.afmuseet.no\/content\/uploads\/2020\/08\/Cover.webp\",\"width\":608,\"height\":608},{\"@type\":\"BreadcrumbList\",\"@id\":\"https:\/\/www.afmuseet.no\/nettbutikk\/produkt\/women-artists\/#breadcrumb\",\"itemListElement\":[{\"@type\":\"ListItem\",\"position\":1,\"name\":\"Hjem\",\"item\":\"https:\/\/www.afmuseet.no\/nettbutikk\/en\/\"},{\"@type\":\"ListItem\",\"position\":2,\"name\":\"Shop\",\"item\":\"https:\/\/www.afmuseet.no\/nettbutikk\/shop\/\"},{\"@type\":\"ListItem\",\"position\":3,\"name\":\"Women Artists\"}]},{\"@type\":\"WebSite\",\"@id\":\"https:\/\/www.afmuseet.no\/nettbutikk\/#website\",\"url\":\"https:\/\/www.afmuseet.no\/nettbutikk\/\",\"name\":\"Astrup Fearnley Museet\",\"description\":\"\",\"potentialAction\":[{\"@type\":\"SearchAction\",\"target\":{\"@type\":\"EntryPoint\",\"urlTemplate\":\"https:\/\/www.afmuseet.no\/nettbutikk\/?s={search_term_string}\"},\"query-input\":{\"@type\":\"PropertyValueSpecification\",\"valueRequired\":true,\"valueName\":\"search_term_string\"}}],\"inLanguage\":\"en-US\"}]}<\/script>\n<!-- \/ Yoast SEO Premium plugin. -->","yoast_head_json":{"title":"Women Artists &#8211; Astrup Fearnley Museet","description":"feminist art history, Linda Nochlin Art Essentials series feminist aesthetic, the female body, sexuality consciousness-raising","robots":{"index":"index","follow":"follow","max-snippet":"max-snippet:-1","max-image-preview":"max-image-preview:large","max-video-preview":"max-video-preview:-1"},"canonical":"https:\/\/www.afmuseet.no\/nettbutikk\/produkt\/women-artists\/","og_locale":"en_US","og_type":"article","og_title":"Women Artists","og_description":"feminist art history, Linda Nochlin Art Essentials series feminist aesthetic, the female body, sexuality consciousness-raising","og_url":"https:\/\/www.afmuseet.no\/nettbutikk\/produkt\/women-artists\/","og_site_name":"Astrup Fearnley Museet","article_modified_time":"2024-04-15T11:06:19+00:00","og_image":[{"width":608,"height":608,"url":"https:\/\/www.afmuseet.no\/content\/uploads\/2020\/08\/Cover.webp","type":"image\/webp"}],"twitter_card":"summary_large_image","twitter_misc":{"Est. reading time":"1 minute"},"schema":{"@context":"https:\/\/schema.org","@graph":[{"@type":"WebPage","@id":"https:\/\/www.afmuseet.no\/nettbutikk\/produkt\/women-artists\/","url":"https:\/\/www.afmuseet.no\/nettbutikk\/produkt\/women-artists\/","name":"Women Artists &#8211; Astrup Fearnley Museet","isPartOf":{"@id":"https:\/\/www.afmuseet.no\/nettbutikk\/#website"},"primaryImageOfPage":{"@id":"https:\/\/www.afmuseet.no\/nettbutikk\/produkt\/women-artists\/#primaryimage"},"image":{"@id":"https:\/\/www.afmuseet.no\/nettbutikk\/produkt\/women-artists\/#primaryimage"},"thumbnailUrl":"https:\/\/www.afmuseet.no\/content\/uploads\/2020\/08\/Cover.webp","datePublished":"2020-08-05T05:32:07+00:00","dateModified":"2024-04-15T11:06:19+00:00","description":"feminist art history, Linda Nochlin Art Essentials series feminist aesthetic, the female body, sexuality consciousness-raising","breadcrumb":{"@id":"https:\/\/www.afmuseet.no\/nettbutikk\/produkt\/women-artists\/#breadcrumb"},"inLanguage":"en-US","potentialAction":[{"@type":"ReadAction","target":["https:\/\/www.afmuseet.no\/nettbutikk\/produkt\/women-artists\/"]}]},{"@type":"ImageObject","inLanguage":"en-US","@id":"https:\/\/www.afmuseet.no\/nettbutikk\/produkt\/women-artists\/#primaryimage","url":"https:\/\/www.afmuseet.no\/content\/uploads\/2020\/08\/Cover.webp","contentUrl":"https:\/\/www.afmuseet.no\/content\/uploads\/2020\/08\/Cover.webp","width":608,"height":608},{"@type":"BreadcrumbList","@id":"https:\/\/www.afmuseet.no\/nettbutikk\/produkt\/women-artists\/#breadcrumb","itemListElement":[{"@type":"ListItem","position":1,"name":"Hjem","item":"https:\/\/www.afmuseet.no\/nettbutikk\/en\/"},{"@type":"ListItem","position":2,"name":"Shop","item":"https:\/\/www.afmuseet.no\/nettbutikk\/shop\/"},{"@type":"ListItem","position":3,"name":"Women Artists"}]},{"@type":"WebSite","@id":"https:\/\/www.afmuseet.no\/nettbutikk\/#website","url":"https:\/\/www.afmuseet.no\/nettbutikk\/","name":"Astrup Fearnley Museet","description":"","potentialAction":[{"@type":"SearchAction","target":{"@type":"EntryPoint","urlTemplate":"https:\/\/www.afmuseet.no\/nettbutikk\/?s={search_term_string}"},"query-input":{"@type":"PropertyValueSpecification","valueRequired":true,"valueName":"search_term_string"}}],"inLanguage":"en-US"}]}},"acf":[],"lang":"nb","translations":{"nb":26592,"en":2594},"pll_sync_post":[],"_links":{"self":[{"href":"https:\/\/www.afmuseet.no\/nettbutikk\/wp-json\/wp\/v2\/product\/26592","targetHints":{"allow":["GET"]}}],"collection":[{"href":"https:\/\/www.afmuseet.no\/nettbutikk\/wp-json\/wp\/v2\/product"}],"about":[{"href":"https:\/\/www.afmuseet.no\/nettbutikk\/wp-json\/wp\/v2\/types\/product"}],"wp:featuredmedia":[{"embeddable":true,"href":"https:\/\/www.afmuseet.no\/nettbutikk\/wp-json\/wp\/v2\/media\/26585"}],"wp:attachment":[{"href":"https:\/\/www.afmuseet.no\/nettbutikk\/wp-json\/wp\/v2\/media?parent=26592"}],"wp:term":[{"taxonomy":"product_brand","embeddable":true,"href":"https:\/\/www.afmuseet.no\/nettbutikk\/wp-json\/wp\/v2\/product_brand?post=26592"},{"taxonomy":"product_cat","embeddable":true,"href":"https:\/\/www.afmuseet.no\/nettbutikk\/wp-json\/wp\/v2\/product_cat?post=26592"},{"taxonomy":"product_tag","embeddable":true,"href":"https:\/\/www.afmuseet.no\/nettbutikk\/wp-json\/wp\/v2\/product_tag?post=26592"}],"curies":[{"name":"wp","href":"https:\/\/api.w.org\/{rel}","templated":true}]}}