{"id":2538,"date":"2020-08-05T07:30:04","date_gmt":"2020-08-05T06:30:04","guid":{"rendered":"http:\/\/64.227.66.199\/product\/plakat-82-olav-christopher-jenssen-lackmus-painting-no-07\/"},"modified":"2026-04-14T16:19:23","modified_gmt":"2026-04-14T14:19:23","slug":"plakat-82-olav-christopher-jenssen-lackmus-painting-no-07","status":"publish","type":"product","link":"https:\/\/www.afmuseet.no\/nettbutikk\/en\/product\/plakat-82-olav-christopher-jenssen-lackmus-painting-no-07\/","title":{"rendered":"Poster Olav Christopher Jenssen &#8211; Lackmus Painting No. 07"},"content":{"rendered":"<p>About the artist:<\/p>\n<p>Since the early 1980s Olav Christopher Jenssen (b. 1954) has been developing an abstract expressionist style in which he has systematically explored formal possibilities and colour expression. Neo-Expressionism had important resonances in the Nordic countries and Olav Christopher Jenssen was one of the main actors. For nearly 30 years, he has created series of abstract paintings exploring the floating line, as well as a corporal engagement within the process of painting, constructing balanced structures in a dialogue with art history. With great sensibility and skilfulness, he approaches and withdraws from representation, flirting with landscapes and cityscapes, or signs of nature, always leaving his own and personal traces and marks.<\/p>\n<p>Jenssen is a key artist in the Astrup Fearnley Collection. The Collection includes a large number of his works from a variety of periods, giving a comprehensive picture of his artistic journey through the years.<\/p>\n","protected":false},"excerpt":{"rendered":"<p>Olav Christopher Jenssen,<em>Lackmus Painting No. 07<\/em>, 2004<\/p>\n<p>\u00a9 Astrup Fearnley Collection<\/p>\n<p>Courtesy of the artist<\/p>\n<p>Size: 50 x 70 cm<\/p>\n","protected":false},"featured_media":56510,"template":"","meta":{"_acf_changed":false,"afm_hide_title":false,"_afm_post_new_title":"","afm_terms_sep_product_language":", ","afm_terms_sep_product_post_translations":", ","afm_terms_sep_product_product_brand":", ","afm_terms_sep_product_product_type":", ","afm_terms_sep_product_product_visibility":", ","afm_terms_sep_product_product_cat":", ","afm_terms_sep_product_product_tag":", ","afm_terms_sep_product_product_shipping_class":", ","afm_terms_sep_product_pos_product_visibility":", ","afm_terms_sep_product_pa_cindy-sherman-art-bag":", "},"product_brand":[],"product_cat":[170,92],"product_tag":[],"class_list":{"0":"post-2538","1":"product","2":"type-product","3":"status-publish","4":"has-post-thumbnail","6":"product_cat-3040-egenproduserte-artikler","7":"product_cat-all-products","8":"product_shipping_class-plakat","10":"first","11":"outofstock","12":"taxable","13":"shipping-taxable","14":"purchasable","15":"product-type-simple"},"group_of_quantity":0,"min_quantity":1,"max_quantity":2,"exclude_order_quantity_value_rules":"no","exclude_category_quantity_rules":"no","combine_variations":"no","yoast_head":"<!-- This site is optimized with the Yoast SEO Premium plugin v26.9 (Yoast SEO v26.9) - https:\/\/yoast.com\/product\/yoast-seo-premium-wordpress\/ -->\n<title>Poster Olav Christopher Jenssen - Lackmus Painting No. 07 &#8211; Astrup Fearnley Museet<\/title>\n<meta name=\"description\" content=\"Finn unike og eksklusive kunstrelaterte produkter p\u00e5 Astrup Fearnley Museet sin Nettbutikk. Utforsk v\u00e5rt utvalg av kunstb\u00f8ker, plakater og mer.\" \/>\n<meta name=\"robots\" content=\"index, follow, max-snippet:-1, max-image-preview:large, max-video-preview:-1\" \/>\n<link rel=\"canonical\" href=\"https:\/\/www.afmuseet.no\/nettbutikk\/en\/product\/plakat-82-olav-christopher-jenssen-lackmus-painting-no-07\/\" \/>\n<meta property=\"og:locale\" content=\"en_US\" \/>\n<meta property=\"og:type\" content=\"article\" \/>\n<meta property=\"og:title\" content=\"Poster Olav Christopher Jenssen - Lackmus Painting No. 07\" \/>\n<meta property=\"og:description\" content=\"Finn unike og eksklusive kunstrelaterte produkter p\u00e5 Astrup Fearnley Museet sin Nettbutikk. Utforsk v\u00e5rt utvalg av kunstb\u00f8ker, plakater og mer.\" \/>\n<meta property=\"og:url\" content=\"https:\/\/www.afmuseet.no\/nettbutikk\/en\/product\/plakat-82-olav-christopher-jenssen-lackmus-painting-no-07\/\" \/>\n<meta property=\"og:site_name\" content=\"Astrup Fearnley Museet\" \/>\n<meta property=\"article:modified_time\" content=\"2026-04-14T14:19:23+00:00\" \/>\n<meta property=\"og:image\" content=\"https:\/\/www.afmuseet.no\/content\/uploads\/2020\/08\/Plakater10.jpg\" \/>\n\t<meta property=\"og:image:width\" content=\"1458\" \/>\n\t<meta property=\"og:image:height\" content=\"1458\" \/>\n\t<meta property=\"og:image:type\" content=\"image\/jpeg\" \/>\n<meta name=\"twitter:card\" content=\"summary_large_image\" \/>\n<meta name=\"twitter:label1\" content=\"Est. reading time\" \/>\n\t<meta name=\"twitter:data1\" content=\"1 minute\" \/>\n<script type=\"application\/ld+json\" class=\"yoast-schema-graph\">{\"@context\":\"https:\/\/schema.org\",\"@graph\":[{\"@type\":\"WebPage\",\"@id\":\"https:\/\/www.afmuseet.no\/nettbutikk\/en\/product\/plakat-82-olav-christopher-jenssen-lackmus-painting-no-07\/\",\"url\":\"https:\/\/www.afmuseet.no\/nettbutikk\/en\/product\/plakat-82-olav-christopher-jenssen-lackmus-painting-no-07\/\",\"name\":\"Poster Olav Christopher Jenssen - Lackmus Painting No. 07 &#8211; Astrup Fearnley Museet\",\"isPartOf\":{\"@id\":\"https:\/\/www.afmuseet.no\/nettbutikk\/#website\"},\"primaryImageOfPage\":{\"@id\":\"https:\/\/www.afmuseet.no\/nettbutikk\/en\/product\/plakat-82-olav-christopher-jenssen-lackmus-painting-no-07\/#primaryimage\"},\"image\":{\"@id\":\"https:\/\/www.afmuseet.no\/nettbutikk\/en\/product\/plakat-82-olav-christopher-jenssen-lackmus-painting-no-07\/#primaryimage\"},\"thumbnailUrl\":\"https:\/\/www.afmuseet.no\/content\/uploads\/2020\/08\/Plakater10.jpg\",\"datePublished\":\"2020-08-05T06:30:04+00:00\",\"dateModified\":\"2026-04-14T14:19:23+00:00\",\"description\":\"Finn unike og eksklusive kunstrelaterte produkter p\u00e5 Astrup Fearnley Museet sin Nettbutikk. Utforsk v\u00e5rt utvalg av kunstb\u00f8ker, plakater og mer.\",\"breadcrumb\":{\"@id\":\"https:\/\/www.afmuseet.no\/nettbutikk\/en\/product\/plakat-82-olav-christopher-jenssen-lackmus-painting-no-07\/#breadcrumb\"},\"inLanguage\":\"en-US\",\"potentialAction\":[{\"@type\":\"ReadAction\",\"target\":[\"https:\/\/www.afmuseet.no\/nettbutikk\/en\/product\/plakat-82-olav-christopher-jenssen-lackmus-painting-no-07\/\"]}]},{\"@type\":\"ImageObject\",\"inLanguage\":\"en-US\",\"@id\":\"https:\/\/www.afmuseet.no\/nettbutikk\/en\/product\/plakat-82-olav-christopher-jenssen-lackmus-painting-no-07\/#primaryimage\",\"url\":\"https:\/\/www.afmuseet.no\/content\/uploads\/2020\/08\/Plakater10.jpg\",\"contentUrl\":\"https:\/\/www.afmuseet.no\/content\/uploads\/2020\/08\/Plakater10.jpg\",\"width\":1458,\"height\":1458},{\"@type\":\"BreadcrumbList\",\"@id\":\"https:\/\/www.afmuseet.no\/nettbutikk\/en\/product\/plakat-82-olav-christopher-jenssen-lackmus-painting-no-07\/#breadcrumb\",\"itemListElement\":[{\"@type\":\"ListItem\",\"position\":1,\"name\":\"Hjem\",\"item\":\"https:\/\/www.afmuseet.no\/nettbutikk\/en\/\"},{\"@type\":\"ListItem\",\"position\":2,\"name\":\"Shop\",\"item\":\"https:\/\/www.afmuseet.no\/nettbutikk\/shop\/\"},{\"@type\":\"ListItem\",\"position\":3,\"name\":\"Poster Olav Christopher Jenssen &#8211; Lackmus Painting No. 07\"}]},{\"@type\":\"WebSite\",\"@id\":\"https:\/\/www.afmuseet.no\/nettbutikk\/#website\",\"url\":\"https:\/\/www.afmuseet.no\/nettbutikk\/\",\"name\":\"Astrup Fearnley Museet\",\"description\":\"\",\"potentialAction\":[{\"@type\":\"SearchAction\",\"target\":{\"@type\":\"EntryPoint\",\"urlTemplate\":\"https:\/\/www.afmuseet.no\/nettbutikk\/?s={search_term_string}\"},\"query-input\":{\"@type\":\"PropertyValueSpecification\",\"valueRequired\":true,\"valueName\":\"search_term_string\"}}],\"inLanguage\":\"en-US\"}]}<\/script>\n<!-- \/ Yoast SEO Premium plugin. -->","yoast_head_json":{"title":"Poster Olav Christopher Jenssen - Lackmus Painting No. 07 &#8211; Astrup Fearnley Museet","description":"Finn unike og eksklusive kunstrelaterte produkter p\u00e5 Astrup Fearnley Museet sin Nettbutikk. Utforsk v\u00e5rt utvalg av kunstb\u00f8ker, plakater og mer.","robots":{"index":"index","follow":"follow","max-snippet":"max-snippet:-1","max-image-preview":"max-image-preview:large","max-video-preview":"max-video-preview:-1"},"canonical":"https:\/\/www.afmuseet.no\/nettbutikk\/en\/product\/plakat-82-olav-christopher-jenssen-lackmus-painting-no-07\/","og_locale":"en_US","og_type":"article","og_title":"Poster Olav Christopher Jenssen - Lackmus Painting No. 07","og_description":"Finn unike og eksklusive kunstrelaterte produkter p\u00e5 Astrup Fearnley Museet sin Nettbutikk. Utforsk v\u00e5rt utvalg av kunstb\u00f8ker, plakater og mer.","og_url":"https:\/\/www.afmuseet.no\/nettbutikk\/en\/product\/plakat-82-olav-christopher-jenssen-lackmus-painting-no-07\/","og_site_name":"Astrup Fearnley Museet","article_modified_time":"2026-04-14T14:19:23+00:00","og_image":[{"width":1458,"height":1458,"url":"https:\/\/www.afmuseet.no\/content\/uploads\/2020\/08\/Plakater10.jpg","type":"image\/jpeg"}],"twitter_card":"summary_large_image","twitter_misc":{"Est. reading time":"1 minute"},"schema":{"@context":"https:\/\/schema.org","@graph":[{"@type":"WebPage","@id":"https:\/\/www.afmuseet.no\/nettbutikk\/en\/product\/plakat-82-olav-christopher-jenssen-lackmus-painting-no-07\/","url":"https:\/\/www.afmuseet.no\/nettbutikk\/en\/product\/plakat-82-olav-christopher-jenssen-lackmus-painting-no-07\/","name":"Poster Olav Christopher Jenssen - Lackmus Painting No. 07 &#8211; Astrup Fearnley Museet","isPartOf":{"@id":"https:\/\/www.afmuseet.no\/nettbutikk\/#website"},"primaryImageOfPage":{"@id":"https:\/\/www.afmuseet.no\/nettbutikk\/en\/product\/plakat-82-olav-christopher-jenssen-lackmus-painting-no-07\/#primaryimage"},"image":{"@id":"https:\/\/www.afmuseet.no\/nettbutikk\/en\/product\/plakat-82-olav-christopher-jenssen-lackmus-painting-no-07\/#primaryimage"},"thumbnailUrl":"https:\/\/www.afmuseet.no\/content\/uploads\/2020\/08\/Plakater10.jpg","datePublished":"2020-08-05T06:30:04+00:00","dateModified":"2026-04-14T14:19:23+00:00","description":"Finn unike og eksklusive kunstrelaterte produkter p\u00e5 Astrup Fearnley Museet sin Nettbutikk. Utforsk v\u00e5rt utvalg av kunstb\u00f8ker, plakater og mer.","breadcrumb":{"@id":"https:\/\/www.afmuseet.no\/nettbutikk\/en\/product\/plakat-82-olav-christopher-jenssen-lackmus-painting-no-07\/#breadcrumb"},"inLanguage":"en-US","potentialAction":[{"@type":"ReadAction","target":["https:\/\/www.afmuseet.no\/nettbutikk\/en\/product\/plakat-82-olav-christopher-jenssen-lackmus-painting-no-07\/"]}]},{"@type":"ImageObject","inLanguage":"en-US","@id":"https:\/\/www.afmuseet.no\/nettbutikk\/en\/product\/plakat-82-olav-christopher-jenssen-lackmus-painting-no-07\/#primaryimage","url":"https:\/\/www.afmuseet.no\/content\/uploads\/2020\/08\/Plakater10.jpg","contentUrl":"https:\/\/www.afmuseet.no\/content\/uploads\/2020\/08\/Plakater10.jpg","width":1458,"height":1458},{"@type":"BreadcrumbList","@id":"https:\/\/www.afmuseet.no\/nettbutikk\/en\/product\/plakat-82-olav-christopher-jenssen-lackmus-painting-no-07\/#breadcrumb","itemListElement":[{"@type":"ListItem","position":1,"name":"Hjem","item":"https:\/\/www.afmuseet.no\/nettbutikk\/en\/"},{"@type":"ListItem","position":2,"name":"Shop","item":"https:\/\/www.afmuseet.no\/nettbutikk\/shop\/"},{"@type":"ListItem","position":3,"name":"Poster Olav Christopher Jenssen &#8211; Lackmus Painting No. 07"}]},{"@type":"WebSite","@id":"https:\/\/www.afmuseet.no\/nettbutikk\/#website","url":"https:\/\/www.afmuseet.no\/nettbutikk\/","name":"Astrup Fearnley Museet","description":"","potentialAction":[{"@type":"SearchAction","target":{"@type":"EntryPoint","urlTemplate":"https:\/\/www.afmuseet.no\/nettbutikk\/?s={search_term_string}"},"query-input":{"@type":"PropertyValueSpecification","valueRequired":true,"valueName":"search_term_string"}}],"inLanguage":"en-US"}]}},"acf":[],"lang":"en","translations":{"en":2538,"nb":8338},"pll_sync_post":[],"_links":{"self":[{"href":"https:\/\/www.afmuseet.no\/nettbutikk\/wp-json\/wp\/v2\/product\/2538","targetHints":{"allow":["GET"]}}],"collection":[{"href":"https:\/\/www.afmuseet.no\/nettbutikk\/wp-json\/wp\/v2\/product"}],"about":[{"href":"https:\/\/www.afmuseet.no\/nettbutikk\/wp-json\/wp\/v2\/types\/product"}],"wp:featuredmedia":[{"embeddable":true,"href":"https:\/\/www.afmuseet.no\/nettbutikk\/wp-json\/wp\/v2\/media\/56510"}],"wp:attachment":[{"href":"https:\/\/www.afmuseet.no\/nettbutikk\/wp-json\/wp\/v2\/media?parent=2538"}],"wp:term":[{"taxonomy":"product_brand","embeddable":true,"href":"https:\/\/www.afmuseet.no\/nettbutikk\/wp-json\/wp\/v2\/product_brand?post=2538"},{"taxonomy":"product_cat","embeddable":true,"href":"https:\/\/www.afmuseet.no\/nettbutikk\/wp-json\/wp\/v2\/product_cat?post=2538"},{"taxonomy":"product_tag","embeddable":true,"href":"https:\/\/www.afmuseet.no\/nettbutikk\/wp-json\/wp\/v2\/product_tag?post=2538"}],"curies":[{"name":"wp","href":"https:\/\/api.w.org\/{rel}","templated":true}]}}