{"id":25079,"date":"2022-01-21T12:37:03","date_gmt":"2022-01-21T11:37:03","guid":{"rendered":"https:\/\/www.afmuseet.no\/nettbutikk\/?post_type=product&#038;p=25079"},"modified":"2023-07-14T14:44:29","modified_gmt":"2023-07-14T13:44:29","slug":"beyond-the-black-atlantic","status":"publish","type":"product","link":"https:\/\/www.afmuseet.no\/nettbutikk\/en\/product\/beyond-the-black-atlantic\/","title":{"rendered":"Beyond the Black Atlantic"},"content":{"rendered":"","protected":false},"excerpt":{"rendered":"<p>A groundswell of complex events around the globe have made discussion surrounding the Western Eurocentric, often prejudiced notion of \u00bbBlackness\u00ab even more relevant and controversial in recent years. Social conflicts in Western societies that were long thought to have been overcome \u2014 such as those in the United States, for example \u2014 have sparked new awareness among members of the Black community and simultaneously brought the idea of a global, polyphonic Black culture (the \u00bbBlack Atlantic\u00ab) to the fore. Coined in the year 1993 by British sociologist Paul Gilroy his book \u00bbThe Black Atlantic: Modernity and Double-Consciousness\u00ab is considered a key work of contemporary research on the culture and politics of the african diaspora in the western world. Black culture is community-building, questions colonial amnesia and calls for a radical rethinking of our Western societies. All too often, Black artists have been regarded one-dimensionally as representatives of their community, a factor that has contributed to their marginalization. This publication aims to show a range of artistic positions that address issues relevant to society, including the complexity of identities, the ambivalence of visibility and transparency, and the repression of history in educational settings, to name just a few. Though the works can be considered against the historical background of the \u00bbBlack Atlantic\u00ab, they also point far beyond it in terms of both form and content.<\/p>\n<p>TEXTS: Roberto Conduru, Katja Gentric, Isabelle Graw, El Hadji Malick Ndiaye, Barbara Vinken, Christoph Singler, Kathleen Rahn and Sergey Harutoonian<\/p>\n<p>Format: Hardback | 98 pages<br \/>\nDimensions: 220 x 280 x 15.24mm | 680.39g<br \/>\nPublication date: 13 Apr 2021<br \/>\nPublisher: Verlag fur Moderne Kunst<br \/>\nLanguage: English and German<br \/>\nIllustrations note: 55 colour<br \/>\nISBN13: 9783903320840<\/p>\n","protected":false},"featured_media":45887,"template":"","meta":{"_acf_changed":false,"afm_hide_title":false,"_afm_post_new_title":"","afm_terms_sep_product_language":", ","afm_terms_sep_product_post_translations":", ","afm_terms_sep_product_product_brand":", ","afm_terms_sep_product_product_type":", ","afm_terms_sep_product_product_visibility":", ","afm_terms_sep_product_product_cat":", ","afm_terms_sep_product_product_tag":", ","afm_terms_sep_product_product_shipping_class":", ","afm_terms_sep_product_pos_product_visibility":", ","afm_terms_sep_product_pa_cindy-sherman-art-bag":", "},"product_brand":[],"product_cat":[173],"product_tag":[],"class_list":{"0":"post-25079","1":"product","2":"type-product","3":"status-publish","4":"has-post-thumbnail","6":"product_cat-3106-anskaffede-boker","7":"product_shipping_class-div-product","9":"first","10":"instock","11":"purchasable","12":"product-type-simple"},"group_of_quantity":0,"min_quantity":0,"max_quantity":"","exclude_order_quantity_value_rules":"no","exclude_category_quantity_rules":"no","combine_variations":"no","yoast_head":"<!-- This site is optimized with the Yoast SEO Premium plugin v26.9 (Yoast SEO v26.9) - https:\/\/yoast.com\/product\/yoast-seo-premium-wordpress\/ -->\n<title>Beyond the Black Atlantic &#8211; Astrup Fearnley Museet<\/title>\n<meta name=\"description\" content=\"Finn unike og eksklusive kunstrelaterte produkter p\u00e5 Astrup Fearnley Museet sin Nettbutikk. Utforsk v\u00e5rt utvalg av kunstb\u00f8ker, plakater og mer.\" \/>\n<meta name=\"robots\" content=\"index, follow, max-snippet:-1, max-image-preview:large, max-video-preview:-1\" \/>\n<link rel=\"canonical\" href=\"https:\/\/www.afmuseet.no\/nettbutikk\/en\/product\/beyond-the-black-atlantic\/\" \/>\n<meta property=\"og:locale\" content=\"en_US\" \/>\n<meta property=\"og:type\" content=\"article\" \/>\n<meta property=\"og:title\" content=\"Beyond the Black Atlantic\" \/>\n<meta property=\"og:description\" content=\"Finn unike og eksklusive kunstrelaterte produkter p\u00e5 Astrup Fearnley Museet sin Nettbutikk. Utforsk v\u00e5rt utvalg av kunstb\u00f8ker, plakater og mer.\" \/>\n<meta property=\"og:url\" content=\"https:\/\/www.afmuseet.no\/nettbutikk\/en\/product\/beyond-the-black-atlantic\/\" \/>\n<meta property=\"og:site_name\" content=\"Astrup Fearnley Museet\" \/>\n<meta property=\"article:modified_time\" content=\"2023-07-14T13:44:29+00:00\" \/>\n<meta property=\"og:image\" content=\"https:\/\/www.afmuseet.no\/content\/uploads\/2023\/07\/DTky7mkCEeq9Twaykh0CYA-oXh6JZP3EeyW1fogEir1RQ.jpeg\" \/>\n\t<meta property=\"og:image:width\" content=\"2073\" \/>\n\t<meta property=\"og:image:height\" content=\"2073\" \/>\n\t<meta property=\"og:image:type\" content=\"image\/jpeg\" \/>\n<meta name=\"twitter:card\" content=\"summary_large_image\" \/>\n<script type=\"application\/ld+json\" class=\"yoast-schema-graph\">{\"@context\":\"https:\/\/schema.org\",\"@graph\":[{\"@type\":\"WebPage\",\"@id\":\"https:\/\/www.afmuseet.no\/nettbutikk\/en\/product\/beyond-the-black-atlantic\/\",\"url\":\"https:\/\/www.afmuseet.no\/nettbutikk\/en\/product\/beyond-the-black-atlantic\/\",\"name\":\"Beyond the Black Atlantic &#8211; Astrup Fearnley Museet\",\"isPartOf\":{\"@id\":\"https:\/\/www.afmuseet.no\/nettbutikk\/#website\"},\"primaryImageOfPage\":{\"@id\":\"https:\/\/www.afmuseet.no\/nettbutikk\/en\/product\/beyond-the-black-atlantic\/#primaryimage\"},\"image\":{\"@id\":\"https:\/\/www.afmuseet.no\/nettbutikk\/en\/product\/beyond-the-black-atlantic\/#primaryimage\"},\"thumbnailUrl\":\"https:\/\/www.afmuseet.no\/content\/uploads\/2023\/07\/DTky7mkCEeq9Twaykh0CYA-oXh6JZP3EeyW1fogEir1RQ.jpeg\",\"datePublished\":\"2022-01-21T11:37:03+00:00\",\"dateModified\":\"2023-07-14T13:44:29+00:00\",\"description\":\"Finn unike og eksklusive kunstrelaterte produkter p\u00e5 Astrup Fearnley Museet sin Nettbutikk. Utforsk v\u00e5rt utvalg av kunstb\u00f8ker, plakater og mer.\",\"breadcrumb\":{\"@id\":\"https:\/\/www.afmuseet.no\/nettbutikk\/en\/product\/beyond-the-black-atlantic\/#breadcrumb\"},\"inLanguage\":\"en-US\",\"potentialAction\":[{\"@type\":\"ReadAction\",\"target\":[\"https:\/\/www.afmuseet.no\/nettbutikk\/en\/product\/beyond-the-black-atlantic\/\"]}]},{\"@type\":\"ImageObject\",\"inLanguage\":\"en-US\",\"@id\":\"https:\/\/www.afmuseet.no\/nettbutikk\/en\/product\/beyond-the-black-atlantic\/#primaryimage\",\"url\":\"https:\/\/www.afmuseet.no\/content\/uploads\/2023\/07\/DTky7mkCEeq9Twaykh0CYA-oXh6JZP3EeyW1fogEir1RQ.jpeg\",\"contentUrl\":\"https:\/\/www.afmuseet.no\/content\/uploads\/2023\/07\/DTky7mkCEeq9Twaykh0CYA-oXh6JZP3EeyW1fogEir1RQ.jpeg\",\"width\":2073,\"height\":2073},{\"@type\":\"BreadcrumbList\",\"@id\":\"https:\/\/www.afmuseet.no\/nettbutikk\/en\/product\/beyond-the-black-atlantic\/#breadcrumb\",\"itemListElement\":[{\"@type\":\"ListItem\",\"position\":1,\"name\":\"Hjem\",\"item\":\"https:\/\/www.afmuseet.no\/nettbutikk\/en\/\"},{\"@type\":\"ListItem\",\"position\":2,\"name\":\"Shop\",\"item\":\"https:\/\/www.afmuseet.no\/nettbutikk\/shop\/\"},{\"@type\":\"ListItem\",\"position\":3,\"name\":\"Beyond the Black Atlantic\"}]},{\"@type\":\"WebSite\",\"@id\":\"https:\/\/www.afmuseet.no\/nettbutikk\/#website\",\"url\":\"https:\/\/www.afmuseet.no\/nettbutikk\/\",\"name\":\"Astrup Fearnley Museet\",\"description\":\"\",\"potentialAction\":[{\"@type\":\"SearchAction\",\"target\":{\"@type\":\"EntryPoint\",\"urlTemplate\":\"https:\/\/www.afmuseet.no\/nettbutikk\/?s={search_term_string}\"},\"query-input\":{\"@type\":\"PropertyValueSpecification\",\"valueRequired\":true,\"valueName\":\"search_term_string\"}}],\"inLanguage\":\"en-US\"}]}<\/script>\n<!-- \/ Yoast SEO Premium plugin. -->","yoast_head_json":{"title":"Beyond the Black Atlantic &#8211; Astrup Fearnley Museet","description":"Finn unike og eksklusive kunstrelaterte produkter p\u00e5 Astrup Fearnley Museet sin Nettbutikk. Utforsk v\u00e5rt utvalg av kunstb\u00f8ker, plakater og mer.","robots":{"index":"index","follow":"follow","max-snippet":"max-snippet:-1","max-image-preview":"max-image-preview:large","max-video-preview":"max-video-preview:-1"},"canonical":"https:\/\/www.afmuseet.no\/nettbutikk\/en\/product\/beyond-the-black-atlantic\/","og_locale":"en_US","og_type":"article","og_title":"Beyond the Black Atlantic","og_description":"Finn unike og eksklusive kunstrelaterte produkter p\u00e5 Astrup Fearnley Museet sin Nettbutikk. Utforsk v\u00e5rt utvalg av kunstb\u00f8ker, plakater og mer.","og_url":"https:\/\/www.afmuseet.no\/nettbutikk\/en\/product\/beyond-the-black-atlantic\/","og_site_name":"Astrup Fearnley Museet","article_modified_time":"2023-07-14T13:44:29+00:00","og_image":[{"width":2073,"height":2073,"url":"https:\/\/www.afmuseet.no\/content\/uploads\/2023\/07\/DTky7mkCEeq9Twaykh0CYA-oXh6JZP3EeyW1fogEir1RQ.jpeg","type":"image\/jpeg"}],"twitter_card":"summary_large_image","schema":{"@context":"https:\/\/schema.org","@graph":[{"@type":"WebPage","@id":"https:\/\/www.afmuseet.no\/nettbutikk\/en\/product\/beyond-the-black-atlantic\/","url":"https:\/\/www.afmuseet.no\/nettbutikk\/en\/product\/beyond-the-black-atlantic\/","name":"Beyond the Black Atlantic &#8211; Astrup Fearnley Museet","isPartOf":{"@id":"https:\/\/www.afmuseet.no\/nettbutikk\/#website"},"primaryImageOfPage":{"@id":"https:\/\/www.afmuseet.no\/nettbutikk\/en\/product\/beyond-the-black-atlantic\/#primaryimage"},"image":{"@id":"https:\/\/www.afmuseet.no\/nettbutikk\/en\/product\/beyond-the-black-atlantic\/#primaryimage"},"thumbnailUrl":"https:\/\/www.afmuseet.no\/content\/uploads\/2023\/07\/DTky7mkCEeq9Twaykh0CYA-oXh6JZP3EeyW1fogEir1RQ.jpeg","datePublished":"2022-01-21T11:37:03+00:00","dateModified":"2023-07-14T13:44:29+00:00","description":"Finn unike og eksklusive kunstrelaterte produkter p\u00e5 Astrup Fearnley Museet sin Nettbutikk. Utforsk v\u00e5rt utvalg av kunstb\u00f8ker, plakater og mer.","breadcrumb":{"@id":"https:\/\/www.afmuseet.no\/nettbutikk\/en\/product\/beyond-the-black-atlantic\/#breadcrumb"},"inLanguage":"en-US","potentialAction":[{"@type":"ReadAction","target":["https:\/\/www.afmuseet.no\/nettbutikk\/en\/product\/beyond-the-black-atlantic\/"]}]},{"@type":"ImageObject","inLanguage":"en-US","@id":"https:\/\/www.afmuseet.no\/nettbutikk\/en\/product\/beyond-the-black-atlantic\/#primaryimage","url":"https:\/\/www.afmuseet.no\/content\/uploads\/2023\/07\/DTky7mkCEeq9Twaykh0CYA-oXh6JZP3EeyW1fogEir1RQ.jpeg","contentUrl":"https:\/\/www.afmuseet.no\/content\/uploads\/2023\/07\/DTky7mkCEeq9Twaykh0CYA-oXh6JZP3EeyW1fogEir1RQ.jpeg","width":2073,"height":2073},{"@type":"BreadcrumbList","@id":"https:\/\/www.afmuseet.no\/nettbutikk\/en\/product\/beyond-the-black-atlantic\/#breadcrumb","itemListElement":[{"@type":"ListItem","position":1,"name":"Hjem","item":"https:\/\/www.afmuseet.no\/nettbutikk\/en\/"},{"@type":"ListItem","position":2,"name":"Shop","item":"https:\/\/www.afmuseet.no\/nettbutikk\/shop\/"},{"@type":"ListItem","position":3,"name":"Beyond the Black Atlantic"}]},{"@type":"WebSite","@id":"https:\/\/www.afmuseet.no\/nettbutikk\/#website","url":"https:\/\/www.afmuseet.no\/nettbutikk\/","name":"Astrup Fearnley Museet","description":"","potentialAction":[{"@type":"SearchAction","target":{"@type":"EntryPoint","urlTemplate":"https:\/\/www.afmuseet.no\/nettbutikk\/?s={search_term_string}"},"query-input":{"@type":"PropertyValueSpecification","valueRequired":true,"valueName":"search_term_string"}}],"inLanguage":"en-US"}]}},"acf":[],"lang":"en","translations":{"en":25079,"nb":26079},"pll_sync_post":[],"_links":{"self":[{"href":"https:\/\/www.afmuseet.no\/nettbutikk\/wp-json\/wp\/v2\/product\/25079","targetHints":{"allow":["GET"]}}],"collection":[{"href":"https:\/\/www.afmuseet.no\/nettbutikk\/wp-json\/wp\/v2\/product"}],"about":[{"href":"https:\/\/www.afmuseet.no\/nettbutikk\/wp-json\/wp\/v2\/types\/product"}],"wp:featuredmedia":[{"embeddable":true,"href":"https:\/\/www.afmuseet.no\/nettbutikk\/wp-json\/wp\/v2\/media\/45887"}],"wp:attachment":[{"href":"https:\/\/www.afmuseet.no\/nettbutikk\/wp-json\/wp\/v2\/media?parent=25079"}],"wp:term":[{"taxonomy":"product_brand","embeddable":true,"href":"https:\/\/www.afmuseet.no\/nettbutikk\/wp-json\/wp\/v2\/product_brand?post=25079"},{"taxonomy":"product_cat","embeddable":true,"href":"https:\/\/www.afmuseet.no\/nettbutikk\/wp-json\/wp\/v2\/product_cat?post=25079"},{"taxonomy":"product_tag","embeddable":true,"href":"https:\/\/www.afmuseet.no\/nettbutikk\/wp-json\/wp\/v2\/product_tag?post=25079"}],"curies":[{"name":"wp","href":"https:\/\/api.w.org\/{rel}","templated":true}]}}