{"id":2503,"date":"2020-08-05T07:29:12","date_gmt":"2020-08-05T06:29:12","guid":{"rendered":"http:\/\/64.227.66.199\/product\/indian-highway\/"},"modified":"2025-03-28T15:00:38","modified_gmt":"2025-03-28T13:00:38","slug":"indian-highway","status":"publish","type":"product","link":"https:\/\/www.afmuseet.no\/nettbutikk\/en\/product\/indian-highway\/","title":{"rendered":"Indian Highway"},"content":{"rendered":"","protected":false},"excerpt":{"rendered":"<p>Catalogue published in conjunction with the exhibition <em>Indian Highway<\/em> (04.02. \u2013 09.06.2009).<\/p>\n<p>Indian Highway was the second chapter in our focus on the arts of three major cultural regions, China, India and the Middle East, reflecting a shift from Western to emerging global economies, conceived and organised by the Serpentine Gallery and the Astrup Fearnley Museum.<br \/>\nFollowing the remarkable and rapid economic, social and cultural developments in India, Indian Highway was a timely presentation of the pioneering work being made in India, embracing art, architecture, film, literature and dance. The culmination of extensive research over a lengthy period, Indian Highway was a snapshot of a vibrant generation of artists working across a range of media, from painting, photography and sculpture to installation and Internet-based art and video.<br \/>\nIndian Highway pioneered a radical model of curating, in which curators were invited to develop a \u2018show within a show\u2019 inside the exhibition. At each subsequent international venue, over the next four years, a different Indian artist or group would invite their contemporaries to exhibit, bringing views of Indian art from the inside and allowing the exhibition to grow and develop in new and unexpected ways.<\/p>\n<p>Curators: Gunnar B. Kvaran (Director, Astrup Fearnley Museum), Julia Peyton-Jones (Director, Serpentine Gallery and Co-Director Exhibitions and Programmes) and Hans Ulrich Obrist (Co-Director Exhibitions and Programmes and Director, International Projects), in association with Hanne Beate Ueland and Grete \u00c5rbu (Curators, Astrup Fearnley Museum).<\/p>\n<p>Included artists: Ayisha Abraham, Ravi Agarwal, Nikhil Chopra, Dawood\/Deora, Debkamal Ganguly, Sheela Gowda, Sakshi Gupta, Shilpa Gupta, Subodh Gupta, N.S. Harsha, Abhishek Hazra, M.F. Husain, Anant Joshi, Ruchir Joshi, Jitish Kallat, Amar Kanwar, Bharti Kher, Riyas Komu, Bose Krishnamachari, Nalini Malani, Kavita Pai\/Hansa Thapliyal, Pors &amp; Rao, Prajakta Potnis, M.R. Rajan, Sumedh Rajendran, Raqs Media Collective, Priya Sen, Tejal Shah, Surabhi Sharma (with Siddharth Gautam Singh), Sudarshan Shetty, Dayanita Singh, Kiran Subbaiah, Ashok Sukumaran &amp; Shaina Anand, Hema Upadhyay, Avinash Veeraraghavan, Vipin Vijay and Vivek Vilasini.<\/p>\n<p>Pages:\u00a0 63<br \/>\nISBN: 978-82-91-43060-7<\/p>\n","protected":false},"featured_media":23730,"template":"","meta":{"_acf_changed":false,"afm_hide_title":false,"_afm_post_new_title":"","afm_terms_sep_product_language":", ","afm_terms_sep_product_post_translations":", ","afm_terms_sep_product_product_brand":", ","afm_terms_sep_product_product_type":", ","afm_terms_sep_product_product_visibility":", ","afm_terms_sep_product_product_cat":", ","afm_terms_sep_product_product_tag":", ","afm_terms_sep_product_product_shipping_class":", ","afm_terms_sep_product_pos_product_visibility":", ","afm_terms_sep_product_pa_cindy-sherman-art-bag":", "},"product_brand":[],"product_cat":[172,92,111,95],"product_tag":[],"class_list":{"0":"post-2503","1":"product","2":"type-product","3":"status-publish","4":"has-post-thumbnail","6":"product_cat-3105-egne-kataloger","7":"product_cat-all-products","8":"product_cat-exhibition-catalogues-books","9":"product_cat-publications","10":"product_shipping_class-div-product","12":"first","13":"instock","14":"purchasable","15":"product-type-simple"},"group_of_quantity":0,"min_quantity":0,"max_quantity":"","exclude_order_quantity_value_rules":"no","exclude_category_quantity_rules":"no","combine_variations":"no","yoast_head":"<!-- This site is optimized with the Yoast SEO Premium plugin v26.9 (Yoast SEO v26.9) - https:\/\/yoast.com\/product\/yoast-seo-premium-wordpress\/ -->\n<title>Indian Highway &#8211; Astrup Fearnley Museet<\/title>\n<meta name=\"description\" content=\"Finn unike og eksklusive kunstrelaterte produkter p\u00e5 Astrup Fearnley Museet sin Nettbutikk. Utforsk v\u00e5rt utvalg av kunstb\u00f8ker, plakater og mer.\" \/>\n<meta name=\"robots\" content=\"index, follow, max-snippet:-1, max-image-preview:large, max-video-preview:-1\" \/>\n<link rel=\"canonical\" href=\"https:\/\/www.afmuseet.no\/nettbutikk\/en\/product\/indian-highway\/\" \/>\n<meta property=\"og:locale\" content=\"en_US\" \/>\n<meta property=\"og:type\" content=\"article\" \/>\n<meta property=\"og:title\" content=\"Indian Highway\" \/>\n<meta property=\"og:description\" content=\"Finn unike og eksklusive kunstrelaterte produkter p\u00e5 Astrup Fearnley Museet sin Nettbutikk. Utforsk v\u00e5rt utvalg av kunstb\u00f8ker, plakater og mer.\" \/>\n<meta property=\"og:url\" content=\"https:\/\/www.afmuseet.no\/nettbutikk\/en\/product\/indian-highway\/\" \/>\n<meta property=\"og:site_name\" content=\"Astrup Fearnley Museet\" \/>\n<meta property=\"article:modified_time\" content=\"2025-03-28T13:00:38+00:00\" \/>\n<meta property=\"og:image\" content=\"https:\/\/www.afmuseet.no\/content\/uploads\/2020\/08\/Produktshoot-1_29-SQUARE-scaled.jpg\" \/>\n\t<meta property=\"og:image:width\" content=\"2560\" \/>\n\t<meta property=\"og:image:height\" content=\"2560\" \/>\n\t<meta property=\"og:image:type\" content=\"image\/jpeg\" \/>\n<meta name=\"twitter:card\" content=\"summary_large_image\" \/>\n<script type=\"application\/ld+json\" class=\"yoast-schema-graph\">{\"@context\":\"https:\/\/schema.org\",\"@graph\":[{\"@type\":\"WebPage\",\"@id\":\"https:\/\/www.afmuseet.no\/nettbutikk\/en\/product\/indian-highway\/\",\"url\":\"https:\/\/www.afmuseet.no\/nettbutikk\/en\/product\/indian-highway\/\",\"name\":\"Indian Highway &#8211; Astrup Fearnley Museet\",\"isPartOf\":{\"@id\":\"https:\/\/www.afmuseet.no\/nettbutikk\/#website\"},\"primaryImageOfPage\":{\"@id\":\"https:\/\/www.afmuseet.no\/nettbutikk\/en\/product\/indian-highway\/#primaryimage\"},\"image\":{\"@id\":\"https:\/\/www.afmuseet.no\/nettbutikk\/en\/product\/indian-highway\/#primaryimage\"},\"thumbnailUrl\":\"https:\/\/www.afmuseet.no\/content\/uploads\/2020\/08\/Produktshoot-1_29-SQUARE-scaled.jpg\",\"datePublished\":\"2020-08-05T06:29:12+00:00\",\"dateModified\":\"2025-03-28T13:00:38+00:00\",\"description\":\"Finn unike og eksklusive kunstrelaterte produkter p\u00e5 Astrup Fearnley Museet sin Nettbutikk. Utforsk v\u00e5rt utvalg av kunstb\u00f8ker, plakater og mer.\",\"breadcrumb\":{\"@id\":\"https:\/\/www.afmuseet.no\/nettbutikk\/en\/product\/indian-highway\/#breadcrumb\"},\"inLanguage\":\"en-US\",\"potentialAction\":[{\"@type\":\"ReadAction\",\"target\":[\"https:\/\/www.afmuseet.no\/nettbutikk\/en\/product\/indian-highway\/\"]}]},{\"@type\":\"ImageObject\",\"inLanguage\":\"en-US\",\"@id\":\"https:\/\/www.afmuseet.no\/nettbutikk\/en\/product\/indian-highway\/#primaryimage\",\"url\":\"https:\/\/www.afmuseet.no\/content\/uploads\/2020\/08\/Produktshoot-1_29-SQUARE-scaled.jpg\",\"contentUrl\":\"https:\/\/www.afmuseet.no\/content\/uploads\/2020\/08\/Produktshoot-1_29-SQUARE-scaled.jpg\",\"width\":2560,\"height\":2560},{\"@type\":\"BreadcrumbList\",\"@id\":\"https:\/\/www.afmuseet.no\/nettbutikk\/en\/product\/indian-highway\/#breadcrumb\",\"itemListElement\":[{\"@type\":\"ListItem\",\"position\":1,\"name\":\"Hjem\",\"item\":\"https:\/\/www.afmuseet.no\/nettbutikk\/en\/\"},{\"@type\":\"ListItem\",\"position\":2,\"name\":\"Shop\",\"item\":\"https:\/\/www.afmuseet.no\/nettbutikk\/shop\/\"},{\"@type\":\"ListItem\",\"position\":3,\"name\":\"Indian Highway\"}]},{\"@type\":\"WebSite\",\"@id\":\"https:\/\/www.afmuseet.no\/nettbutikk\/#website\",\"url\":\"https:\/\/www.afmuseet.no\/nettbutikk\/\",\"name\":\"Astrup Fearnley Museet\",\"description\":\"\",\"potentialAction\":[{\"@type\":\"SearchAction\",\"target\":{\"@type\":\"EntryPoint\",\"urlTemplate\":\"https:\/\/www.afmuseet.no\/nettbutikk\/?s={search_term_string}\"},\"query-input\":{\"@type\":\"PropertyValueSpecification\",\"valueRequired\":true,\"valueName\":\"search_term_string\"}}],\"inLanguage\":\"en-US\"}]}<\/script>\n<!-- \/ Yoast SEO Premium plugin. -->","yoast_head_json":{"title":"Indian Highway &#8211; Astrup Fearnley Museet","description":"Finn unike og eksklusive kunstrelaterte produkter p\u00e5 Astrup Fearnley Museet sin Nettbutikk. Utforsk v\u00e5rt utvalg av kunstb\u00f8ker, plakater og mer.","robots":{"index":"index","follow":"follow","max-snippet":"max-snippet:-1","max-image-preview":"max-image-preview:large","max-video-preview":"max-video-preview:-1"},"canonical":"https:\/\/www.afmuseet.no\/nettbutikk\/en\/product\/indian-highway\/","og_locale":"en_US","og_type":"article","og_title":"Indian Highway","og_description":"Finn unike og eksklusive kunstrelaterte produkter p\u00e5 Astrup Fearnley Museet sin Nettbutikk. Utforsk v\u00e5rt utvalg av kunstb\u00f8ker, plakater og mer.","og_url":"https:\/\/www.afmuseet.no\/nettbutikk\/en\/product\/indian-highway\/","og_site_name":"Astrup Fearnley Museet","article_modified_time":"2025-03-28T13:00:38+00:00","og_image":[{"width":2560,"height":2560,"url":"https:\/\/www.afmuseet.no\/content\/uploads\/2020\/08\/Produktshoot-1_29-SQUARE-scaled.jpg","type":"image\/jpeg"}],"twitter_card":"summary_large_image","schema":{"@context":"https:\/\/schema.org","@graph":[{"@type":"WebPage","@id":"https:\/\/www.afmuseet.no\/nettbutikk\/en\/product\/indian-highway\/","url":"https:\/\/www.afmuseet.no\/nettbutikk\/en\/product\/indian-highway\/","name":"Indian Highway &#8211; Astrup Fearnley Museet","isPartOf":{"@id":"https:\/\/www.afmuseet.no\/nettbutikk\/#website"},"primaryImageOfPage":{"@id":"https:\/\/www.afmuseet.no\/nettbutikk\/en\/product\/indian-highway\/#primaryimage"},"image":{"@id":"https:\/\/www.afmuseet.no\/nettbutikk\/en\/product\/indian-highway\/#primaryimage"},"thumbnailUrl":"https:\/\/www.afmuseet.no\/content\/uploads\/2020\/08\/Produktshoot-1_29-SQUARE-scaled.jpg","datePublished":"2020-08-05T06:29:12+00:00","dateModified":"2025-03-28T13:00:38+00:00","description":"Finn unike og eksklusive kunstrelaterte produkter p\u00e5 Astrup Fearnley Museet sin Nettbutikk. Utforsk v\u00e5rt utvalg av kunstb\u00f8ker, plakater og mer.","breadcrumb":{"@id":"https:\/\/www.afmuseet.no\/nettbutikk\/en\/product\/indian-highway\/#breadcrumb"},"inLanguage":"en-US","potentialAction":[{"@type":"ReadAction","target":["https:\/\/www.afmuseet.no\/nettbutikk\/en\/product\/indian-highway\/"]}]},{"@type":"ImageObject","inLanguage":"en-US","@id":"https:\/\/www.afmuseet.no\/nettbutikk\/en\/product\/indian-highway\/#primaryimage","url":"https:\/\/www.afmuseet.no\/content\/uploads\/2020\/08\/Produktshoot-1_29-SQUARE-scaled.jpg","contentUrl":"https:\/\/www.afmuseet.no\/content\/uploads\/2020\/08\/Produktshoot-1_29-SQUARE-scaled.jpg","width":2560,"height":2560},{"@type":"BreadcrumbList","@id":"https:\/\/www.afmuseet.no\/nettbutikk\/en\/product\/indian-highway\/#breadcrumb","itemListElement":[{"@type":"ListItem","position":1,"name":"Hjem","item":"https:\/\/www.afmuseet.no\/nettbutikk\/en\/"},{"@type":"ListItem","position":2,"name":"Shop","item":"https:\/\/www.afmuseet.no\/nettbutikk\/shop\/"},{"@type":"ListItem","position":3,"name":"Indian Highway"}]},{"@type":"WebSite","@id":"https:\/\/www.afmuseet.no\/nettbutikk\/#website","url":"https:\/\/www.afmuseet.no\/nettbutikk\/","name":"Astrup Fearnley Museet","description":"","potentialAction":[{"@type":"SearchAction","target":{"@type":"EntryPoint","urlTemplate":"https:\/\/www.afmuseet.no\/nettbutikk\/?s={search_term_string}"},"query-input":{"@type":"PropertyValueSpecification","valueRequired":true,"valueName":"search_term_string"}}],"inLanguage":"en-US"}]}},"acf":[],"lang":"en","translations":{"en":2503,"nb":8699},"pll_sync_post":[],"_links":{"self":[{"href":"https:\/\/www.afmuseet.no\/nettbutikk\/wp-json\/wp\/v2\/product\/2503","targetHints":{"allow":["GET"]}}],"collection":[{"href":"https:\/\/www.afmuseet.no\/nettbutikk\/wp-json\/wp\/v2\/product"}],"about":[{"href":"https:\/\/www.afmuseet.no\/nettbutikk\/wp-json\/wp\/v2\/types\/product"}],"wp:featuredmedia":[{"embeddable":true,"href":"https:\/\/www.afmuseet.no\/nettbutikk\/wp-json\/wp\/v2\/media\/23730"}],"wp:attachment":[{"href":"https:\/\/www.afmuseet.no\/nettbutikk\/wp-json\/wp\/v2\/media?parent=2503"}],"wp:term":[{"taxonomy":"product_brand","embeddable":true,"href":"https:\/\/www.afmuseet.no\/nettbutikk\/wp-json\/wp\/v2\/product_brand?post=2503"},{"taxonomy":"product_cat","embeddable":true,"href":"https:\/\/www.afmuseet.no\/nettbutikk\/wp-json\/wp\/v2\/product_cat?post=2503"},{"taxonomy":"product_tag","embeddable":true,"href":"https:\/\/www.afmuseet.no\/nettbutikk\/wp-json\/wp\/v2\/product_tag?post=2503"}],"curies":[{"name":"wp","href":"https:\/\/api.w.org\/{rel}","templated":true}]}}