{"id":24247,"date":"2021-12-14T15:08:22","date_gmt":"2021-12-14T14:08:22","guid":{"rendered":"https:\/\/www.afmuseet.no\/nettbutikk\/?post_type=product&#038;p=24247"},"modified":"2023-07-14T14:45:44","modified_gmt":"2023-07-14T13:45:44","slug":"the-photograph-as-contemporary-art","status":"publish","type":"product","link":"https:\/\/www.afmuseet.no\/nettbutikk\/en\/product\/the-photograph-as-contemporary-art\/","title":{"rendered":"The Photograph as Contemporary Art"},"content":{"rendered":"","protected":false},"excerpt":{"rendered":"<p>In the 21st century photography has come of age as a contemporary art form. Almost two centuries after photographic technology was first invented, the art world has fully embraced it as a legitimate medium, equal in status to painting and sculpture. <\/p>\n<p>This book provides an introduction to the extraordinary range of contemporary art photography, from portraits of intimate life to highly staged, \u2018directorial\u2019 spectacle. The vast span of photographers whose work is reproduced includes established artists such as Isa Genzken, Jeff Wall, Sophie Calle, Thomas Demand, Nan Goldin and Sherry Levine, as well as emerging talents such as Sara VanDerBeek, Rashid Johnson, Viviane Sassen and Amalia Ulman. This new edition revitalizes previous discussion of works from the 2000s through dialogue with more recent practice. Adding to the wide selection featured of work, Cotton celebrates a new generation of artists, who are shaping photography as a culturally significant medium for our current socio-political climate.<\/p>\n<p>About the Author: Charlotte Cotton is Curator in Residence at the California Museum of Photography, Riverside, and has previously held senior posts at the Los Angeles County Museum of Art, and in London The Photographers\u2019 Gallery and the Victoria and Albert Museum, among others. She has held scholarly posts at Yale, NYU, The New School for Design and California College of Art.<\/p>\n<p>Format:Paperback<br \/>\nSize:21.0 x 15.0 cm<br \/>\nExtent:328 pp<br \/>\nIllustrations:273<br \/>\nPublication date:27 August 2020<br \/>\nISBN:9780500204481<\/p>\n","protected":false},"featured_media":25076,"template":"","meta":{"_acf_changed":false,"afm_hide_title":false,"_afm_post_new_title":"","afm_terms_sep_product_language":", ","afm_terms_sep_product_post_translations":", ","afm_terms_sep_product_product_brand":", ","afm_terms_sep_product_product_type":", ","afm_terms_sep_product_product_visibility":", ","afm_terms_sep_product_product_cat":", ","afm_terms_sep_product_product_tag":", ","afm_terms_sep_product_product_shipping_class":", ","afm_terms_sep_product_pos_product_visibility":", ","afm_terms_sep_product_pa_cindy-sherman-art-bag":", "},"product_brand":[],"product_cat":[173,92,114,95],"product_tag":[],"class_list":{"0":"post-24247","1":"product","2":"type-product","3":"status-publish","4":"has-post-thumbnail","6":"product_cat-3106-anskaffede-boker","7":"product_cat-all-products","8":"product_cat-art-books","9":"product_cat-publications","11":"first","12":"outofstock","13":"purchasable","14":"product-type-simple"},"group_of_quantity":0,"min_quantity":0,"max_quantity":"","exclude_order_quantity_value_rules":"no","exclude_category_quantity_rules":"no","combine_variations":"no","yoast_head":"<!-- This site is optimized with the Yoast SEO Premium plugin v26.9 (Yoast SEO v26.9) - https:\/\/yoast.com\/product\/yoast-seo-premium-wordpress\/ -->\n<title>The Photograph as Contemporary Art &#8211; Astrup Fearnley Museet<\/title>\n<meta name=\"description\" content=\"Finn unike og eksklusive kunstrelaterte produkter p\u00e5 Astrup Fearnley Museet sin Nettbutikk. Utforsk v\u00e5rt utvalg av kunstb\u00f8ker, plakater og mer.\" \/>\n<meta name=\"robots\" content=\"index, follow, max-snippet:-1, max-image-preview:large, max-video-preview:-1\" \/>\n<link rel=\"canonical\" href=\"https:\/\/www.afmuseet.no\/nettbutikk\/en\/product\/the-photograph-as-contemporary-art\/\" \/>\n<meta property=\"og:locale\" content=\"en_US\" \/>\n<meta property=\"og:type\" content=\"article\" \/>\n<meta property=\"og:title\" content=\"The Photograph as Contemporary Art\" \/>\n<meta property=\"og:description\" content=\"Finn unike og eksklusive kunstrelaterte produkter p\u00e5 Astrup Fearnley Museet sin Nettbutikk. Utforsk v\u00e5rt utvalg av kunstb\u00f8ker, plakater og mer.\" \/>\n<meta property=\"og:url\" content=\"https:\/\/www.afmuseet.no\/nettbutikk\/en\/product\/the-photograph-as-contemporary-art\/\" \/>\n<meta property=\"og:site_name\" content=\"Astrup Fearnley Museet\" \/>\n<meta property=\"article:modified_time\" content=\"2023-07-14T13:45:44+00:00\" \/>\n<meta property=\"og:image\" content=\"https:\/\/www.afmuseet.no\/content\/uploads\/2021\/12\/9780500204481_the-photograph-as-contemporary-art-cover.webp\" \/>\n\t<meta property=\"og:image:width\" content=\"720\" \/>\n\t<meta property=\"og:image:height\" content=\"720\" \/>\n\t<meta property=\"og:image:type\" content=\"image\/webp\" \/>\n<meta name=\"twitter:card\" content=\"summary_large_image\" \/>\n<script type=\"application\/ld+json\" class=\"yoast-schema-graph\">{\"@context\":\"https:\/\/schema.org\",\"@graph\":[{\"@type\":\"WebPage\",\"@id\":\"https:\/\/www.afmuseet.no\/nettbutikk\/en\/product\/the-photograph-as-contemporary-art\/\",\"url\":\"https:\/\/www.afmuseet.no\/nettbutikk\/en\/product\/the-photograph-as-contemporary-art\/\",\"name\":\"The Photograph as Contemporary Art &#8211; Astrup Fearnley Museet\",\"isPartOf\":{\"@id\":\"https:\/\/www.afmuseet.no\/nettbutikk\/#website\"},\"primaryImageOfPage\":{\"@id\":\"https:\/\/www.afmuseet.no\/nettbutikk\/en\/product\/the-photograph-as-contemporary-art\/#primaryimage\"},\"image\":{\"@id\":\"https:\/\/www.afmuseet.no\/nettbutikk\/en\/product\/the-photograph-as-contemporary-art\/#primaryimage\"},\"thumbnailUrl\":\"https:\/\/www.afmuseet.no\/content\/uploads\/2021\/12\/9780500204481_the-photograph-as-contemporary-art-cover.webp\",\"datePublished\":\"2021-12-14T14:08:22+00:00\",\"dateModified\":\"2023-07-14T13:45:44+00:00\",\"description\":\"Finn unike og eksklusive kunstrelaterte produkter p\u00e5 Astrup Fearnley Museet sin Nettbutikk. Utforsk v\u00e5rt utvalg av kunstb\u00f8ker, plakater og mer.\",\"breadcrumb\":{\"@id\":\"https:\/\/www.afmuseet.no\/nettbutikk\/en\/product\/the-photograph-as-contemporary-art\/#breadcrumb\"},\"inLanguage\":\"en-US\",\"potentialAction\":[{\"@type\":\"ReadAction\",\"target\":[\"https:\/\/www.afmuseet.no\/nettbutikk\/en\/product\/the-photograph-as-contemporary-art\/\"]}]},{\"@type\":\"ImageObject\",\"inLanguage\":\"en-US\",\"@id\":\"https:\/\/www.afmuseet.no\/nettbutikk\/en\/product\/the-photograph-as-contemporary-art\/#primaryimage\",\"url\":\"https:\/\/www.afmuseet.no\/content\/uploads\/2021\/12\/9780500204481_the-photograph-as-contemporary-art-cover.webp\",\"contentUrl\":\"https:\/\/www.afmuseet.no\/content\/uploads\/2021\/12\/9780500204481_the-photograph-as-contemporary-art-cover.webp\",\"width\":720,\"height\":720},{\"@type\":\"BreadcrumbList\",\"@id\":\"https:\/\/www.afmuseet.no\/nettbutikk\/en\/product\/the-photograph-as-contemporary-art\/#breadcrumb\",\"itemListElement\":[{\"@type\":\"ListItem\",\"position\":1,\"name\":\"Hjem\",\"item\":\"https:\/\/www.afmuseet.no\/nettbutikk\/en\/\"},{\"@type\":\"ListItem\",\"position\":2,\"name\":\"Shop\",\"item\":\"https:\/\/www.afmuseet.no\/nettbutikk\/shop\/\"},{\"@type\":\"ListItem\",\"position\":3,\"name\":\"The Photograph as Contemporary Art\"}]},{\"@type\":\"WebSite\",\"@id\":\"https:\/\/www.afmuseet.no\/nettbutikk\/#website\",\"url\":\"https:\/\/www.afmuseet.no\/nettbutikk\/\",\"name\":\"Astrup Fearnley Museet\",\"description\":\"\",\"potentialAction\":[{\"@type\":\"SearchAction\",\"target\":{\"@type\":\"EntryPoint\",\"urlTemplate\":\"https:\/\/www.afmuseet.no\/nettbutikk\/?s={search_term_string}\"},\"query-input\":{\"@type\":\"PropertyValueSpecification\",\"valueRequired\":true,\"valueName\":\"search_term_string\"}}],\"inLanguage\":\"en-US\"}]}<\/script>\n<!-- \/ Yoast SEO Premium plugin. -->","yoast_head_json":{"title":"The Photograph as Contemporary Art &#8211; Astrup Fearnley Museet","description":"Finn unike og eksklusive kunstrelaterte produkter p\u00e5 Astrup Fearnley Museet sin Nettbutikk. Utforsk v\u00e5rt utvalg av kunstb\u00f8ker, plakater og mer.","robots":{"index":"index","follow":"follow","max-snippet":"max-snippet:-1","max-image-preview":"max-image-preview:large","max-video-preview":"max-video-preview:-1"},"canonical":"https:\/\/www.afmuseet.no\/nettbutikk\/en\/product\/the-photograph-as-contemporary-art\/","og_locale":"en_US","og_type":"article","og_title":"The Photograph as Contemporary Art","og_description":"Finn unike og eksklusive kunstrelaterte produkter p\u00e5 Astrup Fearnley Museet sin Nettbutikk. Utforsk v\u00e5rt utvalg av kunstb\u00f8ker, plakater og mer.","og_url":"https:\/\/www.afmuseet.no\/nettbutikk\/en\/product\/the-photograph-as-contemporary-art\/","og_site_name":"Astrup Fearnley Museet","article_modified_time":"2023-07-14T13:45:44+00:00","og_image":[{"width":720,"height":720,"url":"https:\/\/www.afmuseet.no\/content\/uploads\/2021\/12\/9780500204481_the-photograph-as-contemporary-art-cover.webp","type":"image\/webp"}],"twitter_card":"summary_large_image","schema":{"@context":"https:\/\/schema.org","@graph":[{"@type":"WebPage","@id":"https:\/\/www.afmuseet.no\/nettbutikk\/en\/product\/the-photograph-as-contemporary-art\/","url":"https:\/\/www.afmuseet.no\/nettbutikk\/en\/product\/the-photograph-as-contemporary-art\/","name":"The Photograph as Contemporary Art &#8211; Astrup Fearnley Museet","isPartOf":{"@id":"https:\/\/www.afmuseet.no\/nettbutikk\/#website"},"primaryImageOfPage":{"@id":"https:\/\/www.afmuseet.no\/nettbutikk\/en\/product\/the-photograph-as-contemporary-art\/#primaryimage"},"image":{"@id":"https:\/\/www.afmuseet.no\/nettbutikk\/en\/product\/the-photograph-as-contemporary-art\/#primaryimage"},"thumbnailUrl":"https:\/\/www.afmuseet.no\/content\/uploads\/2021\/12\/9780500204481_the-photograph-as-contemporary-art-cover.webp","datePublished":"2021-12-14T14:08:22+00:00","dateModified":"2023-07-14T13:45:44+00:00","description":"Finn unike og eksklusive kunstrelaterte produkter p\u00e5 Astrup Fearnley Museet sin Nettbutikk. Utforsk v\u00e5rt utvalg av kunstb\u00f8ker, plakater og mer.","breadcrumb":{"@id":"https:\/\/www.afmuseet.no\/nettbutikk\/en\/product\/the-photograph-as-contemporary-art\/#breadcrumb"},"inLanguage":"en-US","potentialAction":[{"@type":"ReadAction","target":["https:\/\/www.afmuseet.no\/nettbutikk\/en\/product\/the-photograph-as-contemporary-art\/"]}]},{"@type":"ImageObject","inLanguage":"en-US","@id":"https:\/\/www.afmuseet.no\/nettbutikk\/en\/product\/the-photograph-as-contemporary-art\/#primaryimage","url":"https:\/\/www.afmuseet.no\/content\/uploads\/2021\/12\/9780500204481_the-photograph-as-contemporary-art-cover.webp","contentUrl":"https:\/\/www.afmuseet.no\/content\/uploads\/2021\/12\/9780500204481_the-photograph-as-contemporary-art-cover.webp","width":720,"height":720},{"@type":"BreadcrumbList","@id":"https:\/\/www.afmuseet.no\/nettbutikk\/en\/product\/the-photograph-as-contemporary-art\/#breadcrumb","itemListElement":[{"@type":"ListItem","position":1,"name":"Hjem","item":"https:\/\/www.afmuseet.no\/nettbutikk\/en\/"},{"@type":"ListItem","position":2,"name":"Shop","item":"https:\/\/www.afmuseet.no\/nettbutikk\/shop\/"},{"@type":"ListItem","position":3,"name":"The Photograph as Contemporary Art"}]},{"@type":"WebSite","@id":"https:\/\/www.afmuseet.no\/nettbutikk\/#website","url":"https:\/\/www.afmuseet.no\/nettbutikk\/","name":"Astrup Fearnley Museet","description":"","potentialAction":[{"@type":"SearchAction","target":{"@type":"EntryPoint","urlTemplate":"https:\/\/www.afmuseet.no\/nettbutikk\/?s={search_term_string}"},"query-input":{"@type":"PropertyValueSpecification","valueRequired":true,"valueName":"search_term_string"}}],"inLanguage":"en-US"}]}},"acf":[],"lang":"en","translations":{"en":24247,"nb":25077},"pll_sync_post":[],"_links":{"self":[{"href":"https:\/\/www.afmuseet.no\/nettbutikk\/wp-json\/wp\/v2\/product\/24247","targetHints":{"allow":["GET"]}}],"collection":[{"href":"https:\/\/www.afmuseet.no\/nettbutikk\/wp-json\/wp\/v2\/product"}],"about":[{"href":"https:\/\/www.afmuseet.no\/nettbutikk\/wp-json\/wp\/v2\/types\/product"}],"wp:featuredmedia":[{"embeddable":true,"href":"https:\/\/www.afmuseet.no\/nettbutikk\/wp-json\/wp\/v2\/media\/25076"}],"wp:attachment":[{"href":"https:\/\/www.afmuseet.no\/nettbutikk\/wp-json\/wp\/v2\/media?parent=24247"}],"wp:term":[{"taxonomy":"product_brand","embeddable":true,"href":"https:\/\/www.afmuseet.no\/nettbutikk\/wp-json\/wp\/v2\/product_brand?post=24247"},{"taxonomy":"product_cat","embeddable":true,"href":"https:\/\/www.afmuseet.no\/nettbutikk\/wp-json\/wp\/v2\/product_cat?post=24247"},{"taxonomy":"product_tag","embeddable":true,"href":"https:\/\/www.afmuseet.no\/nettbutikk\/wp-json\/wp\/v2\/product_tag?post=24247"}],"curies":[{"name":"wp","href":"https:\/\/api.w.org\/{rel}","templated":true}]}}