{"id":23162,"date":"2021-10-06T12:56:52","date_gmt":"2021-10-06T11:56:52","guid":{"rendered":"https:\/\/www.afmuseet.no\/nettbutikk\/?post_type=product&#038;p=23162"},"modified":"2024-05-14T09:57:13","modified_gmt":"2024-05-14T08:57:13","slug":"smell-memory-kit-sssl","status":"publish","type":"product","link":"https:\/\/www.afmuseet.no\/nettbutikk\/produkt\/smell-memory-kit-sssl\/","title":{"rendered":"Smell Memory Kit SSSL"},"content":{"rendered":"","protected":false},"excerpt":{"rendered":"<p><em>Smell Memory Kit<\/em> er et innovativt og revolusjonerende verkt\u00f8y som lar deg fange og bevare de viktigste \u00f8yeblikkene i livet ditt.<\/p>\n<p>Lukt fremkaller minner p\u00e5 en m\u00e5te som ingen annen sans kan. Om du vil huske et \u00f8yeblikk for evig, bryter du opp <em>Smell Kit Ampullen<\/em>, frigj\u00f8r de abstrakte luktmolekylene og puster dypt inn. Abstrakte lukter er lukter som enn\u00e5 ikke er forbundet med minner. Fra n\u00e5 av vil denne lukten bringe tilbake minnet og f\u00f8lelsene fra akkurat dette \u00f8yeblikket hver gang du \u00e5pner <em>Smell Memory Amuletten<\/em>.<\/p>\n<p>Hver abstrakte lukt kommer i et sett med 3 ampuller og en h\u00e5ndlaget metallamulett, slik at du kan b\u00e6re med deg luktampullen hvor enn du g\u00e5r.<\/p>\n<p><em>Smell Memory Kit<\/em> er oppfunnet og utviklet av kunstneren og luktforskeren Sissel Tolaas (SSSL), i n\u00e6rt samarbeid med <em>Smell Memory Lab<\/em> ved SUPERSENSE-palasset i Wien.<\/p>\n","protected":false},"featured_media":25475,"template":"","meta":{"_acf_changed":false,"afm_hide_title":false,"_afm_post_new_title":"","afm_terms_sep_product_language":", ","afm_terms_sep_product_post_translations":", ","afm_terms_sep_product_product_brand":", ","afm_terms_sep_product_product_type":", ","afm_terms_sep_product_product_visibility":", ","afm_terms_sep_product_product_cat":", ","afm_terms_sep_product_product_tag":", ","afm_terms_sep_product_product_shipping_class":", ","afm_terms_sep_product_pos_product_visibility":", ","afm_terms_sep_product_pa_cindy-sherman-art-bag":", "},"product_brand":[],"product_cat":[487,292,490,515,493],"product_tag":[],"class_list":{"0":"post-23162","1":"product","2":"type-product","3":"status-publish","4":"has-post-thumbnail","6":"product_cat-3041-anskaffede-artikler","7":"product_cat-all-products","8":"product_cat-gaver","9":"product_cat-smykker","10":"product_cat-accessories-design","12":"first","13":"outofstock","14":"sold-individually","15":"taxable","16":"shipping-taxable","17":"purchasable","18":"product-type-simple"},"group_of_quantity":0,"min_quantity":0,"max_quantity":"","exclude_order_quantity_value_rules":"no","exclude_category_quantity_rules":"no","combine_variations":"no","yoast_head":"<!-- This site is optimized with the Yoast SEO Premium plugin v26.9 (Yoast SEO v26.9) - https:\/\/yoast.com\/product\/yoast-seo-premium-wordpress\/ -->\n<title>Smell Memory Kit SSSL &#8211; Astrup Fearnley Museet<\/title>\n<meta name=\"description\" content=\"Finn unike og eksklusive kunstrelaterte produkter p\u00e5 Astrup Fearnley Museet sin Nettbutikk. Utforsk v\u00e5rt utvalg av kunstb\u00f8ker, plakater og mer.\" \/>\n<meta name=\"robots\" content=\"index, follow, max-snippet:-1, max-image-preview:large, max-video-preview:-1\" \/>\n<link rel=\"canonical\" href=\"https:\/\/www.afmuseet.no\/nettbutikk\/produkt\/smell-memory-kit-sssl\/\" \/>\n<meta property=\"og:locale\" content=\"en_US\" \/>\n<meta property=\"og:type\" content=\"article\" \/>\n<meta property=\"og:title\" content=\"Smell Memory Kit SSSL\" \/>\n<meta property=\"og:description\" content=\"Finn unike og eksklusive kunstrelaterte produkter p\u00e5 Astrup Fearnley Museet sin Nettbutikk. Utforsk v\u00e5rt utvalg av kunstb\u00f8ker, plakater og mer.\" \/>\n<meta property=\"og:url\" content=\"https:\/\/www.afmuseet.no\/nettbutikk\/produkt\/smell-memory-kit-sssl\/\" \/>\n<meta property=\"og:site_name\" content=\"Astrup Fearnley Museet\" \/>\n<meta property=\"article:modified_time\" content=\"2024-05-14T08:57:13+00:00\" \/>\n<meta property=\"og:image\" content=\"https:\/\/www.afmuseet.no\/content\/uploads\/2021\/10\/S.T.-Shop_5-kvadrat-scaled.jpg\" \/>\n\t<meta property=\"og:image:width\" content=\"2560\" \/>\n\t<meta property=\"og:image:height\" content=\"2560\" \/>\n\t<meta property=\"og:image:type\" content=\"image\/jpeg\" \/>\n<meta name=\"twitter:card\" content=\"summary_large_image\" \/>\n<script type=\"application\/ld+json\" class=\"yoast-schema-graph\">{\"@context\":\"https:\/\/schema.org\",\"@graph\":[{\"@type\":\"WebPage\",\"@id\":\"https:\/\/www.afmuseet.no\/nettbutikk\/produkt\/smell-memory-kit-sssl\/\",\"url\":\"https:\/\/www.afmuseet.no\/nettbutikk\/produkt\/smell-memory-kit-sssl\/\",\"name\":\"Smell Memory Kit SSSL &#8211; Astrup Fearnley Museet\",\"isPartOf\":{\"@id\":\"https:\/\/www.afmuseet.no\/nettbutikk\/#website\"},\"primaryImageOfPage\":{\"@id\":\"https:\/\/www.afmuseet.no\/nettbutikk\/produkt\/smell-memory-kit-sssl\/#primaryimage\"},\"image\":{\"@id\":\"https:\/\/www.afmuseet.no\/nettbutikk\/produkt\/smell-memory-kit-sssl\/#primaryimage\"},\"thumbnailUrl\":\"https:\/\/www.afmuseet.no\/content\/uploads\/2021\/10\/S.T.-Shop_5-kvadrat-scaled.jpg\",\"datePublished\":\"2021-10-06T11:56:52+00:00\",\"dateModified\":\"2024-05-14T08:57:13+00:00\",\"description\":\"Finn unike og eksklusive kunstrelaterte produkter p\u00e5 Astrup Fearnley Museet sin Nettbutikk. Utforsk v\u00e5rt utvalg av kunstb\u00f8ker, plakater og mer.\",\"breadcrumb\":{\"@id\":\"https:\/\/www.afmuseet.no\/nettbutikk\/produkt\/smell-memory-kit-sssl\/#breadcrumb\"},\"inLanguage\":\"en-US\",\"potentialAction\":[{\"@type\":\"ReadAction\",\"target\":[\"https:\/\/www.afmuseet.no\/nettbutikk\/produkt\/smell-memory-kit-sssl\/\"]}]},{\"@type\":\"ImageObject\",\"inLanguage\":\"en-US\",\"@id\":\"https:\/\/www.afmuseet.no\/nettbutikk\/produkt\/smell-memory-kit-sssl\/#primaryimage\",\"url\":\"https:\/\/www.afmuseet.no\/content\/uploads\/2021\/10\/S.T.-Shop_5-kvadrat-scaled.jpg\",\"contentUrl\":\"https:\/\/www.afmuseet.no\/content\/uploads\/2021\/10\/S.T.-Shop_5-kvadrat-scaled.jpg\",\"width\":2560,\"height\":2560},{\"@type\":\"BreadcrumbList\",\"@id\":\"https:\/\/www.afmuseet.no\/nettbutikk\/produkt\/smell-memory-kit-sssl\/#breadcrumb\",\"itemListElement\":[{\"@type\":\"ListItem\",\"position\":1,\"name\":\"Hjem\",\"item\":\"https:\/\/www.afmuseet.no\/nettbutikk\/en\/\"},{\"@type\":\"ListItem\",\"position\":2,\"name\":\"Shop\",\"item\":\"https:\/\/www.afmuseet.no\/nettbutikk\/shop\/\"},{\"@type\":\"ListItem\",\"position\":3,\"name\":\"Smell Memory Kit SSSL\"}]},{\"@type\":\"WebSite\",\"@id\":\"https:\/\/www.afmuseet.no\/nettbutikk\/#website\",\"url\":\"https:\/\/www.afmuseet.no\/nettbutikk\/\",\"name\":\"Astrup Fearnley Museet\",\"description\":\"\",\"potentialAction\":[{\"@type\":\"SearchAction\",\"target\":{\"@type\":\"EntryPoint\",\"urlTemplate\":\"https:\/\/www.afmuseet.no\/nettbutikk\/?s={search_term_string}\"},\"query-input\":{\"@type\":\"PropertyValueSpecification\",\"valueRequired\":true,\"valueName\":\"search_term_string\"}}],\"inLanguage\":\"en-US\"}]}<\/script>\n<!-- \/ Yoast SEO Premium plugin. -->","yoast_head_json":{"title":"Smell Memory Kit SSSL &#8211; Astrup Fearnley Museet","description":"Finn unike og eksklusive kunstrelaterte produkter p\u00e5 Astrup Fearnley Museet sin Nettbutikk. Utforsk v\u00e5rt utvalg av kunstb\u00f8ker, plakater og mer.","robots":{"index":"index","follow":"follow","max-snippet":"max-snippet:-1","max-image-preview":"max-image-preview:large","max-video-preview":"max-video-preview:-1"},"canonical":"https:\/\/www.afmuseet.no\/nettbutikk\/produkt\/smell-memory-kit-sssl\/","og_locale":"en_US","og_type":"article","og_title":"Smell Memory Kit SSSL","og_description":"Finn unike og eksklusive kunstrelaterte produkter p\u00e5 Astrup Fearnley Museet sin Nettbutikk. Utforsk v\u00e5rt utvalg av kunstb\u00f8ker, plakater og mer.","og_url":"https:\/\/www.afmuseet.no\/nettbutikk\/produkt\/smell-memory-kit-sssl\/","og_site_name":"Astrup Fearnley Museet","article_modified_time":"2024-05-14T08:57:13+00:00","og_image":[{"width":2560,"height":2560,"url":"https:\/\/www.afmuseet.no\/content\/uploads\/2021\/10\/S.T.-Shop_5-kvadrat-scaled.jpg","type":"image\/jpeg"}],"twitter_card":"summary_large_image","schema":{"@context":"https:\/\/schema.org","@graph":[{"@type":"WebPage","@id":"https:\/\/www.afmuseet.no\/nettbutikk\/produkt\/smell-memory-kit-sssl\/","url":"https:\/\/www.afmuseet.no\/nettbutikk\/produkt\/smell-memory-kit-sssl\/","name":"Smell Memory Kit SSSL &#8211; Astrup Fearnley Museet","isPartOf":{"@id":"https:\/\/www.afmuseet.no\/nettbutikk\/#website"},"primaryImageOfPage":{"@id":"https:\/\/www.afmuseet.no\/nettbutikk\/produkt\/smell-memory-kit-sssl\/#primaryimage"},"image":{"@id":"https:\/\/www.afmuseet.no\/nettbutikk\/produkt\/smell-memory-kit-sssl\/#primaryimage"},"thumbnailUrl":"https:\/\/www.afmuseet.no\/content\/uploads\/2021\/10\/S.T.-Shop_5-kvadrat-scaled.jpg","datePublished":"2021-10-06T11:56:52+00:00","dateModified":"2024-05-14T08:57:13+00:00","description":"Finn unike og eksklusive kunstrelaterte produkter p\u00e5 Astrup Fearnley Museet sin Nettbutikk. Utforsk v\u00e5rt utvalg av kunstb\u00f8ker, plakater og mer.","breadcrumb":{"@id":"https:\/\/www.afmuseet.no\/nettbutikk\/produkt\/smell-memory-kit-sssl\/#breadcrumb"},"inLanguage":"en-US","potentialAction":[{"@type":"ReadAction","target":["https:\/\/www.afmuseet.no\/nettbutikk\/produkt\/smell-memory-kit-sssl\/"]}]},{"@type":"ImageObject","inLanguage":"en-US","@id":"https:\/\/www.afmuseet.no\/nettbutikk\/produkt\/smell-memory-kit-sssl\/#primaryimage","url":"https:\/\/www.afmuseet.no\/content\/uploads\/2021\/10\/S.T.-Shop_5-kvadrat-scaled.jpg","contentUrl":"https:\/\/www.afmuseet.no\/content\/uploads\/2021\/10\/S.T.-Shop_5-kvadrat-scaled.jpg","width":2560,"height":2560},{"@type":"BreadcrumbList","@id":"https:\/\/www.afmuseet.no\/nettbutikk\/produkt\/smell-memory-kit-sssl\/#breadcrumb","itemListElement":[{"@type":"ListItem","position":1,"name":"Hjem","item":"https:\/\/www.afmuseet.no\/nettbutikk\/en\/"},{"@type":"ListItem","position":2,"name":"Shop","item":"https:\/\/www.afmuseet.no\/nettbutikk\/shop\/"},{"@type":"ListItem","position":3,"name":"Smell Memory Kit SSSL"}]},{"@type":"WebSite","@id":"https:\/\/www.afmuseet.no\/nettbutikk\/#website","url":"https:\/\/www.afmuseet.no\/nettbutikk\/","name":"Astrup Fearnley Museet","description":"","potentialAction":[{"@type":"SearchAction","target":{"@type":"EntryPoint","urlTemplate":"https:\/\/www.afmuseet.no\/nettbutikk\/?s={search_term_string}"},"query-input":{"@type":"PropertyValueSpecification","valueRequired":true,"valueName":"search_term_string"}}],"inLanguage":"en-US"}]}},"acf":[],"lang":"nb","translations":{"nb":23162,"en":21137},"pll_sync_post":[],"_links":{"self":[{"href":"https:\/\/www.afmuseet.no\/nettbutikk\/wp-json\/wp\/v2\/product\/23162","targetHints":{"allow":["GET"]}}],"collection":[{"href":"https:\/\/www.afmuseet.no\/nettbutikk\/wp-json\/wp\/v2\/product"}],"about":[{"href":"https:\/\/www.afmuseet.no\/nettbutikk\/wp-json\/wp\/v2\/types\/product"}],"wp:featuredmedia":[{"embeddable":true,"href":"https:\/\/www.afmuseet.no\/nettbutikk\/wp-json\/wp\/v2\/media\/25475"}],"wp:attachment":[{"href":"https:\/\/www.afmuseet.no\/nettbutikk\/wp-json\/wp\/v2\/media?parent=23162"}],"wp:term":[{"taxonomy":"product_brand","embeddable":true,"href":"https:\/\/www.afmuseet.no\/nettbutikk\/wp-json\/wp\/v2\/product_brand?post=23162"},{"taxonomy":"product_cat","embeddable":true,"href":"https:\/\/www.afmuseet.no\/nettbutikk\/wp-json\/wp\/v2\/product_cat?post=23162"},{"taxonomy":"product_tag","embeddable":true,"href":"https:\/\/www.afmuseet.no\/nettbutikk\/wp-json\/wp\/v2\/product_tag?post=23162"}],"curies":[{"name":"wp","href":"https:\/\/api.w.org\/{rel}","templated":true}]}}