{"id":2246,"date":"2020-08-05T07:27:10","date_gmt":"2020-08-05T05:27:10","guid":{"rendered":"http:\/\/64.227.66.199\/product\/minikatalog-elmgreen-dragset-biography\/"},"modified":"2026-04-16T09:05:04","modified_gmt":"2026-04-16T07:05:04","slug":"minikatalog-elmgreen-dragset-biography","status":"publish","type":"product","link":"https:\/\/www.afmuseet.no\/nettbutikk\/en\/product\/minikatalog-elmgreen-dragset-biography\/","title":{"rendered":"Elmgreen &amp; Dragset &#8211; Biography"},"content":{"rendered":"","protected":false},"excerpt":{"rendered":"<p>Mini-Catalogue published in conjunction with the exhibition\u00a0<em>Elmgreen &amp; Dragset &#8211; Biography<\/em> in 2014.<\/p>\n<p>Biography\u00a0was the first major exhibition in Oslo by Elmgreen &amp; Dragset. The exhibition presented a wide selection of works from the artist duo&#8217;s complex universe, including sculpture, performance and interactive installations. Works from the late 1990s onwards were shown together with recent projects, and all together they created a unique insight into the artists\u2019 oeuvre. Elmgreen &amp; Dragset consider an exhibition to be a work of art in itself, with all its narrative, choreographic and social possibilities and\u00a0Biography\u00a0examined the very conditions of exhibiting.<br \/>\nWorks that initially arrived from very different contexts were brought together and the new constellations of works generated altered readings and additional layers of meaning. When walking through the museum, one would experience environments which occurred very realistic, just in order to end up in almost surreal and other worldly scenarios elsewhere in the exhibition. Part of the museum&#8217;s main exhibition hall was transformed into a gay nightclub, where the public encountered the remnants of a party, witnessing an activity going on prior to the opening of the exhibition. Additionally, areas of the museum not normally used as exhibition spaces were included in Elmgreen &amp; Dragset&#8217;s staging. Already in the museum\u2019s cloakroom, the surprising elements that had been added to the existing architectural features would prepare the visitor for an exhibition that as well was an immersive theatrical\/filmic experience.<\/p>\n<p>The exhibition at the Astrup Fearnley Museet was the first in a three-part exhibition series by Elmgreen &amp; Dragset entitled\u00a0Biography. It was followed by exhibitions at the National Gallery of Denmark in Copenhagen and at the Tel Aviv Museum of Art.<\/p>\n<p>Curators : Gunnar B. Kvaran and Kjersti Solbakken.<br \/>\nLanguage: English or Norwegian<br \/>\nPaperback: 18,7 x 14cm.<br \/>\nNumber of pages: 48<br \/>\nISBN: 978-82-91430-73-7<\/p>\n","protected":false},"featured_media":86588,"template":"","meta":{"_acf_changed":false,"afm_hide_title":false,"_afm_post_new_title":"","afm_terms_sep_product_language":", ","afm_terms_sep_product_post_translations":", ","afm_terms_sep_product_product_brand":", ","afm_terms_sep_product_product_type":", ","afm_terms_sep_product_product_visibility":", ","afm_terms_sep_product_product_cat":", ","afm_terms_sep_product_product_tag":", ","afm_terms_sep_product_product_shipping_class":", ","afm_terms_sep_product_pos_product_visibility":", ","afm_terms_sep_product_pa_cindy-sherman-art-bag":", "},"product_brand":[],"product_cat":[172,92,111,95],"product_tag":[],"class_list":{"0":"post-2246","1":"product","2":"type-product","3":"status-publish","4":"has-post-thumbnail","6":"product_cat-3105-egne-kataloger","7":"product_cat-all-products","8":"product_cat-exhibition-catalogues-books","9":"product_cat-publications","10":"product_shipping_class-minikatalog","12":"first","13":"instock","14":"purchasable","15":"product-type-simple"},"group_of_quantity":0,"min_quantity":0,"max_quantity":"","exclude_order_quantity_value_rules":"no","exclude_category_quantity_rules":"no","combine_variations":"no","yoast_head":"<!-- This site is optimized with the Yoast SEO Premium plugin v26.9 (Yoast SEO v26.9) - https:\/\/yoast.com\/product\/yoast-seo-premium-wordpress\/ -->\n<title>Elmgreen &amp; Dragset - Biography &#8211; Astrup Fearnley Museet<\/title>\n<meta name=\"description\" content=\"Finn unike og eksklusive kunstrelaterte produkter p\u00e5 Astrup Fearnley Museet sin Nettbutikk. Utforsk v\u00e5rt utvalg av kunstb\u00f8ker, plakater og mer.\" \/>\n<meta name=\"robots\" content=\"index, follow, max-snippet:-1, max-image-preview:large, max-video-preview:-1\" \/>\n<link rel=\"canonical\" href=\"https:\/\/www.afmuseet.no\/nettbutikk\/en\/product\/minikatalog-elmgreen-dragset-biography\/\" \/>\n<meta property=\"og:locale\" content=\"en_US\" \/>\n<meta property=\"og:type\" content=\"article\" \/>\n<meta property=\"og:title\" content=\"Elmgreen &amp; Dragset - Biography\" \/>\n<meta property=\"og:description\" content=\"Finn unike og eksklusive kunstrelaterte produkter p\u00e5 Astrup Fearnley Museet sin Nettbutikk. Utforsk v\u00e5rt utvalg av kunstb\u00f8ker, plakater og mer.\" \/>\n<meta property=\"og:url\" content=\"https:\/\/www.afmuseet.no\/nettbutikk\/en\/product\/minikatalog-elmgreen-dragset-biography\/\" \/>\n<meta property=\"og:site_name\" content=\"Astrup Fearnley Museet\" \/>\n<meta property=\"article:modified_time\" content=\"2026-04-16T07:05:04+00:00\" \/>\n<meta property=\"og:image\" content=\"https:\/\/www.afmuseet.no\/content\/uploads\/2020\/08\/pixelcut-export-30.jpeg\" \/>\n\t<meta property=\"og:image:width\" content=\"1806\" \/>\n\t<meta property=\"og:image:height\" content=\"1806\" \/>\n\t<meta property=\"og:image:type\" content=\"image\/jpeg\" \/>\n<meta name=\"twitter:card\" content=\"summary_large_image\" \/>\n<meta name=\"twitter:label1\" content=\"Est. reading time\" \/>\n\t<meta name=\"twitter:data1\" content=\"1 minute\" \/>\n<script type=\"application\/ld+json\" class=\"yoast-schema-graph\">{\"@context\":\"https:\/\/schema.org\",\"@graph\":[{\"@type\":\"WebPage\",\"@id\":\"https:\/\/www.afmuseet.no\/nettbutikk\/en\/product\/minikatalog-elmgreen-dragset-biography\/\",\"url\":\"https:\/\/www.afmuseet.no\/nettbutikk\/en\/product\/minikatalog-elmgreen-dragset-biography\/\",\"name\":\"Elmgreen &amp; Dragset - Biography &#8211; Astrup Fearnley Museet\",\"isPartOf\":{\"@id\":\"https:\/\/www.afmuseet.no\/nettbutikk\/#website\"},\"primaryImageOfPage\":{\"@id\":\"https:\/\/www.afmuseet.no\/nettbutikk\/en\/product\/minikatalog-elmgreen-dragset-biography\/#primaryimage\"},\"image\":{\"@id\":\"https:\/\/www.afmuseet.no\/nettbutikk\/en\/product\/minikatalog-elmgreen-dragset-biography\/#primaryimage\"},\"thumbnailUrl\":\"https:\/\/www.afmuseet.no\/content\/uploads\/2026\/04\/MGQzOTMyZWUtNjkwMi0xMWVhLWJkNGYtMDZiMjkyMWQwMjYw-MGRjMmUyNTAtMzk2Mi0xMWYxLTg4ZTAtMzE3MDMzNzlkNTdm.jpeg\",\"datePublished\":\"2020-08-05T05:27:10+00:00\",\"dateModified\":\"2026-04-16T07:05:04+00:00\",\"description\":\"Finn unike og eksklusive kunstrelaterte produkter p\u00e5 Astrup Fearnley Museet sin Nettbutikk. Utforsk v\u00e5rt utvalg av kunstb\u00f8ker, plakater og mer.\",\"breadcrumb\":{\"@id\":\"https:\/\/www.afmuseet.no\/nettbutikk\/en\/product\/minikatalog-elmgreen-dragset-biography\/#breadcrumb\"},\"inLanguage\":\"en-US\",\"potentialAction\":[{\"@type\":\"ReadAction\",\"target\":[\"https:\/\/www.afmuseet.no\/nettbutikk\/en\/product\/minikatalog-elmgreen-dragset-biography\/\"]}]},{\"@type\":\"ImageObject\",\"inLanguage\":\"en-US\",\"@id\":\"https:\/\/www.afmuseet.no\/nettbutikk\/en\/product\/minikatalog-elmgreen-dragset-biography\/#primaryimage\",\"url\":\"https:\/\/www.afmuseet.no\/content\/uploads\/2026\/04\/MGQzOTMyZWUtNjkwMi0xMWVhLWJkNGYtMDZiMjkyMWQwMjYw-MGRjMmUyNTAtMzk2Mi0xMWYxLTg4ZTAtMzE3MDMzNzlkNTdm.jpeg\",\"contentUrl\":\"https:\/\/www.afmuseet.no\/content\/uploads\/2026\/04\/MGQzOTMyZWUtNjkwMi0xMWVhLWJkNGYtMDZiMjkyMWQwMjYw-MGRjMmUyNTAtMzk2Mi0xMWYxLTg4ZTAtMzE3MDMzNzlkNTdm.jpeg\",\"width\":600,\"height\":400},{\"@type\":\"BreadcrumbList\",\"@id\":\"https:\/\/www.afmuseet.no\/nettbutikk\/en\/product\/minikatalog-elmgreen-dragset-biography\/#breadcrumb\",\"itemListElement\":[{\"@type\":\"ListItem\",\"position\":1,\"name\":\"Hjem\",\"item\":\"https:\/\/www.afmuseet.no\/nettbutikk\/en\/\"},{\"@type\":\"ListItem\",\"position\":2,\"name\":\"Shop\",\"item\":\"https:\/\/www.afmuseet.no\/nettbutikk\/shop\/\"},{\"@type\":\"ListItem\",\"position\":3,\"name\":\"Elmgreen &amp; Dragset &#8211; Biography\"}]},{\"@type\":\"WebSite\",\"@id\":\"https:\/\/www.afmuseet.no\/nettbutikk\/#website\",\"url\":\"https:\/\/www.afmuseet.no\/nettbutikk\/\",\"name\":\"Astrup Fearnley Museet\",\"description\":\"\",\"potentialAction\":[{\"@type\":\"SearchAction\",\"target\":{\"@type\":\"EntryPoint\",\"urlTemplate\":\"https:\/\/www.afmuseet.no\/nettbutikk\/?s={search_term_string}\"},\"query-input\":{\"@type\":\"PropertyValueSpecification\",\"valueRequired\":true,\"valueName\":\"search_term_string\"}}],\"inLanguage\":\"en-US\"}]}<\/script>\n<!-- \/ Yoast SEO Premium plugin. -->","yoast_head_json":{"title":"Elmgreen &amp; Dragset - Biography &#8211; Astrup Fearnley Museet","description":"Finn unike og eksklusive kunstrelaterte produkter p\u00e5 Astrup Fearnley Museet sin Nettbutikk. Utforsk v\u00e5rt utvalg av kunstb\u00f8ker, plakater og mer.","robots":{"index":"index","follow":"follow","max-snippet":"max-snippet:-1","max-image-preview":"max-image-preview:large","max-video-preview":"max-video-preview:-1"},"canonical":"https:\/\/www.afmuseet.no\/nettbutikk\/en\/product\/minikatalog-elmgreen-dragset-biography\/","og_locale":"en_US","og_type":"article","og_title":"Elmgreen &amp; Dragset - Biography","og_description":"Finn unike og eksklusive kunstrelaterte produkter p\u00e5 Astrup Fearnley Museet sin Nettbutikk. Utforsk v\u00e5rt utvalg av kunstb\u00f8ker, plakater og mer.","og_url":"https:\/\/www.afmuseet.no\/nettbutikk\/en\/product\/minikatalog-elmgreen-dragset-biography\/","og_site_name":"Astrup Fearnley Museet","article_modified_time":"2026-04-16T07:05:04+00:00","og_image":[{"width":1806,"height":1806,"url":"https:\/\/www.afmuseet.no\/content\/uploads\/2020\/08\/pixelcut-export-30.jpeg","type":"image\/jpeg"}],"twitter_card":"summary_large_image","twitter_misc":{"Est. reading time":"1 minute"},"schema":{"@context":"https:\/\/schema.org","@graph":[{"@type":"WebPage","@id":"https:\/\/www.afmuseet.no\/nettbutikk\/en\/product\/minikatalog-elmgreen-dragset-biography\/","url":"https:\/\/www.afmuseet.no\/nettbutikk\/en\/product\/minikatalog-elmgreen-dragset-biography\/","name":"Elmgreen &amp; Dragset - Biography &#8211; Astrup Fearnley Museet","isPartOf":{"@id":"https:\/\/www.afmuseet.no\/nettbutikk\/#website"},"primaryImageOfPage":{"@id":"https:\/\/www.afmuseet.no\/nettbutikk\/en\/product\/minikatalog-elmgreen-dragset-biography\/#primaryimage"},"image":{"@id":"https:\/\/www.afmuseet.no\/nettbutikk\/en\/product\/minikatalog-elmgreen-dragset-biography\/#primaryimage"},"thumbnailUrl":"https:\/\/www.afmuseet.no\/content\/uploads\/2026\/04\/MGQzOTMyZWUtNjkwMi0xMWVhLWJkNGYtMDZiMjkyMWQwMjYw-MGRjMmUyNTAtMzk2Mi0xMWYxLTg4ZTAtMzE3MDMzNzlkNTdm.jpeg","datePublished":"2020-08-05T05:27:10+00:00","dateModified":"2026-04-16T07:05:04+00:00","description":"Finn unike og eksklusive kunstrelaterte produkter p\u00e5 Astrup Fearnley Museet sin Nettbutikk. Utforsk v\u00e5rt utvalg av kunstb\u00f8ker, plakater og mer.","breadcrumb":{"@id":"https:\/\/www.afmuseet.no\/nettbutikk\/en\/product\/minikatalog-elmgreen-dragset-biography\/#breadcrumb"},"inLanguage":"en-US","potentialAction":[{"@type":"ReadAction","target":["https:\/\/www.afmuseet.no\/nettbutikk\/en\/product\/minikatalog-elmgreen-dragset-biography\/"]}]},{"@type":"ImageObject","inLanguage":"en-US","@id":"https:\/\/www.afmuseet.no\/nettbutikk\/en\/product\/minikatalog-elmgreen-dragset-biography\/#primaryimage","url":"https:\/\/www.afmuseet.no\/content\/uploads\/2026\/04\/MGQzOTMyZWUtNjkwMi0xMWVhLWJkNGYtMDZiMjkyMWQwMjYw-MGRjMmUyNTAtMzk2Mi0xMWYxLTg4ZTAtMzE3MDMzNzlkNTdm.jpeg","contentUrl":"https:\/\/www.afmuseet.no\/content\/uploads\/2026\/04\/MGQzOTMyZWUtNjkwMi0xMWVhLWJkNGYtMDZiMjkyMWQwMjYw-MGRjMmUyNTAtMzk2Mi0xMWYxLTg4ZTAtMzE3MDMzNzlkNTdm.jpeg","width":600,"height":400},{"@type":"BreadcrumbList","@id":"https:\/\/www.afmuseet.no\/nettbutikk\/en\/product\/minikatalog-elmgreen-dragset-biography\/#breadcrumb","itemListElement":[{"@type":"ListItem","position":1,"name":"Hjem","item":"https:\/\/www.afmuseet.no\/nettbutikk\/en\/"},{"@type":"ListItem","position":2,"name":"Shop","item":"https:\/\/www.afmuseet.no\/nettbutikk\/shop\/"},{"@type":"ListItem","position":3,"name":"Elmgreen &amp; Dragset &#8211; Biography"}]},{"@type":"WebSite","@id":"https:\/\/www.afmuseet.no\/nettbutikk\/#website","url":"https:\/\/www.afmuseet.no\/nettbutikk\/","name":"Astrup Fearnley Museet","description":"","potentialAction":[{"@type":"SearchAction","target":{"@type":"EntryPoint","urlTemplate":"https:\/\/www.afmuseet.no\/nettbutikk\/?s={search_term_string}"},"query-input":{"@type":"PropertyValueSpecification","valueRequired":true,"valueName":"search_term_string"}}],"inLanguage":"en-US"}]}},"acf":[],"lang":"en","translations":{"en":2246,"nb":8723},"pll_sync_post":[],"_links":{"self":[{"href":"https:\/\/www.afmuseet.no\/nettbutikk\/wp-json\/wp\/v2\/product\/2246","targetHints":{"allow":["GET"]}}],"collection":[{"href":"https:\/\/www.afmuseet.no\/nettbutikk\/wp-json\/wp\/v2\/product"}],"about":[{"href":"https:\/\/www.afmuseet.no\/nettbutikk\/wp-json\/wp\/v2\/types\/product"}],"wp:featuredmedia":[{"embeddable":true,"href":"https:\/\/www.afmuseet.no\/nettbutikk\/wp-json\/wp\/v2\/media\/86588"}],"wp:attachment":[{"href":"https:\/\/www.afmuseet.no\/nettbutikk\/wp-json\/wp\/v2\/media?parent=2246"}],"wp:term":[{"taxonomy":"product_brand","embeddable":true,"href":"https:\/\/www.afmuseet.no\/nettbutikk\/wp-json\/wp\/v2\/product_brand?post=2246"},{"taxonomy":"product_cat","embeddable":true,"href":"https:\/\/www.afmuseet.no\/nettbutikk\/wp-json\/wp\/v2\/product_cat?post=2246"},{"taxonomy":"product_tag","embeddable":true,"href":"https:\/\/www.afmuseet.no\/nettbutikk\/wp-json\/wp\/v2\/product_tag?post=2246"}],"curies":[{"name":"wp","href":"https:\/\/api.w.org\/{rel}","templated":true}]}}