{"id":14568,"date":"2021-06-17T14:51:46","date_gmt":"2021-06-17T13:51:46","guid":{"rendered":"https:\/\/www.afmuseet.no\/nettbutikk\/?post_type=product&#038;p=14568"},"modified":"2023-07-28T14:15:26","modified_gmt":"2023-07-28T13:15:26","slug":"cloud-spotter-30-cards-to-keep-you-looking-up","status":"publish","type":"product","link":"https:\/\/www.afmuseet.no\/nettbutikk\/en\/product\/cloud-spotter-30-cards-to-keep-you-looking-up\/","title":{"rendered":"Cloud Spotter: 30 Cards to Keep You Looking Up"},"content":{"rendered":"","protected":false},"excerpt":{"rendered":"<p class=\"p1\" style=\"margin: 0cm;margin-bottom: .0001pt\"><span class=\"s1\"><span style=\"color: black\">Are you a true Cloud Spotter? This beautiful card-game, consisting of 30 unique cards depicting serene sky-scapes, will put your spotting to the test.\u00a0<\/span><\/span><\/p>\n<p class=\"p1\" style=\"margin: 0cm;margin-bottom: .0001pt\"><span class=\"s1\"><span style=\"color: black\">Illustrated by Marcel George, with texts by Gavin Pretor-Pinney, the Cloud Spotter card game goes perfectly with any quiet summer night, be it at the beach, the cabin, rooftop, or wherever you watch the skies!\u00a0<\/span><\/span><\/p>\n<p>&nbsp;<\/p>\n<p>Format: Cards | 30 pages<\/p>\n<p>Dimensions: 106 x 134 x 36mm | 240g<\/p>\n<p>Publication date: 27 Apr 2021<\/p>\n<p>Language: English<\/p>\n<p>Illustrations note: 30 Illustrations, unspecified<\/p>\n<p>ISBN13 9781786278883<\/p>\n","protected":false},"featured_media":14641,"template":"","meta":{"_acf_changed":false,"afm_hide_title":false,"_afm_post_new_title":"","afm_terms_sep_product_language":", ","afm_terms_sep_product_post_translations":", ","afm_terms_sep_product_product_brand":", ","afm_terms_sep_product_product_type":", ","afm_terms_sep_product_product_visibility":", ","afm_terms_sep_product_product_cat":", ","afm_terms_sep_product_product_tag":", ","afm_terms_sep_product_product_shipping_class":", ","afm_terms_sep_product_pos_product_visibility":", ","afm_terms_sep_product_pa_cindy-sherman-art-bag":", "},"product_brand":[],"product_cat":[171,98],"product_tag":[],"class_list":{"0":"post-14568","1":"product","2":"type-product","3":"status-publish","4":"has-post-thumbnail","6":"product_cat-3041-anskaffede-artikler","7":"product_cat-gifts","8":"product_shipping_class-div-product","10":"first","11":"outofstock","12":"taxable","13":"shipping-taxable","14":"purchasable","15":"product-type-simple"},"group_of_quantity":0,"min_quantity":0,"max_quantity":"","exclude_order_quantity_value_rules":"no","exclude_category_quantity_rules":"no","combine_variations":"no","yoast_head":"<!-- This site is optimized with the Yoast SEO Premium plugin v26.9 (Yoast SEO v26.9) - https:\/\/yoast.com\/product\/yoast-seo-premium-wordpress\/ -->\n<title>Cloud Spotter: 30 Cards to Keep You Looking Up &#8211; Astrup Fearnley Museet<\/title>\n<meta name=\"description\" content=\"Finn unike og eksklusive kunstrelaterte produkter p\u00e5 Astrup Fearnley Museet sin Nettbutikk. Utforsk v\u00e5rt utvalg av kunstb\u00f8ker, plakater og mer.\" \/>\n<meta name=\"robots\" content=\"index, follow, max-snippet:-1, max-image-preview:large, max-video-preview:-1\" \/>\n<link rel=\"canonical\" href=\"https:\/\/www.afmuseet.no\/nettbutikk\/en\/product\/cloud-spotter-30-cards-to-keep-you-looking-up\/\" \/>\n<meta property=\"og:locale\" content=\"en_US\" \/>\n<meta property=\"og:type\" content=\"article\" \/>\n<meta property=\"og:title\" content=\"Cloud Spotter: 30 Cards to Keep You Looking Up\" \/>\n<meta property=\"og:description\" content=\"Finn unike og eksklusive kunstrelaterte produkter p\u00e5 Astrup Fearnley Museet sin Nettbutikk. Utforsk v\u00e5rt utvalg av kunstb\u00f8ker, plakater og mer.\" \/>\n<meta property=\"og:url\" content=\"https:\/\/www.afmuseet.no\/nettbutikk\/en\/product\/cloud-spotter-30-cards-to-keep-you-looking-up\/\" \/>\n<meta property=\"og:site_name\" content=\"Astrup Fearnley Museet\" \/>\n<meta property=\"article:modified_time\" content=\"2023-07-28T13:15:26+00:00\" \/>\n<meta property=\"og:image\" content=\"https:\/\/www.afmuseet.no\/content\/uploads\/2021\/06\/eske-med-kort.jpg\" \/>\n\t<meta property=\"og:image:width\" content=\"2000\" \/>\n\t<meta property=\"og:image:height\" content=\"2000\" \/>\n\t<meta property=\"og:image:type\" content=\"image\/jpeg\" \/>\n<meta name=\"twitter:card\" content=\"summary_large_image\" \/>\n<script type=\"application\/ld+json\" class=\"yoast-schema-graph\">{\"@context\":\"https:\/\/schema.org\",\"@graph\":[{\"@type\":\"WebPage\",\"@id\":\"https:\/\/www.afmuseet.no\/nettbutikk\/en\/product\/cloud-spotter-30-cards-to-keep-you-looking-up\/\",\"url\":\"https:\/\/www.afmuseet.no\/nettbutikk\/en\/product\/cloud-spotter-30-cards-to-keep-you-looking-up\/\",\"name\":\"Cloud Spotter: 30 Cards to Keep You Looking Up &#8211; Astrup Fearnley Museet\",\"isPartOf\":{\"@id\":\"https:\/\/www.afmuseet.no\/nettbutikk\/#website\"},\"primaryImageOfPage\":{\"@id\":\"https:\/\/www.afmuseet.no\/nettbutikk\/en\/product\/cloud-spotter-30-cards-to-keep-you-looking-up\/#primaryimage\"},\"image\":{\"@id\":\"https:\/\/www.afmuseet.no\/nettbutikk\/en\/product\/cloud-spotter-30-cards-to-keep-you-looking-up\/#primaryimage\"},\"thumbnailUrl\":\"https:\/\/www.afmuseet.no\/content\/uploads\/2021\/06\/eske-med-kort.jpg\",\"datePublished\":\"2021-06-17T13:51:46+00:00\",\"dateModified\":\"2023-07-28T13:15:26+00:00\",\"description\":\"Finn unike og eksklusive kunstrelaterte produkter p\u00e5 Astrup Fearnley Museet sin Nettbutikk. Utforsk v\u00e5rt utvalg av kunstb\u00f8ker, plakater og mer.\",\"breadcrumb\":{\"@id\":\"https:\/\/www.afmuseet.no\/nettbutikk\/en\/product\/cloud-spotter-30-cards-to-keep-you-looking-up\/#breadcrumb\"},\"inLanguage\":\"en-US\",\"potentialAction\":[{\"@type\":\"ReadAction\",\"target\":[\"https:\/\/www.afmuseet.no\/nettbutikk\/en\/product\/cloud-spotter-30-cards-to-keep-you-looking-up\/\"]}]},{\"@type\":\"ImageObject\",\"inLanguage\":\"en-US\",\"@id\":\"https:\/\/www.afmuseet.no\/nettbutikk\/en\/product\/cloud-spotter-30-cards-to-keep-you-looking-up\/#primaryimage\",\"url\":\"https:\/\/www.afmuseet.no\/content\/uploads\/2021\/06\/eske-med-kort.jpg\",\"contentUrl\":\"https:\/\/www.afmuseet.no\/content\/uploads\/2021\/06\/eske-med-kort.jpg\",\"width\":2000,\"height\":2000},{\"@type\":\"BreadcrumbList\",\"@id\":\"https:\/\/www.afmuseet.no\/nettbutikk\/en\/product\/cloud-spotter-30-cards-to-keep-you-looking-up\/#breadcrumb\",\"itemListElement\":[{\"@type\":\"ListItem\",\"position\":1,\"name\":\"Hjem\",\"item\":\"https:\/\/www.afmuseet.no\/nettbutikk\/en\/\"},{\"@type\":\"ListItem\",\"position\":2,\"name\":\"Shop\",\"item\":\"https:\/\/www.afmuseet.no\/nettbutikk\/shop\/\"},{\"@type\":\"ListItem\",\"position\":3,\"name\":\"Cloud Spotter: 30 Cards to Keep You Looking Up\"}]},{\"@type\":\"WebSite\",\"@id\":\"https:\/\/www.afmuseet.no\/nettbutikk\/#website\",\"url\":\"https:\/\/www.afmuseet.no\/nettbutikk\/\",\"name\":\"Astrup Fearnley Museet\",\"description\":\"\",\"potentialAction\":[{\"@type\":\"SearchAction\",\"target\":{\"@type\":\"EntryPoint\",\"urlTemplate\":\"https:\/\/www.afmuseet.no\/nettbutikk\/?s={search_term_string}\"},\"query-input\":{\"@type\":\"PropertyValueSpecification\",\"valueRequired\":true,\"valueName\":\"search_term_string\"}}],\"inLanguage\":\"en-US\"}]}<\/script>\n<!-- \/ Yoast SEO Premium plugin. -->","yoast_head_json":{"title":"Cloud Spotter: 30 Cards to Keep You Looking Up &#8211; Astrup Fearnley Museet","description":"Finn unike og eksklusive kunstrelaterte produkter p\u00e5 Astrup Fearnley Museet sin Nettbutikk. Utforsk v\u00e5rt utvalg av kunstb\u00f8ker, plakater og mer.","robots":{"index":"index","follow":"follow","max-snippet":"max-snippet:-1","max-image-preview":"max-image-preview:large","max-video-preview":"max-video-preview:-1"},"canonical":"https:\/\/www.afmuseet.no\/nettbutikk\/en\/product\/cloud-spotter-30-cards-to-keep-you-looking-up\/","og_locale":"en_US","og_type":"article","og_title":"Cloud Spotter: 30 Cards to Keep You Looking Up","og_description":"Finn unike og eksklusive kunstrelaterte produkter p\u00e5 Astrup Fearnley Museet sin Nettbutikk. Utforsk v\u00e5rt utvalg av kunstb\u00f8ker, plakater og mer.","og_url":"https:\/\/www.afmuseet.no\/nettbutikk\/en\/product\/cloud-spotter-30-cards-to-keep-you-looking-up\/","og_site_name":"Astrup Fearnley Museet","article_modified_time":"2023-07-28T13:15:26+00:00","og_image":[{"width":2000,"height":2000,"url":"https:\/\/www.afmuseet.no\/content\/uploads\/2021\/06\/eske-med-kort.jpg","type":"image\/jpeg"}],"twitter_card":"summary_large_image","schema":{"@context":"https:\/\/schema.org","@graph":[{"@type":"WebPage","@id":"https:\/\/www.afmuseet.no\/nettbutikk\/en\/product\/cloud-spotter-30-cards-to-keep-you-looking-up\/","url":"https:\/\/www.afmuseet.no\/nettbutikk\/en\/product\/cloud-spotter-30-cards-to-keep-you-looking-up\/","name":"Cloud Spotter: 30 Cards to Keep You Looking Up &#8211; Astrup Fearnley Museet","isPartOf":{"@id":"https:\/\/www.afmuseet.no\/nettbutikk\/#website"},"primaryImageOfPage":{"@id":"https:\/\/www.afmuseet.no\/nettbutikk\/en\/product\/cloud-spotter-30-cards-to-keep-you-looking-up\/#primaryimage"},"image":{"@id":"https:\/\/www.afmuseet.no\/nettbutikk\/en\/product\/cloud-spotter-30-cards-to-keep-you-looking-up\/#primaryimage"},"thumbnailUrl":"https:\/\/www.afmuseet.no\/content\/uploads\/2021\/06\/eske-med-kort.jpg","datePublished":"2021-06-17T13:51:46+00:00","dateModified":"2023-07-28T13:15:26+00:00","description":"Finn unike og eksklusive kunstrelaterte produkter p\u00e5 Astrup Fearnley Museet sin Nettbutikk. Utforsk v\u00e5rt utvalg av kunstb\u00f8ker, plakater og mer.","breadcrumb":{"@id":"https:\/\/www.afmuseet.no\/nettbutikk\/en\/product\/cloud-spotter-30-cards-to-keep-you-looking-up\/#breadcrumb"},"inLanguage":"en-US","potentialAction":[{"@type":"ReadAction","target":["https:\/\/www.afmuseet.no\/nettbutikk\/en\/product\/cloud-spotter-30-cards-to-keep-you-looking-up\/"]}]},{"@type":"ImageObject","inLanguage":"en-US","@id":"https:\/\/www.afmuseet.no\/nettbutikk\/en\/product\/cloud-spotter-30-cards-to-keep-you-looking-up\/#primaryimage","url":"https:\/\/www.afmuseet.no\/content\/uploads\/2021\/06\/eske-med-kort.jpg","contentUrl":"https:\/\/www.afmuseet.no\/content\/uploads\/2021\/06\/eske-med-kort.jpg","width":2000,"height":2000},{"@type":"BreadcrumbList","@id":"https:\/\/www.afmuseet.no\/nettbutikk\/en\/product\/cloud-spotter-30-cards-to-keep-you-looking-up\/#breadcrumb","itemListElement":[{"@type":"ListItem","position":1,"name":"Hjem","item":"https:\/\/www.afmuseet.no\/nettbutikk\/en\/"},{"@type":"ListItem","position":2,"name":"Shop","item":"https:\/\/www.afmuseet.no\/nettbutikk\/shop\/"},{"@type":"ListItem","position":3,"name":"Cloud Spotter: 30 Cards to Keep You Looking Up"}]},{"@type":"WebSite","@id":"https:\/\/www.afmuseet.no\/nettbutikk\/#website","url":"https:\/\/www.afmuseet.no\/nettbutikk\/","name":"Astrup Fearnley Museet","description":"","potentialAction":[{"@type":"SearchAction","target":{"@type":"EntryPoint","urlTemplate":"https:\/\/www.afmuseet.no\/nettbutikk\/?s={search_term_string}"},"query-input":{"@type":"PropertyValueSpecification","valueRequired":true,"valueName":"search_term_string"}}],"inLanguage":"en-US"}]}},"acf":[],"lang":"en","translations":{"en":14568,"nb":14567},"pll_sync_post":[],"_links":{"self":[{"href":"https:\/\/www.afmuseet.no\/nettbutikk\/wp-json\/wp\/v2\/product\/14568","targetHints":{"allow":["GET"]}}],"collection":[{"href":"https:\/\/www.afmuseet.no\/nettbutikk\/wp-json\/wp\/v2\/product"}],"about":[{"href":"https:\/\/www.afmuseet.no\/nettbutikk\/wp-json\/wp\/v2\/types\/product"}],"wp:featuredmedia":[{"embeddable":true,"href":"https:\/\/www.afmuseet.no\/nettbutikk\/wp-json\/wp\/v2\/media\/14641"}],"wp:attachment":[{"href":"https:\/\/www.afmuseet.no\/nettbutikk\/wp-json\/wp\/v2\/media?parent=14568"}],"wp:term":[{"taxonomy":"product_brand","embeddable":true,"href":"https:\/\/www.afmuseet.no\/nettbutikk\/wp-json\/wp\/v2\/product_brand?post=14568"},{"taxonomy":"product_cat","embeddable":true,"href":"https:\/\/www.afmuseet.no\/nettbutikk\/wp-json\/wp\/v2\/product_cat?post=14568"},{"taxonomy":"product_tag","embeddable":true,"href":"https:\/\/www.afmuseet.no\/nettbutikk\/wp-json\/wp\/v2\/product_tag?post=14568"}],"curies":[{"name":"wp","href":"https:\/\/api.w.org\/{rel}","templated":true}]}}