{"id":13559,"date":"2021-05-25T09:58:29","date_gmt":"2021-05-25T08:58:29","guid":{"rendered":"https:\/\/www.afmuseet.no\/nettbutikk\/?post_type=product&#038;p=13559"},"modified":"2025-11-20T17:07:06","modified_gmt":"2025-11-20T15:07:06","slug":"katalog-nicole-eisenman-giant-without-a-body","status":"publish","type":"product","link":"https:\/\/www.afmuseet.no\/nettbutikk\/produkt\/katalog-nicole-eisenman-giant-without-a-body\/","title":{"rendered":"Nicole Eisenman &#8211; Giant Without a Body"},"content":{"rendered":"<p><em>Giant Without a Body<\/em> var en stor presentasjon av arbeidet til Nicole Eisenman i 2021, og hennes st\u00f8rste separatutstilling i Europa til dags dato. Utstillingen gikk dypt inn i kunstnerens praksis fra 2006, inkludert en rekke nye malerier og skulpturer. Nicole Eisenmans karakteristiske verk gir et fargerikt og festlig f\u00f8rsteinntrykk. Ved n\u00e6rmere ettersyn avsl\u00f8rer de flere lag med mening og intrikate fortellinger. Mange av disse historiene er basert p\u00e5 karakterer fra hennes eget liv. Kunstneren trekker ogs\u00e5 frem st\u00f8rre samfunnssp\u00f8rsm\u00e5l og politiske gnisninger. Med humor kommer hun inn p\u00e5 sp\u00f8rsm\u00e5l som identitet, seksualitet og politikk. Eisenmans unike \u00f8ye for kompleksiteten i moderne samfunn og motstridende menneskelige f\u00f8lelser, skaper skarpe og sl\u00e5ende observasjoner av v\u00e5r moderne virkelighet.<\/p>\n<p>I forbindelse med utstillingen i 2021, publiserte Astrup Fearnley Museet en omfattende katalog med tekster av kurator Solveig \u00d8vsteb\u00f8 og skribentene Rahel Aima og Diana Tourj\u00e9e. Katalogen er rikt illustrert og inkluderer b\u00e5de installasjonsfoto fra utstillingen, samt detaljerte dokumentasjoner av Eisenmans handlingsmettede arbeider.<\/p>\n<p><strong>Om kunstneren<\/strong>: Nicole Eisenman (F. 1965) bor og arbeider i Brooklyn, New York. Arbeidene hennes har blitt utstilt i b\u00e5de separat- og gruppeutstillinger ved institusjoner som MoMA, SFMOMA, New Museum, Carnegie Museum of Art, Kunsthalle Z\u00fcrich og Ludwig Museum i K\u00f6ln. I 2019 ble arbeidene hennes vist b\u00e5de p\u00e5 Venezia-biennalen og Whitney-biennalen. I 2015 ble hun en del av MacArthur Fellows Program og i 2018 ble hun innlemmet i American Academy of Arts and Letters.<\/p>\n<p>&nbsp;<\/p>\n","protected":false},"excerpt":{"rendered":"<p>Redaksjon: Nicole Eisenman og Solveig \u00d8vsteb\u00f8<br \/>\nTekst: Solveig \u00d8vsteb\u00f8, Rachel Aima, Diana Tourj\u00e9e.<br \/>\nDesign: Katarina Schildgren og Paul Gasser<br \/>\nFormat: Softcover<br \/>\nSpr\u00e5k: engelsk og norsk<br \/>\nSt\u00f8rrelse: 24 x 27,5 x 1,5 cm<br \/>\nSider: 168<br \/>\n\u00a9 Astrup Fearnley Museet, 2021<br \/>\nISBN: 978-82-93654-18-6<\/p>\n","protected":false},"featured_media":41868,"template":"","meta":{"_acf_changed":false,"afm_hide_title":false,"_afm_post_new_title":"","afm_terms_sep_product_language":", ","afm_terms_sep_product_post_translations":", ","afm_terms_sep_product_product_brand":", ","afm_terms_sep_product_product_type":", ","afm_terms_sep_product_product_visibility":", ","afm_terms_sep_product_product_cat":", ","afm_terms_sep_product_product_tag":", ","afm_terms_sep_product_product_shipping_class":", ","afm_terms_sep_product_pos_product_visibility":", ","afm_terms_sep_product_pa_cindy-sherman-art-bag":", "},"product_brand":[],"product_cat":[383,387,385],"product_tag":[1289],"class_list":{"0":"post-13559","1":"product","2":"type-product","3":"status-publish","4":"has-post-thumbnail","6":"product_cat-3105-egne-kataloger","7":"product_cat-exhibition-catalogues-books","8":"product_cat-publications","9":"product_tag-nicole-eisenman","10":"product_shipping_class-normal-katalog","12":"first","13":"instock","14":"taxable","15":"shipping-taxable","16":"purchasable","17":"product-type-simple"},"group_of_quantity":0,"min_quantity":1,"max_quantity":30,"exclude_order_quantity_value_rules":"no","exclude_category_quantity_rules":"no","combine_variations":"no","yoast_head":"<!-- This site is optimized with the Yoast SEO Premium plugin v26.9 (Yoast SEO v26.9) - https:\/\/yoast.com\/product\/yoast-seo-premium-wordpress\/ -->\n<title>Nicole Eisenman - Giant Without a Body &#8211; Astrup Fearnley Museet<\/title>\n<meta name=\"description\" content=\"Rikt illustrert utstillingskatalog publisert i forbindelse med utstillingen Nicole Eisenman - Giant Without a Body, 2021.\" \/>\n<meta name=\"robots\" content=\"index, follow, max-snippet:-1, max-image-preview:large, max-video-preview:-1\" \/>\n<link rel=\"canonical\" href=\"https:\/\/www.afmuseet.no\/nettbutikk\/produkt\/katalog-nicole-eisenman-giant-without-a-body\/\" \/>\n<meta property=\"og:locale\" content=\"en_US\" \/>\n<meta property=\"og:type\" content=\"article\" \/>\n<meta property=\"og:title\" content=\"Nicole Eisenman - Giant Without a Body\" \/>\n<meta property=\"og:description\" content=\"Rikt illustrert utstillingskatalog publisert i forbindelse med utstillingen Nicole Eisenman - Giant Without a Body, 2021.\" \/>\n<meta property=\"og:url\" content=\"https:\/\/www.afmuseet.no\/nettbutikk\/produkt\/katalog-nicole-eisenman-giant-without-a-body\/\" \/>\n<meta property=\"og:site_name\" content=\"Astrup Fearnley Museet\" \/>\n<meta property=\"article:modified_time\" content=\"2025-11-20T15:07:06+00:00\" \/>\n<meta property=\"og:image\" content=\"https:\/\/www.afmuseet.no\/content\/uploads\/2021\/05\/Cover-snip-2-square.jpg\" \/>\n\t<meta property=\"og:image:width\" content=\"712\" \/>\n\t<meta property=\"og:image:height\" content=\"713\" \/>\n\t<meta property=\"og:image:type\" content=\"image\/jpeg\" \/>\n<meta name=\"twitter:card\" content=\"summary_large_image\" \/>\n<meta name=\"twitter:label1\" content=\"Est. reading time\" \/>\n\t<meta name=\"twitter:data1\" content=\"2 minutes\" \/>\n<script type=\"application\/ld+json\" class=\"yoast-schema-graph\">{\"@context\":\"https:\/\/schema.org\",\"@graph\":[{\"@type\":\"WebPage\",\"@id\":\"https:\/\/www.afmuseet.no\/nettbutikk\/produkt\/katalog-nicole-eisenman-giant-without-a-body\/\",\"url\":\"https:\/\/www.afmuseet.no\/nettbutikk\/produkt\/katalog-nicole-eisenman-giant-without-a-body\/\",\"name\":\"Nicole Eisenman - Giant Without a Body &#8211; Astrup Fearnley Museet\",\"isPartOf\":{\"@id\":\"https:\/\/www.afmuseet.no\/nettbutikk\/#website\"},\"primaryImageOfPage\":{\"@id\":\"https:\/\/www.afmuseet.no\/nettbutikk\/produkt\/katalog-nicole-eisenman-giant-without-a-body\/#primaryimage\"},\"image\":{\"@id\":\"https:\/\/www.afmuseet.no\/nettbutikk\/produkt\/katalog-nicole-eisenman-giant-without-a-body\/#primaryimage\"},\"thumbnailUrl\":\"https:\/\/www.afmuseet.no\/content\/uploads\/2021\/05\/Cover-snip-2-square.jpg\",\"datePublished\":\"2021-05-25T08:58:29+00:00\",\"dateModified\":\"2025-11-20T15:07:06+00:00\",\"description\":\"Rikt illustrert utstillingskatalog publisert i forbindelse med utstillingen Nicole Eisenman - Giant Without a Body, 2021.\",\"breadcrumb\":{\"@id\":\"https:\/\/www.afmuseet.no\/nettbutikk\/produkt\/katalog-nicole-eisenman-giant-without-a-body\/#breadcrumb\"},\"inLanguage\":\"en-US\",\"potentialAction\":[{\"@type\":\"ReadAction\",\"target\":[\"https:\/\/www.afmuseet.no\/nettbutikk\/produkt\/katalog-nicole-eisenman-giant-without-a-body\/\"]}]},{\"@type\":\"ImageObject\",\"inLanguage\":\"en-US\",\"@id\":\"https:\/\/www.afmuseet.no\/nettbutikk\/produkt\/katalog-nicole-eisenman-giant-without-a-body\/#primaryimage\",\"url\":\"https:\/\/www.afmuseet.no\/content\/uploads\/2021\/05\/Cover-snip-2-square.jpg\",\"contentUrl\":\"https:\/\/www.afmuseet.no\/content\/uploads\/2021\/05\/Cover-snip-2-square.jpg\",\"width\":712,\"height\":713},{\"@type\":\"BreadcrumbList\",\"@id\":\"https:\/\/www.afmuseet.no\/nettbutikk\/produkt\/katalog-nicole-eisenman-giant-without-a-body\/#breadcrumb\",\"itemListElement\":[{\"@type\":\"ListItem\",\"position\":1,\"name\":\"Hjem\",\"item\":\"https:\/\/www.afmuseet.no\/nettbutikk\/en\/\"},{\"@type\":\"ListItem\",\"position\":2,\"name\":\"Shop\",\"item\":\"https:\/\/www.afmuseet.no\/nettbutikk\/shop\/\"},{\"@type\":\"ListItem\",\"position\":3,\"name\":\"Nicole Eisenman &#8211; Giant Without a Body\"}]},{\"@type\":\"WebSite\",\"@id\":\"https:\/\/www.afmuseet.no\/nettbutikk\/#website\",\"url\":\"https:\/\/www.afmuseet.no\/nettbutikk\/\",\"name\":\"Astrup Fearnley Museet\",\"description\":\"\",\"potentialAction\":[{\"@type\":\"SearchAction\",\"target\":{\"@type\":\"EntryPoint\",\"urlTemplate\":\"https:\/\/www.afmuseet.no\/nettbutikk\/?s={search_term_string}\"},\"query-input\":{\"@type\":\"PropertyValueSpecification\",\"valueRequired\":true,\"valueName\":\"search_term_string\"}}],\"inLanguage\":\"en-US\"}]}<\/script>\n<!-- \/ Yoast SEO Premium plugin. -->","yoast_head_json":{"title":"Nicole Eisenman - Giant Without a Body &#8211; Astrup Fearnley Museet","description":"Rikt illustrert utstillingskatalog publisert i forbindelse med utstillingen Nicole Eisenman - Giant Without a Body, 2021.","robots":{"index":"index","follow":"follow","max-snippet":"max-snippet:-1","max-image-preview":"max-image-preview:large","max-video-preview":"max-video-preview:-1"},"canonical":"https:\/\/www.afmuseet.no\/nettbutikk\/produkt\/katalog-nicole-eisenman-giant-without-a-body\/","og_locale":"en_US","og_type":"article","og_title":"Nicole Eisenman - Giant Without a Body","og_description":"Rikt illustrert utstillingskatalog publisert i forbindelse med utstillingen Nicole Eisenman - Giant Without a Body, 2021.","og_url":"https:\/\/www.afmuseet.no\/nettbutikk\/produkt\/katalog-nicole-eisenman-giant-without-a-body\/","og_site_name":"Astrup Fearnley Museet","article_modified_time":"2025-11-20T15:07:06+00:00","og_image":[{"width":712,"height":713,"url":"https:\/\/www.afmuseet.no\/content\/uploads\/2021\/05\/Cover-snip-2-square.jpg","type":"image\/jpeg"}],"twitter_card":"summary_large_image","twitter_misc":{"Est. reading time":"2 minutes"},"schema":{"@context":"https:\/\/schema.org","@graph":[{"@type":"WebPage","@id":"https:\/\/www.afmuseet.no\/nettbutikk\/produkt\/katalog-nicole-eisenman-giant-without-a-body\/","url":"https:\/\/www.afmuseet.no\/nettbutikk\/produkt\/katalog-nicole-eisenman-giant-without-a-body\/","name":"Nicole Eisenman - Giant Without a Body &#8211; Astrup Fearnley Museet","isPartOf":{"@id":"https:\/\/www.afmuseet.no\/nettbutikk\/#website"},"primaryImageOfPage":{"@id":"https:\/\/www.afmuseet.no\/nettbutikk\/produkt\/katalog-nicole-eisenman-giant-without-a-body\/#primaryimage"},"image":{"@id":"https:\/\/www.afmuseet.no\/nettbutikk\/produkt\/katalog-nicole-eisenman-giant-without-a-body\/#primaryimage"},"thumbnailUrl":"https:\/\/www.afmuseet.no\/content\/uploads\/2021\/05\/Cover-snip-2-square.jpg","datePublished":"2021-05-25T08:58:29+00:00","dateModified":"2025-11-20T15:07:06+00:00","description":"Rikt illustrert utstillingskatalog publisert i forbindelse med utstillingen Nicole Eisenman - Giant Without a Body, 2021.","breadcrumb":{"@id":"https:\/\/www.afmuseet.no\/nettbutikk\/produkt\/katalog-nicole-eisenman-giant-without-a-body\/#breadcrumb"},"inLanguage":"en-US","potentialAction":[{"@type":"ReadAction","target":["https:\/\/www.afmuseet.no\/nettbutikk\/produkt\/katalog-nicole-eisenman-giant-without-a-body\/"]}]},{"@type":"ImageObject","inLanguage":"en-US","@id":"https:\/\/www.afmuseet.no\/nettbutikk\/produkt\/katalog-nicole-eisenman-giant-without-a-body\/#primaryimage","url":"https:\/\/www.afmuseet.no\/content\/uploads\/2021\/05\/Cover-snip-2-square.jpg","contentUrl":"https:\/\/www.afmuseet.no\/content\/uploads\/2021\/05\/Cover-snip-2-square.jpg","width":712,"height":713},{"@type":"BreadcrumbList","@id":"https:\/\/www.afmuseet.no\/nettbutikk\/produkt\/katalog-nicole-eisenman-giant-without-a-body\/#breadcrumb","itemListElement":[{"@type":"ListItem","position":1,"name":"Hjem","item":"https:\/\/www.afmuseet.no\/nettbutikk\/en\/"},{"@type":"ListItem","position":2,"name":"Shop","item":"https:\/\/www.afmuseet.no\/nettbutikk\/shop\/"},{"@type":"ListItem","position":3,"name":"Nicole Eisenman &#8211; Giant Without a Body"}]},{"@type":"WebSite","@id":"https:\/\/www.afmuseet.no\/nettbutikk\/#website","url":"https:\/\/www.afmuseet.no\/nettbutikk\/","name":"Astrup Fearnley Museet","description":"","potentialAction":[{"@type":"SearchAction","target":{"@type":"EntryPoint","urlTemplate":"https:\/\/www.afmuseet.no\/nettbutikk\/?s={search_term_string}"},"query-input":{"@type":"PropertyValueSpecification","valueRequired":true,"valueName":"search_term_string"}}],"inLanguage":"en-US"}]}},"acf":[],"lang":"nb","translations":{"nb":13559,"en":13551},"pll_sync_post":[],"_links":{"self":[{"href":"https:\/\/www.afmuseet.no\/nettbutikk\/wp-json\/wp\/v2\/product\/13559","targetHints":{"allow":["GET"]}}],"collection":[{"href":"https:\/\/www.afmuseet.no\/nettbutikk\/wp-json\/wp\/v2\/product"}],"about":[{"href":"https:\/\/www.afmuseet.no\/nettbutikk\/wp-json\/wp\/v2\/types\/product"}],"wp:featuredmedia":[{"embeddable":true,"href":"https:\/\/www.afmuseet.no\/nettbutikk\/wp-json\/wp\/v2\/media\/41868"}],"wp:attachment":[{"href":"https:\/\/www.afmuseet.no\/nettbutikk\/wp-json\/wp\/v2\/media?parent=13559"}],"wp:term":[{"taxonomy":"product_brand","embeddable":true,"href":"https:\/\/www.afmuseet.no\/nettbutikk\/wp-json\/wp\/v2\/product_brand?post=13559"},{"taxonomy":"product_cat","embeddable":true,"href":"https:\/\/www.afmuseet.no\/nettbutikk\/wp-json\/wp\/v2\/product_cat?post=13559"},{"taxonomy":"product_tag","embeddable":true,"href":"https:\/\/www.afmuseet.no\/nettbutikk\/wp-json\/wp\/v2\/product_tag?post=13559"}],"curies":[{"name":"wp","href":"https:\/\/api.w.org\/{rel}","templated":true}]}}