{"id":11557,"date":"2020-10-22T10:23:28","date_gmt":"2020-10-22T09:23:28","guid":{"rendered":"https:\/\/www.afmuseet.no\/nettbutikk\/?post_type=product&#038;p=11557"},"modified":"2022-04-21T16:29:47","modified_gmt":"2022-04-21T15:29:47","slug":"instagram-poetry-for-every-day","status":"publish","type":"product","link":"https:\/\/www.afmuseet.no\/nettbutikk\/produkt\/instagram-poetry-for-every-day\/","title":{"rendered":"Instagram Poetry for Every Day"},"content":{"rendered":"","protected":false},"excerpt":{"rendered":"<p>Denne antologien er den f\u00f8rste i sitt slag, og samler over 120 dikt av 50 av de mest popul\u00e6re navnene i Instapoesi, s\u00e5 vel som kommende talent. Kort, relatabel og hardtsl\u00e5ende, omfavner diktene samtidstemaer om mental helse, feminisme, rasefordommer, kj\u00f8nnsmangfold og politisk uro, samt det fler\u00e5rige poetiske fokuset p\u00e5 kj\u00e6rlighet, sex og tap. Med et bredt spekter av stemmer, temaer og visuelle tiln\u00e6rminger er det noe her som vil snakke til oss alle.<\/p>\n<p>Instagram-poesi har blitt et massivt fenomen de siste \u00e5rene og er kreditert for \u00e5 introdusere og popularisere vers fra en ny generasjon. Insta-poeter dominerer ikke bare poesidiagrammene, men ogs\u00e5 bestselgerlistene og bringer poesib\u00f8ker til fremre front. Tilgjengeligheten og delbarheten til Instagram-diktet har truffet en nerve og gir en f\u00f8lelsesmessig utgivelse hos det moderne online-publikummet.<\/p>\n<p>Inkludert er verk fra Instagram-sensasjoner: Jo Flynn @Flynx, Hannah Gordon @ hmsgordon, M.ivy @ivyatmidnight, Jane Lees @ janetlees2001<\/p>\n<p>Instagram Poetry for Every Day er kuratert av redakt\u00f8rene Chris McCabe og Jessica Atkinson fra National Poetry Library. Grunnlagt i 1953 og \u00e5pnet av diktere T.S. Eliot og Herbert Read, National Poetry Library er hjemmet til den mest omfattende diktsamlingen i Storbritannia. I 2017 kuraterte National Poetry Library verdens f\u00f8rste poesiutstilling p\u00e5 Instagram.<\/p>\n<p>Format: Innbundet<br \/>\nUtgivelses\u00e5r: 2020<br \/>\nForlag: Laurence King Publishing<br \/>\nForfatter: Susie Hodge<br \/>\nSpr\u00e5k: Engelsk<br \/>\nISBN: 9781786277152<br \/>\nSider: 128<br \/>\nSt\u00f8rrelse: 13.7 x 20.4 cm<\/p>\n","protected":false},"featured_media":11895,"template":"","meta":{"_acf_changed":false,"afm_hide_title":false,"_afm_post_new_title":"","afm_terms_sep_product_language":", ","afm_terms_sep_product_post_translations":", ","afm_terms_sep_product_product_brand":", ","afm_terms_sep_product_product_type":", ","afm_terms_sep_product_product_visibility":", ","afm_terms_sep_product_product_cat":", ","afm_terms_sep_product_product_tag":", ","afm_terms_sep_product_product_shipping_class":", ","afm_terms_sep_product_pos_product_visibility":", ","afm_terms_sep_product_pa_cindy-sherman-art-bag":", "},"product_brand":[],"product_cat":[564,292,385],"product_tag":[],"class_list":{"0":"post-11557","1":"product","2":"type-product","3":"status-publish","4":"has-post-thumbnail","6":"product_cat-3106-anskaffede-boker","7":"product_cat-all-products","8":"product_cat-publications","10":"first","11":"outofstock","12":"purchasable","13":"product-type-simple"},"group_of_quantity":0,"min_quantity":0,"max_quantity":"","exclude_order_quantity_value_rules":"no","exclude_category_quantity_rules":"no","combine_variations":"no","yoast_head":"<!-- This site is optimized with the Yoast SEO Premium plugin v26.9 (Yoast SEO v26.9) - https:\/\/yoast.com\/product\/yoast-seo-premium-wordpress\/ -->\n<title>Instagram Poetry for Every Day &#8211; Astrup Fearnley Museet<\/title>\n<meta name=\"description\" content=\"Finn unike og eksklusive kunstrelaterte produkter p\u00e5 Astrup Fearnley Museet sin Nettbutikk. Utforsk v\u00e5rt utvalg av kunstb\u00f8ker, plakater og mer.\" \/>\n<meta name=\"robots\" content=\"index, follow, max-snippet:-1, max-image-preview:large, max-video-preview:-1\" \/>\n<link rel=\"canonical\" href=\"https:\/\/www.afmuseet.no\/nettbutikk\/produkt\/instagram-poetry-for-every-day\/\" \/>\n<meta property=\"og:locale\" content=\"en_US\" \/>\n<meta property=\"og:type\" content=\"article\" \/>\n<meta property=\"og:title\" content=\"Instagram Poetry for Every Day\" \/>\n<meta property=\"og:description\" content=\"Finn unike og eksklusive kunstrelaterte produkter p\u00e5 Astrup Fearnley Museet sin Nettbutikk. Utforsk v\u00e5rt utvalg av kunstb\u00f8ker, plakater og mer.\" \/>\n<meta property=\"og:url\" content=\"https:\/\/www.afmuseet.no\/nettbutikk\/produkt\/instagram-poetry-for-every-day\/\" \/>\n<meta property=\"og:site_name\" content=\"Astrup Fearnley Museet\" \/>\n<meta property=\"article:modified_time\" content=\"2022-04-21T15:29:47+00:00\" \/>\n<meta property=\"og:image\" content=\"https:\/\/www.afmuseet.no\/content\/uploads\/2020\/10\/InstPoetry-Forside.jpg\" \/>\n\t<meta property=\"og:image:width\" content=\"594\" \/>\n\t<meta property=\"og:image:height\" content=\"593\" \/>\n\t<meta property=\"og:image:type\" content=\"image\/jpeg\" \/>\n<meta name=\"twitter:card\" content=\"summary_large_image\" \/>\n<script type=\"application\/ld+json\" class=\"yoast-schema-graph\">{\"@context\":\"https:\/\/schema.org\",\"@graph\":[{\"@type\":\"WebPage\",\"@id\":\"https:\/\/www.afmuseet.no\/nettbutikk\/produkt\/instagram-poetry-for-every-day\/\",\"url\":\"https:\/\/www.afmuseet.no\/nettbutikk\/produkt\/instagram-poetry-for-every-day\/\",\"name\":\"Instagram Poetry for Every Day &#8211; Astrup Fearnley Museet\",\"isPartOf\":{\"@id\":\"https:\/\/www.afmuseet.no\/nettbutikk\/#website\"},\"primaryImageOfPage\":{\"@id\":\"https:\/\/www.afmuseet.no\/nettbutikk\/produkt\/instagram-poetry-for-every-day\/#primaryimage\"},\"image\":{\"@id\":\"https:\/\/www.afmuseet.no\/nettbutikk\/produkt\/instagram-poetry-for-every-day\/#primaryimage\"},\"thumbnailUrl\":\"https:\/\/www.afmuseet.no\/content\/uploads\/2020\/10\/InstPoetry-Forside.jpg\",\"datePublished\":\"2020-10-22T09:23:28+00:00\",\"dateModified\":\"2022-04-21T15:29:47+00:00\",\"description\":\"Finn unike og eksklusive kunstrelaterte produkter p\u00e5 Astrup Fearnley Museet sin Nettbutikk. Utforsk v\u00e5rt utvalg av kunstb\u00f8ker, plakater og mer.\",\"breadcrumb\":{\"@id\":\"https:\/\/www.afmuseet.no\/nettbutikk\/produkt\/instagram-poetry-for-every-day\/#breadcrumb\"},\"inLanguage\":\"en-US\",\"potentialAction\":[{\"@type\":\"ReadAction\",\"target\":[\"https:\/\/www.afmuseet.no\/nettbutikk\/produkt\/instagram-poetry-for-every-day\/\"]}]},{\"@type\":\"ImageObject\",\"inLanguage\":\"en-US\",\"@id\":\"https:\/\/www.afmuseet.no\/nettbutikk\/produkt\/instagram-poetry-for-every-day\/#primaryimage\",\"url\":\"https:\/\/www.afmuseet.no\/content\/uploads\/2020\/10\/InstPoetry-Forside.jpg\",\"contentUrl\":\"https:\/\/www.afmuseet.no\/content\/uploads\/2020\/10\/InstPoetry-Forside.jpg\",\"width\":594,\"height\":593},{\"@type\":\"BreadcrumbList\",\"@id\":\"https:\/\/www.afmuseet.no\/nettbutikk\/produkt\/instagram-poetry-for-every-day\/#breadcrumb\",\"itemListElement\":[{\"@type\":\"ListItem\",\"position\":1,\"name\":\"Hjem\",\"item\":\"https:\/\/www.afmuseet.no\/nettbutikk\/en\/\"},{\"@type\":\"ListItem\",\"position\":2,\"name\":\"Shop\",\"item\":\"https:\/\/www.afmuseet.no\/nettbutikk\/shop\/\"},{\"@type\":\"ListItem\",\"position\":3,\"name\":\"Instagram Poetry for Every Day\"}]},{\"@type\":\"WebSite\",\"@id\":\"https:\/\/www.afmuseet.no\/nettbutikk\/#website\",\"url\":\"https:\/\/www.afmuseet.no\/nettbutikk\/\",\"name\":\"Astrup Fearnley Museet\",\"description\":\"\",\"potentialAction\":[{\"@type\":\"SearchAction\",\"target\":{\"@type\":\"EntryPoint\",\"urlTemplate\":\"https:\/\/www.afmuseet.no\/nettbutikk\/?s={search_term_string}\"},\"query-input\":{\"@type\":\"PropertyValueSpecification\",\"valueRequired\":true,\"valueName\":\"search_term_string\"}}],\"inLanguage\":\"en-US\"}]}<\/script>\n<!-- \/ Yoast SEO Premium plugin. -->","yoast_head_json":{"title":"Instagram Poetry for Every Day &#8211; Astrup Fearnley Museet","description":"Finn unike og eksklusive kunstrelaterte produkter p\u00e5 Astrup Fearnley Museet sin Nettbutikk. Utforsk v\u00e5rt utvalg av kunstb\u00f8ker, plakater og mer.","robots":{"index":"index","follow":"follow","max-snippet":"max-snippet:-1","max-image-preview":"max-image-preview:large","max-video-preview":"max-video-preview:-1"},"canonical":"https:\/\/www.afmuseet.no\/nettbutikk\/produkt\/instagram-poetry-for-every-day\/","og_locale":"en_US","og_type":"article","og_title":"Instagram Poetry for Every Day","og_description":"Finn unike og eksklusive kunstrelaterte produkter p\u00e5 Astrup Fearnley Museet sin Nettbutikk. Utforsk v\u00e5rt utvalg av kunstb\u00f8ker, plakater og mer.","og_url":"https:\/\/www.afmuseet.no\/nettbutikk\/produkt\/instagram-poetry-for-every-day\/","og_site_name":"Astrup Fearnley Museet","article_modified_time":"2022-04-21T15:29:47+00:00","og_image":[{"width":594,"height":593,"url":"https:\/\/www.afmuseet.no\/content\/uploads\/2020\/10\/InstPoetry-Forside.jpg","type":"image\/jpeg"}],"twitter_card":"summary_large_image","schema":{"@context":"https:\/\/schema.org","@graph":[{"@type":"WebPage","@id":"https:\/\/www.afmuseet.no\/nettbutikk\/produkt\/instagram-poetry-for-every-day\/","url":"https:\/\/www.afmuseet.no\/nettbutikk\/produkt\/instagram-poetry-for-every-day\/","name":"Instagram Poetry for Every Day &#8211; Astrup Fearnley Museet","isPartOf":{"@id":"https:\/\/www.afmuseet.no\/nettbutikk\/#website"},"primaryImageOfPage":{"@id":"https:\/\/www.afmuseet.no\/nettbutikk\/produkt\/instagram-poetry-for-every-day\/#primaryimage"},"image":{"@id":"https:\/\/www.afmuseet.no\/nettbutikk\/produkt\/instagram-poetry-for-every-day\/#primaryimage"},"thumbnailUrl":"https:\/\/www.afmuseet.no\/content\/uploads\/2020\/10\/InstPoetry-Forside.jpg","datePublished":"2020-10-22T09:23:28+00:00","dateModified":"2022-04-21T15:29:47+00:00","description":"Finn unike og eksklusive kunstrelaterte produkter p\u00e5 Astrup Fearnley Museet sin Nettbutikk. Utforsk v\u00e5rt utvalg av kunstb\u00f8ker, plakater og mer.","breadcrumb":{"@id":"https:\/\/www.afmuseet.no\/nettbutikk\/produkt\/instagram-poetry-for-every-day\/#breadcrumb"},"inLanguage":"en-US","potentialAction":[{"@type":"ReadAction","target":["https:\/\/www.afmuseet.no\/nettbutikk\/produkt\/instagram-poetry-for-every-day\/"]}]},{"@type":"ImageObject","inLanguage":"en-US","@id":"https:\/\/www.afmuseet.no\/nettbutikk\/produkt\/instagram-poetry-for-every-day\/#primaryimage","url":"https:\/\/www.afmuseet.no\/content\/uploads\/2020\/10\/InstPoetry-Forside.jpg","contentUrl":"https:\/\/www.afmuseet.no\/content\/uploads\/2020\/10\/InstPoetry-Forside.jpg","width":594,"height":593},{"@type":"BreadcrumbList","@id":"https:\/\/www.afmuseet.no\/nettbutikk\/produkt\/instagram-poetry-for-every-day\/#breadcrumb","itemListElement":[{"@type":"ListItem","position":1,"name":"Hjem","item":"https:\/\/www.afmuseet.no\/nettbutikk\/en\/"},{"@type":"ListItem","position":2,"name":"Shop","item":"https:\/\/www.afmuseet.no\/nettbutikk\/shop\/"},{"@type":"ListItem","position":3,"name":"Instagram Poetry for Every Day"}]},{"@type":"WebSite","@id":"https:\/\/www.afmuseet.no\/nettbutikk\/#website","url":"https:\/\/www.afmuseet.no\/nettbutikk\/","name":"Astrup Fearnley Museet","description":"","potentialAction":[{"@type":"SearchAction","target":{"@type":"EntryPoint","urlTemplate":"https:\/\/www.afmuseet.no\/nettbutikk\/?s={search_term_string}"},"query-input":{"@type":"PropertyValueSpecification","valueRequired":true,"valueName":"search_term_string"}}],"inLanguage":"en-US"}]}},"acf":[],"lang":"nb","translations":{"nb":11557,"en":7834},"pll_sync_post":[],"_links":{"self":[{"href":"https:\/\/www.afmuseet.no\/nettbutikk\/wp-json\/wp\/v2\/product\/11557","targetHints":{"allow":["GET"]}}],"collection":[{"href":"https:\/\/www.afmuseet.no\/nettbutikk\/wp-json\/wp\/v2\/product"}],"about":[{"href":"https:\/\/www.afmuseet.no\/nettbutikk\/wp-json\/wp\/v2\/types\/product"}],"wp:featuredmedia":[{"embeddable":true,"href":"https:\/\/www.afmuseet.no\/nettbutikk\/wp-json\/wp\/v2\/media\/11895"}],"wp:attachment":[{"href":"https:\/\/www.afmuseet.no\/nettbutikk\/wp-json\/wp\/v2\/media?parent=11557"}],"wp:term":[{"taxonomy":"product_brand","embeddable":true,"href":"https:\/\/www.afmuseet.no\/nettbutikk\/wp-json\/wp\/v2\/product_brand?post=11557"},{"taxonomy":"product_cat","embeddable":true,"href":"https:\/\/www.afmuseet.no\/nettbutikk\/wp-json\/wp\/v2\/product_cat?post=11557"},{"taxonomy":"product_tag","embeddable":true,"href":"https:\/\/www.afmuseet.no\/nettbutikk\/wp-json\/wp\/v2\/product_tag?post=11557"}],"curies":[{"name":"wp","href":"https:\/\/api.w.org\/{rel}","templated":true}]}}