{"id":3532,"date":"2023-06-12T09:20:42","date_gmt":"2023-06-12T09:20:42","guid":{"rendered":"https:\/\/www.afmuseet.no\/en\/?page_id=3532"},"modified":"2023-09-20T16:12:08","modified_gmt":"2023-09-20T16:12:08","slug":"private-guided-tours","status":"publish","type":"page","link":"https:\/\/www.afmuseet.no\/en\/private-guided-tours\/","title":{"rendered":"Private Guided Tours"},"content":{"rendered":"\n<figure class=\"wp-block-image size-large\"><img loading=\"lazy\" decoding=\"async\" width=\"1024\" height=\"683\" src=\"https:\/\/www.afmuseet.no\/content\/uploads\/sites\/3\/2023\/09\/Before-Tomorrow-Kuratoromvisning_2-1024x683.jpg\" alt=\"\" class=\"wp-image-3701\" srcset=\"https:\/\/www.afmuseet.no\/content\/uploads\/sites\/3\/2023\/09\/Before-Tomorrow-Kuratoromvisning_2-1024x683.jpg 1024w, https:\/\/www.afmuseet.no\/content\/uploads\/sites\/3\/2023\/09\/Before-Tomorrow-Kuratoromvisning_2-300x200.jpg 300w, https:\/\/www.afmuseet.no\/content\/uploads\/sites\/3\/2023\/09\/Before-Tomorrow-Kuratoromvisning_2-768x512.jpg 768w, https:\/\/www.afmuseet.no\/content\/uploads\/sites\/3\/2023\/09\/Before-Tomorrow-Kuratoromvisning_2-1536x1024.jpg 1536w, https:\/\/www.afmuseet.no\/content\/uploads\/sites\/3\/2023\/09\/Before-Tomorrow-Kuratoromvisning_2-2048x1365.jpg 2048w\" sizes=\"auto, (max-width: 1024px) 100vw, 1024px\" \/><\/figure>\n\n\n\n<p>If you want to invite your colleagues, friends or family on a tour of our current exhibitions, we can offer this during the museum&#8217;s opening hours.<\/p>\n\n\n\n<p>Price for tours is NOK 4,000 incl. entrance fee. <br>Applies within regular opening hours Tuesday &#8211; Sunday.<br>Duration: 50 &#8211; 60 minutes<\/p>\n\n\n\n<p><em>Group visits with a tour guide must be booked no later than seven days before the day of the visit (subject to availability).<\/em><\/p>\n\n\n\n<p><strong>Maximum 30 <\/strong><strong>people<\/strong><strong> per group.<\/strong><\/p>\n\n\n\n<p><strong>Book a guided tour here: <a href=\"https:\/\/booking.afmuseet.no\/en-gb\/booking\/3\">Private Groups<\/a><\/strong><\/p>\n","protected":false},"excerpt":{"rendered":"<p>\u00d8nsker du \u00e5 invitere dine kolleger, venner eller familie p\u00e5 en omvisning i v\u00e5re aktuelle utstillinger kan vi tilby dette b\u00e5de i og utenom museets \u00e5pningstid. <\/p>\n","protected":false},"author":71,"featured_media":3701,"parent":0,"menu_order":0,"comment_status":"closed","ping_status":"closed","template":"","meta":{"afm_hide_title":false,"afm_page_card_label":"","_afm_post_new_title":"","footnotes":""},"class_list":["post-3532","page","type-page","status-publish","has-post-thumbnail","hentry"],"yoast_head":"<!-- This site is optimized with the Yoast SEO Premium plugin v26.9 (Yoast SEO v26.9) - https:\/\/yoast.com\/product\/yoast-seo-premium-wordpress\/ -->\n<title>Private Guided Tours - Astrup Fearnley Museet<\/title>\n<meta name=\"robots\" content=\"index, follow, max-snippet:-1, max-image-preview:large, max-video-preview:-1\" \/>\n<link rel=\"canonical\" href=\"https:\/\/www.afmuseet.no\/en\/private-guided-tours\/\" \/>\n<meta property=\"og:locale\" content=\"en_US\" \/>\n<meta property=\"og:type\" content=\"article\" \/>\n<meta property=\"og:title\" content=\"Private Guided Tours\" \/>\n<meta property=\"og:description\" content=\"\u00d8nsker du \u00e5 invitere dine kolleger, venner eller familie p\u00e5 en omvisning i v\u00e5re aktuelle utstillinger kan vi tilby dette b\u00e5de i og utenom museets \u00e5pningstid.\" \/>\n<meta property=\"og:url\" content=\"https:\/\/www.afmuseet.no\/en\/private-guided-tours\/\" \/>\n<meta property=\"og:site_name\" content=\"Astrup Fearnley Museet\" \/>\n<meta property=\"article:modified_time\" content=\"2023-09-20T16:12:08+00:00\" \/>\n<meta property=\"og:image\" content=\"https:\/\/www.afmuseet.no\/content\/uploads\/sites\/3\/2023\/09\/Before-Tomorrow-Kuratoromvisning_2-scaled.jpg\" \/>\n\t<meta property=\"og:image:width\" content=\"2560\" \/>\n\t<meta property=\"og:image:height\" content=\"1707\" \/>\n\t<meta property=\"og:image:type\" content=\"image\/jpeg\" \/>\n<meta name=\"twitter:card\" content=\"summary_large_image\" \/>\n<meta name=\"twitter:label1\" content=\"Est. reading time\" \/>\n\t<meta name=\"twitter:data1\" content=\"1 minute\" \/>\n<script type=\"application\/ld+json\" class=\"yoast-schema-graph\">{\"@context\":\"https:\/\/schema.org\",\"@graph\":[{\"@type\":\"WebPage\",\"@id\":\"https:\/\/www.afmuseet.no\/en\/private-guided-tours\/\",\"url\":\"https:\/\/www.afmuseet.no\/en\/private-guided-tours\/\",\"name\":\"Private Guided Tours - Astrup Fearnley Museet\",\"isPartOf\":{\"@id\":\"https:\/\/www.afmuseet.no\/en\/#website\"},\"primaryImageOfPage\":{\"@id\":\"https:\/\/www.afmuseet.no\/en\/private-guided-tours\/#primaryimage\"},\"image\":{\"@id\":\"https:\/\/www.afmuseet.no\/en\/private-guided-tours\/#primaryimage\"},\"thumbnailUrl\":\"https:\/\/www.afmuseet.no\/content\/uploads\/sites\/3\/2023\/09\/Before-Tomorrow-Kuratoromvisning_2-scaled.jpg\",\"datePublished\":\"2023-06-12T09:20:42+00:00\",\"dateModified\":\"2023-09-20T16:12:08+00:00\",\"breadcrumb\":{\"@id\":\"https:\/\/www.afmuseet.no\/en\/private-guided-tours\/#breadcrumb\"},\"inLanguage\":\"en-US\",\"potentialAction\":[{\"@type\":\"ReadAction\",\"target\":[\"https:\/\/www.afmuseet.no\/en\/private-guided-tours\/\"]}]},{\"@type\":\"ImageObject\",\"inLanguage\":\"en-US\",\"@id\":\"https:\/\/www.afmuseet.no\/en\/private-guided-tours\/#primaryimage\",\"url\":\"https:\/\/www.afmuseet.no\/content\/uploads\/sites\/3\/2023\/09\/Before-Tomorrow-Kuratoromvisning_2-scaled.jpg\",\"contentUrl\":\"https:\/\/www.afmuseet.no\/content\/uploads\/sites\/3\/2023\/09\/Before-Tomorrow-Kuratoromvisning_2-scaled.jpg\",\"width\":2560,\"height\":1707},{\"@type\":\"BreadcrumbList\",\"@id\":\"https:\/\/www.afmuseet.no\/en\/private-guided-tours\/#breadcrumb\",\"itemListElement\":[{\"@type\":\"ListItem\",\"position\":1,\"name\":\"Home\",\"item\":\"https:\/\/www.afmuseet.no\/en\/\"},{\"@type\":\"ListItem\",\"position\":2,\"name\":\"Private Guided Tours\"}]},{\"@type\":\"WebSite\",\"@id\":\"https:\/\/www.afmuseet.no\/en\/#website\",\"url\":\"https:\/\/www.afmuseet.no\/en\/\",\"name\":\"Astrup Fearnley Museet\",\"description\":\"\",\"potentialAction\":[{\"@type\":\"SearchAction\",\"target\":{\"@type\":\"EntryPoint\",\"urlTemplate\":\"https:\/\/www.afmuseet.no\/en\/?s={search_term_string}\"},\"query-input\":{\"@type\":\"PropertyValueSpecification\",\"valueRequired\":true,\"valueName\":\"search_term_string\"}}],\"inLanguage\":\"en-US\"}]}<\/script>\n<!-- \/ Yoast SEO Premium plugin. -->","yoast_head_json":{"title":"Private Guided Tours - Astrup Fearnley Museet","robots":{"index":"index","follow":"follow","max-snippet":"max-snippet:-1","max-image-preview":"max-image-preview:large","max-video-preview":"max-video-preview:-1"},"canonical":"https:\/\/www.afmuseet.no\/en\/private-guided-tours\/","og_locale":"en_US","og_type":"article","og_title":"Private Guided Tours","og_description":"\u00d8nsker du \u00e5 invitere dine kolleger, venner eller familie p\u00e5 en omvisning i v\u00e5re aktuelle utstillinger kan vi tilby dette b\u00e5de i og utenom museets \u00e5pningstid.","og_url":"https:\/\/www.afmuseet.no\/en\/private-guided-tours\/","og_site_name":"Astrup Fearnley Museet","article_modified_time":"2023-09-20T16:12:08+00:00","og_image":[{"width":2560,"height":1707,"url":"https:\/\/www.afmuseet.no\/content\/uploads\/sites\/3\/2023\/09\/Before-Tomorrow-Kuratoromvisning_2-scaled.jpg","type":"image\/jpeg"}],"twitter_card":"summary_large_image","twitter_misc":{"Est. reading time":"1 minute"},"schema":{"@context":"https:\/\/schema.org","@graph":[{"@type":"WebPage","@id":"https:\/\/www.afmuseet.no\/en\/private-guided-tours\/","url":"https:\/\/www.afmuseet.no\/en\/private-guided-tours\/","name":"Private Guided Tours - Astrup Fearnley Museet","isPartOf":{"@id":"https:\/\/www.afmuseet.no\/en\/#website"},"primaryImageOfPage":{"@id":"https:\/\/www.afmuseet.no\/en\/private-guided-tours\/#primaryimage"},"image":{"@id":"https:\/\/www.afmuseet.no\/en\/private-guided-tours\/#primaryimage"},"thumbnailUrl":"https:\/\/www.afmuseet.no\/content\/uploads\/sites\/3\/2023\/09\/Before-Tomorrow-Kuratoromvisning_2-scaled.jpg","datePublished":"2023-06-12T09:20:42+00:00","dateModified":"2023-09-20T16:12:08+00:00","breadcrumb":{"@id":"https:\/\/www.afmuseet.no\/en\/private-guided-tours\/#breadcrumb"},"inLanguage":"en-US","potentialAction":[{"@type":"ReadAction","target":["https:\/\/www.afmuseet.no\/en\/private-guided-tours\/"]}]},{"@type":"ImageObject","inLanguage":"en-US","@id":"https:\/\/www.afmuseet.no\/en\/private-guided-tours\/#primaryimage","url":"https:\/\/www.afmuseet.no\/content\/uploads\/sites\/3\/2023\/09\/Before-Tomorrow-Kuratoromvisning_2-scaled.jpg","contentUrl":"https:\/\/www.afmuseet.no\/content\/uploads\/sites\/3\/2023\/09\/Before-Tomorrow-Kuratoromvisning_2-scaled.jpg","width":2560,"height":1707},{"@type":"BreadcrumbList","@id":"https:\/\/www.afmuseet.no\/en\/private-guided-tours\/#breadcrumb","itemListElement":[{"@type":"ListItem","position":1,"name":"Home","item":"https:\/\/www.afmuseet.no\/en\/"},{"@type":"ListItem","position":2,"name":"Private Guided Tours"}]},{"@type":"WebSite","@id":"https:\/\/www.afmuseet.no\/en\/#website","url":"https:\/\/www.afmuseet.no\/en\/","name":"Astrup Fearnley Museet","description":"","potentialAction":[{"@type":"SearchAction","target":{"@type":"EntryPoint","urlTemplate":"https:\/\/www.afmuseet.no\/en\/?s={search_term_string}"},"query-input":{"@type":"PropertyValueSpecification","valueRequired":true,"valueName":"search_term_string"}}],"inLanguage":"en-US"}]}},"_links":{"self":[{"href":"https:\/\/www.afmuseet.no\/en\/wp-json\/wp\/v2\/pages\/3532","targetHints":{"allow":["GET"]}}],"collection":[{"href":"https:\/\/www.afmuseet.no\/en\/wp-json\/wp\/v2\/pages"}],"about":[{"href":"https:\/\/www.afmuseet.no\/en\/wp-json\/wp\/v2\/types\/page"}],"author":[{"embeddable":true,"href":"https:\/\/www.afmuseet.no\/en\/wp-json\/wp\/v2\/users\/71"}],"replies":[{"embeddable":true,"href":"https:\/\/www.afmuseet.no\/en\/wp-json\/wp\/v2\/comments?post=3532"}],"version-history":[{"count":3,"href":"https:\/\/www.afmuseet.no\/en\/wp-json\/wp\/v2\/pages\/3532\/revisions"}],"predecessor-version":[{"id":3702,"href":"https:\/\/www.afmuseet.no\/en\/wp-json\/wp\/v2\/pages\/3532\/revisions\/3702"}],"wp:featuredmedia":[{"embeddable":true,"href":"https:\/\/www.afmuseet.no\/en\/wp-json\/wp\/v2\/media\/3701"}],"wp:attachment":[{"href":"https:\/\/www.afmuseet.no\/en\/wp-json\/wp\/v2\/media?parent=3532"}],"curies":[{"name":"wp","href":"https:\/\/api.w.org\/{rel}","templated":true}]}}